{"id":97,"date":"2010-09-16T13:40:50","date_gmt":"2010-09-16T13:40:50","guid":{"rendered":"http:\/\/localhost\/wordpress\/?page_id=97"},"modified":"2011-11-03T16:32:13","modified_gmt":"2011-11-03T16:32:13","slug":"eisimpleir","status":"publish","type":"page","link":"https:\/\/storlann.co.uk\/mirean\/clar-amais\/ag-innse-mu-rudan-a-thachair-ron-a-seo\/chuiran-do-chuir\/eisimpleir\/","title":{"rendered":"Eisimpleirean"},"content":{"rendered":"<table class=\"eisimpleirean-t\" width=\"666\">\n<tbody>\n<tr class=\"eisimpleirean-t-h\">\n<td width=\"114\">\n<p align=\"center\">Facal gn\u00ecomh<\/p>\n<\/td>\n<td width=\"228\">\n<p align=\"center\">An rud a thachair<\/p>\n<\/td>\n<td width=\"306\">\n<p align=\"center\">an do, cha do, gun do \u2026<\/p>\n<\/td>\n<\/tr>\n<tr>\n<td width=\"114\">aithnich<\/td>\n<td width=\"228\">Dh&#8217;aithnich mi iad.<\/td>\n<td width=\"306\">An do dh&#8217;aithnich e thu?<\/td>\n<\/tr>\n<tr>\n<td width=\"114\">bris<\/td>\n<td width=\"228\">Bhris e an uinneag.<\/td>\n<td width=\"306\">Cha do bhris mise c\u00e0il.<\/td>\n<\/tr>\n<tr>\n<td width=\"114\">cuir<\/td>\n<td width=\"228\">C\u00f2 chuir air an solas?<\/td>\n<td width=\"306\">Sin am bogsa dhan do chuir mi e.<\/td>\n<\/tr>\n<tr>\n<td width=\"114\">d\u00f2irt<\/td>\n<td width=\"228\">Dh\u00f2irt mi am bainne.<\/td>\n<td width=\"306\">Thuirt e gun do dh\u00f2irt e an s\u00f9gh.<\/td>\n<\/tr>\n<tr>\n<td width=\"114\">fuirich<\/td>\n<td width=\"228\">Dh&#8217;fhuirich mi greiseag.<\/td>\n<td width=\"306\">Sin far an do dh&#8217;fhuirich mi ris a&#8217; bhus.<\/td>\n<\/tr>\n<tr>\n<td width=\"114\">fliuch<\/td>\n<td width=\"228\">Fhliuch an t-uisge mi.<\/td>\n<td width=\"306\">An do fhliuch an t-uisge thu?<\/td>\n<\/tr>\n<tr>\n<td width=\"114\">freagair<\/td>\n<td width=\"228\">Fhreagair e mo litir.<\/td>\n<td width=\"306\">Cha do fhreagair e.<\/td>\n<\/tr>\n<tr>\n<td width=\"114\">gabh<\/td>\n<td width=\"228\">Ghabh mi mo theatha.<\/td>\n<td width=\"306\">Cha do ghabh mi ach deoch uisge.<\/td>\n<\/tr>\n<tr>\n<td width=\"114\">gl\u00e8idh<\/td>\n<td width=\"228\">Ghl\u00e8idh mi mo sheann ad.<\/td>\n<td width=\"306\">An do ghl\u00e8idh thu d&#8217; airgead?<\/td>\n<\/tr>\n<tr>\n<td width=\"114\">ith<\/td>\n<td width=\"228\">Dh&#8217;ith mi d\u00e0 bhriosgaid.<\/td>\n<td width=\"306\">Nach do dh&#8217;ith esan c\u00e0il?<\/td>\n<\/tr>\n<tr>\n<td width=\"114\">le\u00f2n<\/td>\n<td width=\"228\">Le\u00f2n mi mo chas.<\/td>\n<td width=\"306\">C\u00e0it an do le\u00f2n thu thu fh\u00e8in?<\/td>\n<\/tr>\n<tr>\n<td width=\"114\">leugh<\/td>\n<td width=\"228\">C\u00f2 leugh an leabhar seo?<\/td>\n<td width=\"306\">Cha do leugh mi fhathast e.<\/td>\n<\/tr>\n<tr>\n<td width=\"114\">mill<\/td>\n<td width=\"228\">Mhill thu an dealbh.<\/td>\n<td width=\"306\">An do mhill iad an latha ort?<\/td>\n<\/tr>\n<tr>\n<td width=\"114\">nigh<\/td>\n<td width=\"228\">Nigh mi mo l\u00e0mhan.<\/td>\n<td width=\"306\">An do nigh thu an t-aodach?<\/td>\n<\/tr>\n<tr>\n<td width=\"114\">\u00f2l<\/td>\n<td width=\"228\">Dh&#8217;\u00f2l e deoch bhainne.<\/td>\n<td width=\"306\">Thuirt e gun do dh&#8217;\u00f2l an cat am bainne.<\/td>\n<\/tr>\n<tr>\n<td width=\"114\">put<\/td>\n<td width=\"228\">Phut am fear m\u00f2r am fear beag.<\/td>\n<td width=\"306\">Thuirt e nach do phut esan e idir.<\/td>\n<\/tr>\n<tr>\n<td width=\"114\">ruith<\/td>\n<td width=\"228\">Carson a ruith thu air falbh?<\/td>\n<td width=\"306\">C\u00e0it an do ruith thu?<\/td>\n<\/tr>\n<tr>\n<td width=\"114\">suidh<\/td>\n<td width=\"228\">Shuidh mi aig mo dheasg.<\/td>\n<td width=\"306\">C\u00e0it an do shuidh esan?<\/td>\n<\/tr>\n<tr>\n<td width=\"114\">slaod<br \/>\nsn\u00e0mh<br \/>\nsreap<\/td>\n<td width=\"228\">Shlaod e an r\u00f2p.<br \/>\nShn\u00e0mh e an abhainn.<br \/>\nShreap e a&#8217; bheinn.<\/td>\n<td width=\"306\">An do shlaod e an r\u00f2p?<br \/>\nAn do shn\u00e0mh e an abhainn?<br \/>\nAn do shreap e a&#8217; bheinn?<\/td>\n<\/tr>\n<tr>\n<td width=\"114\">sguir<br \/>\nsgr\u00ecobh<br \/>\nsmaoinich<br \/>\nsp\u00econ<br \/>\nsplaisig<br \/>\nspreadh<br \/>\nstad.<\/td>\n<td width=\"228\">Sguir e a r\u00e0naich.<br \/>\nSgr\u00ecobh mi litir an-d\u00e8.<br \/>\nSmaoinich mi ort.<br \/>\nSp\u00econ e an lus.<br \/>\nSplaisig am b\u00e8ibidh san amar.<br \/>\nSpreadh am boma.<br \/>\nStad an c\u00e0r.<\/td>\n<td width=\"306\">An do sguir e?<br \/>\nAn do sgr\u00ecobh thu do naidheachd?<br \/>\nAn do smaoinich thu air rud sam bith?<br \/>\nAn do sp\u00econ thu e?<br \/>\nAn do splaisig sibhse san amar?<br \/>\nCha do spreadh am boma.<br \/>\nCha do stad am bus.<\/td>\n<\/tr>\n<tr>\n<td width=\"114\">tuit<\/td>\n<td width=\"228\">Thuit am cupa on a&#8217; bh\u00f2rd.<\/td>\n<td width=\"306\">Cha do thuit mi idir.<\/td>\n<\/tr>\n<tr>\n<td width=\"114\">tachair<\/td>\n<td width=\"228\">D\u00e8 thachair?<\/td>\n<td width=\"306\">Sin an duine ris an do thachair mi.<\/td>\n<\/tr>\n<tr>\n<td width=\"114\">ullaich<\/td>\n<td width=\"228\">Dh&#8217;ullaich mi m&#8217; obair-dachaigh.<\/td>\n<td width=\"306\">Cha do dh&#8217;ullach mi c\u00e0il airson an-diugh.<\/td>\n<\/tr>\n<\/tbody>\n<\/table>\n","protected":false},"excerpt":{"rendered":"<p>Facal gn\u00ecomh An rud a thachair an do, cha do, gun do \u2026 aithnich Dh&#8217;aithnich mi iad. An do dh&#8217;aithnich e thu? bris Bhris e an uinneag. Cha do bhris mise c\u00e0il. cuir C\u00f2 chuir air an solas? Sin am bogsa dhan do chuir mi e. d\u00f2irt Dh\u00f2irt mi am bainne. Thuirt e gun do [&hellip;]<\/p>\n","protected":false},"author":1,"featured_media":0,"parent":77,"menu_order":0,"comment_status":"open","ping_status":"open","template":"page-eisimpleirean.php","meta":{"inline_featured_image":false,"footnotes":""},"class_list":["post-97","page","type-page","status-publish","hentry","has-post-title","has-post-date","has-post-category","has-post-tag","has-post-comment","has-post-author",""],"builder_content":"","_links":{"self":[{"href":"https:\/\/storlann.co.uk\/mirean\/wp-json\/wp\/v2\/pages\/97","targetHints":{"allow":["GET"]}}],"collection":[{"href":"https:\/\/storlann.co.uk\/mirean\/wp-json\/wp\/v2\/pages"}],"about":[{"href":"https:\/\/storlann.co.uk\/mirean\/wp-json\/wp\/v2\/types\/page"}],"author":[{"embeddable":true,"href":"https:\/\/storlann.co.uk\/mirean\/wp-json\/wp\/v2\/users\/1"}],"replies":[{"embeddable":true,"href":"https:\/\/storlann.co.uk\/mirean\/wp-json\/wp\/v2\/comments?post=97"}],"version-history":[{"count":0,"href":"https:\/\/storlann.co.uk\/mirean\/wp-json\/wp\/v2\/pages\/97\/revisions"}],"up":[{"embeddable":true,"href":"https:\/\/storlann.co.uk\/mirean\/wp-json\/wp\/v2\/pages\/77"}],"wp:attachment":[{"href":"https:\/\/storlann.co.uk\/mirean\/wp-json\/wp\/v2\/media?parent=97"}],"curies":[{"name":"wp","href":"https:\/\/api.w.org\/{rel}","templated":true}]}}