{"id":908,"date":"2011-03-17T11:15:38","date_gmt":"2011-03-17T09:15:38","guid":{"rendered":"https:\/\/storlann.co.uk\/mirean\/?page_id=908"},"modified":"2018-01-09T11:39:06","modified_gmt":"2018-01-09T11:39:06","slug":"faclan-gun-an-t-alt","status":"publish","type":"page","link":"https:\/\/storlann.co.uk\/mirean\/clar-amais\/far-a-bheil-rudan-agus-a-leithid-sin\/aig-air-do-fo-aas-thar\/faclan-gun-an-t-alt\/","title":{"rendered":"Faclan gun an t-alt"},"content":{"rendered":"<h3 class=\"page-info\">Mineachadh<\/h3>\n<h3><strong><em>P\u00e0irt 1: faclan gun an t-alt<\/em><\/strong><\/h3>\n<p>Nuair nach an t-alt (<strong>am\/an\/a\u2019\/an t-\/na<\/strong>) le faclan, chan eil iad ag atharrachadh \u00e0s d\u00e8idh:<\/p>\n<ul>\n<li><strong>aig<\/strong>, <strong>air, gu, \u00e0, ann an\/am, le, ri, eadar, seach, ach<\/strong>, <strong>thar<\/strong><\/li>\n<li><strong>air<\/strong> leac, <strong>air<\/strong> balla, <strong>ri<\/strong> Calum, <strong>eadar<\/strong> m\u00f9ir is t\u00ecr, <strong>aig<\/strong> c\u00e8ilidhean, <strong>ri<\/strong> balaich<\/li>\n<\/ul>\n<p>Tha toiseach fhaclan ag atharrachadh, ge-t\u00e0, \u00e0s d\u00e8idh:<\/p>\n<ul>\n<li><strong>do, de, fo, bho, ro, tro, mu, gun, mar<\/strong><\/li>\n<li>do <strong>Mh<\/strong>\u00e0iri, de <strong>ch<\/strong>\u00e0ise, tro <strong>ch<\/strong>oille, ro <strong>Dh<\/strong>iluain, gun<strong> ch<\/strong>\u00f2ta, mar <strong>sh<\/strong>aighdearan.<\/li>\n<\/ul>\n<p>Chan eil toiseach fhaclan a\u2019 t\u00f2iseachadh le <strong>a\/\u00e0, e\/\u00e8, i\/\u00ec, o\/\u00f2, u\/\u00f9<\/strong> ag atharrachadh \u00e0s d\u00e8idh <strong>fo, bho, ro, tro, mu, gun, mar <\/strong>ach tha <strong>dh\u2019 <\/strong>a\u2019 tighinn \u00e0s d\u00e8idh <strong>do <\/strong>agus <strong>de<\/strong>:<\/p>\n<ul type=\"disc\">\n<li><strong>fo<\/strong> uinneag a\u2019 chidsin, <strong>ro<\/strong> Anna, <strong>gun <\/strong>uisge.<\/li>\n<li><strong>do<\/strong> <strong>dh\u2019<\/strong>Anna, (gu le\u00f2r) <strong>de dh\u2019<\/strong>\u00f9ine<\/li>\n<\/ul>\n<p>Tha am p\u00e0tran \u00e0bhaisteach air a chleachdadh le faclan mar <strong>m\u00f2r, beag, math<\/strong>:<\/p>\n<ul type=\"disc\">\n<li>Anna <strong>Bh<\/strong>eag<strong> &#8211; <\/strong>ri Anna <strong>Bh<\/strong>eag (<em>boireannta<\/em>)<\/li>\n<li>Calum <strong>B<\/strong>eag<strong> &#8211;<\/strong> ri Calum <strong>B<\/strong>eag (<em>fireannta<\/em>).<\/li>\n<\/ul>\n<p>[Uaireannan (gu h-\u00e0raidh ann an c\u00f2mhradh) tha <strong>a<\/strong>\/<strong>a dh\u2019 <\/strong>air a chleachdadh an \u00e0ite <strong>do <\/strong>no <strong>de<\/strong>: (dol) <strong>a <\/strong>Ghlaschu, <strong>a dh\u2019<\/strong>Ameireaga, <strong>a dh\u2019<\/strong>Anna, (t\u00f2rr) <strong>a <\/strong>dhaoine, (ro bheag) <strong>a dh\u2019<\/strong>\u00f9ine. Ann an cuid de sg\u00ecrean tha <strong>dha<\/strong> air a chleachdadh an \u00e0ite <strong>do<\/strong>. Chan eil toiseach fhaclan ag atharrachadh \u00e0s d\u00e8idh <strong>dha<\/strong>: (preusant) <strong>dha<\/strong> D\u00f2mhnall agus <strong>dha<\/strong> M\u00e0iri.]<\/p>\n<p><\/p>\n<p>\n<a href=\"https:\/\/storlann.co.uk\/mirean\/clar-amais\/far-a-bheil-rudan-agus-a-leithid-sin\/aig-air-do-fo-aas-thar\/\"><span style=\"color: #99cc00;\">Air ais gu <strong>Aig, air, do, fo, \u00e0\/\u00e0s, thar<\/strong><\/span><\/a><\/p>\n","protected":false},"excerpt":{"rendered":"<p>Mineachadh P\u00e0irt 1: faclan gun an t-alt Nuair nach an t-alt (am\/an\/a\u2019\/an t-\/na) le faclan, chan eil iad ag atharrachadh \u00e0s d\u00e8idh: aig, air, gu, \u00e0, ann an\/am, le, ri, eadar, seach, ach, thar air leac, air balla, ri Calum, eadar m\u00f9ir is t\u00ecr, aig c\u00e8ilidhean, ri balaich Tha toiseach fhaclan ag atharrachadh, ge-t\u00e0, \u00e0s [&hellip;]<\/p>\n","protected":false},"author":1,"featured_media":0,"parent":330,"menu_order":15,"comment_status":"closed","ping_status":"closed","template":"","meta":{"inline_featured_image":false,"footnotes":""},"class_list":["post-908","page","type-page","status-publish","hentry","has-post-title","has-post-date","has-post-category","has-post-tag","has-post-comment","has-post-author",""],"builder_content":"","_links":{"self":[{"href":"https:\/\/storlann.co.uk\/mirean\/wp-json\/wp\/v2\/pages\/908","targetHints":{"allow":["GET"]}}],"collection":[{"href":"https:\/\/storlann.co.uk\/mirean\/wp-json\/wp\/v2\/pages"}],"about":[{"href":"https:\/\/storlann.co.uk\/mirean\/wp-json\/wp\/v2\/types\/page"}],"author":[{"embeddable":true,"href":"https:\/\/storlann.co.uk\/mirean\/wp-json\/wp\/v2\/users\/1"}],"replies":[{"embeddable":true,"href":"https:\/\/storlann.co.uk\/mirean\/wp-json\/wp\/v2\/comments?post=908"}],"version-history":[{"count":0,"href":"https:\/\/storlann.co.uk\/mirean\/wp-json\/wp\/v2\/pages\/908\/revisions"}],"up":[{"embeddable":true,"href":"https:\/\/storlann.co.uk\/mirean\/wp-json\/wp\/v2\/pages\/330"}],"wp:attachment":[{"href":"https:\/\/storlann.co.uk\/mirean\/wp-json\/wp\/v2\/media?parent=908"}],"curies":[{"name":"wp","href":"https:\/\/api.w.org\/{rel}","templated":true}]}}