{"id":90,"date":"2010-09-16T13:39:20","date_gmt":"2010-09-16T13:39:20","guid":{"rendered":"http:\/\/localhost\/wordpress\/?page_id=90"},"modified":"2018-01-09T09:05:53","modified_gmt":"2018-01-09T09:05:53","slug":"bha-e-air-falbh-mus-tainig-mi","status":"publish","type":"page","link":"https:\/\/storlann.co.uk\/mirean\/clar-amais\/ag-innse-mu-rudan-a-thachair-ron-a-seo\/bha-e-air-falbh-mus-tainig-mi\/","title":{"rendered":"Bha e air falbh mus t\u00e0inig mi"},"content":{"rendered":"<h3 class=\"page-info\">M\u00ecneachadh<\/h3>\n<p>Tha am p\u00e0tran a leanas a\u2019 cleachdadh <strong>bha, an robh, cha robh<\/strong> an \u00e0ite <strong>tha\/a bheil\/chan eil<\/strong>:<\/p>\n<ul type=\"circle\">\n<li><strong>Bha<\/strong> mo sheanair <strong>air b\u00e0sachadh<\/strong> mus do rugadh mise.<\/li>\n<\/ul>\n<ul type=\"disc\">\n<li><strong>Bha <\/strong>iad <strong>air<\/strong> na c\u00e8icean <strong>ithe<\/strong> air fad nuair a r\u00e0inig sinn.<\/li>\n<\/ul>\n<p>Tha seo ag innse mu rudan a thachair aig \u00e0m nas fhaide air ais na bha\u00a0 \u2018<strong>Tha<\/strong> mi air \u2026\u2019.\u00a0\u00a0\u00a0\u00a0 Tha e air a chleachdadh mar as trice nuair a thathas ag innse mun \u00e0m a chaidh seachad agus tha rud air ainmeachadh a thachair ron \u00e0m sin.<\/p>\n<p>&nbsp;<\/p>\n<hr \/>\n<div id=\"ccchildpages-1\" class=\"ccchildpages ccflex twocol ccgreen ccclearfix\"><ul class=\"ccchildpages_list ccclearfix\"><li class=\"page_item page-item-153\"><a href=\"https:\/\/storlann.co.uk\/mirean\/clar-amais\/ag-innse-mu-rudan-a-thachair-ron-a-seo\/bha-e-air-falbh-mus-tainig-mi\/obair-ire-2\/\">Obair \u00ecre 2<\/a><\/li><\/ul><\/div>\n","protected":false},"excerpt":{"rendered":"<p>M\u00ecneachadh Tha am p\u00e0tran a leanas a\u2019 cleachdadh bha, an robh, cha robh an \u00e0ite tha\/a bheil\/chan eil: Bha mo sheanair air b\u00e0sachadh mus do rugadh mise. Bha iad air na c\u00e8icean ithe air fad nuair a r\u00e0inig sinn. Tha seo ag innse mu rudan a thachair aig \u00e0m nas fhaide air ais na bha\u00a0 [&hellip;]<\/p>\n","protected":false},"author":1,"featured_media":0,"parent":228,"menu_order":104,"comment_status":"closed","ping_status":"closed","template":"","meta":{"inline_featured_image":false,"footnotes":""},"class_list":["post-90","page","type-page","status-publish","hentry","has-post-title","has-post-date","has-post-category","has-post-tag","has-post-comment","has-post-author",""],"builder_content":"","_links":{"self":[{"href":"https:\/\/storlann.co.uk\/mirean\/wp-json\/wp\/v2\/pages\/90","targetHints":{"allow":["GET"]}}],"collection":[{"href":"https:\/\/storlann.co.uk\/mirean\/wp-json\/wp\/v2\/pages"}],"about":[{"href":"https:\/\/storlann.co.uk\/mirean\/wp-json\/wp\/v2\/types\/page"}],"author":[{"embeddable":true,"href":"https:\/\/storlann.co.uk\/mirean\/wp-json\/wp\/v2\/users\/1"}],"replies":[{"embeddable":true,"href":"https:\/\/storlann.co.uk\/mirean\/wp-json\/wp\/v2\/comments?post=90"}],"version-history":[{"count":0,"href":"https:\/\/storlann.co.uk\/mirean\/wp-json\/wp\/v2\/pages\/90\/revisions"}],"up":[{"embeddable":true,"href":"https:\/\/storlann.co.uk\/mirean\/wp-json\/wp\/v2\/pages\/228"}],"wp:attachment":[{"href":"https:\/\/storlann.co.uk\/mirean\/wp-json\/wp\/v2\/media?parent=90"}],"curies":[{"name":"wp","href":"https:\/\/api.w.org\/{rel}","templated":true}]}}