{"id":77,"date":"2010-09-16T13:32:46","date_gmt":"2010-09-16T13:32:46","guid":{"rendered":"http:\/\/localhost\/wordpress\/?page_id=77"},"modified":"2018-01-09T09:04:10","modified_gmt":"2018-01-09T09:04:10","slug":"chuiran-do-chuir","status":"publish","type":"page","link":"https:\/\/storlann.co.uk\/mirean\/clar-amais\/ag-innse-mu-rudan-a-thachair-ron-a-seo\/chuiran-do-chuir\/","title":{"rendered":"Chuir\/an do chuir"},"content":{"rendered":"<h3 class=\"page-info\">M\u00ecneachadh<\/h3>\n<p>Tha caochladh dh\u00f2ighean sa Gh\u00e0idhlig air innse mu rudan a thachair ron a seo.\u00a0 \u2019S e aon dhiubh a bhith a\u2019 cleachdadh nan riochdan seo de fhaclan gn\u00ecomh mar <strong>cuir<\/strong>:<\/p>\n<ul type=\"circle\">\n<li><strong>chuir, an do chuir, cha do chuir.<\/strong><\/li>\n<\/ul>\n<p>Tha an riochd <strong>chuir <\/strong>air a chleachdadh aig toiseach seantans no \u00e0s d\u00e8idh:<\/p>\n<ul type=\"disc\">\n<li><strong>c\u00f2\/d\u00e8\/cuin a\/carson a\/ciamar a?<\/strong> (no an leithid)<\/li>\n<li><strong>ma,<\/strong> <strong>ged a, mar a, nuair a, fhad \u2019s a, on a, a <\/strong>(no<strong> <\/strong>an leithid)<\/li>\n<\/ul>\n<p>Mar eisimpleir:<\/p>\n<ul type=\"circle\">\n<li><strong>Chuir <\/strong>mi air an solas.<\/li>\n<li>Carson a<strong> dh\u00f9in<\/strong> thu an uinneag?<\/li>\n<\/ul>\n<p>Ma tha am facal gn\u00ecomh a\u2019 t\u00f2iseachadh le <strong>a\/\u00e0, e\/\u00e8, i\/\u00ec, o\/\u00f2, u\/\u00f9<\/strong>, tha <strong>dh\u2019 <\/strong>a\u2019 dol roimhe:<\/p>\n<ul type=\"disc\">\n<li><strong>Dh\u2019ith<\/strong> mi mo bhracaist.<\/li>\n<li><strong>Dh\u2019\u00f2l<\/strong> mi am b\u00f9rn.<\/li>\n<\/ul>\n<p>Tha an aon rud a\u2019 tachairt le le <strong>f<\/strong>, ach a-mh\u00e0in far a bheil <strong>l<\/strong> no <strong>r<\/strong> a\u2019 tighinn \u00e0s d\u00e8idh an <strong>f<\/strong>:<\/p>\n<ul type=\"disc\">\n<li><strong>Dh\u2019fh<\/strong>\u00f2n e thugam<\/li>\n<li><strong>Dh\u2019fh<\/strong>euch e ri teiche.<\/li>\n<\/ul>\n<ul type=\"disc\">\n<li><strong>Fhl<\/strong>iuch an fhras mi.<\/li>\n<li><strong>Fhr<\/strong>eagair e mo litir.<\/li>\n<\/ul>\n<p>Chan eil <strong>l, n <\/strong>no <strong>r<\/strong> ag atharrachadh ann an sgr\u00ecobhadh (ach tha ann an labhairt):<\/p>\n<ul type=\"disc\">\n<li><strong>L<\/strong>e\u00f2n mi mi fh\u00e8in an-d\u00e8.<\/li>\n<li><strong>N<\/strong>ochd e gun fhiosta.<\/li>\n<li><strong>R<\/strong>uith iad air falbh.<\/li>\n<\/ul>\n<p>Tha, no chan eil, an litir <strong>s<\/strong> ag athachadh a r\u00e8ir \u2019s d\u00e8 an litir a tha tighinn \u00e0s a d\u00e8idh:<\/p>\n<ul type=\"disc\">\n<li><strong>sh<\/strong>uidh, <strong>shl<\/strong>aod, <strong>shn<\/strong>\u00e0mh, <strong>shr<\/strong>ac<\/li>\n<li><strong>sg<\/strong>uir, <strong>sm<\/strong>aoinich, <strong>spr<\/strong>eadh, <strong>st<\/strong>ad.<\/li>\n<\/ul>\n<p>Airson faighneachd an do thachair rud no airson a r\u00e0dh nach do thachair, tha <strong>do<\/strong> ga chur ron fhacal gn\u00ecomh:<\/p>\n<ul type=\"disc\">\n<li><strong>An<\/strong> <strong>do<\/strong> <strong>bhris<\/strong> e an cupa?<\/li>\n<li><strong>Nach do ghabh <\/strong>thu do bhiadh?<\/li>\n<\/ul>\n<ul type=\"disc\">\n<li><strong>Cha<\/strong> <strong>do<\/strong> <strong>dh\u2019ith<\/strong> mi mo bhiadh air fad.<\/li>\n<li><strong>An<\/strong> <strong>do<\/strong> <strong>fhreagair<\/strong> iad am f\u00f2n?<\/li>\n<\/ul>\n<p>Gheibhear am p\u00e0tran sin anns na suidhichidhean seo cuideachd:<\/p>\n<ul type=\"disc\">\n<li>Thuirt e <strong>gun<\/strong> <strong>do<\/strong> <strong>bhris<\/strong> iad cupa.<\/li>\n<li>Dh\u2019fhuirich mi <strong>gus an do<\/strong> <strong>thill<\/strong> iad.<\/li>\n<\/ul>\n<ul type=\"disc\">\n<li><strong>C\u00e0it an<\/strong> <strong>do<\/strong> <strong>thuit<\/strong> thu?<\/li>\n<li>Bha i dorcha <strong>mus<\/strong> <strong>do thill<\/strong> iad.<\/li>\n<\/ul>\n<p>&nbsp;<\/p>\n<hr \/>\n<div id=\"ccchildpages-1\" class=\"ccchildpages ccflex twocol ccgreen ccclearfix\"><ul class=\"ccchildpages_list ccclearfix\"><li class=\"page_item page-item-97\"><a href=\"https:\/\/storlann.co.uk\/mirean\/clar-amais\/ag-innse-mu-rudan-a-thachair-ron-a-seo\/chuiran-do-chuir\/eisimpleir\/\">Eisimpleirean<\/a><\/li>\n<li class=\"page_item page-item-99\"><a href=\"https:\/\/storlann.co.uk\/mirean\/clar-amais\/ag-innse-mu-rudan-a-thachair-ron-a-seo\/chuiran-do-chuir\/obair-ire-t\/\">Obair \u00ecre T<\/a><\/li>\n<li class=\"page_item page-item-101\"><a href=\"https:\/\/storlann.co.uk\/mirean\/clar-amais\/ag-innse-mu-rudan-a-thachair-ron-a-seo\/chuiran-do-chuir\/obair-ire-1\/\">Obair \u00ecre 1<\/a><\/li><\/ul><\/div>\n","protected":false},"excerpt":{"rendered":"<p>M\u00ecneachadh Tha caochladh dh\u00f2ighean sa Gh\u00e0idhlig air innse mu rudan a thachair ron a seo.\u00a0 \u2019S e aon dhiubh a bhith a\u2019 cleachdadh nan riochdan seo de fhaclan gn\u00ecomh mar cuir: chuir, an do chuir, cha do chuir. Tha an riochd chuir air a chleachdadh aig toiseach seantans no \u00e0s d\u00e8idh: c\u00f2\/d\u00e8\/cuin a\/carson a\/ciamar a? [&hellip;]<\/p>\n","protected":false},"author":1,"featured_media":0,"parent":228,"menu_order":13,"comment_status":"closed","ping_status":"closed","template":"","meta":{"inline_featured_image":false,"footnotes":""},"class_list":["post-77","page","type-page","status-publish","hentry","has-post-title","has-post-date","has-post-category","has-post-tag","has-post-comment","has-post-author",""],"builder_content":"","_links":{"self":[{"href":"https:\/\/storlann.co.uk\/mirean\/wp-json\/wp\/v2\/pages\/77","targetHints":{"allow":["GET"]}}],"collection":[{"href":"https:\/\/storlann.co.uk\/mirean\/wp-json\/wp\/v2\/pages"}],"about":[{"href":"https:\/\/storlann.co.uk\/mirean\/wp-json\/wp\/v2\/types\/page"}],"author":[{"embeddable":true,"href":"https:\/\/storlann.co.uk\/mirean\/wp-json\/wp\/v2\/users\/1"}],"replies":[{"embeddable":true,"href":"https:\/\/storlann.co.uk\/mirean\/wp-json\/wp\/v2\/comments?post=77"}],"version-history":[{"count":0,"href":"https:\/\/storlann.co.uk\/mirean\/wp-json\/wp\/v2\/pages\/77\/revisions"}],"up":[{"embeddable":true,"href":"https:\/\/storlann.co.uk\/mirean\/wp-json\/wp\/v2\/pages\/228"}],"wp:attachment":[{"href":"https:\/\/storlann.co.uk\/mirean\/wp-json\/wp\/v2\/media?parent=77"}],"curies":[{"name":"wp","href":"https:\/\/api.w.org\/{rel}","templated":true}]}}