{"id":73,"date":"2010-09-16T13:19:49","date_gmt":"2010-09-16T13:19:49","guid":{"rendered":"http:\/\/localhost\/wordpress\/?page_id=73"},"modified":"2018-01-09T12:57:46","modified_gmt":"2018-01-09T12:57:46","slug":"obair-ire-2-3","status":"publish","type":"page","link":"https:\/\/storlann.co.uk\/mirean\/clar-amais\/ag-innse-mu-rudan-a-tha-a-tachairt-aig-an-am-seo\/bidh\/obair-ire-2-3\/","title":{"rendered":"Obair \u00ecre 2"},"content":{"rendered":"<p class=\"obair-ire2\"><em>Bidh\/ bithidh\/am bi\/gum bi\/cha bhi\/ a bhios; Bidh mi a&#8217; dol ann gach seachdain<\/em><\/p>\n<h3><strong>Gn\u00ecomhan<\/strong><\/h3>\n<p><strong>Aithris labhairt<\/strong><\/p>\n<p>Cleachd dealbhan mar gu h-\u00ecosal le builgnean c\u00f2mhraidh simplidh. Bruidhinn mu na tha na daoine ag r\u00e0dh:<\/p>\n<p>D\u00e8 tha an nighean bh\u00e0n a\u2019 faighneachd?<\/p>\n<p><em>Tha i a\u2019 faighneachd am bi am nighean eile don don Fh\u00e8is a h-uile seachdain.<\/em><\/p>\n<p>D\u00e8 tha an nighean eile ag r\u00e0dh?<\/p>\n<p><em>Tha i ag r\u00e0dh nach bi. Tha i ag r\u00e0dh gum bi i a\u2019 dol ann a h-uile daracha seachdain. <\/em><\/p>\n<p>Carson?<\/p>\n<p><em>Oir bidh i a\u2019 fuireach c\u00f2mhla ri Dadaidh air na seachdainean eile.<\/em><\/p>\n<p>&nbsp;<\/p>\n<p><img loading=\"lazy\" decoding=\"async\" class=\"aligncenter size-full wp-image-2735\" title=\"1D-2\" src=\"https:\/\/storlann.co.uk\/mirean\/wp-content\/uploads\/2010\/09\/1D-2.jpg\" alt=\"Graphic: Aithris labhairt\" width=\"600\" height=\"491\" srcset=\"https:\/\/storlann.co.uk\/mirean\/wp-content\/uploads\/2010\/09\/1D-2.jpg 600w, https:\/\/storlann.co.uk\/mirean\/wp-content\/uploads\/2010\/09\/1D-2-300x245.jpg 300w\" sizes=\"auto, (max-width: 600px) 100vw, 600px\" \/><\/p>\n<p>&nbsp;<\/p>\n<p><strong>Geama: \u2018D\u00e8 th\u2019 ann?\u2019<\/strong><\/p>\n<p>Feumaidh a\u2019 chlann uile smaoineachadh air rud \u00e0bhaiseach a gheibh thu san taigh no san sgoil. Feumaidh c\u00e0ch obrachadh a-mach d\u00e8 th\u2019 ann le bhith a\u2019 cur cheistean, me:<\/p>\n<p>Am bi e san taigh bheag mar as trice?<\/p>\n<p>Am bi e air b\u00f2rd mar as trice?<\/p>\n<p>Leudachadh<\/p>\n<p>Gabhaidh gn\u00ecomhairean eile a thoirt a-steach san tr\u00e0th theachdail, mar a leanas:<\/p>\n<p>Am faigh thu e san taigh bheag?<\/p>\n<p>msaa<\/p>\n<p><strong>\u00a0<\/strong><\/p>\n<hr \/>\n<h3><strong>Cothroman tar-curraicealam<\/strong><\/h3>\n<p><strong>Matamataig: Cl\u00e0ran-ama airson thr\u00e8anaichean msaa<\/strong><\/p>\n<p>Coimhead air cl\u00e0r-ama agus bruidhinn mu na goireasan-siubhail. Thoir ceistean don chloinn mar a leanas:<\/p>\n<p>Tha mi ag iarraidh a dhol a Ghlaschu \u00e0 D\u00f9n \u00c8ideann \u00e0s d\u00e8idh tr\u00ec uairean feasgar. Cuin a bhios a\u2019 chiad tre\u00e0na a\u2019 f\u00e0gail Dh\u00f9n \u00c8ideann?<\/p>\n<p>msaa<\/p>\n<h3>\u00a0<\/h3>\n","protected":false},"excerpt":{"rendered":"<p>Bidh\/ bithidh\/am bi\/gum bi\/cha bhi\/ a bhios; Bidh mi a&#8217; dol ann gach seachdain Gn\u00ecomhan Aithris labhairt Cleachd dealbhan mar gu h-\u00ecosal le builgnean c\u00f2mhraidh simplidh. Bruidhinn mu na tha na daoine ag r\u00e0dh: D\u00e8 tha an nighean bh\u00e0n a\u2019 faighneachd? Tha i a\u2019 faighneachd am bi am nighean eile don don Fh\u00e8is a h-uile [&hellip;]<\/p>\n","protected":false},"author":1,"featured_media":0,"parent":234,"menu_order":11,"comment_status":"closed","ping_status":"closed","template":"","meta":{"inline_featured_image":false,"footnotes":""},"class_list":["post-73","page","type-page","status-publish","hentry","has-post-title","has-post-date","has-post-category","has-post-tag","has-post-comment","has-post-author",""],"builder_content":"","_links":{"self":[{"href":"https:\/\/storlann.co.uk\/mirean\/wp-json\/wp\/v2\/pages\/73","targetHints":{"allow":["GET"]}}],"collection":[{"href":"https:\/\/storlann.co.uk\/mirean\/wp-json\/wp\/v2\/pages"}],"about":[{"href":"https:\/\/storlann.co.uk\/mirean\/wp-json\/wp\/v2\/types\/page"}],"author":[{"embeddable":true,"href":"https:\/\/storlann.co.uk\/mirean\/wp-json\/wp\/v2\/users\/1"}],"replies":[{"embeddable":true,"href":"https:\/\/storlann.co.uk\/mirean\/wp-json\/wp\/v2\/comments?post=73"}],"version-history":[{"count":0,"href":"https:\/\/storlann.co.uk\/mirean\/wp-json\/wp\/v2\/pages\/73\/revisions"}],"up":[{"embeddable":true,"href":"https:\/\/storlann.co.uk\/mirean\/wp-json\/wp\/v2\/pages\/234"}],"wp:attachment":[{"href":"https:\/\/storlann.co.uk\/mirean\/wp-json\/wp\/v2\/media?parent=73"}],"curies":[{"name":"wp","href":"https:\/\/api.w.org\/{rel}","templated":true}]}}