{"id":65,"date":"2010-09-16T13:14:17","date_gmt":"2010-09-16T13:14:17","guid":{"rendered":"http:\/\/localhost\/wordpress\/?page_id=65"},"modified":"2011-11-02T17:21:16","modified_gmt":"2011-11-02T17:21:16","slug":"obair-ire-2-2","status":"publish","type":"page","link":"https:\/\/storlann.co.uk\/mirean\/clar-amais\/ag-innse-mu-rudan-a-tha-a-tachairt-aig-an-am-seo\/tha-mi-nam\/obair-ire-2-2\/","title":{"rendered":"Obair \u00ecre 2"},"content":{"rendered":"<p class=\"obair-ire2\"><em>Tha mi nam riuth; A bheil sibh nur suidhe?; Nam, nad, na, na h-, nar, nur, nan\/nam<\/em><\/p>\n<h3>Cothroman tar-churraicealaim<\/h3>\n<p><strong>Ce\u00f2l agus  Cultar<\/strong><br \/>\nTha an t-\u00f2ran &lsquo;Tha na F\u00e8idh am Br\u00e0igh Uige&rsquo; a&rsquo;  cleachdadh an structair seo. Ionnsaich e agus bruidhinn mu dheidhinn. D\u00e8 tha e  a&rsquo; ciallachadh? (Tha an sealgair &lsquo;na sh\u00ecneadh&rsquo; bhon a tha e marbh).<\/p>\n<p>Tha mo shealgair na sh\u00ecneadh<br \/>\n  Na sh\u00ecneadh, na sh\u00ecneadh.<br \/>\n  Tha mo shealgair na sh\u00ecneadh<br \/>\n  &rsquo;S e san fhrith gun tighinn dhachaigh.\u00a0 \u00a0\u00a0\u00a0\u00a0\u00a0\u00a0\u00a0\u00a0\u00a0 (frith  = \u00e0ite far am faighear f\u00e8idh)<\/p>\n<p>Tha mo shealgair gun \u00e8irigh<br \/>\n  gun \u00e8irigh, gun \u00e8irigh.<br \/>\n  Tha mo shealgair gun \u00e8irigh<br \/>\n  &rsquo;S tha na f\u00e8idh air na leacain.\u00a0 <\/p>\n<p>Tha na f\u00e8idh am Br\u00e0igh Uige,<br \/>\n  &rsquo;m Br\u00e0igh Uige, &rsquo;m Br\u00e0igh Uige<br \/>\n  Tha na f\u00e8idh am Br\u00e0igh Uige,<br \/>\n  &rsquo;S e mo dhiubhail mar thachair.<\/p>\n<p>Faigh a-mach tuilleadh mu shealgairean agus f\u00e8idh agus  d\u00e8 an t-\u00e0ite a th&rsquo; aca ann an eachdraidh na G\u00e0idhealtachd, ann an \u00f2rain no an  latha an-diugh.<\/p>\n<p>&nbsp;<\/p>\n","protected":false},"excerpt":{"rendered":"<p>Tha mi nam riuth; A bheil sibh nur suidhe?; Nam, nad, na, na h-, nar, nur, nan\/nam Cothroman tar-churraicealaim Ce\u00f2l agus Cultar Tha an t-\u00f2ran &lsquo;Tha na F\u00e8idh am Br\u00e0igh Uige&rsquo; a&rsquo; cleachdadh an structair seo. Ionnsaich e agus bruidhinn mu dheidhinn. D\u00e8 tha e a&rsquo; ciallachadh? (Tha an sealgair &lsquo;na sh\u00ecneadh&rsquo; bhon a tha [&hellip;]<\/p>\n","protected":false},"author":1,"featured_media":0,"parent":233,"menu_order":21,"comment_status":"open","ping_status":"open","template":"page-obair-ire2.php","meta":{"inline_featured_image":false,"footnotes":""},"class_list":["post-65","page","type-page","status-publish","hentry","has-post-title","has-post-date","has-post-category","has-post-tag","has-post-comment","has-post-author",""],"builder_content":"","_links":{"self":[{"href":"https:\/\/storlann.co.uk\/mirean\/wp-json\/wp\/v2\/pages\/65","targetHints":{"allow":["GET"]}}],"collection":[{"href":"https:\/\/storlann.co.uk\/mirean\/wp-json\/wp\/v2\/pages"}],"about":[{"href":"https:\/\/storlann.co.uk\/mirean\/wp-json\/wp\/v2\/types\/page"}],"author":[{"embeddable":true,"href":"https:\/\/storlann.co.uk\/mirean\/wp-json\/wp\/v2\/users\/1"}],"replies":[{"embeddable":true,"href":"https:\/\/storlann.co.uk\/mirean\/wp-json\/wp\/v2\/comments?post=65"}],"version-history":[{"count":0,"href":"https:\/\/storlann.co.uk\/mirean\/wp-json\/wp\/v2\/pages\/65\/revisions"}],"up":[{"embeddable":true,"href":"https:\/\/storlann.co.uk\/mirean\/wp-json\/wp\/v2\/pages\/233"}],"wp:attachment":[{"href":"https:\/\/storlann.co.uk\/mirean\/wp-json\/wp\/v2\/media?parent=65"}],"curies":[{"name":"wp","href":"https:\/\/api.w.org\/{rel}","templated":true}]}}