{"id":644,"date":"2010-11-09T18:03:44","date_gmt":"2010-11-09T16:03:44","guid":{"rendered":"https:\/\/storlann.co.uk\/mirean\/?page_id=644"},"modified":"2018-01-10T09:58:22","modified_gmt":"2018-01-10T09:58:22","slug":"obair-ire-t","status":"publish","type":"page","link":"https:\/\/storlann.co.uk\/mirean\/clar-amais\/measgachadh\/a-bheil-thu-deiseil-tha-an-robh-thu-ann-cha-robh\/obair-ire-t\/","title":{"rendered":"Obair \u00ecre T"},"content":{"rendered":"<div class=\"obair-ire-t-wrapper\">\n<p class=\"obair-ire-t\">A bheil thu deiseil? Tha; An robh thu ann. Cha robh; Am bi thu an seo aig a sia? Cha bhi; An do rinn thu d&#8217; obair. Rinn; An cuir mi dheth na solais? Cha chuir; An e Iain a thuirt sin? Chan e; An ann air a&#8217; bhus a th\u00e0inig thu? Chan ann; Am b&#8217; ann riutsa a bha e a&#8217; bruidhinn. Cha b&#8217; ann; An urrainn dhut mo chuideachadh? Chan urrainn<\/p>\n<h3>Gn\u00ecomh<\/h3>\n<p><strong>Teadaidh bochd<\/strong><br \/>\n Seall teadaidh dhaibh. Inns dhaibh nach eil e a\u2019 tuigsinn Beurla idir. Tha e br\u00f2nach agus tha bann air. Chan eil e ag iarraidh bruidhinn mu dheidhinn na thachair dha ach tha e ag iarraidh gum bi fios aig a\u2019 chloinn gus nach tachair an aon rud dhaibhsan. Freagraidh e ceistean na cloinne.<br \/>\n me<\/p>\n<ul type=\"disc\">\n<li>An do thuit thu?<\/li>\n<li>An do bhreab cuideigin thu?<\/li>\n<li>An do ghoirtich thu dad eile?<\/li>\n<li>An do bhris thu rudeigin? msaa<\/li>\n<\/ul>\n<p>Ma tha na sgoilearan a\u2019 d\u00e8anamh mhearachdan le na ceistean, cuiridh an tidsear a\u2019 cheist cheart air teadaidh agus innsidh e\/i dhaibh am freagairt.<\/p>\n<p>Bhiodh seo freagarrach airson s\u00e0bhailteachd a theagasg, me s\u00e0bhailteachd anns an raon-chluiche: na tilg clachan, na cluich le ball faisg air rathad.<\/p>\n<p>&nbsp;<\/p>\n<p><strong>Leudachadh<\/strong><br \/>\n Faodaidh a\u2019 chlann cothrom fhaighinn bruidhinn ri teadaidh le na sgeulachdan aca fh\u00e8in.<\/p>\n<p>&nbsp;<\/p>\n<p><strong>Ball<\/strong><br \/>\n Cuir t\u00f2rr cheistean air ball m\u00f2r (tha feadhainn bh\u00e0n ri fhaighinn bho TTS Blank Catch Ball \u00a34.99) agus cuir timcheall e. Nuair a ghlacas cuideigin e, feumaidh iad a\u2019 cheist as fhaisge air an \u00f2rdaig chl\u00ec aca a fhreagairt.\u00a0 Sgr\u00ecobh measgachadh cheistean air airson ath-sgr\u00f9dadh a dh\u00e8anamh.<br \/>\n me<\/p>\n<p>A bheil br\u00e0thair agad?<br \/>\n Am bi thu cuideachadh do mh\u00e0thar aig an taigh?<br \/>\n An robh thu riamh air pl\u00e8ana?<br \/>\n An do dhoirt thu bainne anns a\u2019 mhadainn?<br \/>\n An ann air a\u2019 bhus a th\u00e0inig thu an-diugh?<br \/>\n An urrainn dhut sn\u00e0mh?<br \/>\n msaa<\/p>\n<p>&nbsp;<\/p>\n<p><strong>Poca l\u00e0n cheistean<\/strong><br \/>\n Sgr\u00ecobh s\u00ecos t\u00f2rr cheistean air p\u00ecosan beaga p\u00e0ipeir agus cuir iad ann am poca. Aig \u00e0m cearcaill, cuir timcheall am poca agus feumaidh a\u2019 chlann na ceistean a fhreagairt.<\/p>\n<p>Dh\u2019fhaodadh seo a bhith co-cheangailte ri cuspair air a bheil sibh ag obair no togail air rudan a tha tachairt anns an raon-chluiche.<br \/>\n me<\/p>\n<p>\u201cAn robh thu riamh aonaranach aig \u00e0m-cluiche?\u201d<br \/>\n \u201cAm bi thu a\u2019 cluich c\u00f2mhla ri daoine a bhios a\u2019 suidhe air a\u2019 bheing c\u00e0irdeis? (\u00c0ite far an t\u00e8id clann nuair a tha iad aonaranach. Ma tha sgoilearan a\u2019 faicinn duine na shuidhe an sin, iarraidh iad orra cluich c\u00f2mhla riutha.)<br \/>\n msaa<\/p>\n<h3>\u00a0<\/h3>\n<\/div>\n","protected":false},"excerpt":{"rendered":"<p>A bheil thu deiseil? Tha; An robh thu ann. Cha robh; Am bi thu an seo aig a sia? Cha bhi; An do rinn thu d&#8217; obair. Rinn; An cuir mi dheth na solais? Cha chuir; An e Iain a thuirt sin? Chan e; An ann air a&#8217; bhus a th\u00e0inig thu? Chan ann; Am [&hellip;]<\/p>\n","protected":false},"author":1,"featured_media":0,"parent":422,"menu_order":0,"comment_status":"closed","ping_status":"closed","template":"","meta":{"inline_featured_image":false,"footnotes":""},"class_list":["post-644","page","type-page","status-publish","hentry","has-post-title","has-post-date","has-post-category","has-post-tag","has-post-comment","has-post-author",""],"builder_content":"","_links":{"self":[{"href":"https:\/\/storlann.co.uk\/mirean\/wp-json\/wp\/v2\/pages\/644","targetHints":{"allow":["GET"]}}],"collection":[{"href":"https:\/\/storlann.co.uk\/mirean\/wp-json\/wp\/v2\/pages"}],"about":[{"href":"https:\/\/storlann.co.uk\/mirean\/wp-json\/wp\/v2\/types\/page"}],"author":[{"embeddable":true,"href":"https:\/\/storlann.co.uk\/mirean\/wp-json\/wp\/v2\/users\/1"}],"replies":[{"embeddable":true,"href":"https:\/\/storlann.co.uk\/mirean\/wp-json\/wp\/v2\/comments?post=644"}],"version-history":[{"count":0,"href":"https:\/\/storlann.co.uk\/mirean\/wp-json\/wp\/v2\/pages\/644\/revisions"}],"up":[{"embeddable":true,"href":"https:\/\/storlann.co.uk\/mirean\/wp-json\/wp\/v2\/pages\/422"}],"wp:attachment":[{"href":"https:\/\/storlann.co.uk\/mirean\/wp-json\/wp\/v2\/media?parent=644"}],"curies":[{"name":"wp","href":"https:\/\/api.w.org\/{rel}","templated":true}]}}