{"id":618,"date":"2010-11-09T17:51:30","date_gmt":"2010-11-09T15:51:30","guid":{"rendered":"https:\/\/storlann.co.uk\/mirean\/?page_id=618"},"modified":"2018-01-10T09:39:02","modified_gmt":"2018-01-10T09:39:02","slug":"eisimpleir","status":"publish","type":"page","link":"https:\/\/storlann.co.uk\/mirean\/clar-amais\/rudan-as-urrainn-dhut-a-dheanamh-agus-a-leithid-sin\/gabhaidh-sin-deanamh\/eisimpleir\/","title":{"rendered":"Eisimpleirean"},"content":{"rendered":"<table border=\"0\" width=\"666\" cellspacing=\"0\" cellpadding=\"0\">\n<tbody>\n<tr>\n<td rowspan=\"3\" valign=\"top\" width=\"166\">&#8216;S urrainn, an urrainn, chan urrainn<\/td>\n<td rowspan=\"3\" valign=\"top\" width=\"152\">dhomh, dhut \u2026<\/p>\n<p> do Dh\u00f2mhnall<br \/>\n do Mh\u00e0iri<\/p>\n<p> don\/dhan ghille<\/td>\n<td align=\"center\" valign=\"top\" width=\"141\">&#8211;<\/td>\n<td valign=\"top\" width=\"205\">sn\u00e0mh. dr\u00e0ibheadh. seinn.<\/td>\n<\/tr>\n<tr>\n<td valign=\"top\">na dealbhan<br \/>\n c\u00e8ic<br \/>\n c\u00e0il<\/td>\n<td valign=\"top\">fhaicinn.<br \/>\n a dh\u00e8anamh.<br \/>\n ithe.<\/td>\n<\/tr>\n<tr>\n<td valign=\"top\">mo, do, a (e)<br \/>\n m&#8217;, d&#8217;<br \/>\n m&#8217;, d&#8217;<br \/>\n a, ar, ur, an\/am<br \/>\n a h- (i), &#8211; (e), an ar n-, ur n-<\/td>\n<td valign=\"top\">chuideachadh.<br \/>\n aithneachadh, fhaicinn. <br \/>\n cuideachadh, f\u00e0gail. <br \/>\n \u00f2l, ithe, iarraidh.<br \/>\n aithneachadh.<\/p>\n<p>\n <\/td>\n<\/tr>\n<tr>\n<td valign=\"top\">Faodaidh, am faod, chan fhaod Feumaidh, am feum, chan fheum<\/td>\n<td valign=\"top\">mi, thu\/tu, e, i \u2026 D\u00f2mhnall, M\u00e0iri am balach an nighean<\/td>\n<td rowspan=\"2\" align=\"center\" valign=\"top\">&#8211;<\/p>\n<p> barrachd <\/p>\n<p> mo, do, a (e)<br \/>\n m&#8217;, d&#8217;<\/p>\n<p> a, ar, ur, an\/am (a = e), a h-, ar\/ur n-<\/td>\n<td rowspan=\"2\" valign=\"top\">fuireach greiseag. <\/p>\n<p> a dh\u00e8anamh, a r\u00e0dh. <\/p>\n<p> chluinntinn, fhaicinn.<br \/>\n iarraidh, fhaicinn. <\/p>\n<p> cluinntinn, faicinn. aithneachadh.<\/td>\n<\/tr>\n<tr>\n<td colspan=\"2\" valign=\"top\">Tha mi ag iarraidh, tha mi airson, bu ch\u00f2ir<br \/>\n dhut, &#8216;s fhe\u00e0rr dhut, bu toigh leam, b&#8217; \u00e0bhaist dhomh, chuir iad rompa, theab mi, dh&#8217;fheuch<br \/>\n mi ri, tha agam ri.<\/td>\n<\/tr>\n<tr>\n<td>Feumaidh, faodaidh<\/td>\n<td>mi, thu\/tu, e, i \u2026<\/td>\n<td colspan=\"2\">a bhith a&#8217; dol ann nas trice.<\/td>\n<\/tr>\n<\/tbody>\n<\/table>\n","protected":false},"excerpt":{"rendered":"<p>&#8216;S urrainn, an urrainn, chan urrainn dhomh, dhut \u2026 do Dh\u00f2mhnall do Mh\u00e0iri don\/dhan ghille &#8211; sn\u00e0mh. dr\u00e0ibheadh. seinn. na dealbhan c\u00e8ic c\u00e0il fhaicinn. a dh\u00e8anamh. ithe. mo, do, a (e) m&#8217;, d&#8217; m&#8217;, d&#8217; a, ar, ur, an\/am a h- (i), &#8211; (e), an ar n-, ur n- chuideachadh. aithneachadh, fhaicinn. cuideachadh, f\u00e0gail. \u00f2l, [&hellip;]<\/p>\n","protected":false},"author":1,"featured_media":0,"parent":408,"menu_order":0,"comment_status":"closed","ping_status":"closed","template":"","meta":{"inline_featured_image":false,"footnotes":""},"class_list":["post-618","page","type-page","status-publish","hentry","has-post-title","has-post-date","has-post-category","has-post-tag","has-post-comment","has-post-author",""],"builder_content":"","_links":{"self":[{"href":"https:\/\/storlann.co.uk\/mirean\/wp-json\/wp\/v2\/pages\/618","targetHints":{"allow":["GET"]}}],"collection":[{"href":"https:\/\/storlann.co.uk\/mirean\/wp-json\/wp\/v2\/pages"}],"about":[{"href":"https:\/\/storlann.co.uk\/mirean\/wp-json\/wp\/v2\/types\/page"}],"author":[{"embeddable":true,"href":"https:\/\/storlann.co.uk\/mirean\/wp-json\/wp\/v2\/users\/1"}],"replies":[{"embeddable":true,"href":"https:\/\/storlann.co.uk\/mirean\/wp-json\/wp\/v2\/comments?post=618"}],"version-history":[{"count":0,"href":"https:\/\/storlann.co.uk\/mirean\/wp-json\/wp\/v2\/pages\/618\/revisions"}],"up":[{"embeddable":true,"href":"https:\/\/storlann.co.uk\/mirean\/wp-json\/wp\/v2\/pages\/408"}],"wp:attachment":[{"href":"https:\/\/storlann.co.uk\/mirean\/wp-json\/wp\/v2\/media?parent=618"}],"curies":[{"name":"wp","href":"https:\/\/api.w.org\/{rel}","templated":true}]}}