{"id":616,"date":"2010-11-09T17:51:05","date_gmt":"2010-11-09T15:51:05","guid":{"rendered":"https:\/\/storlann.co.uk\/mirean\/?page_id=616"},"modified":"2018-01-10T09:39:18","modified_gmt":"2018-01-10T09:39:18","slug":"obair-ire-2","status":"publish","type":"page","link":"https:\/\/storlann.co.uk\/mirean\/clar-amais\/rudan-as-urrainn-dhut-a-dheanamh-agus-a-leithid-sin\/gabhaidh-sin-deanamh\/obair-ire-2\/","title":{"rendered":"Obair \u00ecre 2"},"content":{"rendered":"<div class=\"obair-ire-2-wrapper\">\n<p class=\"obair-ire2\">Gabhaidh sin d\u00e8anamh. Cha ghabh sin ithe. Chan fhaic mi am b\u00f2rd-dubh gun ghlainnichean. Bha e doirbh ach chaidh againn air a&#8217; bheinn a shreap.<\/p>\n<h3>Gn\u00ecomh<\/h3>\n<p><strong>D\u00e8 ch\u00ec thu bhon uinneag agad?<\/strong><\/p>\n<p>Iarr air a&#8217; chloinn dealbh a dh\u00e8anamh bho uinneag cuideigin s\u00f2nraichte. Faodaidh seo a bhith ceangailte ri cuspair no leabhar air a bheil sibh ag obair.<\/p>\n<p>m.e.<br \/>\n Leanabh anns na h-\u00ccnnseachan<br \/>\n Croitear aig \u00e0m na Fuadaichean<br \/>\n Tearlach \u00f2g Sti\u00f9bhart<br \/>\n Goldilocks bho thaigh nan tr\u00ec mathain<br \/>\n m.s.a.a<\/p>\n<p>Feumaidh iad seantansan a&#8217; sgr\u00ecobhadh mu dheidhinn, a&#8217; cleachdadh p\u00e0tran na seachdain.<\/p>\n<p>&#8220;Ch\u00ec mi\u2026\u2026..&#8221;<br \/>\n &#8220;Chan fhaic mi\u2026\u2026\u2026\u2026&#8221;<\/p>\n<p><strong>D\u00e8 a th&#8217; ann?<\/strong><\/p>\n<p>Thoir a-steach rud annasach dhan chlas, m.e. seann sg\u00e0than, iuchair, seann ph\u00ecos a-mach \u00e0 inneal-glanaidh, agus m.s.a.a.<\/p>\n<p>Faighnich dhaibh ceistean mar &#8220;C\u00f2 ris a tha e coltach?&#8221; &#8220;D\u00e8 a n\u00ec thu leis?&#8221; Feumaidh iad am mac-meanmain a chleachdadh airson seo.<\/p>\n<p>An uair sin, ann am buidhnean beaga, feumaidh iad smaoineachadh air c\u00f2ig cleachdaidhean \u00f9ra air a shon, a&#8217; cleachdadh p\u00e0tran na seachdain.<\/p>\n<p>m.e.<\/p>\n<p>&#8220;Gabhadh e cleachdadh \u2026\u2026.&#8221;<\/p>\n<p>Gabhaidh seo d\u00e8anamh gach seachdain airson sgilean smaoineachaidh a leasachadh. C\u00f9m na rudan ann am &#8220;Bogsa Sgr\u00ecobhaidh.&#8221;<\/p>\n<p>&nbsp;<\/p>\n<hr \/>\n<h3>\u00a0<\/h3>\n<h3>Cothroman tar-curraicealam<\/h3>\n<p><strong>Ce\u00f2l<\/strong><\/p>\n<p><strong>Ch\u00ec mi &#8216;n t\u00ecr<\/strong><\/p>\n<p>Ch\u00ec mi &#8216;n t\u00ecr sa robh mi nam bhalach,<br \/>\n T\u00ecr na suinn Leac a&#8217; L\u00ec nam shealladh,<br \/>\n Ch\u00ec mi &#8216;n t\u00ecr sa robh mi nam bhalach.<\/p>\n<p>\u00c0 t\u00ecr nan Suaineach a rinn sinn gluasad,<br \/>\n &#8216;S i leinn an uair sin tighinn tuath air Sgalpaigh,<br \/>\n Ch\u00ec mi &#8216;n t\u00ecr sa robh mi nam bhalach.<\/p>\n<p>Ged &#8216;s creagach cruaidh e cha toir mi fuath dha,<br \/>\n Far bh\u00e0rr a&#8217; chuain \u00e0ite &#8216;s b\u00f2idhche sheallas,<br \/>\n Ch\u00ec mi &#8216;n t\u00ecr sa robh mi nam bhalach.<\/p>\n<p>Ged &#8216;s creagach gr\u00e0nnd&#8217; i, an t\u00ecr ri h-\u00e0ireamh,<br \/>\n Chan eil nas \u00e0ille far bh\u00e0rr na mara,<br \/>\n Ch\u00ec mi &#8216;n t\u00ecr sa robh mi nam bhalach.<\/p>\n<p>Ch\u00ec mi &#8216;n t-iasgair a&#8217; cur nan l\u00econ ann,<br \/>\n &#8216;S ann leotha bu mhiann bhith sa chiar gan tarraing,<br \/>\n Ch\u00ec mi &#8216;n t\u00ecr sa robh mi nam bhalach.<\/p>\n<p>Nam faighinn ordugh a&#8217; ghe\u00f2la l\u00f2bhradh,<br \/>\n Gur mi bhiodh de\u00f2nach ga se\u00f2ladh dhachaigh,<br \/>\n Ch\u00ec m i&#8217;n t\u00ecr san robh mi nam bhalach.<\/p>\n<p>Sin thuirt E\u00f2ghainn &#8216;s e tighinn nam ch\u00f2mhradh,<br \/>\n Nach seall thu &#8216;n G\u00f2bhtaidh fo Shr\u00f2in na Hearradh,<br \/>\n Chi mi&#8217;n tir sa robh mi nam bhalach.<\/p>\n<p>&#8216;S tha mi fo ghruaimean on rinn mi gluasad,<br \/>\n Mi caoidh na gruagaich tha &#8216;m Bruaich na Caradh,<br \/>\n Ch\u00ec mi &#8216;n t\u00ecr sa robh mi nam bhalach.<\/p>\n<p>Is ma tig an D\u00f9bhlachd gu f\u00e0g mi &#8216;n t-&#8220;Si\u00f9na,&#8221;<br \/>\n Is gum bi mo dh\u00f9il dhol le sunnd gum dhachaigh,<br \/>\n Ch\u00ec mi &#8216;n t\u00ecr sa robh mi nam bhalach.<\/p>\n<h3>\u00a0<\/h3>\n<\/div>\n","protected":false},"excerpt":{"rendered":"<p>Gabhaidh sin d\u00e8anamh. Cha ghabh sin ithe. Chan fhaic mi am b\u00f2rd-dubh gun ghlainnichean. Bha e doirbh ach chaidh againn air a&#8217; bheinn a shreap. Gn\u00ecomh D\u00e8 ch\u00ec thu bhon uinneag agad? Iarr air a&#8217; chloinn dealbh a dh\u00e8anamh bho uinneag cuideigin s\u00f2nraichte. Faodaidh seo a bhith ceangailte ri cuspair no leabhar air a bheil [&hellip;]<\/p>\n","protected":false},"author":1,"featured_media":0,"parent":408,"menu_order":26,"comment_status":"closed","ping_status":"closed","template":"","meta":{"inline_featured_image":false,"footnotes":""},"class_list":["post-616","page","type-page","status-publish","hentry","has-post-title","has-post-date","has-post-category","has-post-tag","has-post-comment","has-post-author",""],"builder_content":"","_links":{"self":[{"href":"https:\/\/storlann.co.uk\/mirean\/wp-json\/wp\/v2\/pages\/616","targetHints":{"allow":["GET"]}}],"collection":[{"href":"https:\/\/storlann.co.uk\/mirean\/wp-json\/wp\/v2\/pages"}],"about":[{"href":"https:\/\/storlann.co.uk\/mirean\/wp-json\/wp\/v2\/types\/page"}],"author":[{"embeddable":true,"href":"https:\/\/storlann.co.uk\/mirean\/wp-json\/wp\/v2\/users\/1"}],"replies":[{"embeddable":true,"href":"https:\/\/storlann.co.uk\/mirean\/wp-json\/wp\/v2\/comments?post=616"}],"version-history":[{"count":0,"href":"https:\/\/storlann.co.uk\/mirean\/wp-json\/wp\/v2\/pages\/616\/revisions"}],"up":[{"embeddable":true,"href":"https:\/\/storlann.co.uk\/mirean\/wp-json\/wp\/v2\/pages\/408"}],"wp:attachment":[{"href":"https:\/\/storlann.co.uk\/mirean\/wp-json\/wp\/v2\/media?parent=616"}],"curies":[{"name":"wp","href":"https:\/\/api.w.org\/{rel}","templated":true}]}}