{"id":610,"date":"2010-11-09T17:48:22","date_gmt":"2010-11-09T15:48:22","guid":{"rendered":"https:\/\/storlann.co.uk\/mirean\/?page_id=610"},"modified":"2018-01-10T09:36:43","modified_gmt":"2018-01-10T09:36:43","slug":"eisimpleir","status":"publish","type":"page","link":"https:\/\/storlann.co.uk\/mirean\/clar-amais\/ag-innse-mu-rud-a-bhith-air-a-dheanamh-air-rud-no-neach\/tha-an-rabhadh-air-a-sgriobhadh-ann-an-dearg\/eisimpleir\/","title":{"rendered":"Eisimpleirean"},"content":{"rendered":"<table class=\"eisimpleirean-t\" title=\"This table contains useage examples\" border=\"1\" width=\"100%\" cellspacing=\"0\" cellpadding=\"2\">\n<tbody>\n<tr class=\"eisimpleirean-t-h\">\n<td width=\"156\">\n<p align=\"center\">Colbh 1<\/p>\n<\/td>\n<td width=\"168\">\n<p align=\"center\">Colbh 2<\/p>\n<\/td>\n<td colspan=\"2\" width=\"322\">\n<p align=\"center\">Colbh 3\/4<\/p>\n<\/td>\n<\/tr>\n<tr>\n<td width=\"156\">Rugadh<br \/>\n Thogadh<br \/>\n Cha togar<\/td>\n<td width=\"168\">\n<p align=\"center\">e<br \/>\n an taigh<br \/>\n an sgoil \u00f9r<\/p>\n<\/td>\n<td colspan=\"2\" width=\"322\">\n<p align=\"center\">ann an New York.<br \/>\n o chionn fichead bliadhna.<br \/>\n airson c\u00f2ig bliadhna eile.<\/p>\n<\/td>\n<\/tr>\n<tr>\n<td width=\"156\">Chaidh\/Th\u00e8id<\/td>\n<td width=\"168\">\n<p align=\"center\">na h-uinneagan<br \/>\n an s\u00f9gh<br \/>\n an litreachadh<br \/>\n mo ch\u00f2ta<br \/>\n an d\u00f2igh sin<\/p>\n<\/td>\n<td colspan=\"2\" width=\"322\">\n<p align=\"center\">a bhristeadh.<br \/>\n \u00f2l.<br \/>\n a cheartachadh.<br \/>\n a fhliuchadh<br \/>\n fheuchainn.<\/p>\n<\/td>\n<\/tr>\n<tr>\n<td width=\"156\">Chaidh\/Th\u00e8id<\/td>\n<td width=\"168\">\n<p align=\"center\">mo<br \/>\n do<br \/>\n &#8211;<br \/>\n a<br \/>\n &#8211;<br \/>\n &#8211;<br \/>\n a h-<br \/>\n a<br \/>\n ar<br \/>\n ar n-<br \/>\n ur<br \/>\n ur n-<br \/>\n am<br \/>\n an<\/p>\n<\/td>\n<td width=\"142\">\n<p align=\"center\">chumail.<br \/>\n le\u00f2n.<br \/>\n fh\u00e0gail an seo.<br \/>\n bristeadh.<br \/>\n aithneachadh.<br \/>\n fhaicinn.<br \/>\n \u00f2l.<br \/>\n faicinn.<br \/>\n cumail.<br \/>\n aithneachadh.<br \/>\n faicinn.<br \/>\n aithneachadh.<br \/>\n bristeadh.<br \/>\n c\u00e0radh.<\/p>\n<\/td>\n<td width=\"180\">\n<p align=\"center\">(mi)<br \/>\n (thu)<br \/>\n (e)<br \/>\n (i)<br \/>\n (e)<br \/>\n (e)<br \/>\n (i)<br \/>\n (i)<br \/>\n (sinn)<br \/>\n (sinn)<br \/>\n (sibh)<br \/>\n (sibh)<br \/>\n (iad)<br \/>\n (iad).<\/p>\n<\/td>\n<\/tr>\n<tr>\n<td width=\"156\">Tha\/bha\/bidh<\/td>\n<td width=\"168\">\n<p align=\"center\">mi\/thu<br \/>\n an sgeulachd<br \/>\n am balach<br \/>\n e<br \/>\n sinn\/sibh<br \/>\n iad<br \/>\n na leabhraichean<\/p>\n<\/td>\n<td width=\"142\">\n<p align=\"center\">air<\/p>\n<\/td>\n<td width=\"180\">\n<p align=\"center\">mo\/do sh\u00e0rachadh.<br \/>\n a ceartachadh.<br \/>\n a sh\u00e0rachadh<br \/>\n a le\u00f2n.<br \/>\n ar\/ur s\u00e0rachadh.<br \/>\n am f\u00e0gail\/an togail.<br \/>\n an cumail an sin.<\/p>\n<\/td>\n<\/tr>\n<tr>\n<td width=\"156\">Tha\/bha\/bidh<\/td>\n<td width=\"168\">\n<p align=\"center\">e<br \/>\n i<br \/>\n iad<\/p>\n<\/td>\n<td width=\"142\">\n<p align=\"center\">ga<br \/>\n ga<br \/>\n gam<\/p>\n<\/td>\n<td width=\"180\">\n<p align=\"center\">sh\u00e0rachadh.<br \/>\n s\u00e0rachadh.<br \/>\n fliuchadh.<\/p>\n<\/td>\n<\/tr>\n<tr>\n<td width=\"156\">Cha ghabh<\/td>\n<td width=\"168\">\n<p align=\"center\">sin<br \/>\n e<br \/>\n i<br \/>\n na rudan sin<\/p>\n<\/td>\n<td colspan=\"2\" width=\"322\">\n<p align=\"center\">creidsinn.<\/p>\n<\/td>\n<\/tr>\n<tr>\n<td width=\"156\">Dh&#8217;fh\u00e0gte a-muigh <br \/>\n Tha<\/td>\n<td align=\"center\" width=\"168\">e <br \/>\n an sgeulachd<\/td>\n<td colspan=\"2\" align=\"center\" width=\"322\">fad na h-oidhche <br \/>\n sgr\u00ecobhte agam.<\/td>\n<\/tr>\n<tr>\n<td width=\"156\">Tha\/bha\/bidh<\/td>\n<td width=\"168\">\n<p align=\"center\">m\u00f2ran<br \/>\n t\u00f2rr dhaoine<br \/>\n beag<\/p>\n<\/td>\n<td width=\"142\">\n<p align=\"center\">ri<br \/>\n (againn) ri<br \/>\n gun<\/p>\n<\/td>\n<td width=\"180\">\n<p align=\"center\">dh\u00e8anamh.<br \/>\n fhaicinn.<br \/>\n d\u00e8anamh fhathast.<\/p>\n<\/td>\n<\/tr>\n<tr>\n<td width=\"156\">Faodar<br \/>\n Feumar<\/td>\n<td width=\"168\">\n<p align=\"center\">na solais<br \/>\n an r\u00f9m<\/p>\n<\/td>\n<td colspan=\"2\" width=\"322\">\n<p align=\"center\">a chur dheth.<br \/>\n a sgioblachadh.<\/p>\n<\/td>\n<\/tr>\n<\/tbody>\n<\/table>\n","protected":false},"excerpt":{"rendered":"<p>Colbh 1 Colbh 2 Colbh 3\/4 Rugadh Thogadh Cha togar e an taigh an sgoil \u00f9r ann an New York. o chionn fichead bliadhna. airson c\u00f2ig bliadhna eile. Chaidh\/Th\u00e8id na h-uinneagan an s\u00f9gh an litreachadh mo ch\u00f2ta an d\u00f2igh sin a bhristeadh. \u00f2l. a cheartachadh. a fhliuchadh fheuchainn. Chaidh\/Th\u00e8id mo do &#8211; a &#8211; &#8211; [&hellip;]<\/p>\n","protected":false},"author":1,"featured_media":0,"parent":401,"menu_order":0,"comment_status":"closed","ping_status":"closed","template":"","meta":{"inline_featured_image":false,"footnotes":""},"class_list":["post-610","page","type-page","status-publish","hentry","has-post-title","has-post-date","has-post-category","has-post-tag","has-post-comment","has-post-author",""],"builder_content":"","_links":{"self":[{"href":"https:\/\/storlann.co.uk\/mirean\/wp-json\/wp\/v2\/pages\/610","targetHints":{"allow":["GET"]}}],"collection":[{"href":"https:\/\/storlann.co.uk\/mirean\/wp-json\/wp\/v2\/pages"}],"about":[{"href":"https:\/\/storlann.co.uk\/mirean\/wp-json\/wp\/v2\/types\/page"}],"author":[{"embeddable":true,"href":"https:\/\/storlann.co.uk\/mirean\/wp-json\/wp\/v2\/users\/1"}],"replies":[{"embeddable":true,"href":"https:\/\/storlann.co.uk\/mirean\/wp-json\/wp\/v2\/comments?post=610"}],"version-history":[{"count":0,"href":"https:\/\/storlann.co.uk\/mirean\/wp-json\/wp\/v2\/pages\/610\/revisions"}],"up":[{"embeddable":true,"href":"https:\/\/storlann.co.uk\/mirean\/wp-json\/wp\/v2\/pages\/401"}],"wp:attachment":[{"href":"https:\/\/storlann.co.uk\/mirean\/wp-json\/wp\/v2\/media?parent=610"}],"curies":[{"name":"wp","href":"https:\/\/api.w.org\/{rel}","templated":true}]}}