{"id":600,"date":"2010-11-09T17:46:00","date_gmt":"2010-11-09T15:46:00","guid":{"rendered":"https:\/\/storlann.co.uk\/mirean\/?page_id=600"},"modified":"2018-01-10T09:36:07","modified_gmt":"2018-01-10T09:36:07","slug":"obair-ire-3","status":"publish","type":"page","link":"https:\/\/storlann.co.uk\/mirean\/clar-amais\/ag-innse-mu-rud-a-bhith-air-a-dheanamh-air-rud-no-neach\/rugadh-e-ann-an-new-york\/obair-ire-3\/","title":{"rendered":"Obair \u00ecre 3"},"content":{"rendered":"<div class=\"obair-ire-3-wrapper\">\n<p class=\"obair-ire3\">Rugadh e ann an New York. Cha togar an sgoil \u00f9r airson c\u00f2ig bliadhna eile. Chaidh na h-uinneagan a bhristeadh. Chaidh mo chumail air ais.<\/p>\n<h3>Gn\u00ecomhan<\/h3>\n<p>DTT2 \u2013 Duilleagan Obrach<\/p>\n<p>Cuir gach toiseach<br \/>\n D\u00e8 thachair?<br \/>\n Chaidh mo le\u00f2n 1<br \/>\n Chaidh mo le\u00f2n 2<\/p>\n<p>T\u00f2iseachan \u2013 Na tri\u00f9ir bhr\u00e0ithrean<\/p>\n<p>&nbsp;<\/p>\n<hr \/>\n<h3>\u00a0Cothroman tar-curraicealam<\/h3>\n<p>&nbsp;<\/p>\n<p><strong>C\u00e0it an deach do thogail?<\/strong><\/p>\n<p>D\u00e8an rannsachadh air daoine ainmeil a tha co-cheangailte ris a&#8217; chuspair air a bheil sibh ag obair, airson faighinn a-mach c\u00e0ite an do rugadh agus an do thogadh iad. L\u00econ na builgeanan cainnt, a&#8217; cleachdadh p\u00e0tran na seachdain \u2013<br \/>\n &#8220;Chaidh mo bhreith ann an _______________ agus chaidh mo thogail ann an ________&#8221;<\/p>\n<p>no<\/p>\n<p>&#8220;Rugadh mi ann an _________________ agus thogadh mi ann an __________&#8221;<\/p>\n<p>&nbsp;<\/p>\n<p><img loading=\"lazy\" decoding=\"async\" class=\"aligncenter size-full wp-image-2172\" title=\"11A\" src=\"https:\/\/storlann.co.uk\/mirean\/wp-content\/uploads\/2010\/11\/11A.jpg\" alt=\"Images: Gandi and Mother Theresa\" width=\"658\" height=\"275\" srcset=\"https:\/\/storlann.co.uk\/mirean\/wp-content\/uploads\/2010\/11\/11A.jpg 658w, https:\/\/storlann.co.uk\/mirean\/wp-content\/uploads\/2010\/11\/11A-300x125.jpg 300w\" sizes=\"auto, (max-width: 658px) 100vw, 658px\" \/><\/p>\n<p>&nbsp;<\/p>\n<p><strong>Leudachadh (ealain)<\/strong><\/p>\n<p>Faodaidh iad dealbh a dh\u00e8anamh de chuideigin ainmeil le builgean cainnt.<\/p>\n<p><strong><br \/>\n Cruinn-e\u00f2las<\/strong><\/p>\n<p><strong>Ainmean \u00e0ite \u2013 a&#8217;cleachdadh mhapaichean<\/strong><\/p>\n<p>Cleachd mapaichean de dh&#8217;Alba airson s\u00f9il a thoirt air ainmean \u00e0ite, beanntan agus aibhnichean. Feumaidh a&#8217; chlann rannsachadh a dh\u00e8anamh airson faighinn a-mach ciamar a chaidh na h-\u00e0itichean seo ainmeachadh.<\/p>\n<p>Mas e &#8216;s gun deach an ainmeachadh as d\u00e8idh feartan cruinn-e\u00f2lais, feumaidh na sgoilearan na mapaichean a chleachdadh airson faighinn a-mach a bheil na h-ainmean seo freagarrach.<\/p>\n<p>Mas e &#8216;s gun deach an ainmeachadh as d\u00e8idh sgeulachd \u00e0 beul-aithris, feumaidh na sgoilearan barrachd fhaighinn a-mach mun dheidhinn.<\/p>\n<p>Faodaidh iad \u00f2raid a dh\u00e8anamh dhan a&#8217; chlas, no sgr\u00ecobh paragraf mu dheidhinn, a&#8217; cleachdadh p\u00e0tran na seachdain.<\/p>\n<p>&#8220;Chaidh seo ainmeachadh \u00e0s d\u00e8idh\u2026..&#8221;<br \/>\n &#8220;Thathar a r\u00e0dh gun deach seo ainmeachadh \u00e0s d\u00e8idh\u2026&#8221;<\/p>\n<p><strong>Dr\u00e0ma<\/strong><\/p>\n<p>Ag obair le caraid, feumaidh na sgoilearan sgeulachd \u00e8ibhinn a dh\u00e8anamh suas air ciamar a chaidh rudan \u00e0bhaisteach ainmeachadh.<\/p>\n<p>m.e.<br \/>\n Sp\u00e0in &#8211; &#8220;Chaidh sp\u00e0in ainmeachadh as d\u00e8idh an d\u00f9thaich An Sp\u00e0inn oir ann an 1614 nuair a she\u00f2l \u2026.. m.s.a.a!<\/p>\n<p>&nbsp;<\/p>\n<\/div>\n","protected":false},"excerpt":{"rendered":"<p>Rugadh e ann an New York. Cha togar an sgoil \u00f9r airson c\u00f2ig bliadhna eile. Chaidh na h-uinneagan a bhristeadh. Chaidh mo chumail air ais. Gn\u00ecomhan DTT2 \u2013 Duilleagan Obrach Cuir gach toiseach D\u00e8 thachair? Chaidh mo le\u00f2n 1 Chaidh mo le\u00f2n 2 T\u00f2iseachan \u2013 Na tri\u00f9ir bhr\u00e0ithrean &nbsp; \u00a0Cothroman tar-curraicealam &nbsp; C\u00e0it an deach [&hellip;]<\/p>\n","protected":false},"author":1,"featured_media":0,"parent":399,"menu_order":26,"comment_status":"closed","ping_status":"closed","template":"","meta":{"inline_featured_image":false,"footnotes":""},"class_list":["post-600","page","type-page","status-publish","hentry","has-post-title","has-post-date","has-post-category","has-post-tag","has-post-comment","has-post-author",""],"builder_content":"","_links":{"self":[{"href":"https:\/\/storlann.co.uk\/mirean\/wp-json\/wp\/v2\/pages\/600","targetHints":{"allow":["GET"]}}],"collection":[{"href":"https:\/\/storlann.co.uk\/mirean\/wp-json\/wp\/v2\/pages"}],"about":[{"href":"https:\/\/storlann.co.uk\/mirean\/wp-json\/wp\/v2\/types\/page"}],"author":[{"embeddable":true,"href":"https:\/\/storlann.co.uk\/mirean\/wp-json\/wp\/v2\/users\/1"}],"replies":[{"embeddable":true,"href":"https:\/\/storlann.co.uk\/mirean\/wp-json\/wp\/v2\/comments?post=600"}],"version-history":[{"count":0,"href":"https:\/\/storlann.co.uk\/mirean\/wp-json\/wp\/v2\/pages\/600\/revisions"}],"up":[{"embeddable":true,"href":"https:\/\/storlann.co.uk\/mirean\/wp-json\/wp\/v2\/pages\/399"}],"wp:attachment":[{"href":"https:\/\/storlann.co.uk\/mirean\/wp-json\/wp\/v2\/media?parent=600"}],"curies":[{"name":"wp","href":"https:\/\/api.w.org\/{rel}","templated":true}]}}