{"id":595,"date":"2010-11-09T17:44:24","date_gmt":"2010-11-09T15:44:24","guid":{"rendered":"https:\/\/storlann.co.uk\/mirean\/?page_id=595"},"modified":"2018-01-10T09:34:20","modified_gmt":"2018-01-10T09:34:20","slug":"obair-ire-1","status":"publish","type":"page","link":"https:\/\/storlann.co.uk\/mirean\/clar-amais\/ag-innse-mu-chuisean-a-tha-aon-cheum-a-mach\/gheibh-thu-an-leabhar-ma-tha-thu-ga-iarraidh\/obair-ire-1\/","title":{"rendered":"Obair \u00ecre 1"},"content":{"rendered":"<div class=\"obair-ire-1-wrapper\">\n<p class=\"obair-ire1\">Gheibh thu an leabhar ma tha thu ga iarraidh. Ma chuireas thu buidhe c\u00f2mhla ri dearg, gheibh thu orains. Mura bheil airgead agad, chan fhaigh thu dad an seo. Nam biodh c\u00e0r agam, bheirinn lioft dhut. Nan robh thu an seo an-dr\u00e0sta, ch\u00ectheadh tu sealladh br\u00e8agha.<\/p>\n<h3><strong>Cothroman ann an c\u00e0nan a\u2019 chlas airson eisimpleirean a thoirt don chloinn air structaran<\/strong><\/h3>\n<p><strong>Targaidean<\/strong><\/p>\n<p>M\u00ecnich dhan a\u2019 chloinn na bhios a\u2019 tachairt an d\u00e8idh dhaibh rudan a choileanadh.<br \/>\n m.e.<\/p>\n<p>\u201cMa chuireas tu cr\u00ecoch air matamatais ann an cairteal na h-uarach, faodaidh tu dhol air a\u2019 choimpiutair.\u201d<\/p>\n<p>&nbsp;<\/p>\n<hr \/>\n<h3>Gn\u00ecomh<\/h3>\n<p><strong>Am faod sinn dol tarsainn air an abhainn \u00f2ir?<\/strong><\/p>\n<p>A\u2019 chlann uile a\u2019 seasamh ann an loidhne aig aon taobh den talla le aon sgoilear anns a\u2019 mheadhan.<\/p>\n<p>Faighnichidh na sgoilearan anns an loidhne, <strong>\u201cAm faod sinn dol tarsainn air an abhainn \u00f2ir?\u201d<\/strong><\/p>\n<p>Freagraidh an sgoilear anns a\u2019 mheadhan, <strong>\u201cMa tha \u2026\u2026\u2026\u2026.. ort, faodaidh.\u201d <\/strong>(M.e. br\u00f2gan geala)<\/p>\n<p>Ma tha br\u00f2gan geala orra, faodaidh iad ruith dhan taobh eile den talla. Mura bheil br\u00f2gan geala orra, feumaidh iad feuchainn ri faighinn gu taobh eile an talla fhad \u2019s a tha an sgoilear anns a\u2019 mheadhan a\u2019 feuchainn ri gan glacadh. Ma ghlacas e duine, feumaidh e a\u2019 dol dhan a\u2019 mheadhan cuideachd. Lean ort mar seo.<\/p>\n<p>Faodaidh tu am p\u00e0tran seo a chleachdadh cuideachd. \u201c<strong>Mura bheil\u2026\u2026\u2026\u2026\u2026, faodaidh.\u201d<\/strong><\/p>\n<p>&nbsp;<\/p>\n<p><strong>Cuir suas do l\u00e0mh<\/strong><\/p>\n<p>Feumaidh a\u2019 chlann d\u00e8anamh nas urrainn dhaibh.<\/p>\n<p>m.e.<\/p>\n<p>\u201cMa chuireas tu ort geansaidh dearg an-diugh, cuir suas do l\u00e0mh.\u201d<\/p>\n<p>\u201cMura bheil bogsa b\u00ecdh agad an-diugh, cuir suas do l\u00e0mh.\u201d<\/p>\n<p>Bidh a\u2019 chiad duine le d\u00e0 l\u00e0mh suas a\u2019 buannachadh.<\/p>\n<p>&nbsp;<\/p>\n<p><strong>Ceangal na seantansan<\/strong><\/p>\n<p>Feuch an ceangail thu gach toiseach seantans gu h-\u00ecosal ri deireadh glic. Tha aon air a dh\u00e8anamh dhut mu thr\u00e0th.<\/p>\n<p style=\"text-align: center;\">\u00a0<img loading=\"lazy\" decoding=\"async\" class=\"aligncenter size-full wp-image-2273\" title=\"10E1-pic1\" src=\"https:\/\/storlann.co.uk\/mirean\/wp-content\/uploads\/2010\/11\/10E1-pic1.jpg\" alt=\"Graphic: match the words\" width=\"576\" height=\"217\" srcset=\"https:\/\/storlann.co.uk\/mirean\/wp-content\/uploads\/2010\/11\/10E1-pic1.jpg 576w, https:\/\/storlann.co.uk\/mirean\/wp-content\/uploads\/2010\/11\/10E1-pic1-300x113.jpg 300w\" sizes=\"auto, (max-width: 576px) 100vw, 576px\" \/><\/p>\n<p>A-nise feuch an cuir thu cr\u00ecoch air na seantansan a leanas ann an d\u00f2igh sam bith a thogras tu fh\u00e8in, fhad \u2019s a tha e a\u2019 d\u00e8anamh ciall.<\/p>\n<p>Nam faighinn t\u00f2rr airgid, _____________________________________<\/p>\n<p>Ma chuireas tu air an solas ___________________________________<\/p>\n<p>Mura bheil thu deiseil aig \u00e0m-cluiche __________________________<\/p>\n<h3>\u00a0<\/h3>\n<p><strong>\u00d2rain agus Rannan (D\u00e8 thuirt thu?)<\/strong><br \/>\n Ma tha thu toilichte an-diugh<br \/>\n Anns a\u2019 Chidsin<\/p>\n<\/div>\n","protected":false},"excerpt":{"rendered":"<p>Gheibh thu an leabhar ma tha thu ga iarraidh. Ma chuireas thu buidhe c\u00f2mhla ri dearg, gheibh thu orains. Mura bheil airgead agad, chan fhaigh thu dad an seo. Nam biodh c\u00e0r agam, bheirinn lioft dhut. Nan robh thu an seo an-dr\u00e0sta, ch\u00ectheadh tu sealladh br\u00e8agha. Cothroman ann an c\u00e0nan a\u2019 chlas airson eisimpleirean a [&hellip;]<\/p>\n","protected":false},"author":1,"featured_media":0,"parent":387,"menu_order":26,"comment_status":"closed","ping_status":"closed","template":"","meta":{"inline_featured_image":false,"footnotes":""},"class_list":["post-595","page","type-page","status-publish","hentry","has-post-title","has-post-date","has-post-category","has-post-tag","has-post-comment","has-post-author",""],"builder_content":"","_links":{"self":[{"href":"https:\/\/storlann.co.uk\/mirean\/wp-json\/wp\/v2\/pages\/595","targetHints":{"allow":["GET"]}}],"collection":[{"href":"https:\/\/storlann.co.uk\/mirean\/wp-json\/wp\/v2\/pages"}],"about":[{"href":"https:\/\/storlann.co.uk\/mirean\/wp-json\/wp\/v2\/types\/page"}],"author":[{"embeddable":true,"href":"https:\/\/storlann.co.uk\/mirean\/wp-json\/wp\/v2\/users\/1"}],"replies":[{"embeddable":true,"href":"https:\/\/storlann.co.uk\/mirean\/wp-json\/wp\/v2\/comments?post=595"}],"version-history":[{"count":0,"href":"https:\/\/storlann.co.uk\/mirean\/wp-json\/wp\/v2\/pages\/595\/revisions"}],"up":[{"embeddable":true,"href":"https:\/\/storlann.co.uk\/mirean\/wp-json\/wp\/v2\/pages\/387"}],"wp:attachment":[{"href":"https:\/\/storlann.co.uk\/mirean\/wp-json\/wp\/v2\/media?parent=595"}],"curies":[{"name":"wp","href":"https:\/\/api.w.org\/{rel}","templated":true}]}}