{"id":577,"date":"2010-11-09T17:37:46","date_gmt":"2010-11-09T15:37:46","guid":{"rendered":"https:\/\/storlann.co.uk\/mirean\/?page_id=577"},"modified":"2018-01-10T09:27:49","modified_gmt":"2018-01-10T09:27:49","slug":"obair-ire-2","status":"publish","type":"page","link":"https:\/\/storlann.co.uk\/mirean\/clar-amais\/ag-innse-mu-chuisean-a-tha-aon-cheum-a-mach\/tha-mi-a-smaoineachadh-gur-e-lainn-a-rinn-e\/obair-ire-2\/","title":{"rendered":"Obair \u00ecre 2"},"content":{"rendered":"<div class=\"obair-ire-2-wrapper\">\n<p class=\"obair-ire2\">Tha mi smaoineachadh gur e Iain a rinn e. Tha mi smaoineachadh nach e Iain a rinn e. Tha e a&#8217; r\u00e0dh gur ann air a&#8217; bhus a th\u00e0inig e.<\/p>\n<p><strong>D\u00e8 tha na caractaran a&#8217; smaoineachadh?<\/strong><\/p>\n<p>Cuir plastaig air builgeanan cainnt<img loading=\"lazy\" decoding=\"async\" class=\"alignnone size-full wp-image-2190\" title=\"speech-bubble1\" src=\"https:\/\/storlann.co.uk\/mirean\/wp-content\/uploads\/2010\/11\/speech-bubble1.jpg\" alt=\"Graphic: Speech bubble 1\" width=\"61\" height=\"58\" \/> agus smaoineachaidh,<img loading=\"lazy\" decoding=\"async\" title=\"thought-bubble1\" src=\"https:\/\/storlann.co.uk\/mirean\/wp-content\/uploads\/2010\/11\/thought-bubble1.jpg\" alt=\"Graphic: Thought Bubble\" width=\"88\" height=\"57\" \/> (meud A4).<\/p>\n<p>Nuair a tha sibh a&#8217; leughadh sgeulachd, stad aig p\u00ecosan s\u00f2nraichte agus feumaidh na sgoilearan, ann am buidhnean beaga, sgr\u00ecobhadh s\u00ecos na tha na caractaran a&#8217; smaoineachadh neo d\u00e8 tha iad ag r\u00e0dh.<\/p>\n<p>Feumaidh iad an uairsin innse dhan a&#8217; chlas na sgr\u00ecobh iad, ag r\u00e0dh;<\/p>\n<p>&#8220;Tha an r\u00ecgh a&#8217; r\u00e0dh gur ann leis an teaghlach aige a bha an iuchair .&#8221;<br \/>\n &#8220;Tha Iain a&#8217; smaoineachadh nach b&#8217; e esan a rinn e.&#8221;<\/p>\n<p>C\u00f2 am fear an conadal?<\/p>\n<p>Cuir liosta de fhacail suas air a&#8217; bh\u00f2rd gheal agus faighnich do na sgoilearan:<\/p>\n<p>&nbsp;<\/p>\n<p><strong>C\u00f2 am fear an conadal?<\/strong><\/p>\n<p>Feumaidh na sgoilearan adhbhar a thoirt seachad air ciamar a thagh iad am fear sin. &#8216;S d\u00f2cha gum bi aon fhreagairt fhollaiseach ann ach dh&#8217;fhaodadh fear eile a bhith ceart cuideachd cho fad &#8216;s a tha iad a&#8217; m\u00ecneachadh carson.<\/p>\n<p>m.e.<\/p>\n<p>curran<br \/>\n c\u00e0l<br \/>\n uinnean<br \/>\n plumais<br \/>\n sn\u00e8ap<\/p>\n<p>&#8220;Tha mi a&#8217; smaoineachadh gur e &#8216;plumais&#8217; an conadal.&#8221;<\/p>\n<p>(&#8216;S e &#8216;plumais&#8217; am freagairt follaiseach air sg\u00e0th gur e meas a tha ann agus &#8216;s e glasraich a tha anns na feadhainn eile ach tha freagairtean eile ann cuideachd: me, &#8216;uinnean&#8217; oir tha e a&#8217; t\u00f2iseachadh le fuaimreag m.s.a.a)<\/p>\n<p>&nbsp;<\/p>\n<hr \/>\n<h3><strong>Gn\u00ecomh <\/strong><\/h3>\n<p><strong>D\u00e8 tha iad ag r\u00e0dh?<\/strong><\/p>\n<p>Cleachd dealbhan mar gu h-\u00ecosal le builgeanan c\u00f2mhraidh. Iarr air a&#8217; chloinn innse dhut (no sgr\u00ecobhadh s\u00ecos) d\u00e8 tha gach duine ag r\u00e0dh, a&#8217; cleachdadh a&#8217; ph\u00e0train a leanas:<\/p>\n<p>&nbsp;<\/p>\n<p><span style=\"color: #339966;\">Tha an c\u00f9 ag r\u00e0dh nach b&#8217; e esan a bha ann ach tha an cat ag r\u00e0dh gur e esan a rinn e.<\/span><\/p>\n<p style=\"text-align: center;\"><img loading=\"lazy\" decoding=\"async\" class=\"aligncenter size-full wp-image-2207\" title=\"10BPic3\" src=\"https:\/\/storlann.co.uk\/mirean\/wp-content\/uploads\/2010\/11\/10BPic3.jpg\" alt=\"Graphics: Characters speaking\" width=\"620\" height=\"441\" srcset=\"https:\/\/storlann.co.uk\/mirean\/wp-content\/uploads\/2010\/11\/10BPic3.jpg 620w, https:\/\/storlann.co.uk\/mirean\/wp-content\/uploads\/2010\/11\/10BPic3-300x213.jpg 300w\" sizes=\"auto, (max-width: 620px) 100vw, 620px\" \/><\/p>\n<p><span style=\"color: #339966;\">Tha am balach a&#8217; r\u00e0dh gur ann le a bhr\u00e0thair a tha an t-itealan.<\/span><\/p>\n<p>&nbsp;<\/p>\n<hr \/>\n<h3><strong><br \/>\n Cothroman tar-curraicealam<\/strong><\/h3>\n<p><strong>Litreachadh<br \/>\n Geama Kim<\/strong><\/p>\n<p>Ag obair ann am buidhnean beaga, iarr air a&#8217; chloinn na facail litreachaidh aca a sgr\u00ecobhadh air p\u00ecosan beaga p\u00e0ipeir.<\/p>\n<p>Cuir iad air a&#8217; bh\u00f2rd agus feumaidh iad s\u00f9il geur a thoirt orra. An uair sin, feumaidh iad na s\u00f9ilean aca a dh\u00f9nadh agus bheir aon sgoilear aon de na facail air falbh. Fosglaidh iad na s\u00f9ilean aca agus feuchaidh iad ri tomhais d\u00e8 na facail a chaidh a thoirt air falbh.<\/p>\n<p>&#8220;Tha mi a&#8217; smaoineachadh gur e \u2026\u2026\u2026\u2026\u2026\u2026. a th&#8217; ann.&#8221;<\/p>\n<p>no<\/p>\n<p>&#8220;Tha mi a&#8217; smaoineachadh gur e \u2026\u2026\u2026\u2026\u2026\u2026. am facal a chaidh a thogail.&#8221;<\/p>\n<p>no<\/p>\n<p>&#8220;Tha mi a&#8217; smaoineachadh gur e \u2026\u2026\u2026\u2026\u2026\u2026 am facal a thog thu.&#8221; (A-r\u00e8ir d\u00e8 p\u00e0tran air a bheil thu ag iarraidh obair.)<\/p>\n<p>Ma tha iad ceart, feumaidh iad a litreachadh mus t\u00e8id e a chur s\u00ecos a-rithist.<\/p>\n<p><strong>Cluedo (Fuasgladh cheistean)<\/strong><\/p>\n<p>Faodaidh na sgoilearan seo a dh\u00e8anamh ann am buidhnean. D\u00e8an suas cairtean mar a leanas, ge\u00e0rr a-mach iad agus thoir seata do gach buidheann. Feumaidh iad na ceistean fhuasgladh a&#8217; cleachdadh p\u00e0tran na seachdain.<\/p>\n<p>&nbsp;<\/p>\n<p>&nbsp;<\/p>\n<table border=\"1\" width=\"666\" cellspacing=\"0\" cellpadding=\"0\">\n<tbody>\n<tr>\n<td style=\"text-align: center;\" valign=\"top\" width=\"323\">\n<p align=\"center\">Chaidh Mgr Mac an t-Sagairt a lorg le n\u00e0baidh, Fl\u00f2raidh, anns an t-se\u00f2mar-cadail aige aig 0900. Chaidh a mhurt.<\/p>\n<p style=\"text-align: center;\"><strong class=\"obair-highlight-q\">?<\/strong><\/p>\n<\/td>\n<td style=\"text-align: center;\" valign=\"top\" width=\"323\">\n<p align=\"center\">Dh&#8217;fh\u00e0g Mgr Mac an t-Sagairt<br \/>\n an t-airgead aige gu l\u00e8ir aig a&#8217; phiuthar, M\u00e0iri, agus a mhac, Connor.<\/p>\n<p><span class=\"obair-highlight-q\"><strong>?<\/strong><\/span><\/p>\n<\/td>\n<\/tr>\n<tr>\n<td style=\"text-align: center;\" valign=\"top\" width=\"323\">\n<p style=\"text-align: center;\" align=\"center\">Cho luath &#8216;s s a lorg Fl\u00f2raidh e, chuir i f\u00f2n chun an dotair. Th\u00e0inig e aig 10.15.<\/p>\n<p style=\"text-align: center;\"><span class=\"obair-highlight-q\"><strong>?<\/strong><\/span><\/p>\n<\/td>\n<td style=\"text-align: center;\" valign=\"top\" width=\"323\">\n<p align=\"center\">Cuin a chaidh Mgr Mac an t-Sagairt a mhurt?<\/p>\n<p><strong class=\"obair-highlight-q\">?<\/strong><\/p>\n<\/td>\n<\/tr>\n<tr>\n<td style=\"text-align: center;\" valign=\"top\" width=\"323\">\n<p style=\"text-align: center;\" align=\"center\">Lorg am poileas an t-uaireadair \u00f2ir aig Mgr Mac an t-Sagairt ann an taigh Fl\u00f2raidh.<\/p>\n<p style=\"text-align: center;\"><strong class=\"obair-highlight-q\">?<\/strong><\/p>\n<\/td>\n<td style=\"text-align: center;\" valign=\"top\" width=\"323\">\n<p align=\"center\">C\u00e0it an robh an ceathrar dhaoine aig 22.45 an oidhche a chaidh Mgr Mac an t-Sagairt a mhurt?<\/p>\n<p><strong class=\"obair-highlight-q\">?<\/strong><\/p>\n<\/td>\n<\/tr>\n<tr>\n<td style=\"text-align: center;\" valign=\"top\" width=\"323\">\n<p style=\"text-align: center;\" align=\"center\">Chaidh Mgr Mac an t-Sagairt fhaicinn a&#8217; f\u00e0gail c\u00e8ilidh ann an Talla a&#8217; Bhaile aig 22.50 c\u00f2mhla ri Fl\u00f2raidh.<\/p>\n<p style=\"text-align: center;\"><strong class=\"obair-highlight-q\">?<\/strong><\/p>\n<\/td>\n<td style=\"text-align: center;\" valign=\"top\" width=\"323\">\n<p align=\"center\">Thuirt an dotair gun robh e air a bhith marbh airson 11 uairean.<\/p>\n<p><span class=\"obair-highlight-q\"><strong>?<\/strong><\/span><\/p>\n<\/td>\n<\/tr>\n<\/tbody>\n<\/table>\n<p>&nbsp;<\/p>\n<p>&nbsp;<\/p>\n<table border=\"1\" width=\"666\" cellspacing=\"0\" cellpadding=\"0\">\n<tbody>\n<tr>\n<td style=\"text-align: center;\" valign=\"top\" width=\"323\">\n<p align=\"center\">Tha Talla a&#8217; Bhaile an-ath-dhoras ris an Taigh Gheal.<br \/>\n <strong class=\"obair-highlight-q\">?<\/strong><\/p>\n<\/td>\n<td style=\"text-align: center;\" valign=\"top\" width=\"323\">\n<p align=\"center\">Chaidh Connor a dh&#8217;fhaicinn ball-coise c\u00f2mhla ri caraid an oidhche a chaidh Mgr Mac an t-Sagairt a mhurt. Th\u00f2isich am ball-coise aig 20.35, chluich iad airson 90 mionaid agus stad iad letheach slighe airson 15 mionaidean.<\/p>\n<p><strong class=\"obair-highlight-q\">?<\/strong><\/p>\n<\/td>\n<\/tr>\n<tr>\n<td style=\"text-align: center;\" valign=\"top\" width=\"323\">\n<p style=\"text-align: center;\" align=\"center\">Cuin a chriochnaich am ball-coise?<\/p>\n<p style=\"text-align: center;\"><span class=\"obair-highlight-q\"><strong>?<\/strong><\/span><\/p>\n<\/td>\n<td style=\"text-align: center;\" valign=\"top\" width=\"323\">\n<p align=\"center\">Dh&#8217;fh\u00e0g Connor am ball-coise nuair a chr\u00ecochnaich e agus chaidh e dhachaigh anns a&#8217; ch\u00e0r. Tha e a&#8217; toirt 1 uair 15 mionaidean airson faighinn dhachaigh.<\/p>\n<p><strong class=\"obair-highlight-q\">?<\/strong><\/p>\n<\/td>\n<\/tr>\n<tr>\n<td style=\"text-align: center;\" valign=\"top\" width=\"323\">\n<p style=\"text-align: center;\" align=\"center\">Thachair Fl\u00f2raidh ri caraid taobh a-muigh an Talla. Bhruidhinn i rithe airson leth uair a th\u00ecde agus an uair sin chaidh i dhachaigh.<\/p>\n<p style=\"text-align: center;\"><span class=\"obair-highlight-q\"><strong>?<\/strong><\/span><\/p>\n<\/td>\n<td style=\"text-align: center;\" valign=\"top\" width=\"323\">\n<p align=\"center\">Choinnich M\u00e0iri ri caraid aig an taigh-chluiche aig 21.00. Mhair an dealbh-chluiche1 uair 30 mionaid agus dhr\u00e0ibh i dhachaigh.<\/p>\n<p><span class=\"obair-highlight-q\"><strong>?<\/strong><\/span><\/p>\n<\/td>\n<\/tr>\n<tr>\n<td style=\"text-align: center;\" valign=\"top\" width=\"323\">\n<p style=\"text-align: center;\" align=\"center\">Bha M\u00e0iri, Connor agus Mgr Mac an t-Sagairt uile a&#8217; fuireach c\u00f2mhla anns an Taigh Gheal.<\/p>\n<p style=\"text-align: center;\"><span class=\"obair-highlight-q\"><strong>?<\/strong><\/span><\/p>\n<\/td>\n<td style=\"text-align: center;\" valign=\"top\" width=\"323\">\n<p align=\"center\">Tha an taigh-cluiche leth uair a th\u00ecde air falbh bhon Taigh Gheal ann an c\u00e0r.<\/p>\n<p><strong class=\"obair-highlight-q\">?<\/strong><\/p>\n<\/td>\n<\/tr>\n<tr>\n<td valign=\"top\" width=\"323\">\n<p style=\"text-align: center;\" align=\"center\">C\u00f2 mharbh Mgr Mac an t-Sagairt? Saoil carson?<\/p>\n<p style=\"text-align: center;\"><span class=\"obair-highlight-q\"><strong>?<\/strong><\/span><\/p>\n<\/td>\n<td valign=\"top\" width=\"323\">\u00a0<\/td>\n<\/tr>\n<\/tbody>\n<\/table>\n<p>&nbsp;<\/p>\n<p>&nbsp;<\/p>\n<p><strong>Na freagairtean<\/strong><\/p>\n<p>Cuin a chaidh Mgr Mac an t-Sagairt a mhurt? <strong class=\"obair-highlight5\">23.15<\/strong><\/p>\n<p>C\u00e0it an robh an ceathrar dhaoine aig 22.45 an oidhche a chaidh Mgr Mac an t-Sagairt a mhurt?<\/p>\n<p class=\"obair-highlight5\"><strong>Mgr Mac an t-Sagairt \u2013 fhathast aig a&#8217; ch\u00e8ilidh.<\/strong><br \/>\n <strong>Fl\u00f2raidh \u2013 fhathast aig a&#8217; ch\u00e8ilidh cuideachd.<\/strong><br \/>\n <strong>M\u00e0iri \u2013 a&#8217; dr\u00e0ibheadh dhachaigh bhon taigh-dhealbh.<\/strong><br \/>\n <strong>Connor &#8211; a&#8217; dr\u00e0ibheadh dhachaigh bhon bhall-coise.<\/strong><\/p>\n<p>Cuin a chr\u00ecochnaich am ball-coise? <strong class=\"obair-highlight5\">22.20<\/strong><\/p>\n<p>C\u00f2 mharbh Mgr Mac an t-Sagairt? Saoil carson? <strong class=\"obair-highlight5\">A phiuthar M\u00e0iri. &#8216;S d\u00f2cha airson an airgid, &#8216;s d\u00f2cha gun robh e gu math m\u00ec-sgiobalta!<\/strong><\/p>\n<p>&nbsp;<\/p>\n<\/div>\n","protected":false},"excerpt":{"rendered":"<p>Tha mi smaoineachadh gur e Iain a rinn e. Tha mi smaoineachadh nach e Iain a rinn e. Tha e a&#8217; r\u00e0dh gur ann air a&#8217; bhus a th\u00e0inig e. D\u00e8 tha na caractaran a&#8217; smaoineachadh? Cuir plastaig air builgeanan cainnt agus smaoineachaidh, (meud A4). Nuair a tha sibh a&#8217; leughadh sgeulachd, stad aig p\u00ecosan [&hellip;]<\/p>\n","protected":false},"author":1,"featured_media":0,"parent":379,"menu_order":26,"comment_status":"closed","ping_status":"closed","template":"","meta":{"inline_featured_image":false,"footnotes":""},"class_list":["post-577","page","type-page","status-publish","hentry","has-post-title","has-post-date","has-post-category","has-post-tag","has-post-comment","has-post-author",""],"builder_content":"","_links":{"self":[{"href":"https:\/\/storlann.co.uk\/mirean\/wp-json\/wp\/v2\/pages\/577","targetHints":{"allow":["GET"]}}],"collection":[{"href":"https:\/\/storlann.co.uk\/mirean\/wp-json\/wp\/v2\/pages"}],"about":[{"href":"https:\/\/storlann.co.uk\/mirean\/wp-json\/wp\/v2\/types\/page"}],"author":[{"embeddable":true,"href":"https:\/\/storlann.co.uk\/mirean\/wp-json\/wp\/v2\/users\/1"}],"replies":[{"embeddable":true,"href":"https:\/\/storlann.co.uk\/mirean\/wp-json\/wp\/v2\/comments?post=577"}],"version-history":[{"count":0,"href":"https:\/\/storlann.co.uk\/mirean\/wp-json\/wp\/v2\/pages\/577\/revisions"}],"up":[{"embeddable":true,"href":"https:\/\/storlann.co.uk\/mirean\/wp-json\/wp\/v2\/pages\/379"}],"wp:attachment":[{"href":"https:\/\/storlann.co.uk\/mirean\/wp-json\/wp\/v2\/media?parent=577"}],"curies":[{"name":"wp","href":"https:\/\/api.w.org\/{rel}","templated":true}]}}