{"id":573,"date":"2010-11-09T17:35:51","date_gmt":"2010-11-09T15:35:51","guid":{"rendered":"https:\/\/storlann.co.uk\/mirean\/?page_id=573"},"modified":"2018-01-10T09:25:45","modified_gmt":"2018-01-10T09:25:45","slug":"obair-ire-t","status":"publish","type":"page","link":"https:\/\/storlann.co.uk\/mirean\/clar-amais\/ag-innse-mu-chuisean-a-tha-aon-cheum-a-mach\/tha-mi-a-smaoineachadh-gu-bheil-thu-ceart\/obair-ire-t\/","title":{"rendered":"Obair \u00ecre T"},"content":{"rendered":"<div class=\"obair-ire-t-wrapper\">\n<p class=\"obair-ire-t\">Tha mi a&#8217; smaoineachadh gu bheil thu ceart.Tha e r\u00e0dh gum bi e deiseil a-m\u00e0ireach. Tha mi a&#8217; smaoineachadh gun do chuir iad litir thuice. Thuirt e nach eil an c\u00f2rr ann. &#8216;S d\u00f2cha gun t\u00e8id mi ann.<\/p>\n<h3>Cothroman ann an c\u00e0nan a&#8217; chlas airson eisimpleirean a thoirt don chloinn air structaran<\/h3>\n<p>Iarr air a\u2019 chloinn ceist fhaighneachd do tidsear eile no do r\u00f9naire na sgoile. Nuair a thilleas iad faighnich dhaibh:<\/p>\n<p>\u201cD\u00e8 thuirt Miss NicAoidh?\u201d<\/p>\n<p>Feumaidh iad freagairt mar<br \/>\n \u201cThuirt i gum bi\/ nach robh\u2026\u201d agus m.s.a.a.<\/p>\n<p>Faighnich dhaibh mu dheidhinn rudan a thachair aig an taigh.<\/p>\n<p>\u201cD\u00e8 thuirt do mh\u00e0thair nuair a rinn thu sin?\u201d \u201cD\u00e8 thuirt do phiuthar nuair a \u2026.?\u201d<\/p>\n<hr \/>\n<h3>\u00a0<\/h3>\n<h3>Gn\u00ecomh<\/h3>\n<p><strong>C\u00f2 aig a tha na h-iuchraichean?<\/strong><\/p>\n<p>A h-uile duine a\u2019 suidhe ann an cearcall, le aon sgoilear anns a\u2019 mheadhan le s\u00f9ilean d\u00f9inte agus iuchraichean air a ch\u00f9laibh. Feumaidh sgoilear eile na h-iuchraichean a ghoid agus suidhe air ais anns a\u2019 chearcall. Feumaidh a\u2019 chiad sgoilear tomhais c\u00f2 ghoid na h-iuchraichean, ag r\u00e0dh:<\/p>\n<p>\u201cTha mi a\u2019 smaoineachadh gun do ghoid\u2026\u2026\u2026na h-iuchraichean.\u201d<\/p>\n<p><strong>Geama \u2018D\u00e8 thuirt i?\u2019<\/strong><\/p>\n<p>Cleachd pupaid agus can rud mar \u2018Tha mi sg\u00ecth\u2019, \u2018tha mi trang\u2019, \u2018tha mi br\u00f2nach\u2019 msaa. An uair sin cuir an \u00ecre gu bheil thu a\u2019 f\u00e0s bodhar agus faighnich don chloinn \u2018D\u00e8 thuirt i\/e?\u2019 Cuidich iad le bhith a\u2019 toirt dhaibh eisimpleirean airson a\u2019 chiad ghreis agus an uair sin leig leotha freagairt:<br \/>\n <em>(Pupaid)<\/em> Obh obh! Tha mi sg\u00ecth.<br \/>\n <em>(Thusa)<\/em> D\u00e8? D\u00e8 thuirt thu? <em>(ris a\u2019 chloinn)<\/em> D\u00e8 thuirt Ailig?<br \/>\n <em>(Thusa, a\u2019 cuideachadh na cloinne)<\/em> Thuirt e <strong>gu bheil<\/strong> e sg\u00ecth.<br \/>\n Nuair a dh\u2019fh\u00e0sas iad cleachte ris, leig leotha fh\u00e8in am pupaid a chleachdadh.<\/p>\n<p>&nbsp;<\/p>\n<hr \/>\n<h3>Orain agus Rannan<\/h3>\n<p>D\u00e8 tha anns a&#8217; bhogsa?(Tha mi a&#8217; smaoineachadh gu bheil \u2026)<\/p>\n<h3>\u00a0<\/h3>\n<\/div>\n","protected":false},"excerpt":{"rendered":"<p>Tha mi a&#8217; smaoineachadh gu bheil thu ceart.Tha e r\u00e0dh gum bi e deiseil a-m\u00e0ireach. Tha mi a&#8217; smaoineachadh gun do chuir iad litir thuice. Thuirt e nach eil an c\u00f2rr ann. &#8216;S d\u00f2cha gun t\u00e8id mi ann. Cothroman ann an c\u00e0nan a&#8217; chlas airson eisimpleirean a thoirt don chloinn air structaran Iarr air a\u2019 [&hellip;]<\/p>\n","protected":false},"author":1,"featured_media":0,"parent":375,"menu_order":0,"comment_status":"closed","ping_status":"closed","template":"","meta":{"inline_featured_image":false,"footnotes":""},"class_list":["post-573","page","type-page","status-publish","hentry","has-post-title","has-post-date","has-post-category","has-post-tag","has-post-comment","has-post-author",""],"builder_content":"","_links":{"self":[{"href":"https:\/\/storlann.co.uk\/mirean\/wp-json\/wp\/v2\/pages\/573","targetHints":{"allow":["GET"]}}],"collection":[{"href":"https:\/\/storlann.co.uk\/mirean\/wp-json\/wp\/v2\/pages"}],"about":[{"href":"https:\/\/storlann.co.uk\/mirean\/wp-json\/wp\/v2\/types\/page"}],"author":[{"embeddable":true,"href":"https:\/\/storlann.co.uk\/mirean\/wp-json\/wp\/v2\/users\/1"}],"replies":[{"embeddable":true,"href":"https:\/\/storlann.co.uk\/mirean\/wp-json\/wp\/v2\/comments?post=573"}],"version-history":[{"count":0,"href":"https:\/\/storlann.co.uk\/mirean\/wp-json\/wp\/v2\/pages\/573\/revisions"}],"up":[{"embeddable":true,"href":"https:\/\/storlann.co.uk\/mirean\/wp-json\/wp\/v2\/pages\/375"}],"wp:attachment":[{"href":"https:\/\/storlann.co.uk\/mirean\/wp-json\/wp\/v2\/media?parent=573"}],"curies":[{"name":"wp","href":"https:\/\/api.w.org\/{rel}","templated":true}]}}