{"id":561,"date":"2010-11-09T17:32:29","date_gmt":"2010-11-09T15:32:29","guid":{"rendered":"https:\/\/storlann.co.uk\/mirean\/?page_id=561"},"modified":"2018-01-09T17:16:52","modified_gmt":"2018-01-09T17:16:52","slug":"obair-ire-t","status":"publish","type":"page","link":"https:\/\/storlann.co.uk\/mirean\/clar-amais\/a-bruidhinn-gu-pearsanta\/tha-car-ur-aig-calum\/obair-ire-t\/","title":{"rendered":"Obair \u00ecre T"},"content":{"rendered":"<div class=\"obair-ire-T-wrapper\">\n<p class=\"obair-ire-t\"><em>Tha c\u00e0r \u00f9r aig Calum; tha c\u00f2ta \u00f9r agam; &#8216;s ann le M\u00e0iri a tha am baga sin; an ann leatsa a tha e?; tha a&#8217; bhonaid sin le Uilleam; leam(sa), leat(sa), leis(-san), leatha(se), leinn(e), leibh(se), leotha(san)<\/em><\/p>\n<h3>Cothroman ann an c\u00e0nan a\u2019 chlas airson eisimpleirean a thoirt don chloinn air structaran<\/h3>\n<p>Deasaich bogsa far am bi a\u2019 chlann a\u2019 cur am b\u00ecdh airson \u00e0m cluiche. Aig \u00e0m cluiche, togaidh an tidsear gach rud a-mach \u00e0s a\u2019 bhogsa a\u2019 faighneachd:<\/p>\n<p>\u201cC\u00f2 leis tha seo.\u201d<br \/>\n \u201c\u2019S ann leamsa a tha e.\u201d<\/p>\n<p>Nuair a tha thu a\u2019 cur a-mach dhealbhan\/leabhraichean, faighnich \u201cC\u00f2 leis tha seo?\u201d<\/p>\n<hr \/>\n<h3>Gn\u00ecomhan<\/h3>\n<p><strong>C\u00f2 leis tha seo?<\/strong><br \/>\n Aig deireadh an latha, iarr air na sgoilearan na seacaidean, na br\u00f2gan agus na bagaichean aca a chur ann am meadhan an l\u00e0ir. Measgaich iad. Tog suas gach p\u00ecos agus faighnich ceistean do dhiofar sgoilearan mar a leanas.<\/p>\n<p>\u201cC\u00f2 leis a tha seo?\u201d<br \/>\n \u201cAn ann le Se\u00f2naid a tha an stoc sin?\u201d<\/p>\n<p>D\u00e8an seo gach latha gus am f\u00e0s iad cleachte ris a\u2019 ph\u00e0tran sin.<\/p>\n<hr \/>\n<h3>\u00d2rain agus rannan (D\u00e8 thuirt thu?)<\/h3>\n<p>An teaghlach agamsa<\/p>\n<p>&nbsp;<\/p>\n<h3>\u00a0<\/h3>\n<\/div>\n","protected":false},"excerpt":{"rendered":"<p>Tha c\u00e0r \u00f9r aig Calum; tha c\u00f2ta \u00f9r agam; &#8216;s ann le M\u00e0iri a tha am baga sin; an ann leatsa a tha e?; tha a&#8217; bhonaid sin le Uilleam; leam(sa), leat(sa), leis(-san), leatha(se), leinn(e), leibh(se), leotha(san) Cothroman ann an c\u00e0nan a\u2019 chlas airson eisimpleirean a thoirt don chloinn air structaran Deasaich bogsa far am [&hellip;]<\/p>\n","protected":false},"author":1,"featured_media":0,"parent":356,"menu_order":26,"comment_status":"closed","ping_status":"closed","template":"","meta":{"inline_featured_image":false,"footnotes":""},"class_list":["post-561","page","type-page","status-publish","hentry","has-post-title","has-post-date","has-post-category","has-post-tag","has-post-comment","has-post-author",""],"builder_content":"","_links":{"self":[{"href":"https:\/\/storlann.co.uk\/mirean\/wp-json\/wp\/v2\/pages\/561","targetHints":{"allow":["GET"]}}],"collection":[{"href":"https:\/\/storlann.co.uk\/mirean\/wp-json\/wp\/v2\/pages"}],"about":[{"href":"https:\/\/storlann.co.uk\/mirean\/wp-json\/wp\/v2\/types\/page"}],"author":[{"embeddable":true,"href":"https:\/\/storlann.co.uk\/mirean\/wp-json\/wp\/v2\/users\/1"}],"replies":[{"embeddable":true,"href":"https:\/\/storlann.co.uk\/mirean\/wp-json\/wp\/v2\/comments?post=561"}],"version-history":[{"count":0,"href":"https:\/\/storlann.co.uk\/mirean\/wp-json\/wp\/v2\/pages\/561\/revisions"}],"up":[{"embeddable":true,"href":"https:\/\/storlann.co.uk\/mirean\/wp-json\/wp\/v2\/pages\/356"}],"wp:attachment":[{"href":"https:\/\/storlann.co.uk\/mirean\/wp-json\/wp\/v2\/media?parent=561"}],"curies":[{"name":"wp","href":"https:\/\/api.w.org\/{rel}","templated":true}]}}