{"id":552,"date":"2010-11-09T17:29:37","date_gmt":"2010-11-09T15:29:37","guid":{"rendered":"https:\/\/storlann.co.uk\/mirean\/?page_id=552"},"modified":"2018-01-09T17:16:13","modified_gmt":"2018-01-09T17:16:13","slug":"obair-ire-2","status":"publish","type":"page","link":"https:\/\/storlann.co.uk\/mirean\/clar-amais\/a-bruidhinn-gu-pearsanta\/mi-thutu-e-i-sinn-sibh-iad\/obair-ire-2\/","title":{"rendered":"Obair \u00ecre 2"},"content":{"rendered":"<div class=\"obair-ire-2-wrapper\">\n<p class=\"obair-ire2\"><em>Mi, thu\/tu, e, i, sinn, sibh, iad; mise, thusa\/tusa, esan, ise; sinne, sibhse, iadsan; Mi fh\u00e8in\/fh\u00ecn, thu fh\u00e8in; e\/i fh\u00e8in, sinn fh\u00e8in\/fh\u00ecn; sibh fh\u00e8in, iad fh\u00e8in<\/em><\/p>\n<h3>Cothroman tar-churraicealaim<\/h3>\n<p><strong>Matamataig<\/strong><br \/>\n Feumaidh na sgoilearan sgr\u00f9dadh a dh\u00e8anamh gus cl\u00e0r mar seo a l\u00econadh.<\/p>\n<p>&nbsp;<\/p>\n<table border=\"1\" width=\"554\" cellspacing=\"2\" cellpadding=\"2\">\n<tbody>\n<tr>\n<td colspan=\"5\" align=\"center\" valign=\"top\"><strong>A bheil peata agad?<\/strong><\/td>\n<\/tr>\n<tr>\n<td valign=\"top\" width=\"119\"><strong>\u00a0<\/strong><\/td>\n<td valign=\"top\" width=\"77\">\n<p class=\"obair-highlight4\"><strong>aige<\/strong><\/p>\n<\/td>\n<td valign=\"top\" width=\"77\">\n<p class=\"obair-highlight4\"><strong>aice<\/strong><\/p>\n<\/td>\n<td valign=\"top\" width=\"139\">\n<p class=\"obair-highlight4\"><strong>againn<\/strong><\/p>\n<\/td>\n<td valign=\"top\" width=\"98\">\n<p class=\"obair-highlight4\"><strong>aca<\/strong><\/p>\n<\/td>\n<\/tr>\n<tr>\n<td class=\"obair-highlight4\" valign=\"top\" width=\"119\"><strong>cat<\/strong><\/td>\n<td valign=\"top\" width=\"77\">Calum<\/td>\n<td valign=\"top\" width=\"77\">Alice<\/td>\n<td valign=\"top\" width=\"139\">Mise agus Seonaidh<\/td>\n<td valign=\"top\" width=\"98\">Anna agus Iain<\/td>\n<\/tr>\n<tr>\n<td class=\"obair-highlight4\" valign=\"top\" width=\"119\"><strong>c\u00f9<\/strong><\/td>\n<td valign=\"top\" width=\"77\">\u00a0<\/td>\n<td valign=\"top\" width=\"77\">\u00a0<\/td>\n<td valign=\"top\" width=\"139\">\u00a0<\/td>\n<td valign=\"top\" width=\"98\">\u00a0<\/td>\n<\/tr>\n<tr>\n<td class=\"obair-highlight4\" valign=\"top\" width=\"119\"><strong>iasg<\/strong><\/td>\n<td valign=\"top\" width=\"77\">\u00a0<\/td>\n<td valign=\"top\" width=\"77\">\u00a0<\/td>\n<td valign=\"top\" width=\"139\">\u00a0<\/td>\n<td valign=\"top\" width=\"98\">\u00a0<\/td>\n<\/tr>\n<tr>\n<td class=\"obair-highlight4\" valign=\"top\" width=\"119\"><strong>each<\/strong><\/td>\n<td valign=\"top\" width=\"77\">\u00a0<\/td>\n<td valign=\"top\" width=\"77\">\u00a0<\/td>\n<td valign=\"top\" width=\"139\">\u00a0<\/td>\n<td valign=\"top\" width=\"98\">\u00a0<\/td>\n<\/tr>\n<tr>\n<td class=\"obair-highlight4\" valign=\"top\" width=\"119\"><strong>hamstair<\/strong><\/td>\n<td valign=\"top\" width=\"77\">\u00a0<\/td>\n<td valign=\"top\" width=\"77\">\u00a0<\/td>\n<td valign=\"top\" width=\"139\">\u00a0<\/td>\n<td valign=\"top\" width=\"98\">\u00a0<\/td>\n<\/tr>\n<\/tbody>\n<\/table>\n<p>&nbsp;<\/p>\n<\/div>\n","protected":false},"excerpt":{"rendered":"<p>Mi, thu\/tu, e, i, sinn, sibh, iad; mise, thusa\/tusa, esan, ise; sinne, sibhse, iadsan; Mi fh\u00e8in\/fh\u00ecn, thu fh\u00e8in; e\/i fh\u00e8in, sinn fh\u00e8in\/fh\u00ecn; sibh fh\u00e8in, iad fh\u00e8in Cothroman tar-churraicealaim Matamataig Feumaidh na sgoilearan sgr\u00f9dadh a dh\u00e8anamh gus cl\u00e0r mar seo a l\u00econadh. &nbsp; A bheil peata agad? \u00a0 aige aice againn aca cat Calum Alice Mise [&hellip;]<\/p>\n","protected":false},"author":1,"featured_media":0,"parent":358,"menu_order":28,"comment_status":"closed","ping_status":"closed","template":"","meta":{"inline_featured_image":false,"footnotes":""},"class_list":["post-552","page","type-page","status-publish","hentry","has-post-title","has-post-date","has-post-category","has-post-tag","has-post-comment","has-post-author",""],"builder_content":"","_links":{"self":[{"href":"https:\/\/storlann.co.uk\/mirean\/wp-json\/wp\/v2\/pages\/552","targetHints":{"allow":["GET"]}}],"collection":[{"href":"https:\/\/storlann.co.uk\/mirean\/wp-json\/wp\/v2\/pages"}],"about":[{"href":"https:\/\/storlann.co.uk\/mirean\/wp-json\/wp\/v2\/types\/page"}],"author":[{"embeddable":true,"href":"https:\/\/storlann.co.uk\/mirean\/wp-json\/wp\/v2\/users\/1"}],"replies":[{"embeddable":true,"href":"https:\/\/storlann.co.uk\/mirean\/wp-json\/wp\/v2\/comments?post=552"}],"version-history":[{"count":0,"href":"https:\/\/storlann.co.uk\/mirean\/wp-json\/wp\/v2\/pages\/552\/revisions"}],"up":[{"embeddable":true,"href":"https:\/\/storlann.co.uk\/mirean\/wp-json\/wp\/v2\/pages\/358"}],"wp:attachment":[{"href":"https:\/\/storlann.co.uk\/mirean\/wp-json\/wp\/v2\/media?parent=552"}],"curies":[{"name":"wp","href":"https:\/\/api.w.org\/{rel}","templated":true}]}}