{"id":550,"date":"2010-11-09T17:28:47","date_gmt":"2010-11-09T15:28:47","guid":{"rendered":"https:\/\/storlann.co.uk\/mirean\/?page_id=550"},"modified":"2018-01-09T17:16:30","modified_gmt":"2018-01-09T17:16:30","slug":"obair-ire-3","status":"publish","type":"page","link":"https:\/\/storlann.co.uk\/mirean\/clar-amais\/a-bruidhinn-gu-pearsanta\/mi-thutu-e-i-sinn-sibh-iad\/obair-ire-3\/","title":{"rendered":"Obair \u00ecre 3"},"content":{"rendered":"<div class=\"obair-ire-2-wrapper\">\n<p class=\"obair-ire3\"><em>Mi, thu\/tu, e, i, sinn, sibh, iad; mise, thusa\/tusa, esan, ise; sinne, sibhse, iadsan; Mi fh\u00e8in\/fh\u00ecn, thu fh\u00e8in; e\/i fh\u00e8in, sinn fh\u00e8in\/fh\u00ecn; sibh fh\u00e8in, iad fh\u00e8in<\/em><\/p>\n<h3>Gn\u00ecomhan<\/h3>\n<p>D\u00e8an gn\u00ecomhan c\u00f2mhla ris a\u2019 chlas mar a leanas air a\u2019 bh\u00f2rd gheal.<\/p>\n<p>&nbsp;<\/p>\n<p><a href=\"https:\/\/storlann.co.uk\/mirean\/wp-content\/uploads\/2010\/11\/9A3-pic1.jpg\"><img loading=\"lazy\" decoding=\"async\" class=\"aligncenter size-full wp-image-2060\" title=\"9A3 pic1\" src=\"https:\/\/storlann.co.uk\/mirean\/wp-content\/uploads\/2010\/11\/9A3-pic1.jpg\" alt=\"Image: White Board example\" width=\"590\" height=\"488\" srcset=\"https:\/\/storlann.co.uk\/mirean\/wp-content\/uploads\/2010\/11\/9A3-pic1.jpg 590w, https:\/\/storlann.co.uk\/mirean\/wp-content\/uploads\/2010\/11\/9A3-pic1-300x248.jpg 300w\" sizes=\"auto, (max-width: 590px) 100vw, 590px\" \/><\/a><\/p>\n<\/div>\n","protected":false},"excerpt":{"rendered":"<p>Mi, thu\/tu, e, i, sinn, sibh, iad; mise, thusa\/tusa, esan, ise; sinne, sibhse, iadsan; Mi fh\u00e8in\/fh\u00ecn, thu fh\u00e8in; e\/i fh\u00e8in, sinn fh\u00e8in\/fh\u00ecn; sibh fh\u00e8in, iad fh\u00e8in Gn\u00ecomhan D\u00e8an gn\u00ecomhan c\u00f2mhla ris a\u2019 chlas mar a leanas air a\u2019 bh\u00f2rd gheal. &nbsp;<\/p>\n","protected":false},"author":1,"featured_media":0,"parent":358,"menu_order":29,"comment_status":"closed","ping_status":"closed","template":"","meta":{"inline_featured_image":false,"footnotes":""},"class_list":["post-550","page","type-page","status-publish","hentry","has-post-title","has-post-date","has-post-category","has-post-tag","has-post-comment","has-post-author",""],"builder_content":"","_links":{"self":[{"href":"https:\/\/storlann.co.uk\/mirean\/wp-json\/wp\/v2\/pages\/550","targetHints":{"allow":["GET"]}}],"collection":[{"href":"https:\/\/storlann.co.uk\/mirean\/wp-json\/wp\/v2\/pages"}],"about":[{"href":"https:\/\/storlann.co.uk\/mirean\/wp-json\/wp\/v2\/types\/page"}],"author":[{"embeddable":true,"href":"https:\/\/storlann.co.uk\/mirean\/wp-json\/wp\/v2\/users\/1"}],"replies":[{"embeddable":true,"href":"https:\/\/storlann.co.uk\/mirean\/wp-json\/wp\/v2\/comments?post=550"}],"version-history":[{"count":0,"href":"https:\/\/storlann.co.uk\/mirean\/wp-json\/wp\/v2\/pages\/550\/revisions"}],"up":[{"embeddable":true,"href":"https:\/\/storlann.co.uk\/mirean\/wp-json\/wp\/v2\/pages\/358"}],"wp:attachment":[{"href":"https:\/\/storlann.co.uk\/mirean\/wp-json\/wp\/v2\/media?parent=550"}],"curies":[{"name":"wp","href":"https:\/\/api.w.org\/{rel}","templated":true}]}}