{"id":548,"date":"2010-11-09T17:27:46","date_gmt":"2010-11-09T15:27:46","guid":{"rendered":"https:\/\/storlann.co.uk\/mirean\/?page_id=548"},"modified":"2018-01-09T17:14:08","modified_gmt":"2018-01-09T17:14:08","slug":"obair-ire-t","status":"publish","type":"page","link":"https:\/\/storlann.co.uk\/mirean\/clar-amais\/co-ris-a-tha-rud-no-neach-coltach\/tha-e-cho-luath-ri-fiadh\/obair-ire-t\/","title":{"rendered":"Obair \u00ecre T"},"content":{"rendered":"<div class=\"obair-ire-t-wrapper\">\n<p class=\"obair-ire-t\"><em>Tha criogaid nas fhe\u00e0rr na ball-coise; nas motha, nas lugha, nas fhasa; nas miosa, nas luaithe, nas gile; &#8216;s e M\u00e0iri as fhe\u00e0rr air seinn<\/em><\/p>\n<p>Cothroman ann an c\u00e0nan a\u2019 chlas airson eisimpleirean a thoirt don chloinn air structaran<\/p>\n<p>Dh\u2019fhaodadh na sgoilearan bruidhinn mu dhiofar rudan no mu dhealbhan a bheir iad fh\u00e8in a-steach leotha.<\/p>\n<p>\u201cBha an uamh cho dorch ri\u2026\u201d<br \/>\n \u201cBha am pl\u00e8ana cho luath ri \u2026\u201d<br \/>\n \u201cBha e sp\u00f2rsail ach bha e ro fhliuch.\u201d<\/p>\n<hr \/>\n<p>\u00d2rain agus rannan (D\u00e8 thuirt thu?)<\/p>\n<p>Mo bh\u00e0ta (DTT2)<\/p>\n<h3>\u00a0<\/h3>\n<h3>\u00a0<\/h3>\n<\/div>\n","protected":false},"excerpt":{"rendered":"<p>Tha criogaid nas fhe\u00e0rr na ball-coise; nas motha, nas lugha, nas fhasa; nas miosa, nas luaithe, nas gile; &#8216;s e M\u00e0iri as fhe\u00e0rr air seinn Cothroman ann an c\u00e0nan a\u2019 chlas airson eisimpleirean a thoirt don chloinn air structaran Dh\u2019fhaodadh na sgoilearan bruidhinn mu dhiofar rudan no mu dhealbhan a bheir iad fh\u00e8in a-steach leotha. [&hellip;]<\/p>\n","protected":false},"author":1,"featured_media":0,"parent":342,"menu_order":0,"comment_status":"closed","ping_status":"closed","template":"","meta":{"inline_featured_image":false,"footnotes":""},"class_list":["post-548","page","type-page","status-publish","hentry","has-post-title","has-post-date","has-post-category","has-post-tag","has-post-comment","has-post-author",""],"builder_content":"","_links":{"self":[{"href":"https:\/\/storlann.co.uk\/mirean\/wp-json\/wp\/v2\/pages\/548","targetHints":{"allow":["GET"]}}],"collection":[{"href":"https:\/\/storlann.co.uk\/mirean\/wp-json\/wp\/v2\/pages"}],"about":[{"href":"https:\/\/storlann.co.uk\/mirean\/wp-json\/wp\/v2\/types\/page"}],"author":[{"embeddable":true,"href":"https:\/\/storlann.co.uk\/mirean\/wp-json\/wp\/v2\/users\/1"}],"replies":[{"embeddable":true,"href":"https:\/\/storlann.co.uk\/mirean\/wp-json\/wp\/v2\/comments?post=548"}],"version-history":[{"count":0,"href":"https:\/\/storlann.co.uk\/mirean\/wp-json\/wp\/v2\/pages\/548\/revisions"}],"up":[{"embeddable":true,"href":"https:\/\/storlann.co.uk\/mirean\/wp-json\/wp\/v2\/pages\/342"}],"wp:attachment":[{"href":"https:\/\/storlann.co.uk\/mirean\/wp-json\/wp\/v2\/media?parent=548"}],"curies":[{"name":"wp","href":"https:\/\/api.w.org\/{rel}","templated":true}]}}