{"id":544,"date":"2010-11-09T17:26:53","date_gmt":"2010-11-09T15:26:53","guid":{"rendered":"https:\/\/storlann.co.uk\/mirean\/?page_id=544"},"modified":"2018-01-09T17:14:37","modified_gmt":"2018-01-09T17:14:37","slug":"obair-ire-2","status":"publish","type":"page","link":"https:\/\/storlann.co.uk\/mirean\/clar-amais\/co-ris-a-tha-rud-no-neach-coltach\/tha-e-cho-luath-ri-fiadh\/obair-ire-2\/","title":{"rendered":"Obair \u00ecre 2"},"content":{"rendered":"<div class=\"obair-ire-2-wrapper\">\n<p class=\"obair-ire2\"><em>Tha e cho luath ri fiadh; bha e a&#8217; dol cho luath &#8216;s gun do thuit e; bha e a&#8217; dol ro luath; tha e uabhasach math air cluiche; tha e a&#8217; dol gu math<\/em><\/p>\n<h3>Cothroman tar-churraicealaim<\/h3>\n<p><strong>B\u00e0rdachd<\/strong><\/p>\n<p><span style=\"text-decoration: underline;\">Cho m\u00f2r ri\u2026\u2026<\/span><br \/>\n Ann am buidhnean de thri\u00f9ir, far a bheil aon sgoilear a\u2019 sgr\u00ecobhadh, aon a\u2019 dearbhadh agus aon a bhios a\u2019 bruidhinn, feumaidh iad c\u00f2mhradh airson c\u00f2ig mionaidean mu dheidhinn a\u2019 chuspair a thagh thu fh\u00e8in ro-l\u00e0imh \u2013 me, ailbhean. Feumaidh an sgr\u00ecobhadair notaichean a chumail. Feumaidh iad buadhairean a chleachdadh far a bheil e freagarrach.<\/p>\n<p>D\u00e8 an coltas a th\u2019 air?<br \/>\n D\u00e8 am fuaim a n\u00ec e?<br \/>\n C\u00e0it a bheil e a\u2019 fuireach?<br \/>\n D\u00e8 eile?<\/p>\n<p>Cruinnich na beachdan aca air a\u2019 bh\u00f2rd.<\/p>\n<p>Tha e m\u00f2r, glas, glic \u2026<br \/>\n Tha e a\u2019 fuireach ann an d\u00f9thaich theth, ann an coille dhubh, dhomhainn\u2026<br \/>\n Bidh e a\u2019 f\u00e0s gu math aosta\u2026<br \/>\n N\u00ec e fuaim \u00e0rd\u2026<br \/>\n msaa<\/p>\n<p>T\u00f2isich leis a\u2019 chiad bhuadhair: <strong>m\u00f2r<\/strong>. Can ris a\u2019 chlas gum feum iad c\u00f2mhradh a dh\u00e8anamh mar bhuidheann airson mionaid no dh\u00e0 air d\u00e8 cho m\u00f2r \u2019s a tha an t-ailbhean, agus a sgr\u00ecobhadh s\u00ecos mar <strong>\u201ccho m\u00f2r ri \u2026\u201d<\/strong> An uair sin leughaidh gach buidheann a-mach d\u00e8 sgr\u00ecobh iad, agus sgr\u00ecobhaidh tusa na freagairtean aca air a\u2019 bh\u00f2rd a-rithist. Faodaidh tu na freagairtean a sgr\u00ecobhadh ann an \u00f2rdugh sam bith a tha grinn, agus faodaidh tu puingeachadh a chur ris mar a fhreagras: oir \u2019s e seo a\u2019 chiad rann den bh\u00e0rdachd aca.<\/p>\n<p>Tha an t-ailbhean cho m\u00f2r ri taigh,<br \/>\n Tha e cho m\u00f2r ri beinn,<br \/>\n Tha e cho m\u00f2r ri sky-scraper.<\/p>\n<p><span style=\"text-decoration: underline;\">\u00a0<\/span><\/p>\n<p><span style=\"text-decoration: underline;\">\u00a0<\/span><\/p>\n<p><strong>Seanfhaclan<\/strong><\/p>\n<p>Coimhead air seanfhaclan mar an fheadhainn a leanas c\u00f2mhla ris a\u2019 chloinn.<\/p>\n<ul type=\"disc\">\n<li>Cho binn ri sme\u00f2rach air g\u00e8ig.<\/li>\n<\/ul>\n<p>&nbsp;<\/p>\n<ul type=\"disc\">\n<li>Cho bochd ris a\u2019 chirc.<\/li>\n<\/ul>\n<ul type=\"disc\">\n<li>Cho bodhar ri cloich.<\/li>\n<\/ul>\n<p>&nbsp;<\/p>\n<ul type=\"disc\">\n<li>Cho ciallach ri cnoc.<\/li>\n<\/ul>\n<ul type=\"disc\">\n<li>Cho dall ri bonn do chois.<\/li>\n<\/ul>\n<p>&nbsp;<\/p>\n<ul type=\"disc\">\n<li>Cho fada sa cheann \u2019s a bha Fionn sna casan.<\/li>\n<\/ul>\n<ul type=\"disc\">\n<li>Cho l\u00e0idir ri C\u00f9 Chulainn.<\/li>\n<\/ul>\n<p>&nbsp;<\/p>\n<ul type=\"disc\">\n<li>Cho sg\u00ecth ri c\u00f9.<\/li>\n<\/ul>\n<p>&nbsp;<\/p>\n<p>Faodaidh iad an uair sin buadhairean a thaghadh agus, c\u00f2mhla ri caraid, liosta a dh\u00e8anamh leis an fheadhainn aca fh\u00e8in.<br \/>\n me, Cho gleansach ri daoimean ann an solas na gr\u00e8ine.<\/p>\n<p>Faodaodh iad dealbhan a dh\u00e8anamh de na h-abairtean \u00f9ra aca agus d\u00e8an taisbeanadh leotha.<\/p>\n<p>&nbsp;<\/p>\n<hr \/>\n<h3>\u00a0\u00d2rain agus rannan (D\u00e8 thuirt thu?)<\/h3>\n<p>Mo bh\u00e0ta (DTT2)<\/p>\n<p>&nbsp;<\/p>\n<p><strong>Duilleagan-obrach (DTT2)<\/strong><\/p>\n<p>D\u00e8 cho fliuch&#8230;?<br \/>\n Feuch an obraich\u2026<br \/>\n D\u00e8 tha ce\u00e0rr?<br \/>\n Dealbh gu dealbh<br \/>\n D\u00e8 tha math dhut?<br \/>\n T\u00f2imhseachain<br \/>\n M\u00e8irle air Oifis a\u2019 Phuist<\/p>\n<p>&nbsp;<\/p>\n<\/div>\n","protected":false},"excerpt":{"rendered":"<p>Tha e cho luath ri fiadh; bha e a&#8217; dol cho luath &#8216;s gun do thuit e; bha e a&#8217; dol ro luath; tha e uabhasach math air cluiche; tha e a&#8217; dol gu math Cothroman tar-churraicealaim B\u00e0rdachd Cho m\u00f2r ri\u2026\u2026 Ann am buidhnean de thri\u00f9ir, far a bheil aon sgoilear a\u2019 sgr\u00ecobhadh, aon a\u2019 [&hellip;]<\/p>\n","protected":false},"author":1,"featured_media":0,"parent":342,"menu_order":28,"comment_status":"closed","ping_status":"closed","template":"","meta":{"inline_featured_image":false,"footnotes":""},"class_list":["post-544","page","type-page","status-publish","hentry","has-post-title","has-post-date","has-post-category","has-post-tag","has-post-comment","has-post-author",""],"builder_content":"","_links":{"self":[{"href":"https:\/\/storlann.co.uk\/mirean\/wp-json\/wp\/v2\/pages\/544","targetHints":{"allow":["GET"]}}],"collection":[{"href":"https:\/\/storlann.co.uk\/mirean\/wp-json\/wp\/v2\/pages"}],"about":[{"href":"https:\/\/storlann.co.uk\/mirean\/wp-json\/wp\/v2\/types\/page"}],"author":[{"embeddable":true,"href":"https:\/\/storlann.co.uk\/mirean\/wp-json\/wp\/v2\/users\/1"}],"replies":[{"embeddable":true,"href":"https:\/\/storlann.co.uk\/mirean\/wp-json\/wp\/v2\/comments?post=544"}],"version-history":[{"count":0,"href":"https:\/\/storlann.co.uk\/mirean\/wp-json\/wp\/v2\/pages\/544\/revisions"}],"up":[{"embeddable":true,"href":"https:\/\/storlann.co.uk\/mirean\/wp-json\/wp\/v2\/pages\/342"}],"wp:attachment":[{"href":"https:\/\/storlann.co.uk\/mirean\/wp-json\/wp\/v2\/media?parent=544"}],"curies":[{"name":"wp","href":"https:\/\/api.w.org\/{rel}","templated":true}]}}