{"id":537,"date":"2010-11-09T17:25:08","date_gmt":"2010-11-09T15:25:08","guid":{"rendered":"https:\/\/storlann.co.uk\/mirean\/?page_id=537"},"modified":"2018-01-09T17:13:13","modified_gmt":"2018-01-09T17:13:13","slug":"obair-ire-1","status":"publish","type":"page","link":"https:\/\/storlann.co.uk\/mirean\/clar-amais\/co-ris-a-tha-rud-no-neach-coltach\/tha-criogaid-nas-fhearr-na-ball-coise\/obair-ire-1\/","title":{"rendered":"Obair \u00ecre 1"},"content":{"rendered":"<div class=\"obair-ire-1-wrapper\">\n<p class=\"obair-ire1\"><em>Tha criogaid nas fhe\u00e0rr na ball-coise; nas motha, nas lugha, nas fhasa; nas miosa, nas luaithe, nas gile; &#8216;s e M\u00e0iri as fhe\u00e0rr air seinn<\/em><\/p>\n<h3>Cothroman ann an c\u00e0nan a\u2019 chlas airson eisimpleirean a thoirt don chloinn air structaran<\/h3>\n<p>Dh\u2019fhaodadh iad bruidhinn mu dhiofar rudan no mu dhealbhan a bheir iad fh\u00e8in a-steach leotha.<br \/>\n me<\/p>\n<p>Faodaidh iad uile teadaidh a thoirt a-steach airson gailearaidh nan teadaidhean a dh\u00e8anamh! Faodaidh sibh t\u00f2rr c\u00f2mhraidh a dh\u00e8anamh a\u2019 cleachdadh \u2018nas motha\u2019, \u2018as lugha\u2019, \u2018as sine\u2019, \u2018nas \u00f2ige\u2019 msaa.<\/p>\n<hr \/>\n<h3>Gn\u00ecomhan<\/h3>\n<p><strong>Cuir am falach!<\/strong><br \/>\n Feumaidh aon sgoilear a dhol a-mach \u00e0s an t-se\u00f2mar agus feumaidh sgoilear eile d\u00e8ideag (no rudeigin mar sin) a chur am falach an \u00e0iteigin anns a\u2019 chlas. Bidh fios aig c\u00e0ch far bheil e. Nuair a thilleas a\u2019 chiad sgoilear, feumaidh e an d\u00e8ideag a lorg. Bidh c\u00e0ch a\u2019 cuideachadh le bhith ag r\u00e0dh \u201cnas teotha\u201d no \u201cnas fhuaire\u201d.<\/p>\n<p><strong>Nas fhaide\/nas giorra<\/strong><br \/>\n Cuir sr\u00e0bhan de mheudan eadar-dhealaichte ann am poca. Seall do sgoilear meud aon shr\u00e0bh agus can ris fear eile a lorg den aon mheud.<\/p>\n<p>Togaidh e aon ph\u00ecos a-mach agus innsidh e c\u00f2 ris a tha e coltach an taca ris a\u2019 ph\u00ecos a chaidh a shealltainn dha mar-th\u00e0, a\u2019 cleachdadh fhacail mar \u2018nas fhaide\u2019, \u2018nas giorra\u2019, \u2018an aon rud\u2019 msaa.<\/p>\n<hr \/>\n<h3>\u00a0<\/h3>\n<h3>Cothroman tar-churraicealaim<\/h3>\n<p><strong>Cleasachd<\/strong><\/p>\n<p><span style=\"text-decoration: underline;\">Geamannan Oilimpigeach<\/span><\/p>\n<p>Faodaidh tu gn\u00ecomhan beaga a chur air d\u00f2igh st\u00e8idhichte air na Geamannan Oilimpigeach airson c\u00f2mhradh a bhrosnachadh.<\/p>\n<p>Faodaidh tu gn\u00ecomhan a dh\u00e8anamh mar:<br \/>\n Leum fada\u00a0\u00a0\u00a0\u00a0 <em>(Nas fhaide, nas giorra, as fhaide, as giorra)<\/em><br \/>\n R\u00e8is 100m\u00a0\u00a0\u00a0\u00a0 <em>(Nas luaithe, nas slaodaiche, as luaithe, as slaodaiche)<\/em><br \/>\n Leum \u00e0rd\u00a0\u00a0\u00a0\u00a0\u00a0\u00a0\u00a0\u00a0\u00a0\u00a0 <em>(Nas \u00e0irde, nas \u00ecsle, as \u00e0irde, as \u00ecsle)<\/em><br \/>\n msaa<\/p>\n<p>Cl\u00e0raich na toraidhean agus faodaidh sibh bogsaichean 1, 2 agus 3 fhaighinn airson na buinn a thoirt seachad.<\/p>\n<p>Bhiodh e math dealbhan a thogail agus leabhar\/Comic strip\/grafan\/Powerpoint a dh\u00e8anamh.<\/p>\n<p>&nbsp;<\/p>\n<p><strong>Matamataig<\/strong><\/p>\n<p><span style=\"text-decoration: underline;\">D\u00e8 tha anns a\u2019 bhogsa?<\/span><\/p>\n<p>D\u00e8an suas d\u00e0 bhogsa de diofar chuideamam. Feumaidh aon sgoilear na dh\u00e0 dhiubh a thogail agus smaoineachadh d\u00e8 am bogsa as truime. Coimhead air d\u00e8 tha na bhroinn agus can\u2026<br \/>\n \u201cTha \u2026 nas truime na \u2026\u201d no<br \/>\n \u201cTha \u2026 nas aotruime na\u2026\u201d<\/p>\n<p>&nbsp;<\/p>\n<hr \/>\n<h3>\u00d2rain agus rannan (D\u00e8 thuirt thu?)<\/h3>\n<p>Tha mise nas motha na<br \/>\n Tha an tidsear fiadhaich an-diugh (nas fhe\u00e0rr)<\/p>\n<p>&nbsp;<\/p>\n<\/div>\n","protected":false},"excerpt":{"rendered":"<p>Tha criogaid nas fhe\u00e0rr na ball-coise; nas motha, nas lugha, nas fhasa; nas miosa, nas luaithe, nas gile; &#8216;s e M\u00e0iri as fhe\u00e0rr air seinn Cothroman ann an c\u00e0nan a\u2019 chlas airson eisimpleirean a thoirt don chloinn air structaran Dh\u2019fhaodadh iad bruidhinn mu dhiofar rudan no mu dhealbhan a bheir iad fh\u00e8in a-steach leotha. me [&hellip;]<\/p>\n","protected":false},"author":1,"featured_media":0,"parent":344,"menu_order":28,"comment_status":"closed","ping_status":"closed","template":"","meta":{"inline_featured_image":false,"footnotes":""},"class_list":["post-537","page","type-page","status-publish","hentry","has-post-title","has-post-date","has-post-category","has-post-tag","has-post-comment","has-post-author",""],"builder_content":"","_links":{"self":[{"href":"https:\/\/storlann.co.uk\/mirean\/wp-json\/wp\/v2\/pages\/537","targetHints":{"allow":["GET"]}}],"collection":[{"href":"https:\/\/storlann.co.uk\/mirean\/wp-json\/wp\/v2\/pages"}],"about":[{"href":"https:\/\/storlann.co.uk\/mirean\/wp-json\/wp\/v2\/types\/page"}],"author":[{"embeddable":true,"href":"https:\/\/storlann.co.uk\/mirean\/wp-json\/wp\/v2\/users\/1"}],"replies":[{"embeddable":true,"href":"https:\/\/storlann.co.uk\/mirean\/wp-json\/wp\/v2\/comments?post=537"}],"version-history":[{"count":0,"href":"https:\/\/storlann.co.uk\/mirean\/wp-json\/wp\/v2\/pages\/537\/revisions"}],"up":[{"embeddable":true,"href":"https:\/\/storlann.co.uk\/mirean\/wp-json\/wp\/v2\/pages\/344"}],"wp:attachment":[{"href":"https:\/\/storlann.co.uk\/mirean\/wp-json\/wp\/v2\/media?parent=537"}],"curies":[{"name":"wp","href":"https:\/\/api.w.org\/{rel}","templated":true}]}}