{"id":535,"date":"2010-11-09T17:24:44","date_gmt":"2010-11-09T15:24:44","guid":{"rendered":"https:\/\/storlann.co.uk\/mirean\/?page_id=535"},"modified":"2018-01-09T17:13:28","modified_gmt":"2018-01-09T17:13:28","slug":"obair-ire-2","status":"publish","type":"page","link":"https:\/\/storlann.co.uk\/mirean\/clar-amais\/co-ris-a-tha-rud-no-neach-coltach\/tha-criogaid-nas-fhearr-na-ball-coise\/obair-ire-2\/","title":{"rendered":"Obair \u00ecre 2"},"content":{"rendered":"<div class=\"obair-ire-2-wrapper\">\n<p class=\"obair-ire2\"><em>Tha criogaid nas fhe\u00e0rr na ball-coise; nas motha, nas lugha, nas fhasa; nas miosa, nas luaithe, nas gile; &#8216;s e M\u00e0iri as fhe\u00e0rr air seinn<\/em><\/p>\n<h3>Gn\u00ecomh<\/h3>\n<p>Gn\u00ecomhan<\/p>\n<p><strong>Meallaidhean-s\u00f9la <\/strong><\/p>\n<p>Cleachd goireasan air an eadar-l\u00econ airson meallaidhean-s\u00f9la a lorg. Tha t\u00f2rr ann a tha freagarrach airson a\u2019 ph\u00e0train seo as urrainn dhut a chur suas air a\u2019 bh\u00f2rd gheal.<\/p>\n<p>me<\/p>\n<div align=\"center\"><a href=\"https:\/\/storlann.co.uk\/mirean\/wp-content\/uploads\/2010\/11\/Optical-illusion2.png\"><img loading=\"lazy\" decoding=\"async\" class=\"size-full wp-image-1601 aligncenter\" title=\"Optical-illusion2\" src=\"https:\/\/storlann.co.uk\/mirean\/wp-content\/uploads\/2010\/11\/Optical-illusion2.png\" alt=\"Graphic: Optical Illusion 2\" width=\"443\" height=\"256\" srcset=\"https:\/\/storlann.co.uk\/mirean\/wp-content\/uploads\/2010\/11\/Optical-illusion2.png 443w, https:\/\/storlann.co.uk\/mirean\/wp-content\/uploads\/2010\/11\/Optical-illusion2-300x173.png 300w\" sizes=\"auto, (max-width: 443px) 100vw, 443px\" \/><\/a><\/div>\n<p>Coimhead air na puingean anns a\u2019 mheadhan. D\u00e8 am fear as motha?<\/p>\n<p><span class=\"obair-highlight3\">Freagairt: Tha iad an aon mheud ach tha do sh\u00f9ilean a\u2019 cleachdadh nam puingean eile airson coimeas a dh\u00e8anamh.<\/span><\/p>\n<p>&nbsp;<\/p>\n<div align=\"center\">\u00a0<a href=\"https:\/\/storlann.co.uk\/mirean\/wp-content\/uploads\/2011\/08\/Optical-illusion1.png\"><img loading=\"lazy\" decoding=\"async\" class=\"size-full wp-image-1594 aligncenter\" title=\"Optical-illusion1\" src=\"https:\/\/storlann.co.uk\/mirean\/wp-content\/uploads\/2011\/08\/Optical-illusion1.png\" alt=\"Graphic: Optical Illusion - Lines\" width=\"202\" height=\"316\" srcset=\"https:\/\/storlann.co.uk\/mirean\/wp-content\/uploads\/2011\/08\/Optical-illusion1.png 202w, https:\/\/storlann.co.uk\/mirean\/wp-content\/uploads\/2011\/08\/Optical-illusion1-191x300.png 191w\" sizes=\"auto, (max-width: 202px) 100vw, 202px\" \/><\/a><\/div>\n<p>D\u00e8 an loidhne as fhaide?<\/p>\n<p><span class=\"obair-highlight3\">Freagairt: Tha iad an aon fhaid.<\/span><\/p>\n<p>&nbsp;<\/p>\n<p><strong>Na toglaichean as \u00e0irde air an t-saoghal<\/strong><\/p>\n<p>Thoir dealbhan dhan a\u2019 chloinn de chuid de na toglaichean as \u00e0irde air an t-saoghal. Feumaidh na sgoilearan na dealbhan a chur ann an \u00f2rdugh, bhon fhear as giorra chun an fhir as \u00e0irde.<\/p>\n<div align=\"center\">\n<p><img loading=\"lazy\" decoding=\"async\" class=\"aligncenter\" src=\"https:\/\/storlann.co.uk\/mirean\/wp-content\/uploads\/2011\/08\/8D2-towers.png\" alt=\"Image: World Towers\" usemap=\"#Map\" width=\"580\" height=\"215\" border=\"0\" \/><\/p>\n<map name=\"Map\">\n<area alt=\"Petronas Tower\" coords=\"1,1,140,213\" shape=\"rect\" href=\"http:\/\/en.wikipedia.org\/wiki\/Petronas_Towers\" \/>\n <\/map>\n<map name=\"Map\">\n<area alt=\"CN Tower\" coords=\"147,1,291,215\" shape=\"rect\" href=\"http:\/\/en.wikipedia.org\/wiki\/CN_Tower\" \/>\n <\/map>\n<map name=\"Map\">\n<area alt=\"Burj Khalifa\" coords=\"293,1,432,214\" shape=\"rect\" href=\"http:\/\/en.wikipedia.org\/wiki\/Burj_Khalifa\" \/>\n <\/map>\n<map name=\"Map\">\n<area alt=\"Eiffel Tower\" coords=\"439,1,582,215\" shape=\"rect\" href=\"http:\/\/en.wikipedia.org\/wiki\/Eiffel_Tower\" \/>\n <\/map>\n<\/div>\n<p>Faodaidh na sgoilearan rannsachadh a dh\u00e8anamh airson faighinn a-mach d\u00e8 cho \u00e0rd \u2019s a tha iad. An robh iad ceart? An do chuir c\u00e0il iongnadh orra?<\/p>\n<p><strong>\u00a0<\/strong><strong>Leabhar Cl\u00e0ran an t-Saoghail le Guinness<\/strong><\/p>\n<p>Tha t\u00f2rr chothroman an seo p\u00e0tran na seachdain a chleachdadh.<\/p>\n<p>Faodaidh na sgoilearan rannsachadh a dh\u00e8anamh ann an Leabhar Cl\u00e0ran an t-Saoghail no air an eadar-l\u00econ airson fiosrachadh inntinneach fhaighinn a-mach.<\/p>\n<p>Bhiodh e inntinneach Powerpoint a dh\u00e8anamh mar chlas, gach sgoilear a\u2019 d\u00e8anamh duilleag fa leth.<\/p>\n<p>Faodaidh na sgoilearan rannsachadh a dh\u00e8anamh airson faighinn a-mach d\u00e8 cho \u00e0rd \u2019s a tha iad. An robh iad ceart? An do chuir c\u00e0il iongnadh orra?<\/p>\n<p><strong>\u00a0<\/strong><\/p>\n<p><strong>Leabhar Cl\u00e0ran an t-Saoghail le Guinness<\/strong><\/p>\n<p>Tha t\u00f2rr chothroman an seo p\u00e0tran na seachdain a chleachdadh.<\/p>\n<p>Faodaidh na sgoilearan rannsachadh a dh\u00e8anamh ann an Leabhar Cl\u00e0ran an t-Saoghail no air an eadar-l\u00econ airson fiosrachadh inntinneach fhaighinn a-mach.<\/p>\n<p>Bhiodh e inntinneach Powerpoint a dh\u00e8anamh mar chlas, gach sgoilear a\u2019 d\u00e8anamh duilleag fa leth.<\/p>\n<p>&nbsp;<\/p>\n<\/div>\n","protected":false},"excerpt":{"rendered":"<p>Tha criogaid nas fhe\u00e0rr na ball-coise; nas motha, nas lugha, nas fhasa; nas miosa, nas luaithe, nas gile; &#8216;s e M\u00e0iri as fhe\u00e0rr air seinn Gn\u00ecomh Gn\u00ecomhan Meallaidhean-s\u00f9la Cleachd goireasan air an eadar-l\u00econ airson meallaidhean-s\u00f9la a lorg. Tha t\u00f2rr ann a tha freagarrach airson a\u2019 ph\u00e0train seo as urrainn dhut a chur suas air a\u2019 [&hellip;]<\/p>\n","protected":false},"author":1,"featured_media":0,"parent":344,"menu_order":29,"comment_status":"closed","ping_status":"closed","template":"","meta":{"inline_featured_image":false,"footnotes":""},"class_list":["post-535","page","type-page","status-publish","hentry","has-post-title","has-post-date","has-post-category","has-post-tag","has-post-comment","has-post-author",""],"builder_content":"","_links":{"self":[{"href":"https:\/\/storlann.co.uk\/mirean\/wp-json\/wp\/v2\/pages\/535","targetHints":{"allow":["GET"]}}],"collection":[{"href":"https:\/\/storlann.co.uk\/mirean\/wp-json\/wp\/v2\/pages"}],"about":[{"href":"https:\/\/storlann.co.uk\/mirean\/wp-json\/wp\/v2\/types\/page"}],"author":[{"embeddable":true,"href":"https:\/\/storlann.co.uk\/mirean\/wp-json\/wp\/v2\/users\/1"}],"replies":[{"embeddable":true,"href":"https:\/\/storlann.co.uk\/mirean\/wp-json\/wp\/v2\/comments?post=535"}],"version-history":[{"count":0,"href":"https:\/\/storlann.co.uk\/mirean\/wp-json\/wp\/v2\/pages\/535\/revisions"}],"up":[{"embeddable":true,"href":"https:\/\/storlann.co.uk\/mirean\/wp-json\/wp\/v2\/pages\/344"}],"wp:attachment":[{"href":"https:\/\/storlann.co.uk\/mirean\/wp-json\/wp\/v2\/media?parent=535"}],"curies":[{"name":"wp","href":"https:\/\/api.w.org\/{rel}","templated":true}]}}