{"id":53,"date":"2010-09-16T13:06:13","date_gmt":"2010-09-16T13:06:13","guid":{"rendered":"http:\/\/localhost\/wordpress\/?page_id=53"},"modified":"2018-01-09T12:54:48","modified_gmt":"2018-01-09T12:54:48","slug":"obair-ire-1","status":"publish","type":"page","link":"https:\/\/storlann.co.uk\/mirean\/clar-amais\/ag-innse-mu-rudan-a-tha-a-tachairt-aig-an-am-seo\/tha-mi-nam\/obair-ire-1\/","title":{"rendered":"Obair \u00ecre 1"},"content":{"rendered":"<p class=\"obair-ire1\"><em>Tha mi nam riuth; A bheil sibh nur suidhe?; Nam, nad, na, na h-, nar, nur, nan\/nam<\/em><\/p>\n<h3><strong>Cothroman ann an c\u00e0nan a\u2019 chlas airson eisimpleirean a thoirt don chloinn air structaran<\/strong><\/h3>\n<p><strong>\u00a0<\/strong><strong>A bheil sibh uile nur suidhe?<\/strong><\/p>\n<p>Cleachd an structar seo gu tric.<\/p>\n<hr \/>\n<h3><strong>Gn\u00ecomhan<\/strong><\/h3>\n<p><strong>Seantansan<\/strong><\/p>\n<p>Lorg am facal ceart airson cr\u00ecoch a chur air gach seantans<\/p>\n<p>&nbsp;<\/p>\n<p><img loading=\"lazy\" decoding=\"async\" class=\"size-full wp-image-2710 aligncenter\" title=\"1c-a\" src=\"https:\/\/storlann.co.uk\/mirean\/wp-content\/uploads\/2010\/09\/1c-a.jpg\" alt=\"Graphic: One girl sitting, one girl lying on floor\" width=\"523\" height=\"212\" srcset=\"https:\/\/storlann.co.uk\/mirean\/wp-content\/uploads\/2010\/09\/1c-a.jpg 523w, https:\/\/storlann.co.uk\/mirean\/wp-content\/uploads\/2010\/09\/1c-a-300x121.jpg 300w\" sizes=\"auto, (max-width: 523px) 100vw, 523px\" \/><\/p>\n<p>&nbsp;<\/p>\n<p style=\"text-align: center;\">Tha Ma\u00ecri na ________.\u00a0\u00a0\u00a0\u00a0\u00a0\u00a0\u00a0\u00a0\u00a0 \u00a0 \u00a0 \u00a0 \u00a0 \u00a0 \u00a0 \u00a0 \u00a0 \u00a0 \u00a0 \u00a0 \u00a0 \u00a0 \u00a0 \u00a0 \u00a0 \u00a0\u00a0\u00a0\u00a0\u00a0\u00a0\u00a0\u00a0\u00a0\u00a0\u00a0\u00a0\u00a0\u00a0\u00a0\u00a0\u00a0\u00a0 Tha Anna __laighe.<\/p>\n<p style=\"text-align: center;\">SUIDHE no SHUIDHE?<\/p>\n<p style=\"text-align: center;\"><img loading=\"lazy\" decoding=\"async\" class=\"aligncenter size-full wp-image-2711\" title=\"1C-b\" src=\"https:\/\/storlann.co.uk\/mirean\/wp-content\/uploads\/2010\/09\/1C-b.jpg\" alt=\"Graphics: Sheep amd Teacher with Pupil\" width=\"461\" height=\"182\" srcset=\"https:\/\/storlann.co.uk\/mirean\/wp-content\/uploads\/2010\/09\/1C-b.jpg 461w, https:\/\/storlann.co.uk\/mirean\/wp-content\/uploads\/2010\/09\/1C-b-300x118.jpg 300w\" sizes=\"auto, (max-width: 461px) 100vw, 461px\" \/><\/p>\n<p style=\"text-align: center;\">Tha a&#8217;chaora na __________.\u00a0\u00a0\u00a0\u00a0\u00a0\u00a0\u00a0\u00a0\u00a0\u00a0\u00a0\u00a0\u00a0\u00a0\u00a0\u00a0\u00a0\u00a0\u00a0\u00a0\u00a0\u00a0\u00a0\u00a0\u00a0\u00a0\u00a0\u00a0\u00a0\u00a0\u00a0\u00a0\u00a0\u00a0\u00a0\u00a0\u00a0\u00a0\u00a0\u00a0\u00a0\u00a0\u00a0\u00a0\u00a0\u00a0\u00a0 Tha Ma\u00ecri na __________.<\/p>\n<p style=\"text-align: center;\">SEASAMH no SHEASAMH? \u00a0 \u00a0 \u00a0 \u00a0 \u00a0 \u00a0 \u00a0 \u00a0 \u00a0 \u00a0 \u00a0 \u00a0 \u00a0 \u00a0 \u00a0 \u00a0 \u00a0 \u00a0 \u00a0 \u00a0 \u00a0 \u00a0 Tha an tidsear na __________.<\/p>\n<p style=\"text-align: right;\">SUIDHE no SHUIDHE?<br \/>\n SEASAMH no SHEASAMH<\/p>\n<p style=\"text-align: left;\">Msaa\u2026<\/p>\n<p><strong><br clear=\"all\" \/><br \/>\nGeama: tha sibh nur\u2026<\/strong><\/p>\n<p>Aon duine na sheasamh le ch\u00f9l ris a\u2019 chlas. Feumaidh c\u00e0ch aontachadh d\u00e8 n\u00ec iad (suidhe, seasamh, laighe, \u2018cadal\u2019 msaa). Feumaidh a\u2019 chiad duine feuchainn ri obrachadh a-mach d\u00e8 rinn iad le bhith ag \u00e8isteachd riutha. Canaidh e no i \u2018Tha sibh nur X\u2019 agus canaidh iadsan \u2018Tha. Tha sinn nar X\u2019 no \u2018Chan eil. Chan eil sinn nar X.\u2019 Faodaidh a\u2019 chiad duine feuchainn aon turas eile mur eil e\/i ceart a\u2019 chiad triop.<\/p>\n<p>Msaa\u2026<\/p>\n<hr \/>\n<h3><strong>Cothroman tar-curraicealam<\/strong><\/h3>\n<p><strong>Sgeulachd: Nighean Bheag a\u2019 Ch\u00f2ta Dheirg<\/strong><\/p>\n<p>Inns an sgeulachd (thu fh\u00e8in no a\u2019 chlann), a\u2019 cleachdadh fhaclan is structaran mar gu h-\u00e0rd, me \u2018bha i na cadal\u2019; \u2018dh\u2019fhalbh i na ruith\u2019; \u2018bha i na laighe\u2019<\/p>\n<p><strong>\u00a0<\/strong><\/p>\n","protected":false},"excerpt":{"rendered":"<p>Tha mi nam riuth; A bheil sibh nur suidhe?; Nam, nad, na, na h-, nar, nur, nan\/nam Cothroman ann an c\u00e0nan a\u2019 chlas airson eisimpleirean a thoirt don chloinn air structaran \u00a0A bheil sibh uile nur suidhe? Cleachd an structar seo gu tric. Gn\u00ecomhan Seantansan Lorg am facal ceart airson cr\u00ecoch a chur air gach [&hellip;]<\/p>\n","protected":false},"author":1,"featured_media":0,"parent":233,"menu_order":18,"comment_status":"closed","ping_status":"closed","template":"","meta":{"inline_featured_image":false,"footnotes":""},"class_list":["post-53","page","type-page","status-publish","hentry","has-post-title","has-post-date","has-post-category","has-post-tag","has-post-comment","has-post-author",""],"builder_content":"","_links":{"self":[{"href":"https:\/\/storlann.co.uk\/mirean\/wp-json\/wp\/v2\/pages\/53","targetHints":{"allow":["GET"]}}],"collection":[{"href":"https:\/\/storlann.co.uk\/mirean\/wp-json\/wp\/v2\/pages"}],"about":[{"href":"https:\/\/storlann.co.uk\/mirean\/wp-json\/wp\/v2\/types\/page"}],"author":[{"embeddable":true,"href":"https:\/\/storlann.co.uk\/mirean\/wp-json\/wp\/v2\/users\/1"}],"replies":[{"embeddable":true,"href":"https:\/\/storlann.co.uk\/mirean\/wp-json\/wp\/v2\/comments?post=53"}],"version-history":[{"count":0,"href":"https:\/\/storlann.co.uk\/mirean\/wp-json\/wp\/v2\/pages\/53\/revisions"}],"up":[{"embeddable":true,"href":"https:\/\/storlann.co.uk\/mirean\/wp-json\/wp\/v2\/pages\/233"}],"wp:attachment":[{"href":"https:\/\/storlann.co.uk\/mirean\/wp-json\/wp\/v2\/media?parent=53"}],"curies":[{"name":"wp","href":"https:\/\/api.w.org\/{rel}","templated":true}]}}