{"id":527,"date":"2010-11-09T17:21:59","date_gmt":"2010-11-09T15:21:59","guid":{"rendered":"https:\/\/storlann.co.uk\/mirean\/?page_id=527"},"modified":"2011-11-03T17:40:02","modified_gmt":"2011-11-03T17:40:02","slug":"eisimpleir","status":"publish","type":"page","link":"https:\/\/storlann.co.uk\/mirean\/clar-amais\/co-ris-a-tha-rud-no-neach-coltach\/balach-beag-nighean-mhor\/eisimpleir\/","title":{"rendered":"Eisimpleirean"},"content":{"rendered":"<table class=\"eisimpleirean-t\" title=\"This table contains useage examples\" border=\"1\" cellspacing=\"0\" cellpadding=\"0\">\n<tbody>\n<tr class=\"eisimpleirean-t-h\">\n<td width=\"186\">\n<p align=\"center\">Se\u00f2rsa<\/p>\n<\/td>\n<td width=\"227\">\n<p align=\"center\">Facal<\/p>\n<\/td>\n<td width=\"230\">\n<p align=\"center\">C\u00f2 ris a tha e coltach<\/p>\n<\/td>\n<\/tr>\n<tr>\n<td colspan=\"3\" width=\"642\"><\/td>\n<\/tr>\n<tr>\n<td width=\"186\">\n<p align=\"center\"><em>fireannta<\/em><\/p>\n<\/td>\n<td width=\"227\">balach, leabhar, c\u00f9, c\u00f2ta<\/td>\n<td width=\"230\">beag, geal<\/td>\n<\/tr>\n<tr>\n<td width=\"186\">\n<p align=\"center\"><em>boireannta<\/em><\/p>\n<\/td>\n<td width=\"227\">caileag, b\u00f9th, beinn, seacaid<\/td>\n<td width=\"230\">bheag, gheal<\/td>\n<\/tr>\n<tr>\n<td colspan=\"3\" width=\"642\"><\/td>\n<\/tr>\n<tr>\n<td width=\"186\">air, aig, ris, anns, leis<\/td>\n<td width=\"227\">a\u2019 ch\u00f9, a\u2019 bh\u00f9th,\u00a0 an t-seacaid<\/td>\n<td width=\"230\">bheag, gheal (<em>fir. &amp; boir.)<\/em><\/td>\n<\/tr>\n<tr>\n<td colspan=\"3\" width=\"642\"><\/td>\n<\/tr>\n<tr>\n<td rowspan=\"3\" width=\"186\">ri taobh, air c\u00f9l,\u00a0 a\u2019 faicinn, ag iarraidh, biadh<\/td>\n<td width=\"227\">a\u2019 bhalaich, a\u2019 choin, a\u2019 ch\u00f2ta<\/td>\n<td width=\"230\">bhig, ghil\u00a0 (<em>fireannta<\/em>)<\/td>\n<\/tr>\n<tr>\n<td width=\"227\">na caileig, na seacaid<\/td>\n<td width=\"230\">bhig, ghil\u00a0\u00a0 (<em>boireannta<\/em>)<\/td>\n<\/tr>\n<tr>\n<td width=\"227\">na caileige, na seacaide<\/td>\n<td width=\"230\">bige, duibhe (traidiseanta)<\/td>\n<\/tr>\n<tr>\n<td colspan=\"3\" width=\"642\"><\/td>\n<\/tr>\n<tr>\n<td rowspan=\"2\" width=\"186\">\n<p align=\"center\"><em>c\u00f2rr is aon<\/em><\/p>\n<\/td>\n<td width=\"227\">caileagan, leabhraichean, coin<\/td>\n<td width=\"230\">beaga, geala, laghach<\/td>\n<\/tr>\n<tr>\n<td width=\"227\">balaich, bodaich, cait<\/td>\n<td width=\"230\">bheaga, gheala, gh\u00f2rach<\/td>\n<\/tr>\n<tr>\n<td colspan=\"3\" width=\"642\"><\/td>\n<\/tr>\n<tr>\n<td rowspan=\"2\" width=\"186\">aig, ri, le \u2026<\/td>\n<td width=\"227\">caileagan, leabhraichean, coin<\/td>\n<td width=\"230\">beaga, geala, laghach<\/td>\n<\/tr>\n<tr>\n<td width=\"227\">balaich, bodaich, cait<\/td>\n<td width=\"230\">bheaga, gheala, gh\u00f2rach<\/td>\n<\/tr>\n<tr>\n<td rowspan=\"3\" width=\"186\">ri taobh, air c\u00f9l, a\u2019 faicinn, ag iarraidh, biadh<\/td>\n<td width=\"227\">chaileagan, leabhraichean, bh\u00f9ithtean<\/td>\n<td width=\"230\">beaga, geala<\/td>\n<\/tr>\n<tr>\n<td width=\"227\">nan seacaidean, nan s\u00f9ilean<\/td>\n<td width=\"230\">fada, gorma<\/td>\n<\/tr>\n<tr>\n<td width=\"227\">nam balach, nan cat<\/td>\n<td width=\"230\">bheaga, mh\u00f2ra<\/td>\n<\/tr>\n<\/tbody>\n<\/table>\n","protected":false},"excerpt":{"rendered":"<p>Se\u00f2rsa Facal C\u00f2 ris a tha e coltach fireannta balach, leabhar, c\u00f9, c\u00f2ta beag, geal boireannta caileag, b\u00f9th, beinn, seacaid bheag, gheal air, aig, ris, anns, leis a\u2019 ch\u00f9, a\u2019 bh\u00f9th,\u00a0 an t-seacaid bheag, gheal (fir. &amp; boir.) ri taobh, air c\u00f9l,\u00a0 a\u2019 faicinn, ag iarraidh, biadh a\u2019 bhalaich, a\u2019 choin, a\u2019 ch\u00f2ta bhig, ghil\u00a0 [&hellip;]<\/p>\n","protected":false},"author":1,"featured_media":0,"parent":348,"menu_order":0,"comment_status":"open","ping_status":"open","template":"page-eisimpleirean.php","meta":{"inline_featured_image":false,"footnotes":""},"class_list":["post-527","page","type-page","status-publish","hentry","has-post-title","has-post-date","has-post-category","has-post-tag","has-post-comment","has-post-author",""],"builder_content":"","_links":{"self":[{"href":"https:\/\/storlann.co.uk\/mirean\/wp-json\/wp\/v2\/pages\/527","targetHints":{"allow":["GET"]}}],"collection":[{"href":"https:\/\/storlann.co.uk\/mirean\/wp-json\/wp\/v2\/pages"}],"about":[{"href":"https:\/\/storlann.co.uk\/mirean\/wp-json\/wp\/v2\/types\/page"}],"author":[{"embeddable":true,"href":"https:\/\/storlann.co.uk\/mirean\/wp-json\/wp\/v2\/users\/1"}],"replies":[{"embeddable":true,"href":"https:\/\/storlann.co.uk\/mirean\/wp-json\/wp\/v2\/comments?post=527"}],"version-history":[{"count":0,"href":"https:\/\/storlann.co.uk\/mirean\/wp-json\/wp\/v2\/pages\/527\/revisions"}],"up":[{"embeddable":true,"href":"https:\/\/storlann.co.uk\/mirean\/wp-json\/wp\/v2\/pages\/348"}],"wp:attachment":[{"href":"https:\/\/storlann.co.uk\/mirean\/wp-json\/wp\/v2\/media?parent=527"}],"curies":[{"name":"wp","href":"https:\/\/api.w.org\/{rel}","templated":true}]}}