{"id":523,"date":"2010-11-09T17:20:59","date_gmt":"2010-11-09T15:20:59","guid":{"rendered":"https:\/\/storlann.co.uk\/mirean\/?page_id=523"},"modified":"2018-01-09T17:11:59","modified_gmt":"2018-01-09T17:11:59","slug":"obair-ire-1","status":"publish","type":"page","link":"https:\/\/storlann.co.uk\/mirean\/clar-amais\/co-ris-a-tha-rud-no-neach-coltach\/balach-beag-nighean-mhor\/obair-ire-1\/","title":{"rendered":"Obair \u00ecre 1"},"content":{"rendered":"<div class=\"obair-ire-1-wrapper\">\n<p class=\"obair-ire1\"><em>Balach beag, nighean mh\u00f2r; leis a&#8217; bhalach bheag, anns a&#8217; bh\u00f9th mh\u00f2ir; earball a&#8217; chait chaoil; ri taobh na h-uinneig bhig\/na h-uinneige bige; caileagan m\u00f2ra, balaich bheaga<\/em><\/p>\n<h3>Gn\u00ecomhan<\/h3>\n<p><strong>Tha sin nas inntinniche!<\/strong><br \/>\n D\u00e8an suas paragraf gun bhuadhairean ann idir no cleachd p\u00ecos a-mach \u00e0 leabhar leis na buadhairean air an toirt a-mach. Feumaidh na sgoilearan am p\u00ecos sgr\u00ecobhaidh a dh\u00e8anamh nas inntinniche le bhith a\u2019 cleachdadh bhuadhairean a tha freagarrach.<\/p>\n<p>Bhiodh e math aon eisimpleir a dh\u00e8anamh air a\u2019 bh\u00f2rd gheal c\u00f2mhla agus, an uair sin, faodaidh na sgoilearan obrachadh c\u00f2mhla ri caraid air paragraf eile.<\/p>\n<p>Ma tha thu a\u2019 cleachdadh p\u00ecos a-mach \u00e0 leabhar, faodaidh tu sealltainn dhaibh na buadhairean a chleachd an sgr\u00ecobhadair aig an deireadh. A bheil iad a\u2019 cur iongnadh air a\u2019 chloinn?<\/p>\n<hr \/>\n<h3>\u00a0<\/h3>\n<h3>Cothroman tar-churraicealaim<\/h3>\n<p><strong>Ealain<\/strong><\/p>\n<p><span style=\"text-decoration: underline;\">\u00c8ist is d\u00e8an<\/span><br \/>\n Thoir p\u00ecos p\u00e0ipeir do gach sgoilear, m\u00ecnich rudeigin dhaibh, a\u2019 cleachdadh t\u00f2rr bhuadhairean, agus iarr orra dealbh a tharraing dheth.<\/p>\n<p>me Faodaidh tu sealladh a mh\u00ecneachadh.<\/p>\n<p>D\u00e8an dealbh de thaigh ann am meadhan a\u2019 ph\u00ecos p\u00e0ipeir agad.\u00a0 Tha d\u00e0 uinneig air. Tha na h-uinneagan m\u00f2r agus donn. Tha an doras \u00e0rd, gorm. Tha simileir air a\u2019 mhullach. Tha an similear leathann agus purpaidh. Tha ce\u00f2 ghlas a\u2019 tighinn \u00e0s.<\/p>\n<p>Air beulaibh an taighe tha c\u00f9 na shuidhe. Tha na cluasan aige fada, curlach agus dubh \u2026 msaa<\/p>\n<p>&nbsp;<\/p>\n<h3>\u00d2rain agus rannan (D\u00e8 thuirt thu?)<\/h3>\n<p>Am bodach beag annasach<br \/>\n Anns a\u2019 pholl<br \/>\n B\u00f2tannan dearg<br \/>\n C\u00f2ig luchainn bheaga gheala<br \/>\n C\u00f2ig uighean ann am basgaid<br \/>\n D\u00e8 tha anns a\u2019 bhogsa?<br \/>\n B\u00f9th MhicAmhlaidh<br \/>\n S\u00f9ilean dubha<br \/>\n Bradan beag is bradan m\u00f2r<br \/>\n Bodach-sneachda<br \/>\n Balach beag le c\u00f2ta gorm<br \/>\n Latha fliuch<br \/>\n A\u2019 ghrian mh\u00f2r bhuidhe<br \/>\n Nuair a bha mi na mo mhaighdinn<\/p>\n<p>&nbsp;<\/p>\n<\/div>\n","protected":false},"excerpt":{"rendered":"<p>Balach beag, nighean mh\u00f2r; leis a&#8217; bhalach bheag, anns a&#8217; bh\u00f9th mh\u00f2ir; earball a&#8217; chait chaoil; ri taobh na h-uinneig bhig\/na h-uinneige bige; caileagan m\u00f2ra, balaich bheaga Gn\u00ecomhan Tha sin nas inntinniche! D\u00e8an suas paragraf gun bhuadhairean ann idir no cleachd p\u00ecos a-mach \u00e0 leabhar leis na buadhairean air an toirt a-mach. Feumaidh na sgoilearan [&hellip;]<\/p>\n","protected":false},"author":1,"featured_media":0,"parent":348,"menu_order":28,"comment_status":"closed","ping_status":"closed","template":"","meta":{"inline_featured_image":false,"footnotes":""},"class_list":["post-523","page","type-page","status-publish","hentry","has-post-title","has-post-date","has-post-category","has-post-tag","has-post-comment","has-post-author",""],"builder_content":"","_links":{"self":[{"href":"https:\/\/storlann.co.uk\/mirean\/wp-json\/wp\/v2\/pages\/523","targetHints":{"allow":["GET"]}}],"collection":[{"href":"https:\/\/storlann.co.uk\/mirean\/wp-json\/wp\/v2\/pages"}],"about":[{"href":"https:\/\/storlann.co.uk\/mirean\/wp-json\/wp\/v2\/types\/page"}],"author":[{"embeddable":true,"href":"https:\/\/storlann.co.uk\/mirean\/wp-json\/wp\/v2\/users\/1"}],"replies":[{"embeddable":true,"href":"https:\/\/storlann.co.uk\/mirean\/wp-json\/wp\/v2\/comments?post=523"}],"version-history":[{"count":0,"href":"https:\/\/storlann.co.uk\/mirean\/wp-json\/wp\/v2\/pages\/523\/revisions"}],"up":[{"embeddable":true,"href":"https:\/\/storlann.co.uk\/mirean\/wp-json\/wp\/v2\/pages\/348"}],"wp:attachment":[{"href":"https:\/\/storlann.co.uk\/mirean\/wp-json\/wp\/v2\/media?parent=523"}],"curies":[{"name":"wp","href":"https:\/\/api.w.org\/{rel}","templated":true}]}}