{"id":521,"date":"2010-11-09T17:20:24","date_gmt":"2010-11-09T15:20:24","guid":{"rendered":"https:\/\/storlann.co.uk\/mirean\/?page_id=521"},"modified":"2018-01-09T17:12:11","modified_gmt":"2018-01-09T17:12:11","slug":"obair-ire-2","status":"publish","type":"page","link":"https:\/\/storlann.co.uk\/mirean\/clar-amais\/co-ris-a-tha-rud-no-neach-coltach\/balach-beag-nighean-mhor\/obair-ire-2\/","title":{"rendered":"Obair \u00ecre 2"},"content":{"rendered":"<div class=\"obair-ire-2-wrapper\">\n<p class=\"obair-ire2\"><em>Balach beag, nighean mh\u00f2r; leis a&#8217; bhalach bheag, anns a&#8217; bh\u00f9th mh\u00f2ir; earball a&#8217; chait chaoil; ri taobh na h-uinneig bhig\/na h-uinneige bige; caileagan m\u00f2ra, balaich bheaga<\/em><\/p>\n<h3>Gn\u00ecomhan<\/h3>\n<p><strong>Tha sin nas inntinniche!<\/strong><br \/>\n D\u00e8an suas paragraf gun bhuadhairean ann idir no cleachd p\u00ecos a-mach \u00e0 leabhar leis na buadhairean air an toirt a-mach. Feumaidh na sgoilearan am p\u00ecos sgr\u00ecobhaidh a dh\u00e8anamh nas inntinniche le bhith a\u2019 cleachdadh bhuadhairean a tha freagarrach.<\/p>\n<p>Bhiodh e math aon eisimpleir a dh\u00e8anamh air a\u2019 bh\u00f2rd gheal c\u00f2mhla agus, an uair sin, faodaidh na sgoilearan obrachadh c\u00f2mhla ri caraid air paragraf eile.<\/p>\n<p>Ma tha thu a\u2019 cleachdadh p\u00ecos a-mach \u00e0 leabhar, faodaidh tu sealltainn dhaibh na buadhairean a chleachd an sgr\u00ecobhadair aig an deireadh. A bheil iad a\u2019 cur iongnadh air a\u2019 chloinn?<\/p>\n<p>&nbsp;<\/p>\n<p><strong>Buadhairean<\/strong><\/p>\n<table border=\"1\" cellspacing=\"2\" cellpadding=\"0\">\n<tbody>\n<tr>\n<td valign=\"top\" width=\"133\">\n<p class=\"obair-ire2-table-bg\">blasta<\/p>\n<\/td>\n<td valign=\"top\" width=\"133\">m\u00f2r<\/td>\n<td valign=\"top\" width=\"133\">\n<p class=\"obair-ire2-table-bg\">domhainn<\/p>\n<\/td>\n<td valign=\"top\" width=\"133\">c\u00f2ir<\/td>\n<\/tr>\n<tr>\n<td valign=\"top\" width=\"133\">cunnartach<\/td>\n<td valign=\"top\" width=\"133\">\n<p class=\"obair-ire2-table-bg\">teth<\/p>\n<\/td>\n<td valign=\"top\" width=\"133\">milis<\/td>\n<td valign=\"top\" width=\"133\">\n<p class=\"obair-ire2-table-bg\">beag<\/p>\n<\/td>\n<\/tr>\n<tr>\n<td valign=\"top\" width=\"133\">\n<p class=\"obair-ire2-table-bg\">aosta<\/p>\n<\/td>\n<td valign=\"top\" width=\"133\">cuideachail<\/td>\n<td valign=\"top\" width=\"133\">\n<p class=\"obair-ire2-table-bg\">br\u00e8agha<\/p>\n<\/td>\n<td valign=\"top\" width=\"133\">tiugh<\/td>\n<\/tr>\n<tr>\n<td valign=\"top\" width=\"133\">trom<\/td>\n<td valign=\"top\" width=\"133\">\n<p class=\"obair-ire2-table-bg\">buidhe<\/p>\n<\/td>\n<td valign=\"top\" width=\"133\">gr\u00e0nda<\/td>\n<td valign=\"top\" width=\"133\">\n<p class=\"obair-ire2-table-bg\">fada<\/p>\n<\/td>\n<\/tr>\n<tr>\n<td valign=\"top\" width=\"133\">\n<p class=\"obair-ire2-table-bg\">ceart<\/p>\n<\/td>\n<td valign=\"top\" width=\"133\">daor<\/td>\n<td valign=\"top\" width=\"133\">\n<p class=\"obair-ire2-table-bg\">fasanta<\/p>\n<\/td>\n<td valign=\"top\" width=\"133\">dall<\/td>\n<\/tr>\n<\/tbody>\n<\/table>\n<p>&nbsp;<\/p>\n<p>Cleachd buadhair bhon liosta agus sgr\u00ecobh e anns an d\u00f2igh cheart an d\u00e8idh gach ainmeir.<\/p>\n<p><span style=\"text-decoration: underline;\">Cuimhnich <\/span><br \/>\n Balach <strong>beag \u00a0\u00a0\u00a0\u00a0\u00a0\u00a0\u00a0\u00a0\u00a0\u00a0\u00a0\u00a0\u00a0\u00a0\u00a0\u00a0\u00a0\u00a0 <\/strong>ach \u00a0\u00a0\u00a0\u00a0\u00a0\u00a0\u00a0\u00a0\u00a0\u00a0\u00a0\u00a0\u00a0\u00a0\u00a0\u00a0\u00a0\u00a0\u00a0\u00a0\u00a0\u00a0 nighean <strong>bheag<br \/>\n <\/strong>Taigh<strong> geal\u00a0\u00a0\u00a0\u00a0\u00a0\u00a0\u00a0\u00a0\u00a0\u00a0\u00a0\u00a0\u00a0\u00a0\u00a0\u00a0\u00a0\u00a0\u00a0\u00a0\u00a0\u00a0\u00a0\u00a0 <\/strong>ach \u00a0\u00a0\u00a0\u00a0\u00a0\u00a0\u00a0\u00a0\u00a0\u00a0\u00a0\u00a0\u00a0\u00a0\u00a0\u00a0\u00a0\u00a0\u00a0\u00a0\u00a0\u00a0 caora<strong> gheal<\/strong><\/p>\n<p><strong>\u00a0<\/strong><\/p>\n<p>Faodaidh tu na buadhairean a chleachdadh barrachd air aon turas.<\/p>\n<table border=\"1\" cellspacing=\"0\" cellpadding=\"0\">\n<tbody>\n<tr class=\"obair-ire2-table-bg\">\n<td valign=\"top\" width=\"295\">\n<p align=\"center\"><strong>Fireannta<\/strong><\/p>\n<\/td>\n<td valign=\"top\" width=\"295\">\n<p align=\"center\"><strong>Boireannta<\/strong><\/p>\n<\/td>\n<\/tr>\n<tr>\n<td valign=\"top\" width=\"295\">c\u00e0r<\/td>\n<td valign=\"top\" width=\"295\">br\u00f2g<\/td>\n<\/tr>\n<tr>\n<td valign=\"top\" width=\"295\">b\u00e0ta<\/td>\n<td valign=\"top\" width=\"295\">caileag<\/td>\n<\/tr>\n<tr>\n<td valign=\"top\" width=\"295\">doras<\/td>\n<td valign=\"top\" width=\"295\">duilleag<\/td>\n<\/tr>\n<tr>\n<td valign=\"top\" width=\"295\">loch<\/td>\n<td valign=\"top\" width=\"295\">piseag<\/td>\n<\/tr>\n<tr>\n<td valign=\"top\" width=\"295\">balach<\/td>\n<td valign=\"top\" width=\"295\">abhainn<\/td>\n<\/tr>\n<tr>\n<td valign=\"top\" width=\"295\">rathad<\/td>\n<td valign=\"top\" width=\"295\">tr\u00e0igh<\/td>\n<\/tr>\n<tr>\n<td valign=\"top\" width=\"295\">s\u00f9gh<\/td>\n<td valign=\"top\" width=\"295\">rionnag<\/td>\n<\/tr>\n<tr>\n<td valign=\"top\" width=\"295\">taigh<\/td>\n<td valign=\"top\" width=\"295\">deoch<\/td>\n<\/tr>\n<tr>\n<td valign=\"top\" width=\"295\">bodach<\/td>\n<td valign=\"top\" width=\"295\">sgoil<\/td>\n<\/tr>\n<tr>\n<td valign=\"top\" width=\"295\">iasg<\/td>\n<td valign=\"top\" width=\"295\">luch<\/td>\n<\/tr>\n<\/tbody>\n<\/table>\n<p><span style=\"text-decoration: underline;\">\u00a0<\/span><\/p>\n<p><strong>C\u00f2 ris a tha e coltach? <\/strong><br \/>\n Cuir suas dealbh air a\u2019 bh\u00f2rd gheal a tha ceangailte ri cuspair air a bheil sibh ag obair.<\/p>\n<p>Ann am buidhnean de thri\u00f9ir, far a bheil aon sgoilear na sgr\u00ecobhadair, aon na dhearbhadair agus aon a bhios a\u2019 bruidhinn, feumaidh iad smaoineachadh air buadhairean airson an dealbh a mh\u00ecneachadh.<\/p>\n<p>Cruinnich na beachdan aig na buidhnean air a\u2019 bh\u00f2rd gheal.<\/p>\n<p><strong>Leudachadh<\/strong><br \/>\n Faigh a-mach an ann fireannta no boireannta a tha an rud agus atharraich na buadhairean mar a tha e freagarrach.<\/p>\n<p><strong>D\u00e8 tha air do l\u00e0imh chl\u00ec\/ dheis?<\/strong><br \/>\n Cleachd mapaichean bhon eadar-l\u00econ agus thoir aon do gach sgoilear. C\u00f2mhla ri caraid, a\u2019 suidhe c\u00f9l ri ch\u00f9l, feumaidh aon sgoilear \u00f2rduighean a thoirt seachad, feumaidh an sgoilear eile na h-\u00f2rduighean a leantainn air a\u2019 mhapa aige fh\u00e8in agus, an d\u00e8idh sin, faighnichidh a\u2019 chiad sgoilear, \u201cD\u00e8 tha air do l\u00e0imh chl\u00ec \/dheis?\u201d<\/p>\n<\/div>\n","protected":false},"excerpt":{"rendered":"<p>Balach beag, nighean mh\u00f2r; leis a&#8217; bhalach bheag, anns a&#8217; bh\u00f9th mh\u00f2ir; earball a&#8217; chait chaoil; ri taobh na h-uinneig bhig\/na h-uinneige bige; caileagan m\u00f2ra, balaich bheaga Gn\u00ecomhan Tha sin nas inntinniche! D\u00e8an suas paragraf gun bhuadhairean ann idir no cleachd p\u00ecos a-mach \u00e0 leabhar leis na buadhairean air an toirt a-mach. Feumaidh na sgoilearan [&hellip;]<\/p>\n","protected":false},"author":1,"featured_media":0,"parent":348,"menu_order":29,"comment_status":"closed","ping_status":"closed","template":"","meta":{"inline_featured_image":false,"footnotes":""},"class_list":["post-521","page","type-page","status-publish","hentry","has-post-title","has-post-date","has-post-category","has-post-tag","has-post-comment","has-post-author",""],"builder_content":"","_links":{"self":[{"href":"https:\/\/storlann.co.uk\/mirean\/wp-json\/wp\/v2\/pages\/521","targetHints":{"allow":["GET"]}}],"collection":[{"href":"https:\/\/storlann.co.uk\/mirean\/wp-json\/wp\/v2\/pages"}],"about":[{"href":"https:\/\/storlann.co.uk\/mirean\/wp-json\/wp\/v2\/types\/page"}],"author":[{"embeddable":true,"href":"https:\/\/storlann.co.uk\/mirean\/wp-json\/wp\/v2\/users\/1"}],"replies":[{"embeddable":true,"href":"https:\/\/storlann.co.uk\/mirean\/wp-json\/wp\/v2\/comments?post=521"}],"version-history":[{"count":0,"href":"https:\/\/storlann.co.uk\/mirean\/wp-json\/wp\/v2\/pages\/521\/revisions"}],"up":[{"embeddable":true,"href":"https:\/\/storlann.co.uk\/mirean\/wp-json\/wp\/v2\/pages\/348"}],"wp:attachment":[{"href":"https:\/\/storlann.co.uk\/mirean\/wp-json\/wp\/v2\/media?parent=521"}],"curies":[{"name":"wp","href":"https:\/\/api.w.org\/{rel}","templated":true}]}}