{"id":517,"date":"2010-11-09T17:19:20","date_gmt":"2010-11-09T15:19:20","guid":{"rendered":"https:\/\/storlann.co.uk\/mirean\/?page_id=517"},"modified":"2018-01-09T17:10:12","modified_gmt":"2018-01-09T17:10:12","slug":"obair-ire-t","status":"publish","type":"page","link":"https:\/\/storlann.co.uk\/mirean\/clar-amais\/co-ris-a-tha-rud-no-neach-coltach\/tha-am-balach-beag\/obair-ire-t\/","title":{"rendered":"Obair \u00ecre T"},"content":{"rendered":"<div class=\"obair-ire-t-wrapper\">\n<p class=\"obair-ire-t\"><em>Tha am balach beag; tha a&#8217; chaileag m\u00f2r; tha na tr\u00e8anaichean luath.<\/em><\/p>\n<h3>Gn\u00ecomh<\/h3>\n<p><strong>Am Baga Seunta<\/strong><br \/>\n (Feely bag)<\/p>\n<p>Cuir diofar rudan ann am baga. Feumaidh aon sgoilear m\u00ecneachadh an rud a tha e a\u2019 faireachdainn anns a\u2019 bhaga, a\u2019 cleachdadh bhuadhairean. Feumaidh na sgoilearan eile\u00a0 tomhas d\u00e8 th\u2019 ann.<\/p>\n<p>me<br \/>\n \u201cTha an rud seo cruaidh, fuar&#8230;\u201d<\/p>\n<p>\u2019S d\u00f2cha gum feum thu a dhol thairis air buadhairean feumail aig an toiseach.<\/p>\n<p>&nbsp;<\/p>\n<hr \/>\n<h3>\u00a0<\/h3>\n<h3>Cothroman tar-churraicealaim<\/h3>\n<p><strong>Ealain<\/strong><\/p>\n<p><span style=\"text-decoration: underline;\">\u00c8ist is d\u00e8an<\/span><br \/>\n Thoir p\u00ecos p\u00e0ipeir do gach sgoilear, m\u00ecnich rudeigin dhaibh, a\u2019 cleachdadh t\u00f2rr bhuadhairean, agus iarr orra dealbh a tharraing dheth.<\/p>\n<p>me Faodaidh tu sealladh a mh\u00ecneachadh.<\/p>\n<p>D\u00e8an dealbh de thaigh ann am meadhan a\u2019 ph\u00ecos p\u00e0ipeir agad.\u00a0 Tha d\u00e0 uinneig air. Tha na h-uinneagan m\u00f2r agus donn. Tha an doras \u00e0rd, gorm. Tha simileir air a\u2019 mhullach. Tha an similear leathann agus purpaidh. Tha ce\u00f2 ghlas a\u2019 tighinn \u00e0s.<\/p>\n<p>Air beulaibh an taighe tha c\u00f9 na shuidhe. Tha na cluasan aige fada, curlach agus dubh \u2026 msaa<\/p>\n<p>&nbsp;<\/p>\n<hr \/>\n<p>&nbsp;<\/p>\n<h3>\u00d2rain agus rannan (D\u00e8 thuirt thu?)<\/h3>\n<p>Tha mo ch\u00f2ta bog fliuch<br \/>\n Tha mise m\u00f2r, tha \u2019n luchag beag<\/p>\n<p>&nbsp;<\/p>\n<\/div>\n","protected":false},"excerpt":{"rendered":"<p>Tha am balach beag; tha a&#8217; chaileag m\u00f2r; tha na tr\u00e8anaichean luath. Gn\u00ecomh Am Baga Seunta (Feely bag) Cuir diofar rudan ann am baga. Feumaidh aon sgoilear m\u00ecneachadh an rud a tha e a\u2019 faireachdainn anns a\u2019 bhaga, a\u2019 cleachdadh bhuadhairean. Feumaidh na sgoilearan eile\u00a0 tomhas d\u00e8 th\u2019 ann. me \u201cTha an rud seo cruaidh, [&hellip;]<\/p>\n","protected":false},"author":1,"featured_media":0,"parent":350,"menu_order":4,"comment_status":"closed","ping_status":"closed","template":"","meta":{"inline_featured_image":false,"footnotes":""},"class_list":["post-517","page","type-page","status-publish","hentry","has-post-title","has-post-date","has-post-category","has-post-tag","has-post-comment","has-post-author",""],"builder_content":"","_links":{"self":[{"href":"https:\/\/storlann.co.uk\/mirean\/wp-json\/wp\/v2\/pages\/517","targetHints":{"allow":["GET"]}}],"collection":[{"href":"https:\/\/storlann.co.uk\/mirean\/wp-json\/wp\/v2\/pages"}],"about":[{"href":"https:\/\/storlann.co.uk\/mirean\/wp-json\/wp\/v2\/types\/page"}],"author":[{"embeddable":true,"href":"https:\/\/storlann.co.uk\/mirean\/wp-json\/wp\/v2\/users\/1"}],"replies":[{"embeddable":true,"href":"https:\/\/storlann.co.uk\/mirean\/wp-json\/wp\/v2\/comments?post=517"}],"version-history":[{"count":0,"href":"https:\/\/storlann.co.uk\/mirean\/wp-json\/wp\/v2\/pages\/517\/revisions"}],"up":[{"embeddable":true,"href":"https:\/\/storlann.co.uk\/mirean\/wp-json\/wp\/v2\/pages\/350"}],"wp:attachment":[{"href":"https:\/\/storlann.co.uk\/mirean\/wp-json\/wp\/v2\/media?parent=517"}],"curies":[{"name":"wp","href":"https:\/\/api.w.org\/{rel}","templated":true}]}}