{"id":508,"date":"2010-11-09T14:19:10","date_gmt":"2010-11-09T12:19:10","guid":{"rendered":"https:\/\/storlann.co.uk\/mirean\/?page_id=508"},"modified":"2011-11-03T17:34:53","modified_gmt":"2011-11-03T17:34:53","slug":"eisimpleir","status":"publish","type":"page","link":"https:\/\/storlann.co.uk\/mirean\/clar-amais\/rudan\/adan-brogan-sraidean-corr-is-aon\/eisimpleir\/","title":{"rendered":"Eisimpleirean"},"content":{"rendered":"<table class=\"eisimpleirean-t\" title=\"This table contains useage examples\" width=\"100%\" border=\"1\" cellspacing=\"0\" cellpadding=\"0\">\n<tbody>\n<tr class=\"eisimpleirean-t-h\">\n<td colspan=\"6\" valign=\"top\">\n<p align=\"center\"><strong><em>Faclan fireanta<\/em><\/strong><\/p>\n<\/td>\n<\/tr>\n<tr>\n<td valign=\"top\">\n<p align=\"center\"><strong>Am facal<\/strong><\/p>\n<\/td>\n<td valign=\"top\" width=\"97\">\n<p align=\"center\"><strong>air, anns<\/strong><\/p>\n<\/td>\n<td valign=\"top\" width=\"119\">\n<p align=\"center\"><strong>ri taobh<\/strong><\/p>\n<\/td>\n<td colspan=\"2\" valign=\"top\" width=\"144\">\n<p align=\"center\"><strong>C\u00f2rr is aon<\/strong><\/p>\n<\/td>\n<td valign=\"top\" width=\"192\">\n<p align=\"center\"><strong>a&#8217; coimhead<\/strong><\/p>\n<\/td>\n<\/tr>\n<tr class=\"eisimpleirean-t-h\">\n<td colspan=\"6\" valign=\"top\">\n<p align=\"center\"><em>Faclan a&#8217; t\u00f2iseachadh le b, c, g, m, p<br \/>\n<\/em><\/p>\n<\/td>\n<\/tr>\n<tr>\n<td valign=\"top\">am bus<\/td>\n<td valign=\"top\" width=\"97\">a&#8217; bhus<\/td>\n<td valign=\"top\" width=\"119\">a&#8217; bhus<\/td>\n<td colspan=\"2\" valign=\"top\" width=\"144\">na busaichean<\/td>\n<td valign=\"top\" width=\"192\">nam busaichean<\/td>\n<\/tr>\n<tr>\n<td valign=\"top\">an c\u00e0r<\/td>\n<td valign=\"top\" width=\"97\">a&#8217; ch\u00e0r<\/td>\n<td valign=\"top\" width=\"119\">a&#8217; ch\u00e0ir<\/td>\n<td colspan=\"2\" valign=\"top\" width=\"144\">na c\u00e0raichean<\/td>\n<td valign=\"top\" width=\"192\">nan c\u00e0raichean<\/td>\n<\/tr>\n<tr>\n<td valign=\"top\">an cladach<\/td>\n<td valign=\"top\" width=\"97\">a&#8217; chladach<\/td>\n<td valign=\"top\" width=\"119\">a&#8217; chladaich<\/td>\n<td colspan=\"2\" valign=\"top\" width=\"144\">na cladaichean<\/td>\n<td valign=\"top\" width=\"192\">nan cladaichean<\/td>\n<\/tr>\n<tr>\n<td valign=\"top\">an g\u00e0radh<\/td>\n<td valign=\"top\" width=\"97\">a&#8217; gh\u00e0radh<\/td>\n<td valign=\"top\" width=\"119\">a&#8217; gh\u00e0raidh<\/td>\n<td colspan=\"2\" valign=\"top\" width=\"144\">na g\u00e0raidhean<\/td>\n<td valign=\"top\" width=\"192\">nan g\u00e0raidhean<\/td>\n<\/tr>\n<tr>\n<td valign=\"top\">am monadh<\/td>\n<td valign=\"top\" width=\"97\">a&#8217; mhonadh<\/td>\n<td valign=\"top\" width=\"119\">a&#8217; mhonaidh<\/td>\n<td colspan=\"2\" valign=\"top\" width=\"144\">na monaidhean<\/td>\n<td valign=\"top\" width=\"192\">nam monaidhean<\/td>\n<\/tr>\n<tr>\n<td valign=\"top\">am p\u00e0ipear<\/td>\n<td valign=\"top\" width=\"97\">a&#8217; ph\u00e0ipear<\/td>\n<td valign=\"top\" width=\"119\">a&#8217; ph\u00e0ipeir<\/td>\n<td colspan=\"2\" valign=\"top\" width=\"144\">na p\u00e0ipearan<\/td>\n<td valign=\"top\" width=\"192\">nam p\u00e0ipearan<\/td>\n<\/tr>\n<tr>\n<td colspan=\"6\" valign=\"top\">\n<p align=\"center\"><em>Faclan a&#8217; t\u00f2iseachadh le b, c, g, m, p<br \/>\n<\/em><\/p>\n<\/td>\n<\/tr>\n<tr>\n<td valign=\"top\">am b\u00f2rd<\/td>\n<td valign=\"top\" width=\"97\">a&#8217; bh\u00f2rd<\/td>\n<td valign=\"top\" width=\"119\">a&#8217; bh\u00f9ird<\/td>\n<td colspan=\"2\" valign=\"top\" width=\"144\">na b\u00f9ird<\/td>\n<td valign=\"top\" width=\"192\">nam b\u00f2rd<\/td>\n<\/tr>\n<tr>\n<td valign=\"top\">am balach<\/td>\n<td valign=\"top\" width=\"97\">a&#8217; bhalach<\/td>\n<td valign=\"top\" width=\"119\">a&#8217; bhalaich<\/td>\n<td colspan=\"2\" valign=\"top\" width=\"144\">na balaich<\/td>\n<td valign=\"top\" width=\"192\">nam balach<\/td>\n<\/tr>\n<tr>\n<td valign=\"top\">an cat<\/td>\n<td valign=\"top\" width=\"97\">a&#8217; chat<\/td>\n<td valign=\"top\" width=\"119\">a&#8217; chait<\/td>\n<td colspan=\"2\" valign=\"top\" width=\"144\">na cait<\/td>\n<td valign=\"top\" width=\"192\">nan cat<\/td>\n<\/tr>\n<tr>\n<td valign=\"top\">an cnoc<\/td>\n<td valign=\"top\" width=\"97\">a&#8217; chnoc<\/td>\n<td valign=\"top\" width=\"119\">a&#8217; chnuic<\/td>\n<td colspan=\"2\" valign=\"top\" width=\"144\">na cnuic<\/td>\n<td valign=\"top\" width=\"192\">nan cnoc<\/td>\n<\/tr>\n<tr>\n<td valign=\"top\">am mullach<\/td>\n<td valign=\"top\" width=\"97\">a&#8217; mhullach<\/td>\n<td valign=\"top\" width=\"119\">a&#8217; mhullaich<\/td>\n<td colspan=\"2\" valign=\"top\" width=\"144\">na mullaich<\/td>\n<td valign=\"top\" width=\"192\">nam mullach<\/td>\n<\/tr>\n<tr>\n<td valign=\"top\">am post<\/td>\n<td valign=\"top\" width=\"97\">a&#8217; phost<\/td>\n<td valign=\"top\" width=\"119\">a&#8217; phuist<\/td>\n<td colspan=\"2\" valign=\"top\" width=\"144\">na puist<\/td>\n<td valign=\"top\" width=\"192\">nam post<\/td>\n<\/tr>\n<tr class=\"eisimpleirean-t-h\">\n<td colspan=\"6\" valign=\"top\">\n<p align=\"center\"><em>Faclan a&#8217; t\u00f2iseachadh le d, t, l, n, r, sg, sm, sp, st<\/em><\/p>\n<\/td>\n<\/tr>\n<tr>\n<td valign=\"top\">an doras<\/td>\n<td valign=\"top\" width=\"97\">an doras<\/td>\n<td valign=\"top\" width=\"119\">an dorais<\/td>\n<td colspan=\"2\" valign=\"top\" width=\"144\">na dorsan<\/td>\n<td valign=\"top\" width=\"192\">nan dorsan<\/td>\n<\/tr>\n<tr>\n<td valign=\"top\">an taigh<\/td>\n<td valign=\"top\" width=\"97\">an taigh<\/td>\n<td valign=\"top\" width=\"119\">an taighe<\/td>\n<td colspan=\"2\" valign=\"top\" width=\"144\">na taighean<\/td>\n<td valign=\"top\" width=\"192\">nan taighean<\/td>\n<\/tr>\n<tr>\n<td valign=\"top\">an leabhar<\/td>\n<td valign=\"top\" width=\"97\">an leabhar<\/td>\n<td valign=\"top\" width=\"119\">an leabhair<\/td>\n<td colspan=\"2\" valign=\"top\" width=\"144\">na leabhraichean<\/td>\n<td valign=\"top\" width=\"192\">nan leabhraichean<\/td>\n<\/tr>\n<tr>\n<td valign=\"top\">an nead<\/td>\n<td valign=\"top\" width=\"97\">an nead<\/td>\n<td valign=\"top\" width=\"119\">an nid<\/td>\n<td colspan=\"2\" valign=\"top\" width=\"144\">na neadan<\/td>\n<td valign=\"top\" width=\"192\">nan neadan<\/td>\n<\/tr>\n<tr>\n<td valign=\"top\">an rathad<\/td>\n<td valign=\"top\" width=\"97\">an rathad<\/td>\n<td valign=\"top\" width=\"119\">an rathaid<\/td>\n<td colspan=\"2\" valign=\"top\" width=\"144\">na rathaidean<\/td>\n<td valign=\"top\" width=\"192\">nan rathaidean<\/td>\n<\/tr>\n<tr>\n<td valign=\"top\">an sgioba<\/td>\n<td valign=\"top\" width=\"97\">an sgioba<\/td>\n<td valign=\"top\" width=\"119\">an sgioba<\/td>\n<td colspan=\"2\" valign=\"top\" width=\"144\">na sgiobaidhean<\/td>\n<td valign=\"top\" width=\"192\">nan sgiobaidhean<\/td>\n<\/tr>\n<tr>\n<td valign=\"top\">an smuain<\/td>\n<td valign=\"top\" width=\"97\">an smuain<\/td>\n<td valign=\"top\" width=\"119\">an smuain<\/td>\n<td colspan=\"2\" valign=\"top\" width=\"144\">na smuaintean<\/td>\n<td valign=\"top\" width=\"192\">nan smuaiantean<\/td>\n<\/tr>\n<tr>\n<td valign=\"top\">an sporan<\/td>\n<td valign=\"top\" width=\"97\">an sporan<\/td>\n<td valign=\"top\" width=\"119\">an sporain<\/td>\n<td colspan=\"2\" valign=\"top\" width=\"144\">na sporain<\/td>\n<td valign=\"top\" width=\"192\">nan sporan<\/td>\n<\/tr>\n<tr>\n<td valign=\"top\">an st\u00e8isean<\/td>\n<td valign=\"top\" width=\"97\">an st\u00e8isean<\/td>\n<td valign=\"top\" width=\"119\">an st\u00e8isein<\/td>\n<td colspan=\"2\" valign=\"top\" width=\"144\">na st\u00e8iseanan<\/td>\n<td valign=\"top\" width=\"192\">nan st\u00e8iseanan<\/td>\n<\/tr>\n<tr class=\"eisimpleirean-t-h\">\n<td colspan=\"6\" valign=\"top\">\n<p align=\"center\"><em>Faclan a&#8217; t\u00f2iseachadh le s + a\/e\/i\/o\/u, s + l, n, r<\/em><\/p>\n<\/td>\n<\/tr>\n<tr>\n<td valign=\"top\">an s\u00e8ithear<\/td>\n<td valign=\"top\" width=\"97\">an t-s\u00e8ithear<\/td>\n<td colspan=\"2\" valign=\"top\" width=\"119\">an t-s\u00e8itheir<\/td>\n<td valign=\"top\" width=\"138\">na s\u00e8ithrichean<\/td>\n<td valign=\"top\" width=\"192\">nan s\u00e8ithrichean<\/td>\n<\/tr>\n<tr>\n<td valign=\"top\">an sligeanach<\/td>\n<td valign=\"top\" width=\"97\">an t-sligeanach<\/td>\n<td colspan=\"2\" valign=\"top\" width=\"119\">an t-sligeanaich<\/td>\n<td valign=\"top\" width=\"138\">na sligeanaich<\/td>\n<td valign=\"top\" width=\"192\">nan sligeanach<\/td>\n<\/tr>\n<tr>\n<td valign=\"top\">an snaidhm<\/td>\n<td valign=\"top\" width=\"97\">an t-snaidhm<\/td>\n<td colspan=\"2\" valign=\"top\" width=\"119\">an t-snaidhm<\/td>\n<td valign=\"top\" width=\"138\">na snaidhmean<\/td>\n<td valign=\"top\" width=\"192\">nan snaidhmean<\/td>\n<\/tr>\n<tr>\n<td valign=\"top\">an sruth<\/td>\n<td valign=\"top\" width=\"97\">an t-sruth<\/td>\n<td colspan=\"2\" valign=\"top\" width=\"119\">an t-sruth(a)<\/td>\n<td valign=\"top\" width=\"138\">na sruthan<\/td>\n<td valign=\"top\" width=\"192\">nan sruthan<\/td>\n<\/tr>\n<tr class=\"eisimpleirean-t-h\">\n<td colspan=\"6\" valign=\"top\">\n<p align=\"center\"><em>Faclan a&#8217; t\u00f2iseachadh le a\/e\/i\/o\/u<\/em><\/p>\n<\/td>\n<\/tr>\n<tr>\n<td valign=\"top\">an t-\u00e0ite<\/td>\n<td valign=\"top\" width=\"97\">an \u00e0ite<\/td>\n<td colspan=\"2\" valign=\"top\" width=\"119\">an \u00e0ite<\/td>\n<td valign=\"top\" width=\"138\">na h-\u00e0itichean<\/td>\n<td valign=\"top\" width=\"192\">nan \u00e0itichean<\/td>\n<\/tr>\n<tr>\n<td valign=\"top\">an t-eilean<\/td>\n<td valign=\"top\" width=\"97\">an eilean<\/td>\n<td colspan=\"2\" valign=\"top\" width=\"119\">an eilein<\/td>\n<td valign=\"top\" width=\"138\">na h-eileanan<\/td>\n<td valign=\"top\" width=\"192\">nan eileanan<\/td>\n<\/tr>\n<tr>\n<td valign=\"top\">an t-isean<\/td>\n<td valign=\"top\" width=\"97\">an isean<\/td>\n<td colspan=\"2\" valign=\"top\" width=\"119\">an isein<\/td>\n<td valign=\"top\" width=\"138\">na h-iseanan<\/td>\n<td valign=\"top\" width=\"192\">nan iseanan<\/td>\n<\/tr>\n<tr>\n<td valign=\"top\">an t-\u00f2rd<\/td>\n<td valign=\"top\" width=\"97\">an \u00f2rd<\/td>\n<td colspan=\"2\" valign=\"top\" width=\"119\">an \u00f9ird<\/td>\n<td valign=\"top\" width=\"138\">na h-\u00f9ird<\/td>\n<td valign=\"top\" width=\"192\">nan \u00f2rd<\/td>\n<\/tr>\n<tr>\n<td valign=\"top\">an t-ubhal<\/td>\n<td valign=\"top\" width=\"97\">an ubhal<\/td>\n<td colspan=\"2\" valign=\"top\" width=\"119\">an ubhail<\/td>\n<td valign=\"top\" width=\"138\">na h-\u00f9bhlan<\/td>\n<td valign=\"top\" width=\"192\">nan \u00f9bhlan<\/td>\n<\/tr>\n<tr class=\"eisimpleirean-t-h\">\n<td colspan=\"6\" valign=\"top\">\n<p align=\"center\"><em>Faclan a&#8217; t\u00f2iseachadh le f<\/em><\/p>\n<\/td>\n<\/tr>\n<tr>\n<td rowspan=\"2\" valign=\"top\">am facal<\/td>\n<td rowspan=\"2\" valign=\"top\">an fhacal<\/td>\n<td rowspan=\"2\" colspan=\"2\" valign=\"top\">an fhacail<\/td>\n<td valign=\"top\" width=\"138\">na faclan<\/td>\n<td valign=\"top\" width=\"192\">nam faclan<\/td>\n<\/tr>\n<tr>\n<td valign=\"top\" width=\"138\">na facail<\/td>\n<td valign=\"top\" width=\"192\">nam facal<\/td>\n<\/tr>\n<tr>\n<td valign=\"top\">am feadan<\/td>\n<td valign=\"top\">an fheadan<\/td>\n<td colspan=\"2\" valign=\"top\">an fheadain<\/td>\n<td valign=\"top\" width=\"138\">na feadain<\/td>\n<td valign=\"top\" width=\"192\">nam feadan<\/td>\n<\/tr>\n<tr>\n<td valign=\"top\">am fl\u00f9r<\/td>\n<td valign=\"top\">an fhl\u00f9r<\/td>\n<td colspan=\"2\" valign=\"top\">an fhl\u00f9ir<\/td>\n<td valign=\"top\" width=\"138\">na fl\u00f9raichean<\/td>\n<td valign=\"top\" width=\"192\">nam fl\u00f9raichean<\/td>\n<\/tr>\n<tr>\n<td valign=\"top\">am Frangach<\/td>\n<td valign=\"top\">an Fhrangach<\/td>\n<td colspan=\"2\" valign=\"top\">an Fhrangaich<\/td>\n<td valign=\"top\" width=\"138\">na Frangaich<\/td>\n<td valign=\"top\" width=\"192\">nam Frangach<\/td>\n<\/tr>\n<tr class=\"eisimpleirean-t-h\">\n<td colspan=\"6\" valign=\"top\">\n<p align=\"center\"><em>Faclan neo-riaghailteach<\/em><\/p>\n<\/td>\n<\/tr>\n<tr>\n<td colspan=\"2\" valign=\"top\">athair, br\u00e0thair, c\u00f9, muir<\/td>\n<td colspan=\"4\" valign=\"top\">taigh athar, c\u00f9 mo bhr\u00e0thar, earball coin, turas mara<\/td>\n<\/tr>\n<\/tbody>\n<\/table>\n","protected":false},"excerpt":{"rendered":"<p>Faclan fireanta Am facal air, anns ri taobh C\u00f2rr is aon a&#8217; coimhead Faclan a&#8217; t\u00f2iseachadh le b, c, g, m, p am bus a&#8217; bhus a&#8217; bhus na busaichean nam busaichean an c\u00e0r a&#8217; ch\u00e0r a&#8217; ch\u00e0ir na c\u00e0raichean nan c\u00e0raichean an cladach a&#8217; chladach a&#8217; chladaich na cladaichean nan cladaichean an g\u00e0radh a&#8217; [&hellip;]<\/p>\n","protected":false},"author":1,"featured_media":0,"parent":334,"menu_order":2,"comment_status":"open","ping_status":"open","template":"page-eisimpleirean.php","meta":{"inline_featured_image":false,"footnotes":""},"class_list":["post-508","page","type-page","status-publish","hentry","has-post-title","has-post-date","has-post-category","has-post-tag","has-post-comment","has-post-author",""],"builder_content":"","_links":{"self":[{"href":"https:\/\/storlann.co.uk\/mirean\/wp-json\/wp\/v2\/pages\/508","targetHints":{"allow":["GET"]}}],"collection":[{"href":"https:\/\/storlann.co.uk\/mirean\/wp-json\/wp\/v2\/pages"}],"about":[{"href":"https:\/\/storlann.co.uk\/mirean\/wp-json\/wp\/v2\/types\/page"}],"author":[{"embeddable":true,"href":"https:\/\/storlann.co.uk\/mirean\/wp-json\/wp\/v2\/users\/1"}],"replies":[{"embeddable":true,"href":"https:\/\/storlann.co.uk\/mirean\/wp-json\/wp\/v2\/comments?post=508"}],"version-history":[{"count":0,"href":"https:\/\/storlann.co.uk\/mirean\/wp-json\/wp\/v2\/pages\/508\/revisions"}],"up":[{"embeddable":true,"href":"https:\/\/storlann.co.uk\/mirean\/wp-json\/wp\/v2\/pages\/334"}],"wp:attachment":[{"href":"https:\/\/storlann.co.uk\/mirean\/wp-json\/wp\/v2\/media?parent=508"}],"curies":[{"name":"wp","href":"https:\/\/api.w.org\/{rel}","templated":true}]}}