{"id":504,"date":"2010-11-09T14:18:27","date_gmt":"2010-11-09T12:18:27","guid":{"rendered":"https:\/\/storlann.co.uk\/mirean\/?page_id=504"},"modified":"2018-01-09T17:06:37","modified_gmt":"2018-01-09T17:06:37","slug":"obair-ire-1","status":"publish","type":"page","link":"https:\/\/storlann.co.uk\/mirean\/clar-amais\/rudan\/adan-brogan-sraidean-corr-is-aon\/obair-ire-1\/","title":{"rendered":"Obair \u00ecre 1"},"content":{"rendered":"<p class=\"obair-ire1\"><em>adan, br\u00f2gan, sr\u00e0idean; c\u00e0raichean, litrichean; balaich, solais, pinn; ri balaich, bogsa mhaidsichean; na balaich, na h-adan; do na bodaich, le na h-adan; taigh-beag nan gillean; Radio nan G\u00e0idheal<\/em><\/p>\n<h3>\u00a0<\/h3>\n<p>Thig dhan a\u2019 chlas le truinnsear l\u00e0n orainsearan. Faighnich do na sgoilearan, \u201cD\u00e8 tha air an truinnsear?\u201d Bu ch\u00f2ir dhaibh \u201cOrainsearan\u201d a r\u00e0dh.<\/p>\n<p>Tog suas aon dhiubh agus faighnich \u201cD\u00e8 th\u2019 agam an seo?\u201d \u201cOrainsear.\u201d<\/p>\n<p>Faighnich dhaibh d\u00e8 an diofar eadar na facail: ie <strong>\u2018-an\u2019<\/strong> aig an deireadh.<\/p>\n<p>D\u00e8an d\u00e0 cholbh air a\u2019 bh\u00f2rd gheal agus cuir facail a tha a\u2019 leantainn an aon ph\u00e0tran anns a\u2019 chiad cholbh, agus feumaidh iadsan, le taic, an d\u00e0rna colbh a l\u00econadh.\u00a0 Cuir loidhne fon deireadh gus an seas e a-mach.<\/p>\n<table border=\"1\" cellspacing=\"0\" cellpadding=\"0\">\n<tbody>\n<tr>\n<td valign=\"top\" width=\"295\">\n<p align=\"center\"><strong>Orainsear<\/strong><br \/>\n <strong>Br\u00f2g<\/strong><br \/>\n <strong>Duilleag<\/strong><br \/>\n <strong>Cluas<\/strong><br \/>\n <strong>Tunnag<\/strong><\/p>\n<\/td>\n<td valign=\"top\" width=\"295\">\n<p align=\"center\">Orainsear<span style=\"text-decoration: underline;\">an<\/span><br \/>\n br\u00f2g<span style=\"text-decoration: underline;\">an<\/span><\/p>\n<\/td>\n<\/tr>\n<\/tbody>\n<\/table>\n<p>&nbsp;<\/p>\n<div class=\"reading-box\">\n<h3>Leughadh<\/h3>\n<p>Leugh sgeulachd dhan a\u2019 chlas. Feumaidh iad na basan aca a bhualadh nuair a tha iad a\u2019 cluinntinn facal a tha a\u2019 ciallachadh c\u00f2rr is aon rud.<\/p>\n<\/div>\n<p>&nbsp;<\/p>\n","protected":false},"excerpt":{"rendered":"<p>adan, br\u00f2gan, sr\u00e0idean; c\u00e0raichean, litrichean; balaich, solais, pinn; ri balaich, bogsa mhaidsichean; na balaich, na h-adan; do na bodaich, le na h-adan; taigh-beag nan gillean; Radio nan G\u00e0idheal \u00a0 Thig dhan a\u2019 chlas le truinnsear l\u00e0n orainsearan. Faighnich do na sgoilearan, \u201cD\u00e8 tha air an truinnsear?\u201d Bu ch\u00f2ir dhaibh \u201cOrainsearan\u201d a r\u00e0dh. Tog suas aon [&hellip;]<\/p>\n","protected":false},"author":1,"featured_media":0,"parent":334,"menu_order":8,"comment_status":"closed","ping_status":"closed","template":"","meta":{"inline_featured_image":false,"footnotes":""},"class_list":["post-504","page","type-page","status-publish","hentry","has-post-title","has-post-date","has-post-category","has-post-tag","has-post-comment","has-post-author",""],"builder_content":"","_links":{"self":[{"href":"https:\/\/storlann.co.uk\/mirean\/wp-json\/wp\/v2\/pages\/504","targetHints":{"allow":["GET"]}}],"collection":[{"href":"https:\/\/storlann.co.uk\/mirean\/wp-json\/wp\/v2\/pages"}],"about":[{"href":"https:\/\/storlann.co.uk\/mirean\/wp-json\/wp\/v2\/types\/page"}],"author":[{"embeddable":true,"href":"https:\/\/storlann.co.uk\/mirean\/wp-json\/wp\/v2\/users\/1"}],"replies":[{"embeddable":true,"href":"https:\/\/storlann.co.uk\/mirean\/wp-json\/wp\/v2\/comments?post=504"}],"version-history":[{"count":0,"href":"https:\/\/storlann.co.uk\/mirean\/wp-json\/wp\/v2\/pages\/504\/revisions"}],"up":[{"embeddable":true,"href":"https:\/\/storlann.co.uk\/mirean\/wp-json\/wp\/v2\/pages\/334"}],"wp:attachment":[{"href":"https:\/\/storlann.co.uk\/mirean\/wp-json\/wp\/v2\/media?parent=504"}],"curies":[{"name":"wp","href":"https:\/\/api.w.org\/{rel}","templated":true}]}}