{"id":499,"date":"2010-11-09T14:17:24","date_gmt":"2010-11-09T12:17:24","guid":{"rendered":"https:\/\/storlann.co.uk\/mirean\/?page_id=499"},"modified":"2018-01-09T17:06:54","modified_gmt":"2018-01-09T17:06:54","slug":"obair-ire-2","status":"publish","type":"page","link":"https:\/\/storlann.co.uk\/mirean\/clar-amais\/rudan\/adan-brogan-sraidean-corr-is-aon\/obair-ire-2\/","title":{"rendered":"Obair \u00ecre 2"},"content":{"rendered":"<p class=\"obair-ire2\"><em>adan, br\u00f2gan, sr\u00e0idean; c\u00e0raichean, litrichean; balaich, solais, pinn; ri balaich, bogsa mhaidsichean; na balaich, na h-adan; do na bodaich, le na h-adan; taigh-beag nan gillean; Radio nan G\u00e0idheal<\/em><\/p>\n<h3>A\u2019 faicinn ph\u00e0train ann am faclan<\/h3>\n<p>Ag obair c\u00f2mhla ri caraid, iarr air na sgoilearan na facail airson c\u00f2rr is aon rud , bho na leabhraichean leughaidh aca, a sgr\u00ecobhadh s\u00ecos air p\u00ecosan beaga p\u00e0ipeir. (Faodaidh tu seo a dh\u00e8anamh mar chlas ged a tha diofar bhuidhnean air diofar leabhraichean.)<\/p>\n<p>Nuair a tha iad deiseil dhen sin, d\u00e8an colbhan air a\u2019 bh\u00f2rd gheal. Iarr air a\u2019 chiad dithis aon de na faclan aca, me nigheanan. Cuir <strong>\u2013(e)an<\/strong>\u00a0 aig mullach a\u2019 chiad\u00a0 cholbh agus faighnich dha na buidhnean eile a bheil facail aca a\u2019 cr\u00ecochnachadh leis an aon ph\u00e0tran. Faodaidh iad tighinn suas agus na p\u00ecosan p\u00e0ipeir a chur anns a\u2019 cholbh sin le blu-tac.<\/p>\n<p>Iarr air na buidhnean diofar dheiridhean agus c\u00f9m a\u2019 dol mar seo.<\/p>\n<p>me<\/p>\n<table border=\"1\" cellspacing=\"0\" cellpadding=\"0\">\n<tbody>\n<tr class=\"obair-ire2-tr-heading\">\n<td valign=\"top\" width=\"114\">\n<p align=\"center\"><strong>-(e)an<\/strong><\/p>\n<\/td>\n<td valign=\"top\" width=\"114\">\n<p align=\"center\"><strong>-(a)ichean<\/strong><\/p>\n<\/td>\n<td valign=\"top\" width=\"114\">\n<p align=\"center\"><strong>-(e)annan<\/strong><\/p>\n<\/td>\n<td valign=\"top\" width=\"114\">\n<p align=\"center\"><strong>-(a)idhean<\/strong><\/p>\n<\/td>\n<td valign=\"top\" width=\"114\">\n<p align=\"center\"><strong>Gu tur eadar-dhealaichte<\/strong><\/p>\n<\/td>\n<\/tr>\n<tr>\n<td valign=\"top\" width=\"114\">nigheanan<br \/>\n br\u00f2gan<br \/>\n mucan<br \/>\n taighean\u00a0<\/td>\n<td valign=\"top\" width=\"114\">c\u00e0raichean<\/td>\n<td valign=\"top\" width=\"114\">d\u00f9thchannan<\/td>\n<td valign=\"top\" width=\"114\">cogaidhean<br \/>\n g\u00e0raidhean<\/td>\n<td valign=\"top\" width=\"114\">coin<br \/>\n beanntan\u00a0<\/p>\n<p>&nbsp;<\/p>\n<p>msaa<\/p>\n<\/td>\n<\/tr>\n<\/tbody>\n<\/table>\n<p>&nbsp;<\/p>\n<div class=\"development-box\">\n<h3>Leudachadh<\/h3>\n<p>Ann am buidhnean beaga, iarr orra facail eile a sgr\u00ecobhadh s\u00ecos airson an cur ris gach colbh.<\/p>\n<\/div>\n<p>&nbsp;<\/p>\n","protected":false},"excerpt":{"rendered":"<p>adan, br\u00f2gan, sr\u00e0idean; c\u00e0raichean, litrichean; balaich, solais, pinn; ri balaich, bogsa mhaidsichean; na balaich, na h-adan; do na bodaich, le na h-adan; taigh-beag nan gillean; Radio nan G\u00e0idheal A\u2019 faicinn ph\u00e0train ann am faclan Ag obair c\u00f2mhla ri caraid, iarr air na sgoilearan na facail airson c\u00f2rr is aon rud , bho na leabhraichean leughaidh [&hellip;]<\/p>\n","protected":false},"author":1,"featured_media":0,"parent":334,"menu_order":11,"comment_status":"closed","ping_status":"closed","template":"","meta":{"inline_featured_image":false,"footnotes":""},"class_list":["post-499","page","type-page","status-publish","hentry","has-post-title","has-post-date","has-post-category","has-post-tag","has-post-comment","has-post-author",""],"builder_content":"","_links":{"self":[{"href":"https:\/\/storlann.co.uk\/mirean\/wp-json\/wp\/v2\/pages\/499","targetHints":{"allow":["GET"]}}],"collection":[{"href":"https:\/\/storlann.co.uk\/mirean\/wp-json\/wp\/v2\/pages"}],"about":[{"href":"https:\/\/storlann.co.uk\/mirean\/wp-json\/wp\/v2\/types\/page"}],"author":[{"embeddable":true,"href":"https:\/\/storlann.co.uk\/mirean\/wp-json\/wp\/v2\/users\/1"}],"replies":[{"embeddable":true,"href":"https:\/\/storlann.co.uk\/mirean\/wp-json\/wp\/v2\/comments?post=499"}],"version-history":[{"count":0,"href":"https:\/\/storlann.co.uk\/mirean\/wp-json\/wp\/v2\/pages\/499\/revisions"}],"up":[{"embeddable":true,"href":"https:\/\/storlann.co.uk\/mirean\/wp-json\/wp\/v2\/pages\/334"}],"wp:attachment":[{"href":"https:\/\/storlann.co.uk\/mirean\/wp-json\/wp\/v2\/media?parent=499"}],"curies":[{"name":"wp","href":"https:\/\/api.w.org\/{rel}","templated":true}]}}