{"id":492,"date":"2010-11-09T14:15:02","date_gmt":"2010-11-09T12:15:02","guid":{"rendered":"https:\/\/storlann.co.uk\/mirean\/?page_id=492"},"modified":"2018-01-09T17:04:20","modified_gmt":"2018-01-09T17:04:20","slug":"obair-ire-1","status":"publish","type":"page","link":"https:\/\/storlann.co.uk\/mirean\/clar-amais\/far-a-bheil-rudan-agus-a-leithid-sin\/air-beulaibh-air-culaibh\/obair-ire-1\/","title":{"rendered":"Obair \u00ecre 1"},"content":{"rendered":"<div class=\"obair-ire-1-wrapper\">\n<p class=\"obair-ire1\"><em>Air beulaibh, air c\u00f9laibh, airson; am measg, an \u00e0ite, an d\u00e8idh; \u00e0s d\u00e8idh, mu choinneamh; mu dheidhinn, os cionn, ri taobh; air beulaibh an taighe; air c\u00f9laibh na sgoile; air mo ch\u00f9laibh, os do chionn; nad \u00e0ite<\/em><\/p>\n<h3>Gn\u00ecomh<\/h3>\n<p><strong>Geama<\/strong><br \/>\n Chan eil duine ri mo thaobh (DTT1, 11)<\/p>\n<p>&nbsp;<\/p>\n<p><strong>Dealbhan<\/strong><br \/>\n Tagh dealbhan a-mach \u00e0 catalog le diofar she\u00f2mraichean. D\u00e8an beagan c\u00f2mhraidh air c\u00e0it a bheil na diofar rudan. me \u201cA bheil an TBh faisg air an teine?\u201d<\/p>\n<p>Iarr air a\u2019 chloinn dealbhan a thoirt a-steach de she\u00f2mar anns an taigh aca fh\u00e8in agus faodaidh iad innse dhan a\u2019 chlas c\u00e0it a bheil a h-uile rud.<\/p>\n<p>&nbsp;<\/p>\n<hr \/>\n<p><strong>Cuir an teadaidh\u2026<\/strong><br \/>\n A\u2019 suidhe ann an cearcall, le d\u00e8ideag airson gach sgoilear (tha na mathain bheaga phlastaig math airson seo.) Iarr orra rudan a dh\u00e8anamh, a\u2019 cleachdadh p\u00e0tran na seachdain.<br \/>\n me \u201cCuir an teadaidh air do bheulaibh\u201d no \u201cos do chionn\u201d, \u201cri do thaobh\u201d, agus msaa.<\/p>\n<p>Nuair a tha iad comasach gu le\u00f2r air seo a dh\u00e8anamh, feumaidh iadsan na h-\u00f2rdughan a thoirt seachad.<\/p>\n<p>&nbsp;<\/p>\n<p><strong>Buidhnean<\/strong><br \/>\n Ann am buidhnean, iarr air na sgoilearan gluasad timcheall an t-se\u00f2mair.<\/p>\n<p>me<br \/>\n \u201cSeasaibh air beulaibh a\u2019 bh\u00f2rd sgr\u00ecobhaidh.\u201d<br \/>\n \u201cSeasaibh air c\u00f9laibh an t-s\u00e8ithir agam le ur l\u00e0mhan os ur cionn.\u201d<\/p>\n<p>&nbsp;<\/p>\n<hr \/>\n<p><strong>Tha thu\u2026<\/strong><br \/>\n Sgr\u00ecobh abairtean mar <strong>air beulaibh, air c\u00f9laibh, an \u00e0ite, mu choinneamh, ri taobh <\/strong>air p\u00ecosan beaga p\u00e0ipeir agus cuir iad ann am poca. Cuir a-mach s\u00e8ithear air beulaibh a\u2019 chlas.<\/p>\n<p>Feumaidh na sgoilearan aon ph\u00ecos p\u00e0ipeir a thaghadh agus feumaidh iad na faclan a shealltainn, gan cleachdadh fh\u00e8in agus an s\u00e8ithear. Ma tha e ag r\u00e0dh <strong>air beulaibh<\/strong>, feumaidh iad seasamh air beulaibh an t-s\u00e8ithir, agus msaa.<\/p>\n<p>Feumaidh c\u00e0ch tomhas d\u00e8 bha sgr\u00ecobhte air a\u2019 ph\u00ecos p\u00e0ipeir.<\/p>\n<h3>\u00a0<\/h3>\n<\/div>\n","protected":false},"excerpt":{"rendered":"<p>Air beulaibh, air c\u00f9laibh, airson; am measg, an \u00e0ite, an d\u00e8idh; \u00e0s d\u00e8idh, mu choinneamh; mu dheidhinn, os cionn, ri taobh; air beulaibh an taighe; air c\u00f9laibh na sgoile; air mo ch\u00f9laibh, os do chionn; nad \u00e0ite Gn\u00ecomh Geama Chan eil duine ri mo thaobh (DTT1, 11) &nbsp; Dealbhan Tagh dealbhan a-mach \u00e0 catalog le [&hellip;]<\/p>\n","protected":false},"author":1,"featured_media":0,"parent":324,"menu_order":30,"comment_status":"closed","ping_status":"closed","template":"","meta":{"inline_featured_image":false,"footnotes":""},"class_list":["post-492","page","type-page","status-publish","hentry","has-post-title","has-post-date","has-post-category","has-post-tag","has-post-comment","has-post-author",""],"builder_content":"","_links":{"self":[{"href":"https:\/\/storlann.co.uk\/mirean\/wp-json\/wp\/v2\/pages\/492","targetHints":{"allow":["GET"]}}],"collection":[{"href":"https:\/\/storlann.co.uk\/mirean\/wp-json\/wp\/v2\/pages"}],"about":[{"href":"https:\/\/storlann.co.uk\/mirean\/wp-json\/wp\/v2\/types\/page"}],"author":[{"embeddable":true,"href":"https:\/\/storlann.co.uk\/mirean\/wp-json\/wp\/v2\/users\/1"}],"replies":[{"embeddable":true,"href":"https:\/\/storlann.co.uk\/mirean\/wp-json\/wp\/v2\/comments?post=492"}],"version-history":[{"count":0,"href":"https:\/\/storlann.co.uk\/mirean\/wp-json\/wp\/v2\/pages\/492\/revisions"}],"up":[{"embeddable":true,"href":"https:\/\/storlann.co.uk\/mirean\/wp-json\/wp\/v2\/pages\/324"}],"wp:attachment":[{"href":"https:\/\/storlann.co.uk\/mirean\/wp-json\/wp\/v2\/media?parent=492"}],"curies":[{"name":"wp","href":"https:\/\/api.w.org\/{rel}","templated":true}]}}