{"id":48,"date":"2010-09-16T13:03:35","date_gmt":"2010-09-16T13:03:35","guid":{"rendered":"http:\/\/localhost\/wordpress\/?page_id=48"},"modified":"2011-11-03T16:11:31","modified_gmt":"2011-11-03T16:11:31","slug":"eisimpleir","status":"publish","type":"page","link":"https:\/\/storlann.co.uk\/mirean\/clar-amais\/ag-innse-mu-rudan-a-tha-a-tachairt-aig-an-am-seo\/tha-mi-nam\/eisimpleir\/","title":{"rendered":"Eisimpleirean"},"content":{"rendered":"<table class=\"eisimpleirean-t\" width=\"666\">\n<tbody>\n<tr>\n<td class=\"eisimpleirean-t-h\" valign=\"top\" width=\"109\">\n<p align=\"center\">tha<\/p>\n<\/td>\n<td class=\"eisimpleirean-t-h\" valign=\"top\" width=\"84\">\n<p align=\"center\">mi, thu \u2026<\/p>\n<\/td>\n<td class=\"eisimpleirean-t-h\" valign=\"top\" width=\"96\">\n<p align=\"center\">nam \u2026<\/p>\n<\/td>\n<td class=\"eisimpleirean-t-h\" valign=\"top\" width=\"372\">\n<p align=\"center\">Gn\u00ecomh<\/p>\n<\/td>\n<\/tr>\n<tr>\n<td rowspan=\"9\" valign=\"middle\" width=\"109\">Tha\/an robh\/cha robh<\/td>\n<td rowspan=\"2\" valign=\"middle\" width=\"84\">\n<p align=\"center\">mi<\/p>\n<\/td>\n<td valign=\"middle\" width=\"96\">\n<p align=\"center\">nam<\/p>\n<\/td>\n<td rowspan=\"5\" valign=\"middle\" width=\"372\">shuidhe, sheasamh, ruith, laighe, sh\u00ecneadh, chadal, dh\u00f9isg, stad, chabhaig.<\/td>\n<\/tr>\n<tr>\n<td valign=\"middle\" width=\"96\">\n<p align=\"center\">na mo<\/p>\n<\/td>\n<\/tr>\n<tr>\n<td rowspan=\"2\" valign=\"middle\" width=\"84\">\n<p align=\"center\">thu<\/p>\n<\/td>\n<td valign=\"middle\" width=\"96\">\n<p align=\"center\">nad<\/p>\n<\/td>\n<\/tr>\n<tr>\n<td valign=\"middle\" width=\"96\">\n<p align=\"center\">na do<\/p>\n<\/td>\n<\/tr>\n<tr>\n<td valign=\"middle\" width=\"84\">\n<p align=\"center\">e<\/p>\n<\/td>\n<td valign=\"middle\" width=\"96\">\n<p align=\"center\">na<\/p>\n<\/td>\n<\/tr>\n<tr>\n<td valign=\"middle\" width=\"84\">\n<p align=\"center\">i<\/p>\n<\/td>\n<td valign=\"middle\" width=\"96\">\n<p align=\"center\">na<\/p>\n<\/td>\n<td rowspan=\"4\" valign=\"middle\" width=\"372\">suidhe, seasamh, ruith, laighe, s\u00ecneadh, cadal, d\u00f9isg, stad, cabhaig.<\/td>\n<\/tr>\n<tr>\n<td valign=\"middle\" width=\"84\">\n<p align=\"center\">sinn<\/p>\n<\/td>\n<td valign=\"middle\" width=\"96\">\n<p align=\"center\">nar<\/p>\n<\/td>\n<\/tr>\n<tr>\n<td valign=\"middle\" width=\"84\">\n<p align=\"center\">sibh<\/p>\n<\/td>\n<td valign=\"middle\" width=\"96\">\n<p align=\"center\">nur<\/p>\n<\/td>\n<\/tr>\n<tr>\n<td valign=\"middle\" width=\"84\">\n<p align=\"center\">iad<\/p>\n<\/td>\n<td valign=\"middle\" width=\"96\">\n<p align=\"center\">nan<\/p>\n<\/td>\n<\/tr>\n<\/tbody>\n<\/table>\n","protected":false},"excerpt":{"rendered":"<p>tha mi, thu \u2026 nam \u2026 Gn\u00ecomh Tha\/an robh\/cha robh mi nam shuidhe, sheasamh, ruith, laighe, sh\u00ecneadh, chadal, dh\u00f9isg, stad, chabhaig. na mo thu nad na do e na i na suidhe, seasamh, ruith, laighe, s\u00ecneadh, cadal, d\u00f9isg, stad, cabhaig. sinn nar sibh nur iad nan<\/p>\n","protected":false},"author":1,"featured_media":0,"parent":233,"menu_order":0,"comment_status":"open","ping_status":"open","template":"page-eisimpleirean.php","meta":{"inline_featured_image":false,"footnotes":""},"class_list":["post-48","page","type-page","status-publish","hentry","has-post-title","has-post-date","has-post-category","has-post-tag","has-post-comment","has-post-author",""],"builder_content":"","_links":{"self":[{"href":"https:\/\/storlann.co.uk\/mirean\/wp-json\/wp\/v2\/pages\/48","targetHints":{"allow":["GET"]}}],"collection":[{"href":"https:\/\/storlann.co.uk\/mirean\/wp-json\/wp\/v2\/pages"}],"about":[{"href":"https:\/\/storlann.co.uk\/mirean\/wp-json\/wp\/v2\/types\/page"}],"author":[{"embeddable":true,"href":"https:\/\/storlann.co.uk\/mirean\/wp-json\/wp\/v2\/users\/1"}],"replies":[{"embeddable":true,"href":"https:\/\/storlann.co.uk\/mirean\/wp-json\/wp\/v2\/comments?post=48"}],"version-history":[{"count":0,"href":"https:\/\/storlann.co.uk\/mirean\/wp-json\/wp\/v2\/pages\/48\/revisions"}],"up":[{"embeddable":true,"href":"https:\/\/storlann.co.uk\/mirean\/wp-json\/wp\/v2\/pages\/233"}],"wp:attachment":[{"href":"https:\/\/storlann.co.uk\/mirean\/wp-json\/wp\/v2\/media?parent=48"}],"curies":[{"name":"wp","href":"https:\/\/api.w.org\/{rel}","templated":true}]}}