{"id":477,"date":"2010-11-09T14:11:06","date_gmt":"2010-11-09T12:11:06","guid":{"rendered":"https:\/\/storlann.co.uk\/mirean\/?page_id=477"},"modified":"2018-01-09T17:02:53","modified_gmt":"2018-01-09T17:02:53","slug":"obair-ire-2","status":"publish","type":"page","link":"https:\/\/storlann.co.uk\/mirean\/clar-amais\/far-a-bheil-rudan-agus-a-leithid-sin\/comhla-ri-faisg-air\/obair-ire-2\/","title":{"rendered":"Obair \u00ecre 2"},"content":{"rendered":"<div class=\"obair-ire-2-wrapper\">\n<p class=\"obair-ire2\"><em>C\u00f2mhla ri, coltach ri; faisg air, seachad air; tarsainn air, a bharrachd air; mun cuairt air<\/em><\/p>\n<h3>Cothroman tar-churraicealaim<\/h3>\n<p><strong>Cruinn-e\u00f2las<\/strong><\/p>\n<p><span style=\"text-decoration: underline;\">Mapaichean<\/span> (a\u2019 toirt a-steach c\u00e0nan bho ph\u00ecosan eile den aonad seo)<\/p>\n<p>Feumaidh tu mapaichean, cairtean t\u00f2iseachaidh agus cairtean cr\u00ecochnachaidh.<br \/>\n Thoir mapa s\u00ecmplidh do gach sgoilear. Feumaidh aon sgoilear cairt t\u00f2iseachaidh agus cairt cr\u00ecochnachaidh a thaghadh. Bidh e ag iarraidh cuideachadh a\u2019 faighinn bho aon \u00e0ite chun an \u00e0ite eile.<\/p>\n<p>me Theirig s\u00ecos an rathad, seachad air b\u00f9th nam fl\u00f9raichean, tionndaidh gu do l\u00e0imh dheis, faisg air an eaglais, theirig s\u00ecos an rathad, seachad air a\u2019 ph\u00e0irc, tionndaidh gu do l\u00e0imh chl\u00ec agus bidh am banca air do bheulaibh.<\/p>\n<p><strong>Leudachadh<\/strong><br \/>\n Cleachd mapaichean nas doirbhe bho Google maps, bhon sg\u00ecre aca fh\u00e8in no bailtean m\u00f2ra ainmeil.<\/p>\n<h3 style=\"text-align: center;\"><img loading=\"lazy\" decoding=\"async\" class=\"aligncenter size-full wp-image-2162\" title=\"6C2-image1\" src=\"https:\/\/storlann.co.uk\/mirean\/wp-content\/uploads\/2010\/11\/6C2-image1.jpg\" alt=\"Graphic: Local street\" width=\"610\" height=\"401\" srcset=\"https:\/\/storlann.co.uk\/mirean\/wp-content\/uploads\/2010\/11\/6C2-image1.jpg 610w, https:\/\/storlann.co.uk\/mirean\/wp-content\/uploads\/2010\/11\/6C2-image1-300x197.jpg 300w\" sizes=\"auto, (max-width: 610px) 100vw, 610px\" \/><\/h3>\n<p>&nbsp;<\/p>\n<p><strong>Ceartaich na mearachdan<\/strong><\/p>\n<p>Mearachdan cumanta \u2013 c\u00f2mhla ri mi, faisg air thu, agus msaa<\/p>\n<p>Feumaidh a\u2019 chlann na mearachdan a cheartachadh.<\/p>\n<p>&nbsp;<\/p>\n<p><strong>Th\u00e0inig Iain dhan taigh-dhealbh c\u00f2mhla ri mi.<\/strong><\/p>\n<p>&nbsp;<\/p>\n<p><strong>Sheall sinn mun cuairt sinn.<\/strong><\/p>\n<p>&nbsp;<\/p>\n<p><strong>Tha e cho coltach ri thu anns an dealbh seo.<\/strong><\/p>\n<p>&nbsp;<\/p>\n<p><strong>Cha robh duine faisg air i.<\/strong><\/p>\n<p>&nbsp;<\/p>\n<p><strong>Tha mi duilich, choisich mi seachad air thu.<\/strong><\/p>\n<p>&nbsp;<\/p>\n<p>msaa<\/p>\n<p>&nbsp;<\/p>\n<\/div>\n","protected":false},"excerpt":{"rendered":"<p>C\u00f2mhla ri, coltach ri; faisg air, seachad air; tarsainn air, a bharrachd air; mun cuairt air Cothroman tar-churraicealaim Cruinn-e\u00f2las Mapaichean (a\u2019 toirt a-steach c\u00e0nan bho ph\u00ecosan eile den aonad seo) Feumaidh tu mapaichean, cairtean t\u00f2iseachaidh agus cairtean cr\u00ecochnachaidh. Thoir mapa s\u00ecmplidh do gach sgoilear. Feumaidh aon sgoilear cairt t\u00f2iseachaidh agus cairt cr\u00ecochnachaidh a thaghadh. Bidh [&hellip;]<\/p>\n","protected":false},"author":1,"featured_media":0,"parent":326,"menu_order":39,"comment_status":"closed","ping_status":"closed","template":"","meta":{"inline_featured_image":false,"footnotes":""},"class_list":["post-477","page","type-page","status-publish","hentry","has-post-title","has-post-date","has-post-category","has-post-tag","has-post-comment","has-post-author",""],"builder_content":"","_links":{"self":[{"href":"https:\/\/storlann.co.uk\/mirean\/wp-json\/wp\/v2\/pages\/477","targetHints":{"allow":["GET"]}}],"collection":[{"href":"https:\/\/storlann.co.uk\/mirean\/wp-json\/wp\/v2\/pages"}],"about":[{"href":"https:\/\/storlann.co.uk\/mirean\/wp-json\/wp\/v2\/types\/page"}],"author":[{"embeddable":true,"href":"https:\/\/storlann.co.uk\/mirean\/wp-json\/wp\/v2\/users\/1"}],"replies":[{"embeddable":true,"href":"https:\/\/storlann.co.uk\/mirean\/wp-json\/wp\/v2\/comments?post=477"}],"version-history":[{"count":0,"href":"https:\/\/storlann.co.uk\/mirean\/wp-json\/wp\/v2\/pages\/477\/revisions"}],"up":[{"embeddable":true,"href":"https:\/\/storlann.co.uk\/mirean\/wp-json\/wp\/v2\/pages\/326"}],"wp:attachment":[{"href":"https:\/\/storlann.co.uk\/mirean\/wp-json\/wp\/v2\/media?parent=477"}],"curies":[{"name":"wp","href":"https:\/\/api.w.org\/{rel}","templated":true}]}}