{"id":466,"date":"2010-11-09T14:08:03","date_gmt":"2010-11-09T12:08:03","guid":{"rendered":"https:\/\/storlann.co.uk\/mirean\/?page_id=466"},"modified":"2018-01-09T17:01:23","modified_gmt":"2018-01-09T17:01:23","slug":"obair-ire-2","status":"publish","type":"page","link":"https:\/\/storlann.co.uk\/mirean\/clar-amais\/far-a-bheil-rudan-agus-a-leithid-sin\/agam-annam-asam-bhuam\/obair-ire-2\/","title":{"rendered":"Obair \u00ecre 2"},"content":{"rendered":"<div class=\"obair-ire-2-wrapper\">\n<p class=\"obair-ire2\"><em>Agam\/agad\/aige\/aice\/againn\/agaibh\/aca; annam\/annad\/ann\/innte\/ annaibh\/annaibh\/annta; asam\/asad\/as\/aiste\/asainn\/asaibh\/asta; bhuam\/uam\/bhuat\/bhuaithe\/bhuaipe\/bhuainn\/bhuaibh\/bhuapa; dh\u00ecom\/dh\u00ecot\/dheth\/dhith\/dhinn\/dhibh\/dhiubh; <\/em><\/p>\n<h3>Gn\u00ecomh<\/h3>\n<p><strong>Teanas<\/strong><br \/>\n Gus an ionnsaich na sgoilearan d\u00e8 am facal a th\u00e8id a chleachdadh airson nan suidheachaidhean diofraichte, ionnsaich dhaibh na p\u00e0idhrichean fhaclan a leanas.<\/p>\n<p>&nbsp;<\/p>\n<table border=\"1\" width=\"666\" cellspacing=\"0\" cellpadding=\"0\">\n<tbody>\n<tr>\n<td valign=\"top\" width=\"79\">\u00a0<\/td>\n<td valign=\"top\" width=\"79\">\n<p class=\"obair-ire2-table-bg\"><strong><em>Mi<\/em><\/strong><\/p>\n<\/td>\n<td valign=\"top\" width=\"73\">\n<p class=\"obair-ire2-table-bg\"><strong><em>thu<\/em><\/strong><\/p>\n<\/td>\n<td valign=\"top\" width=\"74\">\n<p class=\"obair-ire2-table-bg\"><strong><em>e<\/em><\/strong><\/p>\n<\/td>\n<td valign=\"top\" width=\"72\">\n<p class=\"obair-ire2-table-bg\"><strong><em>i<\/em><\/strong><\/p>\n<\/td>\n<td valign=\"top\" width=\"77\">\n<p class=\"obair-ire2-table-bg\"><strong><em>Sinn<\/em><\/strong><\/p>\n<\/td>\n<td valign=\"top\" width=\"78\">\n<p class=\"obair-ire2-table-bg\"><strong><em>sibh<\/em><\/strong><\/p>\n<\/td>\n<td valign=\"top\" width=\"72\">\n<p class=\"obair-ire2-table-bg\"><strong><em>iad<\/em><\/strong><\/p>\n<\/td>\n<\/tr>\n<tr>\n<td class=\"obair-ire2-table-bg\" valign=\"top\" width=\"79\"><strong>Aig<\/strong><\/td>\n<td valign=\"top\" width=\"79\">agam<\/td>\n<td valign=\"top\" width=\"73\">agad<\/td>\n<td valign=\"top\" width=\"74\">aige<\/td>\n<td valign=\"top\" width=\"72\">aice<\/td>\n<td valign=\"top\" width=\"77\">Againn<\/td>\n<td valign=\"top\" width=\"78\">agaibh<\/td>\n<td valign=\"top\" width=\"72\">aca<\/td>\n<\/tr>\n<tr>\n<td class=\"obair-ire2-table-bg\" valign=\"top\" width=\"79\"><strong>Air<\/strong><\/td>\n<td valign=\"top\" width=\"79\">orm<\/td>\n<td valign=\"top\" width=\"73\">Ort<\/td>\n<td valign=\"top\" width=\"74\">air<\/td>\n<td valign=\"top\" width=\"72\">oirre<\/td>\n<td valign=\"top\" width=\"77\">Oirnn<\/td>\n<td valign=\"top\" width=\"78\">oirbh<\/td>\n<td valign=\"top\" width=\"72\">orra<\/td>\n<\/tr>\n<tr>\n<td class=\"obair-ire2-table-bg\" valign=\"top\" width=\"79\"><strong>Do<\/strong><\/td>\n<td valign=\"top\" width=\"79\">dhomh<\/td>\n<td valign=\"top\" width=\"73\">dhut<\/td>\n<td valign=\"top\" width=\"74\">dha<\/td>\n<td valign=\"top\" width=\"72\">dhi<\/td>\n<td valign=\"top\" width=\"77\">Dhuinn<\/td>\n<td valign=\"top\" width=\"78\">dhuibh<\/td>\n<td valign=\"top\" width=\"72\">dhaibh<\/td>\n<\/tr>\n<tr>\n<td class=\"obair-ire2-table-bg\" valign=\"top\" width=\"79\"><strong>De<\/strong><\/td>\n<td valign=\"top\" width=\"79\">dh\u00ecom<\/td>\n<td valign=\"top\" width=\"73\">dh\u00ecot<\/td>\n<td valign=\"top\" width=\"74\">dheth<\/td>\n<td valign=\"top\" width=\"72\">dhith<\/td>\n<td valign=\"top\" width=\"77\">Dhinn<\/td>\n<td valign=\"top\" width=\"78\">dhibh<\/td>\n<td valign=\"top\" width=\"72\">dhiubh<\/td>\n<\/tr>\n<tr>\n<td class=\"obair-ire2-table-bg\" valign=\"top\" width=\"79\"><strong>bho\/o<\/strong><\/td>\n<td valign=\"top\" width=\"79\">bhuam\/uam<\/td>\n<td valign=\"top\" width=\"73\">bhuat<\/td>\n<td valign=\"top\" width=\"74\">bhuaithe<\/td>\n<td valign=\"top\" width=\"72\">bhuaipe<\/td>\n<td valign=\"top\" width=\"77\">Bhuainn<\/td>\n<td valign=\"top\" width=\"78\">bhuaibh<\/td>\n<td valign=\"top\" width=\"72\">bhuapa<\/td>\n<\/tr>\n<tr>\n<td class=\"obair-ire2-table-bg\" valign=\"top\" width=\"79\"><strong>Ro<\/strong><\/td>\n<td valign=\"top\" width=\"79\">romham<\/td>\n<td valign=\"top\" width=\"73\">romhad<\/td>\n<td valign=\"top\" width=\"74\">roimhe<\/td>\n<td valign=\"top\" width=\"72\">roimhpe<\/td>\n<td valign=\"top\" width=\"77\">Romhainn<\/td>\n<td valign=\"top\" width=\"78\">romhaibh<\/td>\n<td valign=\"top\" width=\"72\">romhpa<\/td>\n<\/tr>\n<tr>\n<td class=\"obair-ire2-table-bg\" valign=\"top\" width=\"79\"><strong>Tro<\/strong><\/td>\n<td valign=\"top\" width=\"79\">tromham<\/td>\n<td valign=\"top\" width=\"73\">tromhad<\/td>\n<td valign=\"top\" width=\"74\">troimhe<\/td>\n<td valign=\"top\" width=\"72\">troimhpe<\/td>\n<td valign=\"top\" width=\"77\">Tromhainn<\/td>\n<td valign=\"top\" width=\"78\">tromhaibh<\/td>\n<td valign=\"top\" width=\"72\">tromhpa<\/td>\n<\/tr>\n<tr>\n<td class=\"obair-ire2-table-bg\" valign=\"top\" width=\"79\"><strong>Mu<\/strong><\/td>\n<td valign=\"top\" width=\"79\">umam<\/td>\n<td valign=\"top\" width=\"73\">umad<\/td>\n<td valign=\"top\" width=\"74\">uime<\/td>\n<td valign=\"top\" width=\"72\">uimpe<\/td>\n<td valign=\"top\" width=\"77\">Umainn<\/td>\n<td valign=\"top\" width=\"78\">umaibh<\/td>\n<td valign=\"top\" width=\"72\">umpa<\/td>\n<\/tr>\n<tr>\n<td class=\"obair-ire2-table-bg\" valign=\"top\" width=\"79\"><strong>Gu<\/strong><\/td>\n<td valign=\"top\" width=\"79\">thugam<\/td>\n<td valign=\"top\" width=\"73\">thugad<\/td>\n<td valign=\"top\" width=\"74\">thuige<\/td>\n<td valign=\"top\" width=\"72\">thuice<\/td>\n<td valign=\"top\" width=\"77\">Thugainn<\/td>\n<td valign=\"top\" width=\"78\">thugaibh<\/td>\n<td valign=\"top\" width=\"72\">thuca<\/td>\n<\/tr>\n<tr>\n<td class=\"obair-ire2-table-bg\" valign=\"top\" width=\"79\"><strong>\u00c0<\/strong><\/td>\n<td valign=\"top\" width=\"79\">asam<\/td>\n<td valign=\"top\" width=\"73\">asad<\/td>\n<td valign=\"top\" width=\"74\">\u00e0s<\/td>\n<td valign=\"top\" width=\"72\">aiste<\/td>\n<td valign=\"top\" width=\"77\">Asainn<\/td>\n<td valign=\"top\" width=\"78\">asaibh<\/td>\n<td valign=\"top\" width=\"72\">asta<\/td>\n<\/tr>\n<tr>\n<td class=\"obair-ire2-table-bg\" valign=\"top\" width=\"79\"><strong>Le<\/strong><\/td>\n<td valign=\"top\" width=\"79\">leam<\/td>\n<td valign=\"top\" width=\"73\">leat<\/td>\n<td valign=\"top\" width=\"74\">leis<\/td>\n<td valign=\"top\" width=\"72\">leatha<\/td>\n<td valign=\"top\" width=\"77\">Leinn<\/td>\n<td valign=\"top\" width=\"78\">leibh<\/td>\n<td valign=\"top\" width=\"72\">leotha<\/td>\n<\/tr>\n<tr>\n<td class=\"obair-ire2-table-bg\" valign=\"top\" width=\"79\"><strong>Ri<\/strong><\/td>\n<td valign=\"top\" width=\"79\">rium<\/td>\n<td valign=\"top\" width=\"73\">riut<\/td>\n<td valign=\"top\" width=\"74\">ris<\/td>\n<td valign=\"top\" width=\"72\">rithe<\/td>\n<td valign=\"top\" width=\"77\">Rinn<\/td>\n<td valign=\"top\" width=\"78\">ribh<\/td>\n<td valign=\"top\" width=\"72\">riutha<\/td>\n<\/tr>\n<tr>\n<td class=\"obair-ire2-table-bg\" valign=\"top\" width=\"79\"><strong>Eadar<\/strong><\/td>\n<td valign=\"top\" width=\"79\">\u00a0<\/td>\n<td valign=\"top\" width=\"73\">\u00a0<\/td>\n<td valign=\"top\" width=\"74\">\u00a0<\/td>\n<td valign=\"top\" width=\"72\">\u00a0<\/td>\n<td valign=\"top\" width=\"77\">Eadarainn<\/td>\n<td valign=\"top\" width=\"78\">eadaraibh<\/td>\n<td valign=\"top\" width=\"72\">eatarra<\/td>\n<\/tr>\n<\/tbody>\n<\/table>\n<p>&nbsp;<\/p>\n<p>Airson teanas a chluich, bidh na sgoilearan ag obair c\u00f2mhla ri caraid air p\u00e0tran s\u00f2nraichte, me am p\u00e0tran <strong>aig<\/strong>, canaidh a&#8217; chiad sgoilear &#8220;mi&#8221; agus feumaidh an dara sgoilear &#8220;agam&#8221; a r\u00e0dh cho luath &#8216;s as urrainn dhaibh.<\/p>\n<p>&nbsp;<\/p>\n<hr \/>\n<h3>Cothroman tar-churraicealaim<\/h3>\n<p><strong>Matamataig<\/strong><br \/>\n Feumaidh na sgoilearan sgr\u00f9dadh a dh\u00e8anamh gus cl\u00e0r mar seo a l\u00econadh.<\/p>\n<p>&nbsp;<\/p>\n<p align=\"center\"><strong>An toigh leat\u2026..?<\/strong><\/p>\n<table border=\"1\" width=\"666\" cellspacing=\"0\" cellpadding=\"0\">\n<tbody>\n<tr>\n<td valign=\"top\" width=\"127\">\u00a0<\/td>\n<td valign=\"top\" width=\"127\">\n<p class=\"obair-ire2-table-bg\"><strong>Leis<\/strong><\/p>\n<\/td>\n<td valign=\"top\" width=\"127\">\n<p class=\"obair-ire2-table-bg\"><strong>Leatha<\/strong><\/p>\n<\/td>\n<td valign=\"top\" width=\"127\">\n<p class=\"obair-ire2-table-bg\"><strong>Leinn<\/strong><\/p>\n<\/td>\n<td valign=\"top\" width=\"127\">\n<p class=\"obair-ire2-table-bg\"><strong>Leotha<\/strong><\/p>\n<\/td>\n<\/tr>\n<tr>\n<td class=\"obair-ire2-table-bg\" valign=\"top\" width=\"127\"><strong>Isbeanan<\/strong><\/td>\n<td valign=\"top\" width=\"127\">Alasdair<\/td>\n<td valign=\"top\" width=\"127\">S\u00ecne<\/td>\n<td valign=\"top\" width=\"127\">Mise agus Darren<\/td>\n<td valign=\"top\" width=\"127\">M\u00e0iri agus P\u00f2l<\/td>\n<\/tr>\n<tr>\n<td class=\"obair-ire2-table-bg\" valign=\"top\" width=\"127\"><strong>C\u00e0l<\/strong><\/td>\n<td valign=\"top\" width=\"127\">\u00a0<\/td>\n<td valign=\"top\" width=\"127\">\u00a0<\/td>\n<td valign=\"top\" width=\"127\">\u00a0<\/td>\n<td valign=\"top\" width=\"127\">\u00a0<\/td>\n<\/tr>\n<tr>\n<td class=\"obair-ire2-table-bg\" valign=\"top\" width=\"127\"><strong>Curran<\/strong><\/td>\n<td valign=\"top\" width=\"127\">\u00a0<\/td>\n<td valign=\"top\" width=\"127\">\u00a0<\/td>\n<td valign=\"top\" width=\"127\">\u00a0<\/td>\n<td valign=\"top\" width=\"127\">\u00a0<\/td>\n<\/tr>\n<tr>\n<td class=\"obair-ire2-table-bg\" valign=\"top\" width=\"127\"><strong>Cearc<\/strong><\/td>\n<td valign=\"top\" width=\"127\">\u00a0<\/td>\n<td valign=\"top\" width=\"127\">\u00a0<\/td>\n<td valign=\"top\" width=\"127\">\u00a0<\/td>\n<td valign=\"top\" width=\"127\">\u00a0<\/td>\n<\/tr>\n<tr>\n<td class=\"obair-ire2-table-bg\" valign=\"top\" width=\"127\"><strong>Peur<\/strong><\/td>\n<td valign=\"top\" width=\"127\">\u00a0<\/td>\n<td valign=\"top\" width=\"127\">\u00a0<\/td>\n<td valign=\"top\" width=\"127\">\u00a0<\/td>\n<td valign=\"top\" width=\"127\">\u00a0<\/td>\n<\/tr>\n<tr>\n<td class=\"obair-ire2-table-bg\" valign=\"top\" width=\"127\"><strong>Ugh<\/strong><\/td>\n<td valign=\"top\" width=\"127\">\u00a0<\/td>\n<td valign=\"top\" width=\"127\">\u00a0<\/td>\n<td valign=\"top\" width=\"127\">\u00a0<\/td>\n<td valign=\"top\" width=\"127\">\u00a0<\/td>\n<\/tr>\n<\/tbody>\n<\/table>\n<p>&nbsp;<\/p>\n<p><strong>Ce\u00f2l<\/strong><br \/>\n <strong><span style=\"text-decoration: underline;\">Ch\u00ec mi bhuam <\/span><\/strong><br \/>\n Ch\u00ec mi bhuam, fada bhuam<br \/>\n Ch\u00ec mi bhuam ri muir-l\u00e0n<br \/>\n Ch\u00ec mi Muile nam beann fuar<br \/>\n Fada bhuam thar an t-s\u00e0il<br \/>\n Fada bhuam thar an t-s\u00e0il.<br \/>\n Ch\u00ec mi mullach nam beann m\u00f2r<br \/>\n Anns an \u00f2g-mhadainn \u00e0igh<br \/>\n An t-aon as \u00e0irde dhiubh nan c\u00f2rr<br \/>\n &#8216;S badan ce\u00f2 air a b\u00e0rr<br \/>\n Fada bhuam thar an t-s\u00e0il.<br \/>\n Ch\u00ec mi a&#8217; ghucag air an fhraoch<br \/>\n Ch\u00ec mi &#8216;n caorann fo bhl\u00e0th<br \/>\n Ch\u00ec mi uisge glan nam beann<br \/>\n Tigh&#8217;nn na dheann leis gach m\u00e0m<br \/>\n Fada bhuam thar an t-s\u00e0il.<br \/>\n Tir a&#8217; bharraich, t\u00ecr nan stuagh<br \/>\n &#8216;S tric a luaidh ort na b\u00e0ird;<br \/>\n &#8216;S nuair a thug mi riut mo ch\u00f9l<br \/>\n Rinn mi d\u00f9sgadh gu d\u00e0n<br \/>\n &#8216;S bidh mi luaidh ort gu br\u00e0th.<\/p>\n<p>&nbsp;<\/p>\n<\/div>\n","protected":false},"excerpt":{"rendered":"<p>Agam\/agad\/aige\/aice\/againn\/agaibh\/aca; annam\/annad\/ann\/innte\/ annaibh\/annaibh\/annta; asam\/asad\/as\/aiste\/asainn\/asaibh\/asta; bhuam\/uam\/bhuat\/bhuaithe\/bhuaipe\/bhuainn\/bhuaibh\/bhuapa; dh\u00ecom\/dh\u00ecot\/dheth\/dhith\/dhinn\/dhibh\/dhiubh; Gn\u00ecomh Teanas Gus an ionnsaich na sgoilearan d\u00e8 am facal a th\u00e8id a chleachdadh airson nan suidheachaidhean diofraichte, ionnsaich dhaibh na p\u00e0idhrichean fhaclan a leanas. &nbsp; \u00a0 Mi thu e i Sinn sibh iad Aig agam agad aige aice Againn agaibh aca Air orm Ort air oirre Oirnn oirbh [&hellip;]<\/p>\n","protected":false},"author":1,"featured_media":0,"parent":328,"menu_order":40,"comment_status":"closed","ping_status":"closed","template":"","meta":{"inline_featured_image":false,"footnotes":""},"class_list":["post-466","page","type-page","status-publish","hentry","has-post-title","has-post-date","has-post-category","has-post-tag","has-post-comment","has-post-author",""],"builder_content":"","_links":{"self":[{"href":"https:\/\/storlann.co.uk\/mirean\/wp-json\/wp\/v2\/pages\/466","targetHints":{"allow":["GET"]}}],"collection":[{"href":"https:\/\/storlann.co.uk\/mirean\/wp-json\/wp\/v2\/pages"}],"about":[{"href":"https:\/\/storlann.co.uk\/mirean\/wp-json\/wp\/v2\/types\/page"}],"author":[{"embeddable":true,"href":"https:\/\/storlann.co.uk\/mirean\/wp-json\/wp\/v2\/users\/1"}],"replies":[{"embeddable":true,"href":"https:\/\/storlann.co.uk\/mirean\/wp-json\/wp\/v2\/comments?post=466"}],"version-history":[{"count":0,"href":"https:\/\/storlann.co.uk\/mirean\/wp-json\/wp\/v2\/pages\/466\/revisions"}],"up":[{"embeddable":true,"href":"https:\/\/storlann.co.uk\/mirean\/wp-json\/wp\/v2\/pages\/328"}],"wp:attachment":[{"href":"https:\/\/storlann.co.uk\/mirean\/wp-json\/wp\/v2\/media?parent=466"}],"curies":[{"name":"wp","href":"https:\/\/api.w.org\/{rel}","templated":true}]}}