{"id":449,"date":"2010-11-09T14:03:25","date_gmt":"2010-11-09T14:03:25","guid":{"rendered":"https:\/\/storlann.co.uk\/mirean\/?page_id=449"},"modified":"2011-11-03T17:25:42","modified_gmt":"2011-11-03T17:25:42","slug":"eisimpleir","status":"publish","type":"page","link":"https:\/\/storlann.co.uk\/mirean\/clar-amais\/far-a-bheil-rudan-agus-a-leithid-sin\/aig-air-do-fo-aas-thar\/eisimpleir\/","title":{"rendered":"Eisimpleirean"},"content":{"rendered":"<table class=\"eisimpleirean-t\" title=\"This table contains useage examples\" width=\"100%\" border=\"1\" cellspacing=\"0\" cellpadding=\"0\">\n<tbody>\n<tr>\n<td colspan=\"3\">\n<p class=\"eisimpleirean-t-h\" align=\"center\">Faclan gun an t-alt<\/p>\n<\/td>\n<\/tr>\n<tr class=\"eisimpleirean-t-h\">\n<td>\n<p align=\"center\">ann, le, ri \u2026<\/p>\n<\/td>\n<td>\n<p align=\"center\">Facal (1)<\/p>\n<\/td>\n<td>\n<p align=\"center\">Facal (2)<\/p>\n<\/td>\n<\/tr>\n<tr class=\"eisimpleirean-t-h\">\n<td colspan=\"3\">\n<p align=\"center\"><em>aig, air, gu, \u00e0, ann an\/am, le, ri, eadar, seach, ach, thar<\/em><\/p>\n<\/td>\n<\/tr>\n<tr>\n<td>\n<p align=\"center\">ann am<\/p>\n<\/td>\n<td>b\u00f9th (boireannta)<\/td>\n<td>bheag<\/td>\n<\/tr>\n<tr>\n<td>\n<p align=\"center\">Le<\/p>\n<\/td>\n<td>peansail (fireannta)<\/td>\n<td>m\u00f2r<\/td>\n<\/tr>\n<tr>\n<td>\n<p align=\"center\">Ri<\/p>\n<\/td>\n<td>caileagan<\/td>\n<td>beaga<\/td>\n<\/tr>\n<tr>\n<td>\n<p align=\"center\">Ri<\/p>\n<\/td>\n<td>cait<\/td>\n<td>bheaga<\/td>\n<\/tr>\n<tr>\n<td colspan=\"3\">\n<p align=\"center\"><em>do, de, fo, bho, ro, tro, mu<\/em><\/p>\n<\/td>\n<\/tr>\n<tr>\n<td>\n<p align=\"center\">tro<\/p>\n<\/td>\n<td>choille (boireanta)<\/td>\n<td>dhorcha<\/td>\n<\/tr>\n<tr>\n<td rowspan=\"4\">\n<p align=\"center\">ro<\/p>\n<\/td>\n<td>ch\u00e0r (fireannta)<\/td>\n<td>beag<\/td>\n<\/tr>\n<tr>\n<td>l\u00e0raidh (boireannta)<\/td>\n<td>mh\u00f2r<\/td>\n<\/tr>\n<tr>\n<td>l\u00e0raidhean \/ ch\u00e0raichean<\/td>\n<td>m\u00f2ra<\/td>\n<\/tr>\n<tr>\n<td>e\u00f2in \/ bhalaich<\/td>\n<td>bheaga<\/td>\n<\/tr>\n<tr>\n<td rowspan=\"4\">\n<p align=\"center\">do<\/p>\n<\/td>\n<td>bhalach (fireannta)<\/td>\n<td>beag<\/td>\n<\/tr>\n<tr>\n<td>nighean (boireannta)<\/td>\n<td>bheag<\/td>\n<\/tr>\n<tr>\n<td>chaileagan<\/td>\n<td>beaga<\/td>\n<\/tr>\n<tr>\n<td>bhodaich<\/td>\n<td>mhaola<\/td>\n<\/tr>\n<tr>\n<td>\n<p align=\"center\">do dh&#8217; \/ a dh&#8217;<\/p>\n<\/td>\n<td>Uilleam<\/td>\n<td>B\u00e0n<\/td>\n<\/tr>\n<tr>\n<td>\n<p align=\"center\">do dh&#8217; \/ a dh&#8217;<\/p>\n<\/td>\n<td>Anna<\/td>\n<td>Bh\u00e0n<\/td>\n<\/tr>\n<tr>\n<td colspan=\"3\">\n<p align=\"center\"><em>gun, mar<\/em><\/p>\n<\/td>\n<\/tr>\n<tr>\n<td>\n<p align=\"center\">gun<\/p>\n<\/td>\n<td>ch\u00f2ta (fireannta)<\/td>\n<td>bl\u00e0th<\/td>\n<\/tr>\n<tr>\n<td>\n<p align=\"center\">mar<\/p>\n<\/td>\n<td>sheacaid (boireannta)<\/td>\n<td>fhasanta<\/td>\n<\/tr>\n<\/tbody>\n<\/table>\n<p>&nbsp;<\/p>\n<table width=\"100%\" border=\"1\" cellspacing=\"0\" cellpadding=\"0\">\n<tbody>\n<tr class=\"eisimpleirean-t-h\">\n<td colspan=\"17\" valign=\"top\">\n<p align=\"center\">Faclan leis an alt \u2013 atharrachaidhean aig an toiseach<\/p>\n<\/td>\n<\/tr>\n<tr class=\"eisimpleirean-t-h\">\n<td colspan=\"4\" valign=\"top\">\n<p align=\"center\">ann,le, ri \u2026<\/p>\n<\/td>\n<td colspan=\"6\" valign=\"top\">\n<p align=\"center\">An t-alt<\/p>\n<\/td>\n<td colspan=\"5\" valign=\"top\">\n<p align=\"center\">Facal (1)<\/p>\n<\/td>\n<td colspan=\"2\" valign=\"top\">\n<p align=\"center\">Facal (2)<\/p>\n<\/td>\n<\/tr>\n<tr class=\"eisimpleirean-t-h\">\n<td colspan=\"17\" valign=\"top\">\n<p align=\"center\"><em>aig, air<\/em><\/p>\n<\/td>\n<\/tr>\n<tr>\n<td colspan=\"3\" valign=\"top\">\n<p align=\"center\">air<\/p>\n<\/td>\n<td colspan=\"5\" valign=\"top\">\n<p align=\"center\">a&#8217;<\/p>\n<\/td>\n<td colspan=\"5\" valign=\"top\">bh\u00f2rd (fireannta)<\/td>\n<td rowspan=\"5\" colspan=\"4\" valign=\"top\">bheag<br \/>\nmh\u00f2r<\/td>\n<\/tr>\n<tr>\n<td colspan=\"3\" valign=\"top\">\n<p align=\"center\">aig<\/p>\n<\/td>\n<td colspan=\"5\" valign=\"top\">\n<p align=\"center\">a&#8217;<\/p>\n<\/td>\n<td colspan=\"5\" valign=\"top\">bh\u00f9th (boireannta)<\/td>\n<\/tr>\n<tr>\n<td rowspan=\"3\" colspan=\"3\" valign=\"top\">\n<p align=\"center\">aig\/air<\/p>\n<\/td>\n<td rowspan=\"3\" colspan=\"5\" valign=\"top\">\n<p align=\"center\">an<\/p>\n<\/td>\n<td colspan=\"5\" valign=\"top\">doras, teine<\/td>\n<\/tr>\n<tr>\n<td colspan=\"5\" valign=\"top\">loch, nead, rathad<\/td>\n<\/tr>\n<tr>\n<td colspan=\"5\" valign=\"top\">sg\u00e0than, st\u00e8isean, sgoil<\/td>\n<\/tr>\n<tr>\n<td colspan=\"3\" valign=\"top\">\n<p align=\"center\">air<\/p>\n<\/td>\n<td colspan=\"5\" valign=\"top\">\n<p align=\"center\">an<\/p>\n<\/td>\n<td colspan=\"5\" valign=\"top\">Eilean (fireannta)<\/td>\n<td colspan=\"4\" valign=\"top\">bheag<\/td>\n<\/tr>\n<tr>\n<td colspan=\"3\" valign=\"top\">\n<p align=\"center\">aig<\/p>\n<\/td>\n<td colspan=\"5\" valign=\"top\">\n<p align=\"center\">an<\/p>\n<\/td>\n<td colspan=\"5\" valign=\"top\">Eaglais (boireannta)<\/td>\n<td colspan=\"4\" valign=\"top\">Shaor<\/td>\n<\/tr>\n<tr>\n<td colspan=\"3\" valign=\"top\">\n<p align=\"center\">air<\/p>\n<\/td>\n<td colspan=\"5\" valign=\"top\">\n<p align=\"center\">an t-<\/p>\n<\/td>\n<td colspan=\"5\" valign=\"top\">seacaid (boireannta)<\/td>\n<td colspan=\"4\" valign=\"top\">ghorm<\/td>\n<\/tr>\n<tr>\n<td colspan=\"3\" valign=\"top\">\n<p align=\"center\">aig<\/p>\n<\/td>\n<td colspan=\"5\" valign=\"top\">\n<p align=\"center\">an t-<\/p>\n<\/td>\n<td colspan=\"5\" valign=\"top\">sruthan (fireannta)<\/td>\n<td colspan=\"4\" valign=\"top\">bheag<\/td>\n<\/tr>\n<tr>\n<td colspan=\"3\" valign=\"top\">\n<p align=\"center\">air<\/p>\n<\/td>\n<td colspan=\"5\" valign=\"top\">\n<p align=\"center\">an t-<\/p>\n<\/td>\n<td colspan=\"5\" valign=\"top\">sleids (boireannta)<\/td>\n<td colspan=\"4\" valign=\"top\">chunnartach<\/td>\n<\/tr>\n<tr>\n<td colspan=\"3\" valign=\"top\">\n<p align=\"center\">air<\/p>\n<\/td>\n<td colspan=\"5\" valign=\"top\">\n<p align=\"center\">an t-<\/p>\n<\/td>\n<td colspan=\"5\" valign=\"top\">sneachda (fireannta)<\/td>\n<td colspan=\"4\" valign=\"top\">gheal<\/td>\n<\/tr>\n<tr>\n<td colspan=\"3\" valign=\"top\">\n<p align=\"center\">aig<\/p>\n<\/td>\n<td colspan=\"5\" valign=\"top\">\n<p align=\"center\">na<\/p>\n<\/td>\n<td colspan=\"5\" valign=\"top\">bodaich<\/td>\n<td colspan=\"4\" valign=\"top\">chaola<\/td>\n<\/tr>\n<tr>\n<td colspan=\"3\" valign=\"top\">\n<p align=\"center\">aig<\/p>\n<\/td>\n<td colspan=\"5\" valign=\"top\">\n<p align=\"center\">na<\/p>\n<\/td>\n<td colspan=\"5\" valign=\"top\">caileagan<\/td>\n<td colspan=\"4\" valign=\"top\">tana<\/td>\n<\/tr>\n<tr class=\"eisimpleirean-t-h\">\n<td colspan=\"17\" valign=\"top\">\n<p align=\"center\">do\/dha (don\/dhan), de (den\/dhen), fo (fon), bho\/o (bhon\/on), ro (ron), tro (tron), mun<\/p>\n<\/td>\n<\/tr>\n<tr>\n<td colspan=\"7\" valign=\"top\">\n<p align=\"center\">don\/dhan<\/p>\n<\/td>\n<td rowspan=\"2\" colspan=\"5\" valign=\"top\">bhaile, chaisteal, gh\u00e0radh<\/td>\n<td rowspan=\"2\" colspan=\"5\" valign=\"top\">mh\u00f2r<\/td>\n<\/tr>\n<tr>\n<td colspan=\"7\" valign=\"top\">\n<p align=\"center\">don a&#8217;\/dhan a&#8217;<\/p>\n<\/td>\n<\/tr>\n<tr>\n<td colspan=\"7\" valign=\"top\">\n<p align=\"center\">don<\/p>\n<\/td>\n<td colspan=\"5\" valign=\"top\">teine, taigh, doras<\/td>\n<td colspan=\"5\" valign=\"top\">mh\u00f2r<\/td>\n<\/tr>\n<tr class=\"eisimpleirean-t-h\">\n<td colspan=\"17\" valign=\"top\">\n<p align=\"center\">\u00e0 (\u00e0s), ann an\/am (anns\/sa\/san), le (leis), ri (ris)<\/p>\n<\/td>\n<\/tr>\n<tr>\n<td colspan=\"2\" valign=\"top\">\n<p align=\"center\">leis<\/p>\n<\/td>\n<td colspan=\"3\" valign=\"top\">\n<p align=\"center\">a&#8217;<\/p>\n<\/td>\n<td colspan=\"6\" valign=\"top\">ch\u00e8ic (boireannta)<\/td>\n<td colspan=\"6\" valign=\"top\">mhilis<\/td>\n<\/tr>\n<tr>\n<td colspan=\"2\" valign=\"top\">\n<p align=\"center\">ris<\/p>\n<\/td>\n<td colspan=\"3\" valign=\"top\">\n<p align=\"center\">an<\/p>\n<\/td>\n<td colspan=\"6\" valign=\"top\">duine (fireannta)<\/td>\n<td colspan=\"6\" valign=\"top\">mh\u00f2r<\/td>\n<\/tr>\n<tr>\n<td colspan=\"2\" valign=\"top\">\n<p align=\"center\">leis<\/p>\n<\/td>\n<td colspan=\"3\" valign=\"top\">\n<p align=\"center\">an<\/p>\n<\/td>\n<td colspan=\"6\" valign=\"top\">\u00f2rd (fireannta)<\/td>\n<td colspan=\"6\" valign=\"top\">mh\u00f2r<\/td>\n<\/tr>\n<tr>\n<td colspan=\"2\" valign=\"top\">\n<p align=\"center\">\u00e0s<\/p>\n<\/td>\n<td colspan=\"3\" valign=\"top\">\n<p align=\"center\">an<\/p>\n<\/td>\n<td colspan=\"6\" valign=\"top\">abhainn (boireannta)<\/td>\n<td colspan=\"6\" valign=\"top\">shocair<\/td>\n<\/tr>\n<tr>\n<td colspan=\"2\" valign=\"top\">\n<p align=\"center\">leis<\/p>\n<\/td>\n<td colspan=\"3\" valign=\"top\">\n<p align=\"center\">an t-<\/p>\n<\/td>\n<td colspan=\"6\" valign=\"top\">seacaid, sreang (boir.)<\/td>\n<td colspan=\"6\" valign=\"top\">gheal<\/td>\n<\/tr>\n<tr>\n<td colspan=\"2\" valign=\"top\">\n<p align=\"center\">anns<\/p>\n<\/td>\n<td colspan=\"3\" valign=\"top\">\n<p align=\"center\">an<\/p>\n<\/td>\n<td colspan=\"6\" valign=\"top\">fhraoch (fireannta)<\/td>\n<td colspan=\"6\" valign=\"top\">thiugh<\/td>\n<\/tr>\n<tr>\n<td rowspan=\"2\" colspan=\"2\" valign=\"top\">\n<p align=\"center\">\u00e0s<\/p>\n<\/td>\n<td colspan=\"3\" valign=\"top\">\n<p align=\"center\">mo<\/p>\n<\/td>\n<td colspan=\"12\" valign=\"top\">l\u00e0mhan<\/td>\n<\/tr>\n<tr>\n<td colspan=\"3\" valign=\"top\">\n<p align=\"center\">&#8211;<\/p>\n<\/td>\n<td colspan=\"12\" valign=\"top\">Ameireaga<\/td>\n<\/tr>\n<tr>\n<td rowspan=\"2\" colspan=\"5\" valign=\"top\">\n<p align=\"center\">sa<\/p>\n<\/td>\n<td colspan=\"6\" valign=\"top\">bh\u00f9th (boireannta)<\/td>\n<td colspan=\"6\" valign=\"top\">mh\u00f2r<\/td>\n<\/tr>\n<tr>\n<td colspan=\"6\" valign=\"top\">bhothan (fireannta)<\/td>\n<td colspan=\"6\" valign=\"top\">bheag<\/td>\n<\/tr>\n<tr>\n<td colspan=\"5\" valign=\"top\">\n<p align=\"center\">san<\/p>\n<\/td>\n<td colspan=\"6\" valign=\"top\">taigh (fireannta)<\/td>\n<td colspan=\"6\" valign=\"top\">mh\u00f2r<\/td>\n<\/tr>\n<tr>\n<td colspan=\"5\" valign=\"top\">\n<p align=\"center\">san<\/p>\n<\/td>\n<td colspan=\"6\" valign=\"top\">dealbh (boireannta)<\/td>\n<td colspan=\"6\" valign=\"top\">bhr\u00e8agha<\/td>\n<\/tr>\n<tr>\n<td colspan=\"5\" valign=\"top\">\n<p align=\"center\">sna<\/p>\n<\/td>\n<td colspan=\"6\" valign=\"top\">dealbhan, h-irisean<\/td>\n<td colspan=\"6\" valign=\"top\">cli\u00f9iteach<\/td>\n<\/tr>\n<tr>\n<td colspan=\"5\" valign=\"top\">\n<p align=\"center\">anns na \/ sna<\/p>\n<\/td>\n<td colspan=\"6\" valign=\"top\">deilbh<\/td>\n<td colspan=\"6\" valign=\"top\">bhr\u00e8agha<\/td>\n<\/tr>\n<tr>\n<td colspan=\"5\" valign=\"top\">\n<p align=\"center\">anns na \/ sna<\/p>\n<\/td>\n<td colspan=\"6\" valign=\"top\">dealbhan<\/td>\n<td colspan=\"6\" valign=\"top\">Br\u00e8agha<\/td>\n<\/tr>\n<tr>\n<td rowspan=\"2\" valign=\"top\">\n<p align=\"center\">leis<br \/>\nris<\/p>\n<\/td>\n<td rowspan=\"3\" colspan=\"5\" valign=\"top\">\n<p align=\"center\">gach<\/p>\n<\/td>\n<td colspan=\"5\" valign=\"top\">balach<\/td>\n<td colspan=\"6\" valign=\"top\">beag<\/td>\n<\/tr>\n<tr>\n<td colspan=\"5\" valign=\"top\">caileag<\/td>\n<td colspan=\"6\" valign=\"top\">bheag<\/td>\n<\/tr>\n<tr>\n<td valign=\"top\">\n<p align=\"center\">anns<\/p>\n<\/td>\n<td colspan=\"11\" valign=\"top\">\u00e0ite<\/td>\n<\/tr>\n<tr class=\"eisimpleirean-t-h\">\n<td colspan=\"16\" valign=\"top\">\n<p align=\"center\">gun, mar, eadar, seach, ach<\/p>\n<\/td>\n<td><\/td>\n<\/tr>\n<tr>\n<td rowspan=\"2\" colspan=\"3\" valign=\"top\">\n<p align=\"center\">mar<\/p>\n<\/td>\n<td colspan=\"6\" valign=\"top\">\n<p align=\"center\">an<\/p>\n<\/td>\n<td colspan=\"5\" valign=\"top\">cat (fireannta)<\/td>\n<td colspan=\"2\" valign=\"top\">dubh<\/td>\n<td><\/td>\n<\/tr>\n<tr>\n<td colspan=\"6\" valign=\"top\">\n<p align=\"center\">a&#8217;<\/p>\n<\/td>\n<td colspan=\"5\" valign=\"top\">chaileag (boireannta)<\/td>\n<td colspan=\"2\" valign=\"top\">bheag<\/td>\n<td><\/td>\n<\/tr>\n<tr>\n<td rowspan=\"2\" colspan=\"3\" valign=\"top\">\n<p align=\"center\">gun<\/p>\n<\/td>\n<td colspan=\"6\" valign=\"top\">\n<p align=\"center\">an t-<\/p>\n<\/td>\n<td colspan=\"5\" valign=\"top\">airgead (fireannta)<\/td>\n<td colspan=\"2\" valign=\"top\">ceart<\/td>\n<td><\/td>\n<\/tr>\n<tr>\n<td colspan=\"6\" valign=\"top\">\n<p align=\"center\">an<\/p>\n<\/td>\n<td colspan=\"5\" valign=\"top\">iuchair (boireannta)<\/td>\n<td colspan=\"2\" valign=\"top\">cheart<\/td>\n<td><\/td>\n<\/tr>\n<\/tbody>\n<\/table>\n<p>&nbsp;<\/p>\n<table width=\"100%\" border=\"1\" cellspacing=\"0\" cellpadding=\"0\">\n<tbody>\n<tr class=\"eisimpleirean-t-h\">\n<td colspan=\"4\" valign=\"top\">\n<p align=\"center\">thar, r\u00e8, chun<\/p>\n<\/td>\n<\/tr>\n<tr>\n<td valign=\"top\">\n<p align=\"center\">chun<\/p>\n<\/td>\n<td valign=\"top\">\n<p align=\"center\">a&#8217;<\/p>\n<\/td>\n<td valign=\"top\">bhus<\/td>\n<td valign=\"top\">luath<\/td>\n<\/tr>\n<tr>\n<td valign=\"top\">\n<p align=\"center\">r\u00e8<\/p>\n<\/td>\n<td valign=\"top\">\n<p align=\"center\">na h-<\/p>\n<\/td>\n<td valign=\"top\">oidhche<\/td>\n<td valign=\"top\">fhada<\/td>\n<\/tr>\n<tr>\n<td valign=\"top\">\n<p align=\"center\">thar<\/p>\n<\/td>\n<td valign=\"top\">\n<p align=\"center\">na<\/p>\n<\/td>\n<td valign=\"top\">mara<\/td>\n<td valign=\"top\"><\/td>\n<\/tr>\n<tr>\n<td valign=\"top\">\n<p align=\"center\">chun<\/p>\n<\/td>\n<td valign=\"top\">\n<p align=\"center\">nam<\/p>\n<\/td>\n<td valign=\"top\">beanntan<\/td>\n<td valign=\"top\">\u00e0rda<\/td>\n<\/tr>\n<\/tbody>\n<\/table>\n","protected":false},"excerpt":{"rendered":"<p>Faclan gun an t-alt ann, le, ri \u2026 Facal (1) Facal (2) aig, air, gu, \u00e0, ann an\/am, le, ri, eadar, seach, ach, thar ann am b\u00f9th (boireannta) bheag Le peansail (fireannta) m\u00f2r Ri caileagan beaga Ri cait bheaga do, de, fo, bho, ro, tro, mu tro choille (boireanta) dhorcha ro ch\u00e0r (fireannta) beag l\u00e0raidh [&hellip;]<\/p>\n","protected":false},"author":1,"featured_media":0,"parent":330,"menu_order":0,"comment_status":"open","ping_status":"closed","template":"page-eisimpleirean.php","meta":{"inline_featured_image":false,"footnotes":""},"class_list":["post-449","page","type-page","status-publish","hentry","has-post-title","has-post-date","has-post-category","has-post-tag","has-post-comment","has-post-author",""],"builder_content":"","_links":{"self":[{"href":"https:\/\/storlann.co.uk\/mirean\/wp-json\/wp\/v2\/pages\/449","targetHints":{"allow":["GET"]}}],"collection":[{"href":"https:\/\/storlann.co.uk\/mirean\/wp-json\/wp\/v2\/pages"}],"about":[{"href":"https:\/\/storlann.co.uk\/mirean\/wp-json\/wp\/v2\/types\/page"}],"author":[{"embeddable":true,"href":"https:\/\/storlann.co.uk\/mirean\/wp-json\/wp\/v2\/users\/1"}],"replies":[{"embeddable":true,"href":"https:\/\/storlann.co.uk\/mirean\/wp-json\/wp\/v2\/comments?post=449"}],"version-history":[{"count":0,"href":"https:\/\/storlann.co.uk\/mirean\/wp-json\/wp\/v2\/pages\/449\/revisions"}],"up":[{"embeddable":true,"href":"https:\/\/storlann.co.uk\/mirean\/wp-json\/wp\/v2\/pages\/330"}],"wp:attachment":[{"href":"https:\/\/storlann.co.uk\/mirean\/wp-json\/wp\/v2\/media?parent=449"}],"curies":[{"name":"wp","href":"https:\/\/api.w.org\/{rel}","templated":true}]}}