{"id":420,"date":"2010-11-09T13:53:03","date_gmt":"2010-11-09T11:53:03","guid":{"rendered":"https:\/\/storlann.co.uk\/mirean\/?page_id=420"},"modified":"2018-01-09T09:23:40","modified_gmt":"2018-01-09T09:23:40","slug":"aon-pheansail-da-chaileag-bheag","status":"publish","type":"page","link":"https:\/\/storlann.co.uk\/mirean\/clar-amais\/measgachadh\/aon-pheansail-da-chaileag-bheag\/","title":{"rendered":"Aon pheansail, d\u00e0 chaileag bheag."},"content":{"rendered":"<h3 class=\"page-info\">M\u00ecneachadh<\/h3>\n<p>Tha na faclan airson \u00e0ireamhan anns a\u2019 Gh\u00e0idhlig ag obrachadh mar a leanas.<\/p>\n<p>Tha toiseach fhaclan ag atharrachadh \u00e0s d\u00e8idh <strong>aon<\/strong>, ach a-mh\u00e0in na litrichean <strong>d<\/strong> agus <strong>t<\/strong> (agus na litrichean nach bi ag atharrachadh san d\u00f2igh seo uair sam bith):<\/p>\n<ul type=\"circle\">\n<li>aon <strong>ph<\/strong>eansail<\/li>\n<li>aon duine<\/li>\n<li>aon sg\u00e0than<\/li>\n<\/ul>\n<p>\u2019S e an riochd singilte a tha a\u2019 tighinn \u00e0s d\u00e8idh <strong>d\u00e0<\/strong> agus tha toiseach an fhacail ag atharrachadh:<\/p>\n<ul type=\"circle\">\n<li>d\u00e0 <strong>ph<\/strong>eansail<\/li>\n<li>d\u00e0 <strong>dh<\/strong>uine (<strong>mh<\/strong>\u00f2r)<\/li>\n<li>d\u00e0 <strong>ch<\/strong>aileag (<strong>bh<\/strong>eag)<\/li>\n<\/ul>\n<p>[Ann an \u00e0ireamh bheag de abairtean, mar as trice rudan de bheil a dh\u00e0 againn, tha meadhan no deireadh an fhacail ag atharrachadh cuideachd: d\u00e0 <strong>chois<\/strong>, d\u00e0 <strong>l\u00e0imh<\/strong>.]<\/p>\n<p>Nuair a tha iad a\u2019 seasamh leotha fh\u00e8in, gheibhear na riochdan seo de 1 gu 10:<\/p>\n<ul>\n<li><strong>aonan<\/strong>\/<strong>a h-aon, a dh\u00e0<\/strong>, <strong>a tr\u00ec<\/strong>, <strong>a ceithir<\/strong>, <strong>a c\u00f2ig, a sia<\/strong>, <strong>a seachd<\/strong>, <strong>a h-ochd<\/strong>, <strong>a naoi\/naodh<\/strong>, <strong>a deich<\/strong>.<\/li>\n<li>Ceannaich <strong>aonan <\/strong>agus faigh<strong> a dh\u00e0<\/strong>!<\/li>\n<\/ul>\n<p>Tha an riochd airson c\u00f2rr is aon rud air a chleachdadh leis na h-\u00e0ireamhan 3-10 ach a-mh\u00e0in le faclan \u00e0raidh mar <strong>bliadhna<\/strong>, <strong>latha<\/strong> no <strong>sgillinn<\/strong> (ach chan eil le <strong>nota<\/strong>):<\/p>\n<ul>\n<li>Tha ceithir <strong>busaichean<\/strong> aig an sgoil.<\/li>\n<li>Chosg e ochd <strong>notaichean<\/strong>.<\/li>\n<li>Bha mi ochd <strong>bliadhna<\/strong> sa bhaile sin.<\/li>\n<li>A bheil ochd <strong>sgillinn<\/strong> agad?<\/li>\n<\/ul>\n<p>Le 11-19, \u2019s e an riochd traidiseanta <strong>tr\u00ec nota deug<\/strong> (ie, am facal san riochd shingilte eadar an \u00e0ireamh is <strong>deug<\/strong>) ach seo am p\u00e0tran a tha air a chleachdadh ann am matamataig sgoile:<\/p>\n<ul type=\"disc\">\n<li>tr\u00ec deug <strong>notaichean<\/strong><\/li>\n<li>c\u00f2ig deug <strong>lathaichean<\/strong>.<\/li>\n<\/ul>\n<p>Leis na h-\u00e0ireamhan 21-29 (agus 31-39 msaa), \u2019s e an riochd traidiseanta: <strong>tr\u00ec <\/strong>bailtean<strong> ar fhichead <\/strong>ach seo am p\u00e0tran a tha air a chleachdadh ann am matamataig sgoile:<\/p>\n<ul type=\"disc\">\n<li><strong>fichead agus a tr\u00ec<\/strong> notaichean<\/li>\n<li><strong>ceathrad agus a c\u00f2ig<\/strong> leabhraichean.<\/li>\n<\/ul>\n<p>Tha an riochd singilte a\u2019 tighinn \u00e0s d\u00e8idh <strong>dusan<\/strong>, <strong>ceud<\/strong>, <strong>m\u00ecle<\/strong>, <strong>millean<\/strong> agus <strong>fichead<\/strong>&#8211;<strong>naochad<\/strong>, nuair a tha iad sin leotha fh\u00e8in gun \u00e0ireamh eile \u00e0s an d\u00e8idh:<\/p>\n<ul type=\"disc\">\n<li><strong>ceathrad mionaid<\/strong> <em>ach<\/em> <strong>ceathrad agus a c\u00f2ig mionaidean<\/strong>.<\/li>\n<\/ul>\n<p>Tha na riochdan seo de 2-10 air an cleachdadh airson daoine a-mh\u00e0in (mar as trice):<\/p>\n<ul type=\"disc\">\n<li><strong>dithis<\/strong>, <strong>tri\u00f9ir<\/strong>, <strong>ceathrar, c\u00f2ignear, sianar, seachdnar<\/strong>, <strong>ochdnar<\/strong>, <strong>naoinear<\/strong>, <strong>deichnear <\/strong><\/li>\n<\/ul>\n<p>Tha na riochdan seo de na h-\u00e0ireamhan air an cleachdadh airson \u00f2rdugh rudan a shealltainn:<\/p>\n<ul type=\"disc\">\n<li><strong>a\u2019 chiad<\/strong>,<strong> an dara<\/strong>\/<strong>d\u00e0rna<\/strong>,<strong> an treas<\/strong>,<strong> an ceathramh<\/strong>,<strong> an c\u00f2igeamh<\/strong>,<strong> an siathamh<\/strong>,<strong> an seachdamh<\/strong>, <strong>an <\/strong><strong>t-ochdamh, an naoidheamh<\/strong>,<strong> an deicheamh<\/strong>.<\/li>\n<\/ul>\n<p>&nbsp;<\/p>\n<hr \/>\n<div id=\"ccchildpages-1\" class=\"ccchildpages ccflex twocol ccgreen ccclearfix\"><ul class=\"ccchildpages_list ccclearfix\"><li class=\"page_item page-item-638\"><a href=\"https:\/\/storlann.co.uk\/mirean\/clar-amais\/measgachadh\/aon-pheansail-da-chaileag-bheag\/obair-ire-t\/\">Obair \u00ecre T<\/a><\/li>\n<li class=\"page_item page-item-636\"><a href=\"https:\/\/storlann.co.uk\/mirean\/clar-amais\/measgachadh\/aon-pheansail-da-chaileag-bheag\/obair-ire-1\/\">Obair \u00ecre 1<\/a><\/li>\n<li class=\"page_item page-item-634\"><a href=\"https:\/\/storlann.co.uk\/mirean\/clar-amais\/measgachadh\/aon-pheansail-da-chaileag-bheag\/obair-ire-2\/\">Obair \u00ecre 2<\/a><\/li><\/ul><\/div>\n","protected":false},"excerpt":{"rendered":"<p>M\u00ecneachadh Tha na faclan airson \u00e0ireamhan anns a\u2019 Gh\u00e0idhlig ag obrachadh mar a leanas. Tha toiseach fhaclan ag atharrachadh \u00e0s d\u00e8idh aon, ach a-mh\u00e0in na litrichean d agus t (agus na litrichean nach bi ag atharrachadh san d\u00f2igh seo uair sam bith): aon pheansail aon duine aon sg\u00e0than \u2019S e an riochd singilte a tha [&hellip;]<\/p>\n","protected":false},"author":1,"featured_media":0,"parent":195,"menu_order":49,"comment_status":"closed","ping_status":"closed","template":"","meta":{"inline_featured_image":false,"footnotes":""},"class_list":["post-420","page","type-page","status-publish","hentry","has-post-title","has-post-date","has-post-category","has-post-tag","has-post-comment","has-post-author",""],"builder_content":"","_links":{"self":[{"href":"https:\/\/storlann.co.uk\/mirean\/wp-json\/wp\/v2\/pages\/420","targetHints":{"allow":["GET"]}}],"collection":[{"href":"https:\/\/storlann.co.uk\/mirean\/wp-json\/wp\/v2\/pages"}],"about":[{"href":"https:\/\/storlann.co.uk\/mirean\/wp-json\/wp\/v2\/types\/page"}],"author":[{"embeddable":true,"href":"https:\/\/storlann.co.uk\/mirean\/wp-json\/wp\/v2\/users\/1"}],"replies":[{"embeddable":true,"href":"https:\/\/storlann.co.uk\/mirean\/wp-json\/wp\/v2\/comments?post=420"}],"version-history":[{"count":0,"href":"https:\/\/storlann.co.uk\/mirean\/wp-json\/wp\/v2\/pages\/420\/revisions"}],"up":[{"embeddable":true,"href":"https:\/\/storlann.co.uk\/mirean\/wp-json\/wp\/v2\/pages\/195"}],"wp:attachment":[{"href":"https:\/\/storlann.co.uk\/mirean\/wp-json\/wp\/v2\/media?parent=420"}],"curies":[{"name":"wp","href":"https:\/\/api.w.org\/{rel}","templated":true}]}}