{"id":413,"date":"2010-11-09T13:51:08","date_gmt":"2010-11-09T11:51:08","guid":{"rendered":"https:\/\/storlann.co.uk\/mirean\/?page_id=413"},"modified":"2018-01-10T09:40:08","modified_gmt":"2018-01-10T09:40:08","slug":"bi-bithidh","status":"publish","type":"page","link":"https:\/\/storlann.co.uk\/mirean\/clar-amais\/measgachadh\/bi-bithidh\/","title":{"rendered":"Bi, bithidh."},"content":{"rendered":"<h3 class=\"page-info\">M\u00ecneachadh<\/h3>\n<p>Tha na riochdan a leanas de na faclan gn\u00ecomh air an cleachdadh airson \u00f2rdugh (no iarrtas) a thoirt seachad:<\/p>\n<ul type=\"circle\">\n<li><strong>bi<\/strong> (<em>ri aon<\/em>), <strong>bithibh<\/strong> (<em>ri c\u00f2rr is aon<\/em>)<\/li>\n<li><strong>Bi<\/strong> modhail!<\/li>\n<li><strong>Bithibh<\/strong> foighidneach.<\/li>\n<\/ul>\n<p>Agus le <strong>cuir<\/strong>:<\/p>\n<ul>\n<li><strong>cuir<\/strong> (<em>ri aon<\/em>), <strong>cuiribh<\/strong> (<em>ri c\u00f2rr is aon<\/em>).<\/li>\n<li><strong>Cuir<\/strong> post-dealain thuca.<\/li>\n<li><strong>Cuiribh<\/strong> dhibh ar c\u00f2taichean.<\/li>\n<\/ul>\n<p>Tha na riochdan seo a\u2019 gabhail a-steach <em>sinn<\/em>:<\/p>\n<ul>\n<li><strong>bitheamaid<\/strong>\/<strong>biomaid<\/strong>, <strong>cuireamaid<\/strong><\/li>\n<li><strong>Bitheamaid <\/strong>taingeil.<\/li>\n<li><strong>D\u00e8anamaid <\/strong>adhradh.<\/li>\n<\/ul>\n<p>[Chan eil iad seo air an cleachdadh ach ann an suidhichidhean foirmeil, leithid adhradh.]<\/p>\n<p>Tha an riochd seo air a chleachdadh airson \u00f2rdugh (no iarrtas) a thoirt do chuideigin seach an neach ris a bheilear a\u2019 bruidhinn<\/p>\n<ul>\n<li><strong>Cuireadh <\/strong>iad ceist a-steach thugainn agus bheir sinn dhaibh freagairt.<\/li>\n<\/ul>\n<p>[Chan eil an riochd seo cumanta.]<\/p>\n<p>Canar am <em>freumh<\/em> ris an riochd \u00f2rdanachaidh de fhaclan gn\u00ecomh mar <strong>cuir<\/strong>, <strong>f\u00e0g<\/strong>, <strong>d\u00e8an<\/strong>. Tha seo a chionn is gun gabh m\u00f2ran de na riochdan eile a dh\u00e8anamh leotha, a\u2019 leantainn nam p\u00e0tran seo:<\/p>\n<ul>\n<li><em>cuir<\/em> &#8211; c<strong>h<\/strong>uir, cuir<strong>idh<\/strong>, (a) c<strong>h<\/strong>uir<strong>eas<\/strong><\/li>\n<li><em>d\u00f9in<\/em> &#8211; d<strong>h<\/strong>\u00f9in, d\u00f9in<strong>idh<\/strong>, (a) d<strong>h<\/strong>\u00f9in<strong>eas<\/strong><\/li>\n<li><em>\u00e8ist <\/em>\u2013 <strong>dh\u2019<\/strong>\u00e8ist, \u00e8ist<strong>idh<\/strong>, (a) <strong>dh\u2019<\/strong>\u00e8ist<strong>eas<\/strong><\/li>\n<li><em>fuirich<\/em> \u2013 <strong>dh\u2019<\/strong>fhuirich, fuirich<strong>idh<\/strong>, (a) <strong>dh\u2019<\/strong>f<strong>h<\/strong>uirich<strong>eas<\/strong>.<\/li>\n<\/ul>\n<p>&nbsp;<\/p>\n<p>&nbsp;<\/p>\n<hr \/>\n<div id=\"ccchildpages-1\" class=\"ccchildpages ccflex twocol ccgreen ccclearfix\"><ul class=\"ccchildpages_list ccclearfix\"><li class=\"page_item page-item-624\"><a href=\"https:\/\/storlann.co.uk\/mirean\/clar-amais\/measgachadh\/bi-bithidh\/obair-ire-t\/\">Obair \u00ecre T<\/a><\/li>\n<li class=\"page_item page-item-622\"><a href=\"https:\/\/storlann.co.uk\/mirean\/clar-amais\/measgachadh\/bi-bithidh\/obair-ire-1\/\">Obair \u00ecre 1<\/a><\/li>\n<li class=\"page_item page-item-620\"><a href=\"https:\/\/storlann.co.uk\/mirean\/clar-amais\/measgachadh\/bi-bithidh\/obair-ire-2\/\">Obair \u00ecre 2<\/a><\/li><\/ul><\/div>\n","protected":false},"excerpt":{"rendered":"<p>M\u00ecneachadh Tha na riochdan a leanas de na faclan gn\u00ecomh air an cleachdadh airson \u00f2rdugh (no iarrtas) a thoirt seachad: bi (ri aon), bithibh (ri c\u00f2rr is aon) Bi modhail! Bithibh foighidneach. Agus le cuir: cuir (ri aon), cuiribh (ri c\u00f2rr is aon). Cuir post-dealain thuca. Cuiribh dhibh ar c\u00f2taichean. Tha na riochdan seo a\u2019 [&hellip;]<\/p>\n","protected":false},"author":1,"featured_media":0,"parent":195,"menu_order":44,"comment_status":"closed","ping_status":"closed","template":"","meta":{"inline_featured_image":false,"footnotes":""},"class_list":["post-413","page","type-page","status-publish","hentry","has-post-title","has-post-date","has-post-category","has-post-tag","has-post-comment","has-post-author",""],"builder_content":"","_links":{"self":[{"href":"https:\/\/storlann.co.uk\/mirean\/wp-json\/wp\/v2\/pages\/413","targetHints":{"allow":["GET"]}}],"collection":[{"href":"https:\/\/storlann.co.uk\/mirean\/wp-json\/wp\/v2\/pages"}],"about":[{"href":"https:\/\/storlann.co.uk\/mirean\/wp-json\/wp\/v2\/types\/page"}],"author":[{"embeddable":true,"href":"https:\/\/storlann.co.uk\/mirean\/wp-json\/wp\/v2\/users\/1"}],"replies":[{"embeddable":true,"href":"https:\/\/storlann.co.uk\/mirean\/wp-json\/wp\/v2\/comments?post=413"}],"version-history":[{"count":0,"href":"https:\/\/storlann.co.uk\/mirean\/wp-json\/wp\/v2\/pages\/413\/revisions"}],"up":[{"embeddable":true,"href":"https:\/\/storlann.co.uk\/mirean\/wp-json\/wp\/v2\/pages\/195"}],"wp:attachment":[{"href":"https:\/\/storlann.co.uk\/mirean\/wp-json\/wp\/v2\/media?parent=413"}],"curies":[{"name":"wp","href":"https:\/\/api.w.org\/{rel}","templated":true}]}}