{"id":406,"date":"2010-11-09T13:48:58","date_gmt":"2010-11-09T13:48:58","guid":{"rendered":"https:\/\/storlann.co.uk\/mirean\/?page_id=406"},"modified":"2018-01-10T09:38:43","modified_gmt":"2018-01-10T09:38:43","slug":"s-urrainn-dhomh-draibheadh","status":"publish","type":"page","link":"https:\/\/storlann.co.uk\/mirean\/clar-amais\/rudan-as-urrainn-dhut-a-dheanamh-agus-a-leithid-sin\/s-urrainn-dhomh-draibheadh\/","title":{"rendered":"\u2019S urrainn dhomh dr\u00e0ibheadh."},"content":{"rendered":"<h3 class=\"page-info\">M\u00ecneachadh<\/h3>\n<p>Tha <strong>\u2019s urrainn, an urrainn, chan urrainn<\/strong> air an cleachdadh leis na p\u00e0train a leanas airson innse gu bheil e comasach do neach rud \u00e0raidh a dh\u00e8anamh:<\/p>\n<ul>\n<li>\u2019S urrainn dhomh <strong>fighe<\/strong>.\u00a0\u00a0\u00a0\u00a0\u00a0\u00a0\u00a0\u00a0\u00a0\u00a0\u00a0\u00a0\u00a0\u00a0\u00a0\u00a0\u00a0\u00a0\u00a0\u00a0\u00a0\u00a0\u00a0\u00a0\u00a0\u00a0\u00a0\u00a0\u00a0\u00a0\u00a0\u00a0\u00a0\u00a0\u00a0\u00a0\u00a0\u00a0\u00a0\u00a0\u00a0\u00a0\u00a0\u00a0\u00a0\u00a0\u00a0\u00a0\u00a0\u00a0\u00a0\u00a0\u00a0\u00a0\u00a0\u00a0\u00a0\u00a0\u00a0\u00a0\u00a0\u00a0\u00a0\u00a0\u00a0\u00a0\u00a0\u00a0\u00a0\u00a0\u00a0\u00a0\u00a0\u00a0\u00a0\u00a0\u00a0\u00a0\u00a0\u00a0\u00a0\u00a0\u00a0\u00a0\u00a0\u00a0\u00a0\u00a0\u00a0\u00a0\u00a0\u00a0\u00a0<\/li>\n<li>\u2019S urrainn dhomh <strong>dr\u00e0ibheadh<\/strong><\/li>\n<li>An urrainn dhut <strong>c\u00e8icean a dh\u00e8anamh<\/strong>?<\/li>\n<li>Chan urrainn dhomh <strong>c\u00e0il fhaicinn.<\/strong><\/li>\n<li>\u2019S urrainn dhomh <strong>am faicinn<\/strong>.<\/li>\n<li>An urrainn dhut <strong>ar cuideachadh<\/strong>?<\/li>\n<li>\u2019S urrainn do Dh\u00f2mhnall <strong>sn\u00e0mh<\/strong>.<\/li>\n<li>\u2019S urrainn dhan bhalach <strong>seinn<\/strong>.<\/li>\n<\/ul>\n<p>[Chan eil na faclan gn\u00ecomh (<strong>fighe<\/strong>) ag atharrachadh nuair a tha iad leotha fh\u00e8in, ach a-mh\u00e0in <strong>dol<\/strong> is <strong>tighinn<\/strong>: Chan urrainn dhomh <strong>a dhol<\/strong> ann,\u00a0Chan urrainn dhomh <strong>tighinn\/a thighinn<\/strong>.<\/p>\n<p>Nuair a tha facal mar <strong>c\u00e8icean<\/strong> leis, tha <strong>a<\/strong> a\u2019 tighinn ron fhacal gn\u00ecomh agus tha an toiseach aige ag atharrachadh. Chan eil <strong>a<\/strong> air a shealltainn ro <strong>f <\/strong>+ <strong>a, e, i, o, u <\/strong>no ro <strong>a, e, i, o, u<\/strong> agus tha litrichean nach atharraich (ann an sgr\u00ecobhadh): <strong>l, n, r, sg, sm, sp, st<\/strong>.<\/p>\n<p>Tha na faclan a leanas gan cleachdadh sa ph\u00e0tran <em>\u2019S <\/em>urrainn dhomh am faicinn: <strong>mo<\/strong> (<strong>m\u2019<\/strong> ro <strong>f <\/strong>+ <strong>a, e, i, o, u <\/strong>no <strong>a, e, i, o, u<\/strong>),<strong> do\/d\u2019<\/strong>,<strong> a <\/strong>(e),<strong> a\/a h- <\/strong>(i),<strong> ar<\/strong>,<strong> ur <\/strong>(<strong>ar n-\/ur n-<\/strong> ro <strong>a, e, i, o, u<\/strong>),<strong> an\/am <\/strong>(iad).]<\/p>\n<p>Tha am p\u00e0tran seo cuideachd air a chleachdadh le grunn abairtean eile, nam measg:<\/p>\n<ul>\n<li>Tha mi ag iarraidh, tha mi airson, bu ch\u00f2ir dhut, &#8216;s fhe\u00e0rr dhut, bu toigh leam, b\u2019 \u00e0bhaist dhomh, chuir iad romhpa, theab mi, dh\u2019fheuch mi ri, tha agam ri, faodaidh\/am faod\/chan fhaod, feumaidh\/am feum\/chan fheum.\u00a0\u00a0\u00a0\u00a0\u00a0\u00a0\u00a0\u00a0\u00a0\u00a0\u00a0\u00a0\u00a0\u00a0\u00a0\u00a0\u00a0\u00a0\u00a0\u00a0\u00a0\u00a0\u00a0\u00a0<\/li>\n<\/ul>\n<p>[Nuair a tha facal leis an alt (<strong>an\/am, a\u2019, an t-<\/strong>) air a chleachdadh le abairtean a\u2019 cr\u00ecochnachadh le <strong>ri,<\/strong> tha am facal agus an t-alt uaireannan ag atharrachadh: Tha mi ag iarraidh <strong>am balach<\/strong> fhaicinn <em>ach<\/em> Dh\u2019fheuch mi <strong>ris a&#8217; bhalach<\/strong> fhaicinn.]<\/p>\n<p>Tha <strong>gun<\/strong> air a chleachdadh airson innse mu rudan nach urrainn neach a dheanamh no nach eilear ag iarraidh tachairt:<\/p>\n<ul>\n<li>Cha b\u2019 urrainn dhomh <strong>gun<\/strong> g\u00e0ire a dh\u00e8anamh.\u00a0\u00a0\u00a0\u00a0\u00a0\u00a0\u00a0\u00a0\u00a0\u00a0\u00a0\u00a0\u00a0\u00a0\u00a0\u00a0\u00a0\u00a0\u00a0\u00a0\u00a0\u00a0\u00a0\u00a0\u00a0\u00a0\u00a0\u00a0\u00a0\u00a0\u00a0\u00a0\u00a0\u00a0\u00a0\u00a0\u00a0\u00a0\u00a0\u00a0\u00a0\u00a0\u00a0\u00a0\u00a0\u00a0\u00a0\u00a0\u00a0<\/li>\n<li>\u2019S fhe\u00e0rr dhut <strong>gun<\/strong> c\u00e0il a r\u00e0dh.<\/li>\n<\/ul>\n<p>\u00a0Tha <strong>a bhith<\/strong> air a chleachdadh airson innse mu staid no mu rudan a tha a\u2019 tachairt tric:<\/p>\n<ul>\n<li>Feumaidh tu <strong>a bhith a\u2019 dol<\/strong> ann nas trice.\u00a0\u00a0\u00a0\u00a0\u00a0\u00a0\u00a0\u00a0\u00a0\u00a0\u00a0\u00a0\u00a0\u00a0\u00a0\u00a0\u00a0\u00a0\u00a0\u00a0\u00a0\u00a0\u00a0\u00a0\u00a0\u00a0\u00a0\u00a0\u00a0\u00a0\u00a0\u00a0\u00a0\u00a0\u00a0\u00a0\u00a0\u00a0\u00a0\u00a0\u00a0\u00a0\u00a0\u00a0\u00a0\u00a0\u00a0\u00a0\u00a0\u00a0\u00a0\u00a0<\/li>\n<li>Tha mi airson <strong>a bhith deiseil<\/strong> tr\u00e0th.<\/li>\n<\/ul>\n<p>Faodar <strong>b\u2019 urrainn, am b\u2019 urrainn, cha b\u2019 urrainn<\/strong> a chleachdadh airson an \u00e0m ron a seo:<\/p>\n<ul>\n<li><strong>B\u2019 urrainn dhomh<\/strong> ruith gl\u00e8 luath nuair a bha mi \u00f2g.<\/li>\n<\/ul>\n<p>&nbsp;<\/p>\n<p>&nbsp;<\/p>\n<hr \/>\n<div id=\"ccchildpages-1\" class=\"ccchildpages ccflex twocol ccgreen ccclearfix\"><ul class=\"ccchildpages_list ccclearfix\"><li class=\"page_item page-item-614\"><a href=\"https:\/\/storlann.co.uk\/mirean\/clar-amais\/rudan-as-urrainn-dhut-a-dheanamh-agus-a-leithid-sin\/s-urrainn-dhomh-draibheadh\/obair-ire-t\/\">Obair \u00ecre T<\/a><\/li>\n<li class=\"page_item page-item-604\"><a href=\"https:\/\/storlann.co.uk\/mirean\/clar-amais\/rudan-as-urrainn-dhut-a-dheanamh-agus-a-leithid-sin\/s-urrainn-dhomh-draibheadh\/obair-ire-3\/\">Obair \u00ecre 1<\/a><\/li><\/ul><\/div>\n","protected":false},"excerpt":{"rendered":"<p>M\u00ecneachadh Tha \u2019s urrainn, an urrainn, chan urrainn air an cleachdadh leis na p\u00e0train a leanas airson innse gu bheil e comasach do neach rud \u00e0raidh a dh\u00e8anamh: \u2019S urrainn dhomh fighe.\u00a0\u00a0\u00a0\u00a0\u00a0\u00a0\u00a0\u00a0\u00a0\u00a0\u00a0\u00a0\u00a0\u00a0\u00a0\u00a0\u00a0\u00a0\u00a0\u00a0\u00a0\u00a0\u00a0\u00a0\u00a0\u00a0\u00a0\u00a0\u00a0\u00a0\u00a0\u00a0\u00a0\u00a0\u00a0\u00a0\u00a0\u00a0\u00a0\u00a0\u00a0\u00a0\u00a0\u00a0\u00a0\u00a0\u00a0\u00a0\u00a0\u00a0\u00a0\u00a0\u00a0\u00a0\u00a0\u00a0\u00a0\u00a0\u00a0\u00a0\u00a0\u00a0\u00a0\u00a0\u00a0\u00a0\u00a0\u00a0\u00a0\u00a0\u00a0\u00a0\u00a0\u00a0\u00a0\u00a0\u00a0\u00a0\u00a0\u00a0\u00a0\u00a0\u00a0\u00a0\u00a0\u00a0\u00a0\u00a0\u00a0\u00a0\u00a0\u00a0\u00a0 \u2019S urrainn dhomh dr\u00e0ibheadh An urrainn dhut c\u00e8icean a dh\u00e8anamh? Chan urrainn dhomh c\u00e0il fhaicinn. \u2019S urrainn dhomh am faicinn. An urrainn dhut [&hellip;]<\/p>\n","protected":false},"author":1,"featured_media":0,"parent":191,"menu_order":45,"comment_status":"closed","ping_status":"closed","template":"","meta":{"inline_featured_image":false,"footnotes":""},"class_list":["post-406","page","type-page","status-publish","hentry","has-post-title","has-post-date","has-post-category","has-post-tag","has-post-comment","has-post-author",""],"builder_content":"","_links":{"self":[{"href":"https:\/\/storlann.co.uk\/mirean\/wp-json\/wp\/v2\/pages\/406","targetHints":{"allow":["GET"]}}],"collection":[{"href":"https:\/\/storlann.co.uk\/mirean\/wp-json\/wp\/v2\/pages"}],"about":[{"href":"https:\/\/storlann.co.uk\/mirean\/wp-json\/wp\/v2\/types\/page"}],"author":[{"embeddable":true,"href":"https:\/\/storlann.co.uk\/mirean\/wp-json\/wp\/v2\/users\/1"}],"replies":[{"embeddable":true,"href":"https:\/\/storlann.co.uk\/mirean\/wp-json\/wp\/v2\/comments?post=406"}],"version-history":[{"count":0,"href":"https:\/\/storlann.co.uk\/mirean\/wp-json\/wp\/v2\/pages\/406\/revisions"}],"up":[{"embeddable":true,"href":"https:\/\/storlann.co.uk\/mirean\/wp-json\/wp\/v2\/pages\/191"}],"wp:attachment":[{"href":"https:\/\/storlann.co.uk\/mirean\/wp-json\/wp\/v2\/media?parent=406"}],"curies":[{"name":"wp","href":"https:\/\/api.w.org\/{rel}","templated":true}]}}