{"id":401,"date":"2010-11-09T13:47:36","date_gmt":"2010-11-09T11:47:36","guid":{"rendered":"https:\/\/storlann.co.uk\/mirean\/?page_id=401"},"modified":"2018-01-09T09:21:36","modified_gmt":"2018-01-09T09:21:36","slug":"tha-an-rabhadh-air-a-sgriobhadh-ann-an-dearg","status":"publish","type":"page","link":"https:\/\/storlann.co.uk\/mirean\/clar-amais\/ag-innse-mu-rud-a-bhith-air-a-dheanamh-air-rud-no-neach\/tha-an-rabhadh-air-a-sgriobhadh-ann-an-dearg\/","title":{"rendered":"Tha an rabhadh air a sgr\u00ecobhadh ann an dearg."},"content":{"rendered":"<h3 class=\"page-info\">M\u00ecneachadh<\/h3>\n<p>Tha grunn dh\u00f2ighean eile ann a ghabhas cleachdadh airson innse gun deach (no gun t\u00e8id) rudeigin a dh\u00e8anamh air rud no neach.<\/p>\n<p>Tha am p\u00e0tran a leanas st\u00e8idhte air <strong>tha, bha, bidh <\/strong>c\u00f2mhla ri <strong>air<\/strong> agus faclan gn\u00ecomh leithid <strong>sgr\u00ecobhadh<\/strong> no <strong>cumail<\/strong>:<\/p>\n<ul>\n<li><strong>Tha <\/strong>an rabhadh<strong> air a sgr\u00ecobhadh<\/strong> ann an dearg.\u00a0\u00a0\u00a0\u00a0\u00a0\u00a0\u00a0\u00a0\u00a0\u00a0\u00a0\u00a0\u00a0\u00a0\u00a0\u00a0\u00a0\u00a0\u00a0\u00a0\u00a0\u00a0\u00a0\u00a0\u00a0\u00a0\u00a0\u00a0\u00a0\u00a0\u00a0\u00a0\u00a0\u00a0\u00a0\u00a0\u00a0\u00a0\u00a0\u00a0\u00a0<\/li>\n<li><strong>Tha <\/strong>na leabhraichean <strong>air an cumail<\/strong> anns a\u2019 phreasa sin.\u00a0\u00a0\u00a0\u00a0\u00a0\u00a0\u00a0\u00a0\u00a0\u00a0\u00a0\u00a0\u00a0\u00a0\u00a0\u00a0\u00a0<\/li>\n<li><strong>Tha <\/strong>mi<strong> air mo le\u00f2n<\/strong>.<\/li>\n<\/ul>\n<p>[Tha <strong>rabhadh <\/strong>agus <strong>a <\/strong>a\u2019 co-fhreagairt air a ch\u00e8ile sa chiad seantans, <strong>na leabhraichean <\/strong>agus <strong>an<\/strong> san dara seantans agus <strong>mi<\/strong> agus <strong>mo<\/strong> san t\u00e8 mu dheireadh.]<\/p>\n<p>Tha an ath ph\u00e0tran st\u00e8idhte air <strong>tha<\/strong> c\u00f2mhla ri <strong>gam, gad, ga, ga h-, gar, gur, gan\/gam<\/strong> agus faclan gn\u00ecomh leithid <strong>s\u00e0rachadh<\/strong> no <strong>fliuchadh<\/strong>:<\/p>\n<ul>\n<li><strong>Tha <\/strong>thu<strong> gad sh\u00e0rachadh<\/strong> fh\u00e8in.\u00a0\u00a0\u00a0\u00a0\u00a0\u00a0\u00a0\u00a0\u00a0\u00a0\u00a0\u00a0\u00a0\u00a0\u00a0\u00a0\u00a0\u00a0\u00a0\u00a0\u00a0\u00a0\u00a0\u00a0\u00a0\u00a0\u00a0\u00a0\u00a0\u00a0\u00a0\u00a0\u00a0\u00a0\u00a0\u00a0\u00a0\u00a0\u00a0\u00a0\u00a0\u00a0\u00a0\u00a0\u00a0\u00a0\u00a0\u00a0\u00a0\u00a0\u00a0\u00a0\u00a0\u00a0\u00a0\u00a0\u00a0\u00a0\u00a0\u00a0\u00a0\u00a0\u00a0\u00a0\u00a0\u00a0\u00a0<\/li>\n<li><strong>Tha <\/strong>sibh<strong> gar fliuchadh<\/strong>.<\/li>\n<li><strong>Tha <\/strong>na dorsan<strong> gam peantadh<\/strong>.<\/li>\n<\/ul>\n<p>[Tha <strong>thu<\/strong>\/<strong>gad<\/strong> a\u2019 co-fhreagairt a ch\u00e8ile sa chiad seantans, <strong>sibh<\/strong>\/<strong>gar<\/strong> san dara t\u00e8 agus <strong>na dorsan <\/strong>agus <strong>gam <\/strong>san t-seantans mu dheireadh. Uaireannan tha <strong>gam<\/strong> agus <strong>gad<\/strong> air an r\u00e0dh mar dh\u00e0 fhacal: <strong>ga mo<\/strong>, <strong>ga do<\/strong>.]<\/p>\n<p>Mu dheireadh, tha na p\u00e0train a leanas air an cleachdadh ann an suidhichidhean \u00e0raidh:<\/p>\n<p>Gabh:<\/p>\n<ul>\n<li><strong>Cha ghabh <\/strong>sin <strong>d\u00e8anamh.\u00a0\u00a0\u00a0\u00a0\u00a0\u00a0\u00a0\u00a0\u00a0\u00a0\u00a0\u00a0\u00a0\u00a0\u00a0\u00a0\u00a0\u00a0\u00a0\u00a0\u00a0\u00a0\u00a0\u00a0\u00a0\u00a0\u00a0\u00a0\u00a0\u00a0\u00a0\u00a0\u00a0\u00a0\u00a0\u00a0\u00a0\u00a0\u00a0\u00a0\u00a0\u00a0\u00a0\u00a0\u00a0\u00a0\u00a0\u00a0\u00a0\u00a0\u00a0\u00a0\u00a0\u00a0\u00a0\u00a0\u00a0\u00a0\u00a0\u00a0\u00a0\u00a0\u00a0\u00a0\u00a0\u00a0\u00a0\u00a0\u00a0\u00a0\u00a0\u00a0\u00a0\u00a0\u00a0\u00a0\u00a0\u00a0\u00a0\u00a0\u00a0\u00a0\u00a0\u00a0<\/strong><\/li>\n<li><strong>Cha ghabh <\/strong>e <strong>ithe.<\/strong><\/li>\n<\/ul>\n<p>D\u00e8ante:<\/p>\n<ul>\n<li><strong>Dh\u2019fh\u00e0gte <\/strong>a-muigh e fad na h-oidhche.\u00a0\u00a0\u00a0\u00a0\u00a0\u00a0\u00a0\u00a0\u00a0\u00a0\u00a0\u00a0\u00a0\u00a0\u00a0\u00a0\u00a0\u00a0\u00a0\u00a0\u00a0\u00a0\u00a0\u00a0\u00a0\u00a0\u00a0\u00a0\u00a0\u00a0\u00a0\u00a0\u00a0\u00a0\u00a0\u00a0\u00a0\u00a0\u00a0\u00a0\u00a0\u00a0\u00a0\u00a0\u00a0\u00a0\u00a0\u00a0\u00a0\u00a0\u00a0\u00a0\u00a0\u00a0\u00a0\u00a0\u00a0\u00a0\u00a0\u00a0\u00a0<\/li>\n<li>Tha sin <strong>sgr\u00ecobhte<\/strong> san leabhar.<\/li>\n<\/ul>\n<p>Tha + ri\/gun:<\/p>\n<ul>\n<li><strong>Tha<\/strong> t\u00f2rr <strong>ri dh\u00e8anamh<\/strong>.\u00a0\u00a0\u00a0\u00a0\u00a0\u00a0\u00a0\u00a0\u00a0\u00a0\u00a0\u00a0\u00a0\u00a0\u00a0\u00a0\u00a0\u00a0\u00a0\u00a0\u00a0\u00a0\u00a0\u00a0\u00a0\u00a0\u00a0\u00a0\u00a0\u00a0\u00a0\u00a0\u00a0\u00a0\u00a0\u00a0\u00a0\u00a0\u00a0\u00a0\u00a0\u00a0\u00a0\u00a0\u00a0\u00a0\u00a0\u00a0\u00a0\u00a0\u00a0\u00a0\u00a0\u00a0\u00a0\u00a0\u00a0\u00a0\u00a0\u00a0\u00a0\u00a0\u00a0\u00a0\u00a0\u00a0\u00a0\u00a0\u00a0\u00a0\u00a0\u00a0\u00a0\u00a0\u00a0\u00a0\u00a0\u00a0\u00a0\u00a0\u00a0\u00a0\u00a0\u00a0\u00a0\u00a0\u00a0\u00a0\u00a0\u00a0\u00a0\u00a0<\/li>\n<li><strong>Tha<\/strong> t\u00f2rr dhaoine <strong>againn<\/strong> <strong>ri fhaicinn<\/strong>.<\/li>\n<li><strong>Tha <\/strong>t\u00f2rr<strong> gun d\u00e8anamh <\/strong>fhathast.<\/li>\n<\/ul>\n<p>Faod\/feum:<\/p>\n<ul>\n<li><strong>Faodar <\/strong>na solais<strong> a chur <\/strong>dheth.\u00a0\u00a0\u00a0\u00a0\u00a0\u00a0\u00a0\u00a0\u00a0\u00a0\u00a0\u00a0\u00a0\u00a0\u00a0\u00a0\u00a0\u00a0\u00a0\u00a0\u00a0\u00a0\u00a0\u00a0\u00a0\u00a0\u00a0\u00a0\u00a0\u00a0\u00a0\u00a0\u00a0\u00a0\u00a0\u00a0\u00a0\u00a0\u00a0\u00a0\u00a0\u00a0\u00a0\u00a0\u00a0\u00a0\u00a0\u00a0\u00a0\u00a0\u00a0\u00a0\u00a0\u00a0\u00a0\u00a0\u00a0\u00a0\u00a0\u00a0\u00a0\u00a0\u00a0\u00a0\u00a0\u00a0\u00a0\u00a0\u00a0<\/li>\n<li><strong>Feumar<\/strong> an r\u00f9m <strong>a sgioblachadh<\/strong>.<\/li>\n<\/ul>\n<p>&nbsp;<\/p>\n<hr \/>\n<div id=\"ccchildpages-1\" class=\"ccchildpages ccflex twocol ccgreen ccclearfix\"><ul class=\"ccchildpages_list ccclearfix\"><li class=\"page_item page-item-610\"><a href=\"https:\/\/storlann.co.uk\/mirean\/clar-amais\/ag-innse-mu-rud-a-bhith-air-a-dheanamh-air-rud-no-neach\/tha-an-rabhadh-air-a-sgriobhadh-ann-an-dearg\/eisimpleir\/\">Eisimpleirean<\/a><\/li>\n<li class=\"page_item page-item-608\"><a href=\"https:\/\/storlann.co.uk\/mirean\/clar-amais\/ag-innse-mu-rud-a-bhith-air-a-dheanamh-air-rud-no-neach\/tha-an-rabhadh-air-a-sgriobhadh-ann-an-dearg\/obair-ire-2\/\">Obair \u00ecre 2<\/a><\/li>\n<li class=\"page_item page-item-606\"><a href=\"https:\/\/storlann.co.uk\/mirean\/clar-amais\/ag-innse-mu-rud-a-bhith-air-a-dheanamh-air-rud-no-neach\/tha-an-rabhadh-air-a-sgriobhadh-ann-an-dearg\/obair-ire-3\/\">Obair \u00ecre 3<\/a><\/li><\/ul><\/div>\n","protected":false},"excerpt":{"rendered":"<p>M\u00ecneachadh Tha grunn dh\u00f2ighean eile ann a ghabhas cleachdadh airson innse gun deach (no gun t\u00e8id) rudeigin a dh\u00e8anamh air rud no neach. Tha am p\u00e0tran a leanas st\u00e8idhte air tha, bha, bidh c\u00f2mhla ri air agus faclan gn\u00ecomh leithid sgr\u00ecobhadh no cumail: Tha an rabhadh air a sgr\u00ecobhadh ann an dearg.\u00a0\u00a0\u00a0\u00a0\u00a0\u00a0\u00a0\u00a0\u00a0\u00a0\u00a0\u00a0\u00a0\u00a0\u00a0\u00a0\u00a0\u00a0\u00a0\u00a0\u00a0\u00a0\u00a0\u00a0\u00a0\u00a0\u00a0\u00a0\u00a0\u00a0\u00a0\u00a0\u00a0\u00a0\u00a0\u00a0\u00a0\u00a0\u00a0\u00a0\u00a0 Tha na leabhraichean [&hellip;]<\/p>\n","protected":false},"author":1,"featured_media":0,"parent":187,"menu_order":45,"comment_status":"closed","ping_status":"closed","template":"","meta":{"inline_featured_image":false,"footnotes":""},"class_list":["post-401","page","type-page","status-publish","hentry","has-post-title","has-post-date","has-post-category","has-post-tag","has-post-comment","has-post-author",""],"builder_content":"","_links":{"self":[{"href":"https:\/\/storlann.co.uk\/mirean\/wp-json\/wp\/v2\/pages\/401","targetHints":{"allow":["GET"]}}],"collection":[{"href":"https:\/\/storlann.co.uk\/mirean\/wp-json\/wp\/v2\/pages"}],"about":[{"href":"https:\/\/storlann.co.uk\/mirean\/wp-json\/wp\/v2\/types\/page"}],"author":[{"embeddable":true,"href":"https:\/\/storlann.co.uk\/mirean\/wp-json\/wp\/v2\/users\/1"}],"replies":[{"embeddable":true,"href":"https:\/\/storlann.co.uk\/mirean\/wp-json\/wp\/v2\/comments?post=401"}],"version-history":[{"count":0,"href":"https:\/\/storlann.co.uk\/mirean\/wp-json\/wp\/v2\/pages\/401\/revisions"}],"up":[{"embeddable":true,"href":"https:\/\/storlann.co.uk\/mirean\/wp-json\/wp\/v2\/pages\/187"}],"wp:attachment":[{"href":"https:\/\/storlann.co.uk\/mirean\/wp-json\/wp\/v2\/media?parent=401"}],"curies":[{"name":"wp","href":"https:\/\/api.w.org\/{rel}","templated":true}]}}