{"id":381,"date":"2010-11-09T13:40:06","date_gmt":"2010-11-09T11:40:06","guid":{"rendered":"https:\/\/storlann.co.uk\/mirean\/?page_id=381"},"modified":"2018-01-09T09:20:13","modified_gmt":"2018-01-09T09:20:13","slug":"chunnaic-mi-rudan-inntinneach-nuair-a-bha-mi-ann-an-dun-eideann","status":"publish","type":"page","link":"https:\/\/storlann.co.uk\/mirean\/clar-amais\/ag-innse-mu-chuisean-a-tha-aon-cheum-a-mach\/chunnaic-mi-rudan-inntinneach-nuair-a-bha-mi-ann-an-dun-eideann\/","title":{"rendered":"Chunnaic mi rudan inntinneach nuair a bha mi ann an D\u00f9n \u00c8ideann."},"content":{"rendered":"<h3 class=\"page-info\">M\u00ecneachadh<\/h3>\n<p>Tha an earrann seo mu dheidhinn a bhith a\u2019 ceangal d\u00e0 abairt no d\u00e0 sheantans ri ch\u00e8ile am broinn seantans \u00f9r &#8211; airson barrachd innse mu rud a thachair (no rud tha a\u2019 dol a thachairt).<\/p>\n<p>\u2019S e an d\u00f2igh as s\u00ecmplidhe air seo a dh\u00e8anamh a bhith a\u2019 cleachdadh <strong>agus<\/strong> no <strong>ach<\/strong>:<\/p>\n<ul>\n<li>Tha mi a\u2019 dol a-mach an-dr\u00e0sta <strong>ach<\/strong> cha bhi mi fada.<\/li>\n<\/ul>\n<p>\u00a0Tha am p\u00e0tran a leanas air a chleachdadh airson innse cuin no carson no ciamar a thachair rud, a\u2019 cleachdadh faclan ceangail leithid <strong>nuair a, on a, ged a, fhad \u2019s a, mar a<\/strong>:<\/p>\n<ul>\n<li>Chunnaic mi rudan inntinneach <strong>nuair a bha<\/strong> mi ann an D\u00f9n \u00c8ideann.<\/li>\n<li><strong>On a chr\u00ecochnaich <\/strong>thu d\u2019 obair tr\u00e0th, faodaidh tu falbh.<\/li>\n<li>Bidh mi ag \u00e8isteachd ri ce\u00f2l <strong>fhad \u2019s a bhios<\/strong> mi a\u2019 ruith.<\/li>\n<li>D\u00e8an an obair <strong>mar a dh\u2019innseas<\/strong> mise dhut agus bidh thu ceart gu le\u00f2r.<\/li>\n<\/ul>\n<p>[\u2019S e <strong>bhios, dh\u2019innseas<\/strong> a tha air a chleachdadh as d\u00e8idh <strong>nuair a <\/strong>airson an \u00e0m ri teachd.]<\/p>\n<p>Faodar na faclan ceist <strong>c\u00f2<\/strong><strong>, d\u00e8<\/strong><strong>, cuin a, carson a, ciamar a, carson a<\/strong> a chleachdadh cuideachd anns a\u2019 ph\u00e0tran seo:<\/p>\n<ul type=\"disc\">\n<li>A bheil fhios agad <strong>c\u00f2 tha<\/strong> thall an sin?\u00a0\u00a0\u00a0\u00a0\u00a0\u00a0\u00a0\u00a0\u00a0\u00a0\u00a0\u00a0\u00a0\u00a0\u00a0\u00a0\u00a0\u00a0\u00a0\u00a0\u00a0\u00a0\u00a0\u00a0\u00a0\u00a0\u00a0\u00a0\u00a0\u00a0\u00a0\u00a0\u00a0\u00a0\u00a0\u00a0\u00a0\u00a0\u00a0\u00a0\u00a0\u00a0\u00a0\u00a0\u00a0\u00a0\u00a0\u00a0\u00a0\u00a0\u00a0\u00a0\u00a0\u00a0\u00a0\u00a0\u00a0\u00a0\u00a0\u00a0\u00a0\u00a0\u00a0\u00a0\u00a0\u00a0<\/li>\n<li>Inns dhomh <strong>carson a rinn<\/strong> thu sin.<\/li>\n<li>Seall dhomh <strong>ciamar a chuireas<\/strong> mi air an coimpiutair.<\/li>\n<\/ul>\n<p>Tha <strong>a<\/strong> na ph\u00e0irt de na h-abairtean <strong>nuair a, on a, fhad \u2019s a, mar a, ged a <\/strong>agus de <strong>cuin a, carson a, ciamar a, carson a<\/strong>. Uaireannan tha <strong>a<\/strong> air a chleachdadh leis fh\u00e8in gus barrachd innse mu rud no neach:<\/p>\n<ul>\n<li>Seo an leabhar <strong>a <\/strong>tha mi a\u2019 leughadh an-dr\u00e0sta.<\/li>\n<\/ul>\n<p>\u00a0Tha <strong>na<\/strong> anns a\u2019 ph\u00e0tran a leanas ag obair anns an aon d\u00f2igh ri <strong>a<\/strong>:<\/p>\n<ul>\n<li>Thug e dhomh <strong>na<\/strong> bha aige de airgead.<\/li>\n<\/ul>\n<p>&nbsp;<\/p>\n<p>&nbsp;<\/p>\n<hr \/>\n<div id=\"ccchildpages-1\" class=\"ccchildpages ccflex twocol ccgreen ccclearfix\"><ul class=\"ccchildpages_list ccclearfix\"><li class=\"page_item page-item-585\"><a href=\"https:\/\/storlann.co.uk\/mirean\/clar-amais\/ag-innse-mu-chuisean-a-tha-aon-cheum-a-mach\/chunnaic-mi-rudan-inntinneach-nuair-a-bha-mi-ann-an-dun-eideann\/eisimpleir\/\">Eisimpleirean<\/a><\/li>\n<li class=\"page_item page-item-583\"><a href=\"https:\/\/storlann.co.uk\/mirean\/clar-amais\/ag-innse-mu-chuisean-a-tha-aon-cheum-a-mach\/chunnaic-mi-rudan-inntinneach-nuair-a-bha-mi-ann-an-dun-eideann\/obair-ire-1\/\">Obair \u00ecre 1<\/a><\/li>\n<li class=\"page_item page-item-581\"><a href=\"https:\/\/storlann.co.uk\/mirean\/clar-amais\/ag-innse-mu-chuisean-a-tha-aon-cheum-a-mach\/chunnaic-mi-rudan-inntinneach-nuair-a-bha-mi-ann-an-dun-eideann\/obair-ire-2\/\">Obair \u00ecre 2<\/a><\/li><\/ul><\/div>\n","protected":false},"excerpt":{"rendered":"<p>M\u00ecneachadh Tha an earrann seo mu dheidhinn a bhith a\u2019 ceangal d\u00e0 abairt no d\u00e0 sheantans ri ch\u00e8ile am broinn seantans \u00f9r &#8211; airson barrachd innse mu rud a thachair (no rud tha a\u2019 dol a thachairt). \u2019S e an d\u00f2igh as s\u00ecmplidhe air seo a dh\u00e8anamh a bhith a\u2019 cleachdadh agus no ach: Tha [&hellip;]<\/p>\n","protected":false},"author":1,"featured_media":0,"parent":183,"menu_order":63,"comment_status":"closed","ping_status":"closed","template":"","meta":{"inline_featured_image":false,"footnotes":""},"class_list":["post-381","page","type-page","status-publish","hentry","has-post-title","has-post-date","has-post-category","has-post-tag","has-post-comment","has-post-author",""],"builder_content":"","_links":{"self":[{"href":"https:\/\/storlann.co.uk\/mirean\/wp-json\/wp\/v2\/pages\/381","targetHints":{"allow":["GET"]}}],"collection":[{"href":"https:\/\/storlann.co.uk\/mirean\/wp-json\/wp\/v2\/pages"}],"about":[{"href":"https:\/\/storlann.co.uk\/mirean\/wp-json\/wp\/v2\/types\/page"}],"author":[{"embeddable":true,"href":"https:\/\/storlann.co.uk\/mirean\/wp-json\/wp\/v2\/users\/1"}],"replies":[{"embeddable":true,"href":"https:\/\/storlann.co.uk\/mirean\/wp-json\/wp\/v2\/comments?post=381"}],"version-history":[{"count":0,"href":"https:\/\/storlann.co.uk\/mirean\/wp-json\/wp\/v2\/pages\/381\/revisions"}],"up":[{"embeddable":true,"href":"https:\/\/storlann.co.uk\/mirean\/wp-json\/wp\/v2\/pages\/183"}],"wp:attachment":[{"href":"https:\/\/storlann.co.uk\/mirean\/wp-json\/wp\/v2\/media?parent=381"}],"curies":[{"name":"wp","href":"https:\/\/api.w.org\/{rel}","templated":true}]}}