{"id":38,"date":"2010-09-16T12:59:54","date_gmt":"2010-09-16T12:59:54","guid":{"rendered":"http:\/\/localhost\/wordpress\/?page_id=38"},"modified":"2011-11-02T15:40:05","modified_gmt":"2011-11-02T15:40:05","slug":"eisimpleir","status":"publish","type":"page","link":"https:\/\/storlann.co.uk\/mirean\/clar-amais\/ag-innse-mu-rudan-a-tha-a-tachairt-aig-an-am-seo\/tha-mi-a\/eisimpleir\/","title":{"rendered":"Eisimpleirean"},"content":{"rendered":"<table class=\"eisimpleirean-t\" width=\"666\">\n<tbody>\n<tr>\n<td class=\"eisimpleirean-t-h\" valign=\"top\" width=\"115\">\n<p align=\"center\">Se\u00f2rsa<\/p>\n<\/td>\n<td class=\"eisimpleirean-t-h\" valign=\"top\" width=\"533\">\n<p align=\"center\">Gn\u00ecomh a-mh\u00e0in<\/p>\n<\/td>\n<\/tr>\n<tr>\n<td valign=\"top\" width=\"115\">gn\u00ecomh a-mh\u00e0in<\/td>\n<td valign=\"top\" width=\"533\">Tha e ag aisling, a&#8217; b\u00f2stadh, a&#8217; caoineadh, a&#8217; dol (a-mach), ag \u00e8isteachd, a&#8217; faicinn,\u00a0\u00a0\u00a0\u00a0\u00a0\u00a0\u00a0\u00a0\u00a0\u00a0\u00a0 a&#8217; g\u00e0ireachdainn, ag ithe, a&#8217; leughadh, a&#8217; magadh,<br \/>\na&#8217; norradaich, ag \u00f2l, a&#8217; putadh, a&#8217; ruith, a&#8217; seasamh, a&#8217; tuiteam,<br \/>\nag \u00f9rnaigh.<\/td>\n<\/tr>\n<\/tbody>\n<\/table>\n<p>&nbsp;<\/p>\n<table width=\"666\" border=\"1\" cellspacing=\"0\" cellpadding=\"0\">\n<tbody>\n<tr class=\"eisimpleirean-t-h\">\n<td valign=\"top\" width=\"115\">\n<p align=\"center\">Se\u00f2rsa<\/p>\n<\/td>\n<td valign=\"top\" width=\"533\">\n<p align=\"center\">Gn\u00ecomh + facal<\/p>\n<\/td>\n<\/tr>\n<tr>\n<td valign=\"top\" width=\"115\">gun an t-alt<\/td>\n<td valign=\"top\" width=\"533\">Tha mi ag aithneachadh an duine sin, a&#8217; bristeadh maide, a&#8217; cath clach, a&#8217; d\u00e8anamh dealbh, ag \u00e8igheach ainm, a&#8217; feitheamh bus, a&#8217; gabhail biadh, ag ithe iasg, a&#8217; leughadh leabhar, a&#8217; moladh Anna, a&#8217; nighe cupa, ag \u00f2l deoch, a&#8217; putadh c\u00e0r, a&#8217; ruith r\u00e8is, a&#8217; stad bus, a&#8217; togail taigh, ag ullachadh biadh.<\/td>\n<\/tr>\n<tr>\n<td valign=\"top\" width=\"115\">leis an alt, <em>fireannta<\/em><\/td>\n<td valign=\"top\" width=\"533\">Tha e ag iarnaigeadh an aodaich, a&#8217; seatadh a&#8217; bh\u00f9ird, a&#8217; glanadh a&#8217; ch\u00e0ir, a&#8217; peantadh an dorais, a&#8217; biathadh an \u00e8isg, a&#8217; cluiche an fheadain, a&#8217; losgadh an fhraoich, a&#8217; ruighinn, a&#8217; ghrunnd, a&#8217; faicinn an loch(a), a&#8217; lasadh a&#8217; mhaidse, a&#8217; f\u00e0gail an taighe, ag ithe an orainseir, a&#8217; fosgladh a&#8217; phreusant, a&#8217; faicinn an r\u00f2in, a&#8217; sgioblachadh an t-se\u00f2mair, a&#8217; glanadh an sg\u00e0thain, a&#8217; leughadh an sgr\u00ecobhaidh, a&#8217; peantadh an taighe, a&#8217; rothaigeadh an uaireadair.<\/td>\n<\/tr>\n<tr>\n<td valign=\"top\" width=\"115\">leis an alt, <em>boireannta<\/em><\/td>\n<td valign=\"top\" width=\"533\">Tha mi a&#8217; sn\u00e0mh na h-aibhne, ag iarnaigeadh na briogais(e), a&#8217; leagail na craoibhe, a&#8217; glanadh na dachaigh(e), a&#8217; faicinn na h-eala, a&#8217; sl\u00ecobadh na feusaig(e), a&#8217; cluinntinn na gaoithe, a&#8217; glanadh na glasraich, a&#8217; faicinn na gr\u00e0ineig(e), a&#8217; lorg na h-ialtaig(e), a&#8217; sgr\u00ecobhadh na litreach, ag ithe na maraig(e), a&#8217; biadhadh na nathrach, ag \u00e8isteachd na h-\u00f2raid(e), a&#8217; coimhead na planaid, a&#8217; cr\u00ecochnachadh na r\u00e8ise, a&#8217; bruthadh na suidse, a&#8217; cleachdadh na sgoile, a&#8217; fosgladh na h-uinneig(e).<\/td>\n<\/tr>\n<tr>\n<td valign=\"top\" width=\"115\">c\u00f2rr is aon<\/td>\n<td valign=\"top\" width=\"533\">Tha mi a&#8217; sgioblachadh nam b\u00f2rd, ag iarnaigeadh nan l\u00e8intean, a&#8217; glanadh ch\u00e0raichean nan seann daoine.<\/td>\n<\/tr>\n<\/tbody>\n<\/table>\n<p>&nbsp;<\/p>\n<table width=\"666\" border=\"1\" cellspacing=\"0\" cellpadding=\"0\">\n<tbody>\n<tr class=\"eisimpleirean-t-h\">\n<td valign=\"top\" width=\"186\">\n<p align=\"center\"><em>mi, thu \u2026<\/em><\/p>\n<\/td>\n<td valign=\"top\" width=\"462\">\n<p align=\"center\">Gn\u00ecomh + mi\/thu\/e\/i\/sinn\/sibh\/iad<\/p>\n<\/td>\n<\/tr>\n<tr>\n<td valign=\"top\" width=\"186\">\n<p align=\"center\">mi<\/p>\n<\/td>\n<td valign=\"top\" width=\"462\">A bheil thu gam chluinntinn, gam fhaicinn, gam \u00e8isteachd?<\/td>\n<\/tr>\n<tr>\n<td valign=\"top\" width=\"186\">\n<p align=\"center\">thu<\/p>\n<\/td>\n<td valign=\"top\" width=\"462\">Chan eil mi gad chluinntinn, gad fhaicinn, gad \u00e8isteachd.<\/td>\n<\/tr>\n<tr>\n<td valign=\"top\" width=\"186\">\n<p align=\"center\">e<\/p>\n<\/td>\n<td valign=\"top\" width=\"462\">Chan eil sinn ga chluinntinn, ga fhaicinn, ga \u00e8isteachd.<\/td>\n<\/tr>\n<tr>\n<td valign=\"top\" width=\"186\">\n<p align=\"center\">i<\/p>\n<\/td>\n<td valign=\"top\" width=\"462\">Chan eil sinn ga cluinntinn, ga faicinn, ga h-\u00e8isteachd.<\/td>\n<\/tr>\n<tr>\n<td valign=\"top\" width=\"186\">\n<p align=\"center\">sinn<\/p>\n<\/td>\n<td valign=\"top\" width=\"462\">Tha e gar cluinntinn, gar faicinn, gar n-\u00e8isteachd<\/td>\n<\/tr>\n<tr>\n<td valign=\"top\" width=\"186\">\n<p align=\"center\">sibh<\/p>\n<\/td>\n<td valign=\"top\" width=\"462\">Tha e gur cluinntinn, gur faicinn, gur n-\u00e8isteachd<\/td>\n<\/tr>\n<tr>\n<td valign=\"top\" width=\"186\">\n<p align=\"center\">iad<\/p>\n<\/td>\n<td valign=\"top\" width=\"462\">Chan eil iad gan cluinntinn, gam faicinn, gan \u00e8isteachd.<\/td>\n<\/tr>\n<\/tbody>\n<\/table>\n<p>&nbsp;<\/p>\n","protected":false},"excerpt":{"rendered":"<p>Se\u00f2rsa Gn\u00ecomh a-mh\u00e0in gn\u00ecomh a-mh\u00e0in Tha e ag aisling, a&#8217; b\u00f2stadh, a&#8217; caoineadh, a&#8217; dol (a-mach), ag \u00e8isteachd, a&#8217; faicinn,\u00a0\u00a0\u00a0\u00a0\u00a0\u00a0\u00a0\u00a0\u00a0\u00a0\u00a0 a&#8217; g\u00e0ireachdainn, ag ithe, a&#8217; leughadh, a&#8217; magadh, a&#8217; norradaich, ag \u00f2l, a&#8217; putadh, a&#8217; ruith, a&#8217; seasamh, a&#8217; tuiteam, ag \u00f9rnaigh. &nbsp; Se\u00f2rsa Gn\u00ecomh + facal gun an t-alt Tha mi ag aithneachadh an [&hellip;]<\/p>\n","protected":false},"author":1,"featured_media":0,"parent":232,"menu_order":20,"comment_status":"open","ping_status":"open","template":"page-eisimpleirean.php","meta":{"inline_featured_image":false,"footnotes":""},"class_list":["post-38","page","type-page","status-publish","hentry","has-post-title","has-post-date","has-post-category","has-post-tag","has-post-comment","has-post-author",""],"builder_content":"","_links":{"self":[{"href":"https:\/\/storlann.co.uk\/mirean\/wp-json\/wp\/v2\/pages\/38","targetHints":{"allow":["GET"]}}],"collection":[{"href":"https:\/\/storlann.co.uk\/mirean\/wp-json\/wp\/v2\/pages"}],"about":[{"href":"https:\/\/storlann.co.uk\/mirean\/wp-json\/wp\/v2\/types\/page"}],"author":[{"embeddable":true,"href":"https:\/\/storlann.co.uk\/mirean\/wp-json\/wp\/v2\/users\/1"}],"replies":[{"embeddable":true,"href":"https:\/\/storlann.co.uk\/mirean\/wp-json\/wp\/v2\/comments?post=38"}],"version-history":[{"count":0,"href":"https:\/\/storlann.co.uk\/mirean\/wp-json\/wp\/v2\/pages\/38\/revisions"}],"up":[{"embeddable":true,"href":"https:\/\/storlann.co.uk\/mirean\/wp-json\/wp\/v2\/pages\/232"}],"wp:attachment":[{"href":"https:\/\/storlann.co.uk\/mirean\/wp-json\/wp\/v2\/media?parent=38"}],"curies":[{"name":"wp","href":"https:\/\/api.w.org\/{rel}","templated":true}]}}