{"id":375,"date":"2010-11-09T13:36:34","date_gmt":"2010-11-09T11:36:34","guid":{"rendered":"https:\/\/storlann.co.uk\/mirean\/?page_id=375"},"modified":"2018-01-09T09:19:21","modified_gmt":"2018-01-09T09:19:21","slug":"tha-mi-a-smaoineachadh-gu-bheil-thu-ceart","status":"publish","type":"page","link":"https:\/\/storlann.co.uk\/mirean\/clar-amais\/ag-innse-mu-chuisean-a-tha-aon-cheum-a-mach\/tha-mi-a-smaoineachadh-gu-bheil-thu-ceart\/","title":{"rendered":"Tha mi a&#8217; smaoineachadh gu bheil thu ceart."},"content":{"rendered":"<h3 class=\"page-info\">M\u00ecneachadh<\/h3>\n<p>Tha am p\u00e0tran a leanas ag innse mu rud a <em>thuirt<\/em> cuideigin a thachair (no a tha dol a thachairt) no rud a tha an neach-labhairt a\u2019 <em>smaoineachadh<\/em> a tha f\u00ecor:<\/p>\n<ul>\n<li>Tha mi a\u2019 smaoineachadh <strong>gu bheil<\/strong> thu ceart.<\/li>\n<li>Thuirt i <strong>gun robh<\/strong> iad trang an-d\u00e8.<\/li>\n<li>Tha e r\u00e0dh <strong>gum bi<\/strong> e deiseil a-m\u00e0ireach.<\/li>\n<li>Tha mi a\u2019 smaoineachadh <strong>gun do chuir<\/strong> iad litir thuice.\u00a0\u00a0\u00a0\u00a0\u00a0\u00a0\u00a0\u00a0\u00a0\u00a0\u00a0\u00a0\u00a0\u00a0\u00a0\u00a0\u00a0\u00a0\u00a0\u00a0\u00a0\u00a0\u00a0\u00a0\u00a0\u00a0\u00a0\u00a0\u00a0\u00a0\u00a0<\/li>\n<li>Tha mi a\u2019 smaoineachadh <strong>gun deach<\/strong> e dhachaigh.<\/li>\n<li>Tha e a\u2019 r\u00e0dh <strong>gun coisich<\/strong> e dhachaigh.<\/li>\n<\/ul>\n<p>Tha <strong>nach<\/strong> air a chleachdadh airson innse nach do thachair rud no nach eil rud ann:<\/p>\n<ul>\n<li>Tha i a\u2019 r\u00e0dh <strong>nach eil<\/strong> iad deiseil fhathast.\u00a0\u00a0\u00a0\u00a0\u00a0\u00a0\u00a0\u00a0\u00a0\u00a0\u00a0\u00a0\u00a0\u00a0\u00a0\u00a0\u00a0\u00a0\u00a0\u00a0\u00a0\u00a0\u00a0\u00a0\u00a0\u00a0\u00a0\u00a0\u00a0\u00a0\u00a0\u00a0\u00a0\u00a0\u00a0\u00a0\u00a0\u00a0\u00a0\u00a0\u00a0\u00a0\u00a0\u00a0\u00a0\u00a0\u00a0\u00a0\u00a0\u00a0\u00a0\u00a0\u00a0\u00a0\u00a0<\/li>\n<li>Thuirt iad <strong>nach robh<\/strong> c\u00e0il a dh\u2019fhios aca air sin.<\/li>\n<li>Tha mi a\u2019 smaoineachadh <strong>nach bi<\/strong> an consairt uabhasach math a-nochd.<\/li>\n<\/ul>\n<p>[A bharrachd air <strong>smaoinich<\/strong> agus <strong>thuirt<\/strong>, tha am p\u00e0tran seo cuideachd air a chleachdadh le faclan mar <strong>tuigsinn, cluinntinn, faireachdainn<\/strong>: Tha mi a\u2019 cluinntinn <strong>gu bheil iad math<\/strong>.]<\/p>\n<p>[Tha am p\u00e0tran seo air a chleachdadh cuideachd le abairtean mar <strong>\u2019S d\u00f2cha<\/strong>, <strong>cha mh\u00f2r<\/strong>: \u2018S d\u00f2cha <strong>gun t\u00e8id<\/strong> mi ann, cha mh\u00f2r <strong>nach do thuit<\/strong> mi.]<\/p>\n<p>&nbsp;<\/p>\n<hr \/>\n<div id=\"ccchildpages-1\" class=\"ccchildpages ccflex twocol ccgreen ccclearfix\"><ul class=\"ccchildpages_list ccclearfix\"><li class=\"page_item page-item-573\"><a href=\"https:\/\/storlann.co.uk\/mirean\/clar-amais\/ag-innse-mu-chuisean-a-tha-aon-cheum-a-mach\/tha-mi-a-smaoineachadh-gu-bheil-thu-ceart\/obair-ire-t\/\">Obair \u00ecre T<\/a><\/li>\n<li class=\"page_item page-item-571\"><a href=\"https:\/\/storlann.co.uk\/mirean\/clar-amais\/ag-innse-mu-chuisean-a-tha-aon-cheum-a-mach\/tha-mi-a-smaoineachadh-gu-bheil-thu-ceart\/obair-ire-1\/\">Obair \u00ecre 1<\/a><\/li>\n<li class=\"page_item page-item-569\"><a href=\"https:\/\/storlann.co.uk\/mirean\/clar-amais\/ag-innse-mu-chuisean-a-tha-aon-cheum-a-mach\/tha-mi-a-smaoineachadh-gu-bheil-thu-ceart\/obair-ire-2\/\">Obair \u00ecre 2<\/a><\/li><\/ul><\/div>\n","protected":false},"excerpt":{"rendered":"<p>M\u00ecneachadh Tha am p\u00e0tran a leanas ag innse mu rud a thuirt cuideigin a thachair (no a tha dol a thachairt) no rud a tha an neach-labhairt a\u2019 smaoineachadh a tha f\u00ecor: Tha mi a\u2019 smaoineachadh gu bheil thu ceart. Thuirt i gun robh iad trang an-d\u00e8. Tha e r\u00e0dh gum bi e deiseil a-m\u00e0ireach. [&hellip;]<\/p>\n","protected":false},"author":1,"featured_media":0,"parent":183,"menu_order":49,"comment_status":"closed","ping_status":"closed","template":"","meta":{"inline_featured_image":false,"footnotes":""},"class_list":["post-375","page","type-page","status-publish","hentry","has-post-title","has-post-date","has-post-category","has-post-tag","has-post-comment","has-post-author",""],"builder_content":"","_links":{"self":[{"href":"https:\/\/storlann.co.uk\/mirean\/wp-json\/wp\/v2\/pages\/375","targetHints":{"allow":["GET"]}}],"collection":[{"href":"https:\/\/storlann.co.uk\/mirean\/wp-json\/wp\/v2\/pages"}],"about":[{"href":"https:\/\/storlann.co.uk\/mirean\/wp-json\/wp\/v2\/types\/page"}],"author":[{"embeddable":true,"href":"https:\/\/storlann.co.uk\/mirean\/wp-json\/wp\/v2\/users\/1"}],"replies":[{"embeddable":true,"href":"https:\/\/storlann.co.uk\/mirean\/wp-json\/wp\/v2\/comments?post=375"}],"version-history":[{"count":0,"href":"https:\/\/storlann.co.uk\/mirean\/wp-json\/wp\/v2\/pages\/375\/revisions"}],"up":[{"embeddable":true,"href":"https:\/\/storlann.co.uk\/mirean\/wp-json\/wp\/v2\/pages\/183"}],"wp:attachment":[{"href":"https:\/\/storlann.co.uk\/mirean\/wp-json\/wp\/v2\/media?parent=375"}],"curies":[{"name":"wp","href":"https:\/\/api.w.org\/{rel}","templated":true}]}}