{"id":358,"date":"2010-09-17T15:49:05","date_gmt":"2010-09-17T13:49:05","guid":{"rendered":"https:\/\/storlann.co.uk\/mirean\/?page_id=358"},"modified":"2018-01-09T09:18:07","modified_gmt":"2018-01-09T09:18:07","slug":"mi-thutu-e-i-sinn-sibh-iad","status":"publish","type":"page","link":"https:\/\/storlann.co.uk\/mirean\/clar-amais\/a-bruidhinn-gu-pearsanta\/mi-thutu-e-i-sinn-sibh-iad\/","title":{"rendered":"Mi, thu\/tu, e, i, sinn, sibh, iad"},"content":{"rendered":"<h3 class=\"page-info\">M\u00ecneachadh<\/h3>\n<p>Tha na faclan a leanas a\u2019 seasamh airson dhaoine no rudan:<\/p>\n<ul>\n<li><strong>mi, thu\/tu, e, i, sinn, sibh, iad<\/strong><\/li>\n<li><strong>mise, thusa\/tusa, esan, ise, sinne, sibhse, iadsan<\/strong><\/li>\n<li><strong>mi fh\u00e8in\/fh\u00ecn, thu\/tu fh\u00e8in, e\/i fh\u00e8in, sinn fh\u00e8in\/fh\u00ecn, sibh fh\u00e8in, iad fh\u00e8in<\/strong>.<\/li>\n<\/ul>\n<p>[Tha na riochdan san dara is an treas loidhne air an cleachdadh gus cuideam a chur air <strong>mi<\/strong>, <strong>thu<\/strong> &#8230;]<\/p>\n<p>Tha diofar dh\u00f2ighean anns a\u2019 Gh\u00e0idhlig air innse c\u00f2 dham buin rud.\u00a0 \u2019S e aon dhiubh a bhith a\u2019 cleachdadh <strong>mo, do, a\/a h-, ar\/ar n-, ur\/ur n-, an\/am<\/strong> ron fhacal:<\/p>\n<ul>\n<li><strong>mo ch<\/strong>eann (mi), <strong>m\u2019 <\/strong>ad, <strong>do ch<\/strong>luas (thu), <strong>d\u2019 <\/strong>fh\u00e0inne, <strong>a ch<\/strong>\u00f2ta (e), <strong>a<\/strong> seacaid (i), <strong>a h-<\/strong>ad (i), <strong>ar<\/strong> dachaigh (sinn), <strong>ur<\/strong> taighean (sibh), <strong>an<\/strong> leabhraichean (iad), <strong>am<\/strong> bagannan (iad).<\/li>\n<\/ul>\n<p>[Tha toiseach nam faclan air an atharrachadh \u00e0s d\u00e8idh <strong>mo, do<\/strong> agus <strong>a<\/strong> (e).]<\/p>\n<p>Tha an riochd a leanas a\u2019 cur taic ri <strong>mo, do \u2026<\/strong>:<\/p>\n<ul>\n<li><strong>mo<\/strong> ch\u00e0r<strong>-sa<\/strong>, <strong>do<\/strong> ch\u00e0r<strong>-sa<\/strong>, <strong>a <\/strong>ch\u00e0r<strong>-san<\/strong>, <strong>a<\/strong> c\u00e0r<strong>-se<\/strong>, <strong>ar<\/strong> c\u00e0r<strong>-ne<\/strong>, <strong>ur<\/strong> c\u00e0r<strong>-se<\/strong>, <strong>an<\/strong> c\u00e0r<strong>-san<\/strong>.<\/li>\n<\/ul>\n<p>[Tha <strong>\u2013sa, -se \u2026<\/strong> agus <strong>fh\u00e8in\/fh\u00ecn<\/strong> air an cleachdadh cuideachd ann am p\u00e0train mar: <strong>ri mo<\/strong> thaobh<strong>-sa<\/strong>, <strong>gur<\/strong> f\u00e0gail<strong>&#8211;<\/strong>se, <strong>mo <\/strong>dhachaigh<strong> fh\u00e8in\/fh\u00ecn<\/strong>.]<\/p>\n<p>\u00a0Tha <strong>agam, agad, aige, aice, againn, agaibh, aca<\/strong> air an cleachdadh an \u00e0ite <strong>mo, do \u2026 <\/strong>anns a\u2019 ph\u00e0tran a leanas:<\/p>\n<ul>\n<li><strong>An<\/strong> c\u00e0r <strong>agam<\/strong><\/li>\n<li><strong>An<\/strong> taigh <strong>agad<\/strong><\/li>\n<li><strong>An t-<\/strong>seacaid <strong>aice<\/strong><\/li>\n<\/ul>\n<p>Agam(sa), agad(sa), aige(san), aice(se), againn(e), agaibh(se), aca(san).\u00a0\u00a0<\/p>\n<p>\u00a0[Tha an t-alt (<strong>an\/am, a\u2019, an t-, na<\/strong>) an-c\u00f2mhnaidh c\u00f2mhla ris an fhacal sa ph\u00e0tran seo.]<\/p>\n<p>Airson innse mu rud a bhuineas do neach eile (seach <strong>mi, thu \u2026<\/strong>),<strong> <\/strong>tha d\u00e0 ph\u00e0tran a ghabhas cleachdadh:<\/p>\n<ul>\n<li>cas a\u2019 <strong>bh<\/strong>ala<strong>ich\u00a0\u00a0\u00a0\u00a0\u00a0\u00a0\u00a0\u00a0\u00a0\u00a0\u00a0\u00a0\u00a0\u00a0\u00a0\u00a0\u00a0\u00a0\u00a0\u00a0\u00a0\u00a0\u00a0\u00a0\u00a0\u00a0\u00a0\u00a0\u00a0\u00a0\u00a0\u00a0\u00a0\u00a0\u00a0\u00a0\u00a0\u00a0\u00a0\u00a0\u00a0\u00a0\u00a0\u00a0\u00a0\u00a0\u00a0\u00a0\u00a0\u00a0\u00a0\u00a0\u00a0\u00a0\u00a0\u00a0\u00a0\u00a0\u00a0\u00a0\u00a0\u00a0\u00a0\u00a0\u00a0\u00a0\u00a0\u00a0\u00a0\u00a0\u00a0\u00a0\u00a0\u00a0\u00a0\u00a0\u00a0\u00a0\u00a0\u00a0\u00a0\u00a0\u00a0\u00a0\u00a0\u00a0\u00a0\u00a0\u00a0\u00a0\u00a0\u00a0\u00a0\u00a0\u00a0\u00a0\u00a0\u00a0\u00a0\u00a0\u00a0\u00a0\u00a0\u00a0\u00a0\u00a0\u00a0\u00a0\u00a0\u00a0<\/strong><\/li>\n<li>l\u00e0mh <strong>Ch<\/strong>alu<strong>im\u00a0\u00a0\u00a0\u00a0\u00a0\u00a0\u00a0\u00a0\u00a0\u00a0\u00a0\u00a0\u00a0\u00a0\u00a0\u00a0\u00a0\u00a0\u00a0\u00a0\u00a0\u00a0\u00a0\u00a0\u00a0\u00a0\u00a0\u00a0\u00a0\u00a0\u00a0\u00a0\u00a0\u00a0\u00a0\u00a0\u00a0\u00a0\u00a0\u00a0\u00a0\u00a0\u00a0\u00a0\u00a0\u00a0\u00a0\u00a0\u00a0\u00a0\u00a0\u00a0\u00a0\u00a0\u00a0\u00a0\u00a0\u00a0\u00a0\u00a0\u00a0\u00a0\u00a0\u00a0\u00a0\u00a0\u00a0\u00a0\u00a0\u00a0\u00a0\u00a0\u00a0\u00a0\u00a0\u00a0\u00a0\u00a0\u00a0\u00a0\u00a0\u00a0\u00a0\u00a0\u00a0\u00a0\u00a0\u00a0\u00a0\u00a0\u00a0\u00a0\u00a0\u00a0\u00a0\u00a0\u00a0\u00a0\u00a0\u00a0\u00a0\u00a0\u00a0\u00a0\u00a0\u00a0<\/strong><\/li>\n<li>c\u00f2ta M\u00e0ir<strong>eid<\/strong><\/li>\n<\/ul>\n<p>Agus le <strong>aig<\/strong>:<\/p>\n<ul>\n<li>an leabhar aig <strong>a\u2019 bh<\/strong>alach\u00a0\u00a0\u00a0\u00a0\u00a0\u00a0\u00a0\u00a0\u00a0\u00a0\u00a0\u00a0\u00a0\u00a0\u00a0\u00a0\u00a0\u00a0\u00a0\u00a0\u00a0\u00a0\u00a0\u00a0\u00a0\u00a0\u00a0\u00a0\u00a0\u00a0\u00a0\u00a0\u00a0\u00a0\u00a0\u00a0\u00a0\u00a0\u00a0\u00a0\u00a0\u00a0\u00a0\u00a0\u00a0\u00a0\u00a0\u00a0\u00a0\u00a0\u00a0\u00a0\u00a0\u00a0\u00a0\u00a0\u00a0\u00a0\u00a0\u00a0\u00a0\u00a0\u00a0\u00a0\u00a0\u00a0\u00a0\u00a0\u00a0\u00a0\u00a0\u00a0\u00a0\u00a0\u00a0\u00a0\u00a0\u00a0\u00a0\u00a0\u00a0\u00a0\u00a0\u00a0\u00a0\u00a0\u00a0\u00a0\u00a0<\/li>\n<li>an c\u00e0r aig Calum\u00a0\u00a0\u00a0\u00a0\u00a0\u00a0\u00a0\u00a0\u00a0\u00a0\u00a0\u00a0\u00a0\u00a0\u00a0\u00a0\u00a0\u00a0\u00a0\u00a0\u00a0\u00a0\u00a0\u00a0\u00a0\u00a0\u00a0\u00a0\u00a0\u00a0\u00a0\u00a0\u00a0\u00a0\u00a0\u00a0\u00a0\u00a0\u00a0\u00a0\u00a0\u00a0\u00a0\u00a0\u00a0\u00a0\u00a0\u00a0\u00a0\u00a0\u00a0\u00a0\u00a0\u00a0\u00a0\u00a0\u00a0\u00a0\u00a0\u00a0\u00a0\u00a0\u00a0\u00a0\u00a0\u00a0\u00a0\u00a0\u00a0\u00a0\u00a0\u00a0\u00a0\u00a0\u00a0\u00a0\u00a0\u00a0\u00a0\u00a0\u00a0\u00a0\u00a0\u00a0\u00a0\u00a0\u00a0\u00a0\u00a0\u00a0\u00a0\u00a0\u00a0\u00a0\u00a0\u00a0\u00a0\u00a0\u00a0\u00a0\u00a0\u00a0\u00a0\u00a0\u00a0\u00a0\u00a0<\/li>\n<li>an c\u00f2ta aig M\u00e0iread.<\/li>\n<\/ul>\n<p>\u00a0[Chan eil toiseach ainmean bhoireannach, mar <strong>Mairead<\/strong>, ag atharrachadh mar as trice sa chiad ph\u00e0tran. Tha an t-alt (<strong>an\/am, a\u2019, an t-<\/strong>) an-c\u00f2mhnaidh ron chiad fhacal (<strong>c\u00e0r, c\u00f2ta<\/strong>) san dara p\u00e0tran. Ma tha an t-alt anns a\u2019 chiad ph\u00e0tran, tha e a\u2019 dol leis an dara facal a-mh\u00e0in.\u00a0\u00a0\u00a0Bu ch\u00f2ir na riochdan <strong>mo\/do \u2026<\/strong> agus <strong>cas a\u2019 bhalaich<\/strong> a cleachdadh airson rudan a tha nam p\u00e0irt de neach (mar <strong>cas<\/strong>) ach faodar an cleachdadh airson rudan eile cuideachd.]<\/p>\n<p>&nbsp;<\/p>\n<hr \/>\n<div id=\"ccchildpages-1\" class=\"ccchildpages ccflex twocol ccgreen ccclearfix\"><ul class=\"ccchildpages_list ccclearfix\"><li class=\"page_item page-item-556\"><a href=\"https:\/\/storlann.co.uk\/mirean\/clar-amais\/a-bruidhinn-gu-pearsanta\/mi-thutu-e-i-sinn-sibh-iad\/obair-ire-t\/\">Obair \u00ecre T<\/a><\/li>\n<li class=\"page_item page-item-554\"><a href=\"https:\/\/storlann.co.uk\/mirean\/clar-amais\/a-bruidhinn-gu-pearsanta\/mi-thutu-e-i-sinn-sibh-iad\/obair-ire-1\/\">Obair \u00ecre 1<\/a><\/li>\n<li class=\"page_item page-item-552\"><a href=\"https:\/\/storlann.co.uk\/mirean\/clar-amais\/a-bruidhinn-gu-pearsanta\/mi-thutu-e-i-sinn-sibh-iad\/obair-ire-2\/\">Obair \u00ecre 2<\/a><\/li>\n<li class=\"page_item page-item-550\"><a href=\"https:\/\/storlann.co.uk\/mirean\/clar-amais\/a-bruidhinn-gu-pearsanta\/mi-thutu-e-i-sinn-sibh-iad\/obair-ire-3\/\">Obair \u00ecre 3<\/a><\/li><\/ul><\/div>\n","protected":false},"excerpt":{"rendered":"<p>M\u00ecneachadh Tha na faclan a leanas a\u2019 seasamh airson dhaoine no rudan: mi, thu\/tu, e, i, sinn, sibh, iad mise, thusa\/tusa, esan, ise, sinne, sibhse, iadsan mi fh\u00e8in\/fh\u00ecn, thu\/tu fh\u00e8in, e\/i fh\u00e8in, sinn fh\u00e8in\/fh\u00ecn, sibh fh\u00e8in, iad fh\u00e8in. [Tha na riochdan san dara is an treas loidhne air an cleachdadh gus cuideam a chur air [&hellip;]<\/p>\n","protected":false},"author":1,"featured_media":0,"parent":180,"menu_order":0,"comment_status":"closed","ping_status":"closed","template":"","meta":{"inline_featured_image":false,"footnotes":""},"class_list":["post-358","page","type-page","status-publish","hentry","has-post-title","has-post-date","has-post-category","has-post-tag","has-post-comment","has-post-author",""],"builder_content":"","_links":{"self":[{"href":"https:\/\/storlann.co.uk\/mirean\/wp-json\/wp\/v2\/pages\/358","targetHints":{"allow":["GET"]}}],"collection":[{"href":"https:\/\/storlann.co.uk\/mirean\/wp-json\/wp\/v2\/pages"}],"about":[{"href":"https:\/\/storlann.co.uk\/mirean\/wp-json\/wp\/v2\/types\/page"}],"author":[{"embeddable":true,"href":"https:\/\/storlann.co.uk\/mirean\/wp-json\/wp\/v2\/users\/1"}],"replies":[{"embeddable":true,"href":"https:\/\/storlann.co.uk\/mirean\/wp-json\/wp\/v2\/comments?post=358"}],"version-history":[{"count":0,"href":"https:\/\/storlann.co.uk\/mirean\/wp-json\/wp\/v2\/pages\/358\/revisions"}],"up":[{"embeddable":true,"href":"https:\/\/storlann.co.uk\/mirean\/wp-json\/wp\/v2\/pages\/180"}],"wp:attachment":[{"href":"https:\/\/storlann.co.uk\/mirean\/wp-json\/wp\/v2\/media?parent=358"}],"curies":[{"name":"wp","href":"https:\/\/api.w.org\/{rel}","templated":true}]}}