{"id":350,"date":"2010-09-17T15:43:55","date_gmt":"2010-09-17T13:43:55","guid":{"rendered":"https:\/\/storlann.co.uk\/mirean\/?page_id=350"},"modified":"2018-01-09T09:14:58","modified_gmt":"2018-01-09T09:14:58","slug":"tha-am-balach-beag","status":"publish","type":"page","link":"https:\/\/storlann.co.uk\/mirean\/clar-amais\/co-ris-a-tha-rud-no-neach-coltach\/tha-am-balach-beag\/","title":{"rendered":"Tha am balach beag."},"content":{"rendered":"<h3 class=\"page-info\">M\u00ecneachadh<\/h3>\n<p>Tha na faclan <strong>beag, m\u00f2r, math, dona, dubh, geal, luath, mall <\/strong>agus an leithid air an cleachdadh airson innse c\u00f2 ris a tha rud no neach coltach.<\/p>\n<p>Nuair a tha iad air an cleachdadh ann an seantans far an e a\u2019 phr\u00ecomh chuspair c\u00f2 ris a tha an rud no neach coltach, chan eil na faclan seo ag atharrachadh idir &#8211; a r\u00e8ir, mar eisimpleir, an e facal <em>fireannta<\/em> no <em>boireannta<\/em> leis a bheil iad a\u2019 dol no a bheil c\u00f2rr is aon ann:<\/p>\n<ul type=\"circle\">\n<li>Tha am balach <strong>m\u00f2r<\/strong>. (<em>fireannta<\/em>)<\/li>\n<\/ul>\n<ul type=\"circle\">\n<li>Tha a\u2019 chaileag <strong>m\u00f2r<\/strong>. (<em>boireannta<\/em>)<\/li>\n<\/ul>\n<ul type=\"circle\">\n<li>Tha na tr\u00e8anaichean <strong>m\u00f2r<\/strong>. (c\u00f2rr is aon)<\/li>\n<\/ul>\n<p>&nbsp;<\/p>\n<hr \/>\n<div id=\"ccchildpages-1\" class=\"ccchildpages ccflex twocol ccgreen ccclearfix\"><ul class=\"ccchildpages_list ccclearfix\"><li class=\"page_item page-item-511\"><a href=\"https:\/\/storlann.co.uk\/mirean\/clar-amais\/co-ris-a-tha-rud-no-neach-coltach\/tha-am-balach-beag\/eisimpleir\/\">Eisimpleirean<\/a><\/li>\n<li class=\"page_item page-item-517\"><a href=\"https:\/\/storlann.co.uk\/mirean\/clar-amais\/co-ris-a-tha-rud-no-neach-coltach\/tha-am-balach-beag\/obair-ire-t\/\">Obair \u00ecre T<\/a><\/li>\n<li class=\"page_item page-item-515\"><a href=\"https:\/\/storlann.co.uk\/mirean\/clar-amais\/co-ris-a-tha-rud-no-neach-coltach\/tha-am-balach-beag\/obair-ire-1\/\">Obair \u00ecre 1<\/a><\/li>\n<li class=\"page_item page-item-513\"><a href=\"https:\/\/storlann.co.uk\/mirean\/clar-amais\/co-ris-a-tha-rud-no-neach-coltach\/tha-am-balach-beag\/obair-ire-2\/\">Obair \u00ecre 2<\/a><\/li><\/ul><\/div>\n","protected":false},"excerpt":{"rendered":"<p>M\u00ecneachadh Tha na faclan beag, m\u00f2r, math, dona, dubh, geal, luath, mall agus an leithid air an cleachdadh airson innse c\u00f2 ris a tha rud no neach coltach. Nuair a tha iad air an cleachdadh ann an seantans far an e a\u2019 phr\u00ecomh chuspair c\u00f2 ris a tha an rud no neach coltach, chan eil [&hellip;]<\/p>\n","protected":false},"author":1,"featured_media":0,"parent":177,"menu_order":56,"comment_status":"closed","ping_status":"closed","template":"","meta":{"inline_featured_image":false,"footnotes":""},"class_list":["post-350","page","type-page","status-publish","hentry","has-post-title","has-post-date","has-post-category","has-post-tag","has-post-comment","has-post-author",""],"builder_content":"","_links":{"self":[{"href":"https:\/\/storlann.co.uk\/mirean\/wp-json\/wp\/v2\/pages\/350","targetHints":{"allow":["GET"]}}],"collection":[{"href":"https:\/\/storlann.co.uk\/mirean\/wp-json\/wp\/v2\/pages"}],"about":[{"href":"https:\/\/storlann.co.uk\/mirean\/wp-json\/wp\/v2\/types\/page"}],"author":[{"embeddable":true,"href":"https:\/\/storlann.co.uk\/mirean\/wp-json\/wp\/v2\/users\/1"}],"replies":[{"embeddable":true,"href":"https:\/\/storlann.co.uk\/mirean\/wp-json\/wp\/v2\/comments?post=350"}],"version-history":[{"count":0,"href":"https:\/\/storlann.co.uk\/mirean\/wp-json\/wp\/v2\/pages\/350\/revisions"}],"up":[{"embeddable":true,"href":"https:\/\/storlann.co.uk\/mirean\/wp-json\/wp\/v2\/pages\/177"}],"wp:attachment":[{"href":"https:\/\/storlann.co.uk\/mirean\/wp-json\/wp\/v2\/media?parent=350"}],"curies":[{"name":"wp","href":"https:\/\/api.w.org\/{rel}","templated":true}]}}