{"id":330,"date":"2010-09-17T15:33:09","date_gmt":"2010-09-17T13:33:09","guid":{"rendered":"https:\/\/storlann.co.uk\/mirean\/?page_id=330"},"modified":"2018-01-09T11:30:56","modified_gmt":"2018-01-09T11:30:56","slug":"aig-air-do-fo-aas-thar","status":"publish","type":"page","link":"https:\/\/storlann.co.uk\/mirean\/clar-amais\/far-a-bheil-rudan-agus-a-leithid-sin\/aig-air-do-fo-aas-thar\/","title":{"rendered":"Aig, air, do, fo, \u00e0\/\u00e0s, thar"},"content":{"rendered":"<h3 class=\"page-info\">M\u00ecneachadh<\/h3>\n<p>Tha faclan mar \u00a0<strong>aig, air, ann, do, le, ri <\/strong>agus an leithid air an cleachdadh airson innse far a bheil rudan no daoine no airson innse mun cheangal eadar rudan, is a leithid sin:<\/p>\n<ul type=\"circle\">\n<li><strong>aig<\/strong> an loch, <strong>don<\/strong> bhaile, <strong>anns<\/strong> a\u2019 bh\u00f9th, <strong>ris<\/strong> an tidsear.<\/li>\n<\/ul>\n<p>Tha am m\u00ecneachadh a leanas ann an tr\u00ec p\u00e0irtean:<\/p>\n<ol>\n<li><strong><span style=\"color: #99cc00;\"><a href=\"https:\/\/storlann.co.uk\/mirean\/clar-amais\/far-a-bheil-rudan-agus-a-leithid-sin\/aig-air-do-fo-aas-thar\/faclan-gun-an-t-alt\/\"><span style=\"color: #99cc00;\">f<\/span><span style=\"color: #99cc00;\">aclan gun an t-alt (am\/an\/a\u2019\/an t-\/<\/span><span style=\"color: #99cc00;\">na)<\/span><\/a><\/span><\/strong><\/li>\n<li><strong><span style=\"color: #99cc00;\"><a href=\"https:\/\/storlann.co.uk\/mirean\/clar-amais\/far-a-bheil-rudan-agus-a-leithid-sin\/aig-air-do-fo-aas-thar\/leis-an-alt-deireadh-fhaclan\/\"><span style=\"color: #99cc00;\">leis <\/span><span style=\"color: #99cc00;\">an alt, toiseach fh<\/span><span style=\"color: #99cc00;\">aclan<\/span><\/a><\/span><\/strong><\/li>\n<li><a href=\"https:\/\/storlann.co.uk\/mirean\/clar-amais\/far-a-bheil-rudan-agus-a-leithid-sin\/aig-air-do-fo-aas-thar\/leis-an-alt-deireadh-fhaclan\/\"><strong><span style=\"color: #99cc00;\"><span style=\"color: #99cc00;\">leis an alt, deireadh fhaclan<\/span><\/span><\/strong><\/a><\/li>\n<\/ol>\n<p>&nbsp;<\/p>\n<hr \/>\n<div id=\"ccchildpages-1\" class=\"ccchildpages ccflex twocol ccgreen ccclearfix\"><ul class=\"ccchildpages_list ccclearfix\"><li class=\"page_item page-item-449\"><a href=\"https:\/\/storlann.co.uk\/mirean\/clar-amais\/far-a-bheil-rudan-agus-a-leithid-sin\/aig-air-do-fo-aas-thar\/eisimpleir\/\">Eisimpleirean<\/a><\/li>\n<li class=\"page_item page-item-451\"><a href=\"https:\/\/storlann.co.uk\/mirean\/clar-amais\/far-a-bheil-rudan-agus-a-leithid-sin\/aig-air-do-fo-aas-thar\/obair-ire-t\/\">Obair \u00ecre T<\/a><\/li>\n<li class=\"page_item page-item-453\"><a href=\"https:\/\/storlann.co.uk\/mirean\/clar-amais\/far-a-bheil-rudan-agus-a-leithid-sin\/aig-air-do-fo-aas-thar\/obair-ire-1\/\">Obair \u00ecre 1<\/a><\/li>\n<li class=\"page_item page-item-455\"><a href=\"https:\/\/storlann.co.uk\/mirean\/clar-amais\/far-a-bheil-rudan-agus-a-leithid-sin\/aig-air-do-fo-aas-thar\/obair-ire-2\/\">Obair \u00ecre 2<\/a><\/li>\n<li class=\"page_item page-item-908\"><a href=\"https:\/\/storlann.co.uk\/mirean\/clar-amais\/far-a-bheil-rudan-agus-a-leithid-sin\/aig-air-do-fo-aas-thar\/faclan-gun-an-t-alt\/\">Faclan gun an t-alt<\/a><\/li>\n<li class=\"page_item page-item-913\"><a href=\"https:\/\/storlann.co.uk\/mirean\/clar-amais\/far-a-bheil-rudan-agus-a-leithid-sin\/aig-air-do-fo-aas-thar\/leis-an-alt-toiseach-fhaclan\/\">leis an alt, toiseach fhaclan<\/a><\/li>\n<li class=\"page_item page-item-1703\"><a href=\"https:\/\/storlann.co.uk\/mirean\/clar-amais\/far-a-bheil-rudan-agus-a-leithid-sin\/aig-air-do-fo-aas-thar\/leis-an-alt-deireadh-fhaclan\/\">leis an alt, deireadh fhaclan<\/a><\/li><\/ul><\/div>\n","protected":false},"excerpt":{"rendered":"<p>M\u00ecneachadh Tha faclan mar \u00a0aig, air, ann, do, le, ri agus an leithid air an cleachdadh airson innse far a bheil rudan no daoine no airson innse mun cheangal eadar rudan, is a leithid sin: aig an loch, don bhaile, anns a\u2019 bh\u00f9th, ris an tidsear. Tha am m\u00ecneachadh a leanas ann an tr\u00ec p\u00e0irtean: [&hellip;]<\/p>\n","protected":false},"author":1,"featured_media":0,"parent":171,"menu_order":25,"comment_status":"closed","ping_status":"closed","template":"","meta":{"inline_featured_image":false,"footnotes":""},"class_list":["post-330","page","type-page","status-publish","hentry","has-post-title","has-post-date","has-post-category","has-post-tag","has-post-comment","has-post-author",""],"builder_content":"","_links":{"self":[{"href":"https:\/\/storlann.co.uk\/mirean\/wp-json\/wp\/v2\/pages\/330","targetHints":{"allow":["GET"]}}],"collection":[{"href":"https:\/\/storlann.co.uk\/mirean\/wp-json\/wp\/v2\/pages"}],"about":[{"href":"https:\/\/storlann.co.uk\/mirean\/wp-json\/wp\/v2\/types\/page"}],"author":[{"embeddable":true,"href":"https:\/\/storlann.co.uk\/mirean\/wp-json\/wp\/v2\/users\/1"}],"replies":[{"embeddable":true,"href":"https:\/\/storlann.co.uk\/mirean\/wp-json\/wp\/v2\/comments?post=330"}],"version-history":[{"count":0,"href":"https:\/\/storlann.co.uk\/mirean\/wp-json\/wp\/v2\/pages\/330\/revisions"}],"up":[{"embeddable":true,"href":"https:\/\/storlann.co.uk\/mirean\/wp-json\/wp\/v2\/pages\/171"}],"wp:attachment":[{"href":"https:\/\/storlann.co.uk\/mirean\/wp-json\/wp\/v2\/media?parent=330"}],"curies":[{"name":"wp","href":"https:\/\/api.w.org\/{rel}","templated":true}]}}