{"id":326,"date":"2010-09-17T15:31:16","date_gmt":"2010-09-17T13:31:16","guid":{"rendered":"https:\/\/storlann.co.uk\/mirean\/?page_id=326"},"modified":"2018-01-09T09:11:57","modified_gmt":"2018-01-09T09:11:57","slug":"comhla-ri-faisg-air","status":"publish","type":"page","link":"https:\/\/storlann.co.uk\/mirean\/clar-amais\/far-a-bheil-rudan-agus-a-leithid-sin\/comhla-ri-faisg-air\/","title":{"rendered":"C\u00f2mhla ri, faisg air"},"content":{"rendered":"<h3 class=\"page-info\">M\u00ecneachadh<\/h3>\n<p>Tha faclan \u00e0raidh mar <strong>c\u00f2mhla, coltach, faisg, seachad<\/strong> a\u2019 dol c\u00f2mhla ri leithid <strong>ri<\/strong> no <strong>air<\/strong> gus abairtean cumanta a dh\u00e8anamh, leithid:<\/p>\n<ul>\n<li><strong>c\u00f2mhla ri, coltach ri<\/strong><\/li>\n<li><strong>faisg air, seachad air, a bharrachd air, mun cuairt air<\/strong>.<strong> <\/strong><\/li>\n<\/ul>\n<p>Tha na h-abairtean seo ag obair anns an aon d\u00f2igh ri <strong>ri <\/strong>agus <strong>air<\/strong>:<\/p>\n<ul>\n<li><strong>a bharrachd air ceud, c\u00f2mhla ris a\u2019 ghille, c\u00f2mhla ris a\u2019 chaileig, coltach ris an Fhraing, mun cuairt air an teine, faisg air an t-sruth, faisg air na cnuic.<\/strong><\/li>\n<\/ul>\n<p>Agus le <strong>mi<\/strong>, <strong>thu<\/strong>&#8230;:<\/p>\n<ul>\n<li><strong>c\u00f2mhla rium, coltach riut, faisg air, seachad oirre, a bharrachd oirnn, mun cuairt oirbh, c\u00f2mhla riutha<\/strong>.<\/li>\n<\/ul>\n<p>&nbsp;<\/p>\n<hr \/>\n<div id=\"ccchildpages-1\" class=\"ccchildpages ccflex twocol ccgreen ccclearfix\"><ul class=\"ccchildpages_list ccclearfix\"><li class=\"page_item page-item-473\"><a href=\"https:\/\/storlann.co.uk\/mirean\/clar-amais\/far-a-bheil-rudan-agus-a-leithid-sin\/comhla-ri-faisg-air\/obair-ire-t\/\">Obair \u00ecre T<\/a><\/li>\n<li class=\"page_item page-item-475\"><a href=\"https:\/\/storlann.co.uk\/mirean\/clar-amais\/far-a-bheil-rudan-agus-a-leithid-sin\/comhla-ri-faisg-air\/obair-ire-1\/\">Obair \u00ecre 1<\/a><\/li>\n<li class=\"page_item page-item-477\"><a href=\"https:\/\/storlann.co.uk\/mirean\/clar-amais\/far-a-bheil-rudan-agus-a-leithid-sin\/comhla-ri-faisg-air\/obair-ire-2\/\">Obair \u00ecre 2<\/a><\/li><\/ul><\/div>\n","protected":false},"excerpt":{"rendered":"<p>M\u00ecneachadh Tha faclan \u00e0raidh mar c\u00f2mhla, coltach, faisg, seachad a\u2019 dol c\u00f2mhla ri leithid ri no air gus abairtean cumanta a dh\u00e8anamh, leithid: c\u00f2mhla ri, coltach ri faisg air, seachad air, a bharrachd air, mun cuairt air. Tha na h-abairtean seo ag obair anns an aon d\u00f2igh ri ri agus air: a bharrachd air ceud, [&hellip;]<\/p>\n","protected":false},"author":1,"featured_media":0,"parent":171,"menu_order":67,"comment_status":"closed","ping_status":"closed","template":"","meta":{"inline_featured_image":false,"footnotes":""},"class_list":["post-326","page","type-page","status-publish","hentry","has-post-title","has-post-date","has-post-category","has-post-tag","has-post-comment","has-post-author",""],"builder_content":"","_links":{"self":[{"href":"https:\/\/storlann.co.uk\/mirean\/wp-json\/wp\/v2\/pages\/326","targetHints":{"allow":["GET"]}}],"collection":[{"href":"https:\/\/storlann.co.uk\/mirean\/wp-json\/wp\/v2\/pages"}],"about":[{"href":"https:\/\/storlann.co.uk\/mirean\/wp-json\/wp\/v2\/types\/page"}],"author":[{"embeddable":true,"href":"https:\/\/storlann.co.uk\/mirean\/wp-json\/wp\/v2\/users\/1"}],"replies":[{"embeddable":true,"href":"https:\/\/storlann.co.uk\/mirean\/wp-json\/wp\/v2\/comments?post=326"}],"version-history":[{"count":0,"href":"https:\/\/storlann.co.uk\/mirean\/wp-json\/wp\/v2\/pages\/326\/revisions"}],"up":[{"embeddable":true,"href":"https:\/\/storlann.co.uk\/mirean\/wp-json\/wp\/v2\/pages\/171"}],"wp:attachment":[{"href":"https:\/\/storlann.co.uk\/mirean\/wp-json\/wp\/v2\/media?parent=326"}],"curies":[{"name":"wp","href":"https:\/\/api.w.org\/{rel}","templated":true}]}}