{"id":324,"date":"2010-09-17T15:30:33","date_gmt":"2010-09-17T13:30:33","guid":{"rendered":"https:\/\/storlann.co.uk\/mirean\/?page_id=324"},"modified":"2018-01-09T09:12:17","modified_gmt":"2018-01-09T09:12:17","slug":"air-beulaibh-air-culaibh","status":"publish","type":"page","link":"https:\/\/storlann.co.uk\/mirean\/clar-amais\/far-a-bheil-rudan-agus-a-leithid-sin\/air-beulaibh-air-culaibh\/","title":{"rendered":"Air beulaibh, air c\u00f9laibh"},"content":{"rendered":"<h3 class=\"page-info\">M\u00ecneachadh<\/h3>\n<p>Tha faclan leithid <strong>\u00e0\/\u00e0s,<\/strong> <strong>air, ann, mu, ri, (os)<\/strong> a\u2019 dol c\u00f2mhla ri faclan eile mar <strong>\u00e0ite, measg, taobh <\/strong>(agus an leithid) gus abairtean cumanta a dh\u00e8anamh suas mar a leanas:<\/p>\n<ul type=\"circle\">\n<li>\u00e0s &#8211; <strong>\u00e0s d\u00e8idh, \u00e0s aonais<\/strong><\/li>\n<\/ul>\n<ul type=\"circle\">\n<li>air &#8211; <strong>air beulaibh, air c\u00f9laibh, airson, air feadh, air sg\u00e0th, air t\u00f2ir<\/strong><\/li>\n<\/ul>\n<ul type=\"circle\">\n<li>ann &#8211; <strong>an \u00e0ite, an d\u00e8idh, am measg, an aghaidh, am broinn, an comhair<\/strong><\/li>\n<\/ul>\n<ul type=\"circle\">\n<li>mu \u2013 <strong>mu choinneamh, mu dheidhinn, mun cuairt, mu thimcheall<\/strong><\/li>\n<\/ul>\n<ul type=\"circle\">\n<li>ri \u2013 <strong>ri taobh<\/strong><\/li>\n<\/ul>\n<ul type=\"circle\">\n<li>(os) &#8211; <strong>os cionn.<\/strong><\/li>\n<\/ul>\n<p>Nuair a tha na h-abairtean seo air an cleachdadh c\u00f2mhla ri faclan eile, gheibhear na p\u00e0train a leanas.<\/p>\n<p>Mura bheil an t-alt (<strong>an\/am, a\u2019, an t-, na<\/strong>) leotha, mar as trice chan eil toiseach no deireadh fhaclan ag atharrachadh:<\/p>\n<ul type=\"disc\">\n<li><strong>ri taobh<\/strong> uinneag (bheag), <strong>air c\u00f9laibh<\/strong> doras (m\u00f2r), <strong>os cionn <\/strong>beinn<strong>.<\/strong><\/li>\n<\/ul>\n<p>Far a bheil am facal (gun an t-alt) a\u2019 seasamh airson barrachd air aon de rud, tha an toiseach ag atharrachadh (ach le litrichean nach bi ag atharrachadh san d\u00f2igh seo mar <strong>l\/n\/r\/sg\/sm\/sp\/st<\/strong>). Chan eil an deireadh ag atharrachadh anns an riochd a tha a\u2019 cr\u00ecochnachadh le <strong>\u2013an<\/strong> no <strong>\u2013ichean <\/strong>(me, uinneag<strong>an<\/strong>) ach tha leis an riochd le <strong>i<\/strong> (bod<strong>aich<\/strong>):<\/p>\n<ul type=\"disc\">\n<li>air c\u00f9laibh <strong>dh<\/strong>orsan (dorsan), am measg <strong>bh<\/strong>od<strong>ach <\/strong>(bodaich).<\/li>\n<\/ul>\n<p>Ma tha an t-alt (<strong>an\/am, a\u2019, an t-, na<\/strong>) leis an fhacal, tha faclan <em>fireannta<\/em> (<strong>doras, balla<\/strong>) ag atharrachadh mar a leanas (ma tha e comasach do na litrichean aig an toiseach agus an deireadh aca atharrachadh):<\/p>\n<ul>\n<li>ri taobh a\u2019 <strong>bh<\/strong>oda<strong>ich<\/strong>, air c\u00f9l an dora<strong>is <\/strong>(mh\u00f2ir)<strong>, <\/strong>ri taobh a\u2019<strong> bh<\/strong>alla (bhig).<\/li>\n<\/ul>\n<p>\u00a0Ma tha an t-alt (<strong>an\/am, a\u2019, an t-, na<\/strong>) leis an fhacal, tha faclan <em>boireannta<\/em> (<strong>cailleach,<\/strong> <strong>uinneag, sgoil<\/strong>) ag atharrachadh mar a leanas (ma tha e comasach do na litrichean aig an toiseach agus an deireadh aca atharrachadh):<\/p>\n<ul>\n<li>ri taobh <strong>na<\/strong> caill<strong>ich(e)<\/strong>, air c\u00f9laibh <strong>na <\/strong>sgoil<strong>e<\/strong><\/li>\n<li>air beulaibh <strong>na h-uinneig mh\u00f2ir <\/strong>\/ air beulaibh<strong> na h-uinneige m\u00f2ire<\/strong>.<\/li>\n<\/ul>\n<p>[Cluinnear an d\u00e0 chuid an riochd traidiseanta <strong>na h-uinneige m\u00f2ire<\/strong> agus an riochd <strong>na h-uinneig mh\u00f2ir<\/strong> san latha an-diugh.]<\/p>\n<p>Ma tha barrachd air aon ann den rud, tha an t-alt a\u2019 tionndadh gu <strong>nan\/nam<\/strong>. Chan eil toiseach an fhacail air atharrachadh uair sam bith. Chan eil an deireadh ag atharrachadh anns an riochd a tha a\u2019 cr\u00ecochnachadh le <strong>\u2013an<\/strong> no <strong>\u2013aichean <\/strong>(uinneag<strong>an, <\/strong>bus<strong>aichean<\/strong>) ach tha leis an riochd le <strong>i<\/strong> (bod<strong>aich<\/strong>) agus ann an \u00e0ireamh bheag de sheann abairtean:<\/p>\n<ul type=\"disc\">\n<li>ri taobh nan taighean, air c\u00f9laibh nan c\u00e0raichean<\/li>\n<li>airson nam <strong>balach<\/strong> (balaich), air c\u00f9l nan <strong>cnoc <\/strong>(cnuic).<\/li>\n<\/ul>\n<p>Gheibhear am p\u00e0tran a leanas le <strong>mi, thu, e, i, sinn, sibh, iad<\/strong>:<\/p>\n<ul type=\"circle\">\n<li><strong>air mo ch\u00f9laibh<\/strong> (mi)<\/li>\n<\/ul>\n<ul type=\"circle\">\n<li><strong>air do bheulaibh<\/strong> (thu)<\/li>\n<\/ul>\n<ul type=\"circle\">\n<li><strong>\u00e0s a dh\u00e8idh<\/strong> (e)<\/li>\n<\/ul>\n<ul type=\"circle\">\n<li><strong>air a son<\/strong> (i)<\/li>\n<\/ul>\n<ul type=\"circle\">\n<li><strong>nar n-\u00e0ite<\/strong> (sinn)<\/li>\n<\/ul>\n<ul type=\"circle\">\n<li><strong>nur d\u00e8idh<\/strong> (sibh)<\/li>\n<\/ul>\n<ul type=\"circle\">\n<li><strong>nam measg<\/strong> (iad)<\/li>\n<\/ul>\n<ul type=\"circle\">\n<li><strong>mun coinneamh<\/strong> (iad)<\/li>\n<\/ul>\n<p>&nbsp;<\/p>\n<hr \/>\n<div id=\"ccchildpages-1\" class=\"ccchildpages ccflex twocol ccgreen ccclearfix\"><ul class=\"ccchildpages_list ccclearfix\"><li class=\"page_item page-item-488\"><a href=\"https:\/\/storlann.co.uk\/mirean\/clar-amais\/far-a-bheil-rudan-agus-a-leithid-sin\/air-beulaibh-air-culaibh\/eisimpleir\/\">Eisimpleirean<\/a><\/li>\n<li class=\"page_item page-item-490\"><a href=\"https:\/\/storlann.co.uk\/mirean\/clar-amais\/far-a-bheil-rudan-agus-a-leithid-sin\/air-beulaibh-air-culaibh\/obair-ire-t\/\">Obair \u00ecre T<\/a><\/li>\n<li class=\"page_item page-item-492\"><a href=\"https:\/\/storlann.co.uk\/mirean\/clar-amais\/far-a-bheil-rudan-agus-a-leithid-sin\/air-beulaibh-air-culaibh\/obair-ire-1\/\">Obair \u00ecre 1<\/a><\/li><\/ul><\/div>\n","protected":false},"excerpt":{"rendered":"<p>M\u00ecneachadh Tha faclan leithid \u00e0\/\u00e0s, air, ann, mu, ri, (os) a\u2019 dol c\u00f2mhla ri faclan eile mar \u00e0ite, measg, taobh (agus an leithid) gus abairtean cumanta a dh\u00e8anamh suas mar a leanas: \u00e0s &#8211; \u00e0s d\u00e8idh, \u00e0s aonais air &#8211; air beulaibh, air c\u00f9laibh, airson, air feadh, air sg\u00e0th, air t\u00f2ir ann &#8211; an \u00e0ite, [&hellip;]<\/p>\n","protected":false},"author":1,"featured_media":0,"parent":171,"menu_order":69,"comment_status":"closed","ping_status":"closed","template":"","meta":{"inline_featured_image":false,"footnotes":""},"class_list":["post-324","page","type-page","status-publish","hentry","has-post-title","has-post-date","has-post-category","has-post-tag","has-post-comment","has-post-author",""],"builder_content":"","_links":{"self":[{"href":"https:\/\/storlann.co.uk\/mirean\/wp-json\/wp\/v2\/pages\/324","targetHints":{"allow":["GET"]}}],"collection":[{"href":"https:\/\/storlann.co.uk\/mirean\/wp-json\/wp\/v2\/pages"}],"about":[{"href":"https:\/\/storlann.co.uk\/mirean\/wp-json\/wp\/v2\/types\/page"}],"author":[{"embeddable":true,"href":"https:\/\/storlann.co.uk\/mirean\/wp-json\/wp\/v2\/users\/1"}],"replies":[{"embeddable":true,"href":"https:\/\/storlann.co.uk\/mirean\/wp-json\/wp\/v2\/comments?post=324"}],"version-history":[{"count":0,"href":"https:\/\/storlann.co.uk\/mirean\/wp-json\/wp\/v2\/pages\/324\/revisions"}],"up":[{"embeddable":true,"href":"https:\/\/storlann.co.uk\/mirean\/wp-json\/wp\/v2\/pages\/171"}],"wp:attachment":[{"href":"https:\/\/storlann.co.uk\/mirean\/wp-json\/wp\/v2\/media?parent=324"}],"curies":[{"name":"wp","href":"https:\/\/api.w.org\/{rel}","templated":true}]}}