{"id":322,"date":"2010-09-17T15:28:23","date_gmt":"2010-09-17T13:28:23","guid":{"rendered":"https:\/\/storlann.co.uk\/mirean\/?page_id=322"},"modified":"2018-01-09T16:56:30","modified_gmt":"2018-01-09T16:56:30","slug":"obair-ire-2","status":"publish","type":"page","link":"https:\/\/storlann.co.uk\/mirean\/clar-amais\/a-cur-cuideam-air-rud\/s-ann\/obair-ire-2\/","title":{"rendered":"Obair \u00ecre 2"},"content":{"rendered":"<div class=\"obair-ire-2-wrapper\">\n<p class=\"obair-ire2\"><em>Bha d\u00f9il agam a dhol ann ach &#8216;s ann a chaidh mi dhachaigh<\/em><\/p>\n<h3>Gn\u00ecomh<\/h3>\n<p><strong>Role-play<\/strong><br \/>\n Chaidh do phlana atharrachadh! D\u00e8an suas liosta le diofar \u00e0iteachan agus feumaidh na sgoilearan d\u00e0 \u00e0ite a thaghadh &#8211; aon far an robh d\u00f9il aca a dhol agus aon far an deach iad.<\/p>\n<p>Feumaidh iad adhbhar a dh\u00e8anamh suas a\u2019 m\u00ecneachadh carson nach deach iad dhan a\u2019 chiad \u00e0ite agus rud ne\u00f2nach a thachair san \u00e0ite dhan deach iad. Feumaidh iad p\u00e0tran na seachdain a chleachdadh.<\/p>\n<p>Faodaidh tu caractaran agus \u00e0iteachan \u00e0 sgeulachd sh\u00f2nraichte a chleachdadh.<br \/>\n Faodaidh tu seo a dh\u00e8anamh mar dhr\u00e0ma no sgr\u00ecobhadh.<br \/>\n me<\/p>\n<p>(Mar role-play)<\/p>\n<p>Sgoilear 1:\u00a0 Carson nach robh thu aig a\u2019 ch\u00e8ilidh a-raoir. Thuirt thu gun robh thu a\u2019 dol a thighinn ann.<\/p>\n<p>Sgoilear 2:\u00a0 Na bi fiadhaich, bha d\u00f9il agam a dhol ann ach \u2019s ann a chaidh mi dhan taigh-tasgaidh.<\/p>\n<p>Sgoilear 1:\u00a0 Dhan taigh-tasgaidh! Carson?<\/p>\n<p>Sgoilear 2:\u00a0 Uill\u2026 msaa<\/p>\n<h3>\u00a0<\/h3>\n<\/div>\n","protected":false},"excerpt":{"rendered":"<p>Bha d\u00f9il agam a dhol ann ach &#8216;s ann a chaidh mi dhachaigh Gn\u00ecomh Role-play Chaidh do phlana atharrachadh! D\u00e8an suas liosta le diofar \u00e0iteachan agus feumaidh na sgoilearan d\u00e0 \u00e0ite a thaghadh &#8211; aon far an robh d\u00f9il aca a dhol agus aon far an deach iad. Feumaidh iad adhbhar a dh\u00e8anamh suas a\u2019 [&hellip;]<\/p>\n","protected":false},"author":1,"featured_media":0,"parent":304,"menu_order":0,"comment_status":"closed","ping_status":"closed","template":"","meta":{"inline_featured_image":false,"footnotes":""},"class_list":["post-322","page","type-page","status-publish","hentry","has-post-title","has-post-date","has-post-category","has-post-tag","has-post-comment","has-post-author",""],"builder_content":"","_links":{"self":[{"href":"https:\/\/storlann.co.uk\/mirean\/wp-json\/wp\/v2\/pages\/322","targetHints":{"allow":["GET"]}}],"collection":[{"href":"https:\/\/storlann.co.uk\/mirean\/wp-json\/wp\/v2\/pages"}],"about":[{"href":"https:\/\/storlann.co.uk\/mirean\/wp-json\/wp\/v2\/types\/page"}],"author":[{"embeddable":true,"href":"https:\/\/storlann.co.uk\/mirean\/wp-json\/wp\/v2\/users\/1"}],"replies":[{"embeddable":true,"href":"https:\/\/storlann.co.uk\/mirean\/wp-json\/wp\/v2\/comments?post=322"}],"version-history":[{"count":0,"href":"https:\/\/storlann.co.uk\/mirean\/wp-json\/wp\/v2\/pages\/322\/revisions"}],"up":[{"embeddable":true,"href":"https:\/\/storlann.co.uk\/mirean\/wp-json\/wp\/v2\/pages\/304"}],"wp:attachment":[{"href":"https:\/\/storlann.co.uk\/mirean\/wp-json\/wp\/v2\/media?parent=322"}],"curies":[{"name":"wp","href":"https:\/\/api.w.org\/{rel}","templated":true}]}}