{"id":3194,"date":"2018-01-09T09:56:36","date_gmt":"2018-01-09T09:56:36","guid":{"rendered":"https:\/\/storlann.co.uk\/mirean\/?page_id=3194"},"modified":"2018-01-09T11:10:51","modified_gmt":"2018-01-09T11:10:51","slug":"gnathasan-cainnte","status":"publish","type":"page","link":"https:\/\/storlann.co.uk\/mirean\/clar-amais\/gnathasan-cainnte\/","title":{"rendered":"Gn\u00e0thasan-cainnte"},"content":{"rendered":"<h3>M\u00ecneachadh<\/h3>\n<p>\u2019S e \u2018gn\u00e0thasan-cainnte\u2019 abairtean nach eil a\u2019 leantainn p\u00e0tran \u00e0bhaisteach gr\u00e0mair ach a tha nam p\u00e0irt fheumail den a h-uile c\u00e0nan, a\u2019 toirt dhaibh blas agus caractar.  Tha seata ghn\u00e0thasan an seo st\u00e8idhte air <strong>\u00e0\/\u00e0s, aig, air, de, do, gu, le, ri <\/strong> ann an seantansan a tha a\u2019 sealltainn d\u00e8 tha iad a\u2019 ciallachadh agus ciamar a tha iad air an cleachdadh.<\/p>\n<p>  &nbsp;<\/p>\n<p><strong>\u00e0\/\u00e0s<br \/>\n  <\/strong><br \/>\n  Bha a mh\u00e0thair <strong>moiteil\/pr\u00f2iseil \u00e0s<\/strong> a\u2019 bhalach airson an duais a fhuair e.<br \/>\n      <br \/>\n  Bha an tarbh air a chumail ann am p\u00e0irc ach fhuair e \u00e0s.<br \/>\n  <br \/>\n  Bha iad <strong>a\u2019 tarraing asam<\/strong> ach cha robh mise a\u2019 smaoineachadh gun robh e \u00e8ibhinn.<br \/>\n  <strong><br \/>\n  Chuir<\/strong> daoine agus coin \u00e0s don dodo.<br \/>\n  <strong>Rinn<\/strong> e<strong> \u00e0s<\/strong> a-mach an doras cho luath \u2019s a b\u2019 urrainn dha.<\/p>\n<p><strong>aig<br \/>\n  <\/strong><br \/>\n  Bha e duilich a\u2019 bheinn a shreap ach <strong>chaidh agam air<\/strong>.<\/p>\n<p><strong>air<br \/>\n  <\/strong><br \/>\n  Bha am balach m\u00f2r <strong>ag obair air<\/strong> a\u2019 bhalach bheag.<br \/>\n      <br \/>\n  Bha mi ag iarraidh fuireach ach <strong>th\u00e0inig orm<\/strong> falbh.<br \/>\n  <strong><br \/>\n  Chan eil sgeul agam air<\/strong> mo pheann.<br \/>\n      <br \/>\n      D\u00e8 tha ce\u00e0rr <strong>ort<\/strong>?  Chan eil thu a\u2019 coimhead gu math.<br \/>\n  <strong><br \/>\n  Rug mi air l\u00e0imh air<\/strong> a\u2019 Chiad Mhinistear.<br \/>\n  <br \/>\n  <strong>Tha<\/strong> an t-eagal\/an fhearg\/cais\/cabhag\/an t-acras\/am pathadh\/an cianalas\/an cnatan orm.<br \/>\n      <br \/>\n  Tha e<strong> math air<\/strong> seinn.<br \/>\n  <strong><br \/>\n  Thug iad orm<\/strong> a dhol ann c\u00f2mhla riutha ged nach robh mi ag iarraidh a dhol ann.<\/p>\n<p><strong>de<br \/>\n  <\/strong><br \/>\n  <br \/>\n  Bha a bheul a\u2019 dol gun sgur is e <strong>a\u2019 cur dheth<\/strong> mu rud ma seach.<br \/>\nTha sin gu le\u00f2r dhen amaideas sin: <strong>sguir dheth<\/strong>!<\/p>\n<p><strong>do<br \/>\n  <\/strong><br \/>\n  &#8216;S <strong>\u00e0bhaist dhomh<\/strong> bhith dol chun a\u2019 bhall-coise a h-uile feasgar Disathairne.<br \/>\n  <br \/>\n  <strong>\u2019S fhe\u00e0rr dhut<\/strong> falbh a-nise: tha e anmoch.<br \/>\n  <strong><br \/>\n  An d\u00e8idh dhomh<\/strong> sin a dh\u00e8anamh dhaibh, cha tug iad taing dhomh air a shon.<br \/>\n      A bheil a\u2019 dol dhut gu math anns an obair \u00f9r?<br \/>\n  <strong><br \/>\n  Mhothaich mi dha<\/strong> anns an dol seachad.<\/p>\n<p><strong>gu<br \/>\n  <\/strong><\/p>\n<p>\n  Bha e a\u2019 trod rium agus <strong>gam chur thuige<\/strong>.<br \/>\n  <strong><br \/>\n  Cuir fios thugam<\/strong> nuair a gheibh thu mach d\u00e8 tha tachairt.<br \/>\nF\u00f2n <strong>thugam<\/strong>. <\/p>\n<p><strong>le<br \/>\n  <\/strong><br \/>\n  <br \/>\n  Ma tha e ag iarraidh a bhith <strong>leis fh\u00e8in<\/strong>, leig <strong>leis<\/strong>.<\/p>\n<p>  Tha mi <strong>a\u2019 dol leis<\/strong> a h-uile c\u00e0il a thuirt e san \u00f2raid.<br \/>\n      Trobhad a-nall c\u00f2mhla rinn an \u00e0ite a bhith thall an sin <strong>leat fh\u00e8in<\/strong>.<\/p>\n<p><strong>ri<\/strong><br \/>\n  <br \/>\n  Bidh mi <strong>a\u2019 coinneachadh ri<\/strong> mo charaid \u00e0s d\u00e8idh na sgoile.<br \/>\n      <br \/>\n  Cha do <strong>thachair<\/strong> duine be\u00f2 <strong>rium<\/strong> a-muigh anns a\u2019 choille.<br \/>\n  <br \/>\n  <strong>Tha agam ri<\/strong> falbh a-nise.<br \/>\n      <br \/>\n  Tha sinn a\u2019 <strong>feitheamh ris<\/strong> a\u2019 bhus.<\/p>\n<p>  &nbsp;<\/p>\n<hr \/>\n\n","protected":false},"excerpt":{"rendered":"<p>M\u00ecneachadh \u2019S e \u2018gn\u00e0thasan-cainnte\u2019 abairtean nach eil a\u2019 leantainn p\u00e0tran \u00e0bhaisteach gr\u00e0mair ach a tha nam p\u00e0irt fheumail den a h-uile c\u00e0nan, a\u2019 toirt dhaibh blas agus caractar. Tha seata ghn\u00e0thasan an seo st\u00e8idhte air \u00e0\/\u00e0s, aig, air, de, do, gu, le, ri ann an seantansan a tha a\u2019 sealltainn d\u00e8 tha iad a\u2019 ciallachadh [&hellip;]<\/p>\n","protected":false},"author":1,"featured_media":0,"parent":225,"menu_order":133,"comment_status":"closed","ping_status":"closed","template":"","meta":{"inline_featured_image":false,"footnotes":""},"class_list":["post-3194","page","type-page","status-publish","hentry","has-post-title","has-post-date","has-post-category","has-post-tag","has-post-comment","has-post-author",""],"builder_content":"","_links":{"self":[{"href":"https:\/\/storlann.co.uk\/mirean\/wp-json\/wp\/v2\/pages\/3194","targetHints":{"allow":["GET"]}}],"collection":[{"href":"https:\/\/storlann.co.uk\/mirean\/wp-json\/wp\/v2\/pages"}],"about":[{"href":"https:\/\/storlann.co.uk\/mirean\/wp-json\/wp\/v2\/types\/page"}],"author":[{"embeddable":true,"href":"https:\/\/storlann.co.uk\/mirean\/wp-json\/wp\/v2\/users\/1"}],"replies":[{"embeddable":true,"href":"https:\/\/storlann.co.uk\/mirean\/wp-json\/wp\/v2\/comments?post=3194"}],"version-history":[{"count":0,"href":"https:\/\/storlann.co.uk\/mirean\/wp-json\/wp\/v2\/pages\/3194\/revisions"}],"up":[{"embeddable":true,"href":"https:\/\/storlann.co.uk\/mirean\/wp-json\/wp\/v2\/pages\/225"}],"wp:attachment":[{"href":"https:\/\/storlann.co.uk\/mirean\/wp-json\/wp\/v2\/media?parent=3194"}],"curies":[{"name":"wp","href":"https:\/\/api.w.org\/{rel}","templated":true}]}}