{"id":313,"date":"2010-09-17T15:26:36","date_gmt":"2010-09-17T13:26:36","guid":{"rendered":"https:\/\/storlann.co.uk\/mirean\/?page_id=313"},"modified":"2018-01-09T16:57:46","modified_gmt":"2018-01-09T16:57:46","slug":"obair-ire-2","status":"publish","type":"page","link":"https:\/\/storlann.co.uk\/mirean\/clar-amais\/a-cur-cuideam-air-rud\/s-e-an-e-chan-e-an-e\/obair-ire-2\/","title":{"rendered":"Obair \u00ecre 2"},"content":{"rendered":"<div class=\"obair-ire-2-wrapper\">\n<p class=\"obair-ire2\"><em>&#8216;S e, an e, chan e, an e; &#8216;s e M\u00e0iri a tha ann, chan e Anna; &#8216;s e Iain a rinn sin; &#8216;s ann, an ann, chan ann; &#8216;s ann an seo a thachair e<\/em><\/p>\n<p><strong>Cluedo (Fuasgladh cheistean)<\/strong><\/p>\n<p>Faodaidh na sgoilearan seo a dh\u00e8anamh ann am buidhnean. D\u00e8an suas cairtean mar a leanas, ge\u00e0rr a-mach iad agus thoir seata do gach buidheann. Feumaidh iad na ceistean fhuasgladh a&#8217; cleachdadh p\u00e0tran na seachdain.<\/p>\n<p>&nbsp;<\/p>\n<table border=\"1\" width=\"666\" cellspacing=\"0\" cellpadding=\"0\">\n<tbody>\n<tr>\n<td valign=\"top\" width=\"323\">\n<p align=\"center\">Chaidh Mgr Mac an t-Sagairt a lorg le n\u00e0baidh, Fl\u00f2raidh, anns an t-se\u00f2mar-cadail aige aig 0900. Chaidh a mhurt.<br \/>\n <strong class=\"obair-highlight-q\">?<\/strong><\/p>\n<\/td>\n<td valign=\"top\" width=\"323\">\n<p align=\"center\">Dh&#8217;fh\u00e0g Mgr Mac an t-Sagairt<br \/>\n an t-airgead aige gu l\u00e8ir aig a&#8217; phiuthar, M\u00e0iri, agus a mhac, Connor.<br \/>\n <strong class=\"obair-highlight-q\">?<\/strong><\/p>\n<\/td>\n<\/tr>\n<tr>\n<td valign=\"top\" width=\"323\">\n<p align=\"center\">Cho luath &#8216;s s a lorg Fl\u00f2raidh e, chuir i f\u00f2n chun an dotair. Th\u00e0inig e aig 10.15.<br \/>\n <strong class=\"obair-highlight-q\">?<\/strong><\/p>\n<\/td>\n<td valign=\"top\" width=\"323\">\n<p align=\"center\">Cuin a chaidh Mgr Mac an t-Sagairt a mhurt?<br \/>\n <strong class=\"obair-highlight-q\">?<\/strong><\/p>\n<\/td>\n<\/tr>\n<tr>\n<td valign=\"top\" width=\"323\">\n<p align=\"center\">Lorg am poileas an t-uaireadair \u00f2ir aig Mgr Mac an t-Sagairt ann an taigh Fl\u00f2raidh.<br \/>\n <strong class=\"obair-highlight-q\">?<\/strong><\/p>\n<\/td>\n<td valign=\"top\" width=\"323\">\n<p align=\"center\">C\u00e0it an robh an ceathrar dhaoine aig 22.45 an oidhche a chaidh Mgr Mac an t-Sagairt a mhurt?<br \/>\n <strong class=\"obair-highlight-q\">?<\/strong><\/p>\n<\/td>\n<\/tr>\n<tr>\n<td valign=\"top\" width=\"323\">\n<p align=\"center\">Chaidh Mgr Mac an t-Sagairt fhaicinn a&#8217; f\u00e0gail c\u00e8ilidh ann an Talla a&#8217; Bhaile aig 22.50 c\u00f2mhla ri Fl\u00f2raidh.<br \/>\n <strong class=\"obair-highlight-q\">?<\/strong><\/p>\n<\/td>\n<td valign=\"top\" width=\"323\">\n<p align=\"center\">Thuirt an dotair gun robh e air a bhith marbh airson 11 uairean.<br \/>\n <strong class=\"obair-highlight-q\">?<\/strong><\/p>\n<\/td>\n<\/tr>\n<\/tbody>\n<\/table>\n<p>&nbsp;<\/p>\n<p>&nbsp;<\/p>\n<table border=\"1\" width=\"666\" cellspacing=\"0\" cellpadding=\"0\">\n<tbody>\n<tr>\n<td valign=\"top\" width=\"323\">\n<p align=\"center\">Tha Talla a&#8217; Bhaile an-ath-dhoras ris an Taigh Gheal.<br \/>\n <strong class=\"obair-highlight-q\">?<\/strong><\/p>\n<\/td>\n<td valign=\"top\" width=\"323\">\n<p align=\"center\">Chaidh Connor a dh&#8217;fhaicinn ball-coise c\u00f2mhla ri caraid an oidhche a chaidh Mgr Mac an t-Sagairt a mhurt. Th\u00f2isich am ball-coise aig 20.35, chluich iad airson 90 mionaid agus stad iad letheach slighe airson 15 mionaidean.<br \/>\n <strong class=\"obair-highlight-q\">?<\/strong><\/p>\n<\/td>\n<\/tr>\n<tr>\n<td valign=\"top\" width=\"323\">\n<p align=\"center\">Cuin a chriochnaich am ball-coise?<br \/>\n <strong class=\"obair-highlight-q\">?<\/strong><\/p>\n<\/td>\n<td valign=\"top\" width=\"323\">\n<p align=\"center\">Dh&#8217;fh\u00e0g Connor am ball-coise nuair a chr\u00ecochnaich e agus chaidh e dhachaigh anns a&#8217; ch\u00e0r. Tha e a&#8217; toirt 1 uair 15 mionaidean airson faighinn dhachaigh.<br \/>\n <strong class=\"obair-highlight-q\">?<\/strong><\/p>\n<\/td>\n<\/tr>\n<tr>\n<td valign=\"top\" width=\"323\">\n<p align=\"center\">Thachair Fl\u00f2raidh ri caraid taobh a-muigh an Talla. Bhruidhinn i rithe airson leth uair a th\u00ecde agus an uair sin chaidh i dhachaigh.<br \/>\n <strong class=\"obair-highlight-q\">?<\/strong><\/p>\n<\/td>\n<td valign=\"top\" width=\"323\">\n<p align=\"center\">Choinnich M\u00e0iri ri caraid aig an taigh-chluiche aig 21.00. Mhair an dealbh-chluiche1 uair 30 mionaid agus dhr\u00e0ibh i dhachaigh.<br \/>\n <strong class=\"obair-highlight-q\">?<\/strong><\/p>\n<\/td>\n<\/tr>\n<tr>\n<td valign=\"top\" width=\"323\">\n<p align=\"center\">Bha M\u00e0iri, Connor agus Mgr Mac an t-Sagairt uile a&#8217; fuireach c\u00f2mhla anns an Taigh Gheal.<br \/>\n <strong class=\"obair-highlight-q\">?<\/strong><\/p>\n<\/td>\n<td valign=\"top\" width=\"323\">\n<p align=\"center\">Tha an taigh-cluiche leth uair a th\u00ecde air falbh bhon Taigh Gheal ann an c\u00e0r.<br \/>\n <strong class=\"obair-highlight-q\">?<\/strong><\/p>\n<\/td>\n<\/tr>\n<tr>\n<td valign=\"top\" width=\"323\">\n<p align=\"center\">C\u00f2 mharbh Mgr Mac an t-Sagairt? Saoil carson?<br \/>\n <strong class=\"obair-highlight-q\">?<\/strong><\/p>\n<\/td>\n<td valign=\"top\" width=\"323\">\u00a0<\/td>\n<\/tr>\n<\/tbody>\n<\/table>\n<p>&nbsp;<\/p>\n<p>&nbsp;<\/p>\n<p><strong>Na freagairtean<\/strong><\/p>\n<p>Cuin a chaidh Mgr Mac an t-Sagairt a mhurt? <strong class=\"obair-highlight5\">23.15<\/strong><\/p>\n<p>C\u00e0it an robh an ceathrar dhaoine aig 22.45 an oidhche a chaidh Mgr Mac an t-Sagairt a mhurt?<\/p>\n<p class=\"obair-highlight5\"><strong>Mgr Mac an t-Sagairt \u2013 fhathast aig a&#8217; ch\u00e8ilidh.<\/strong><br \/>\n <strong>Fl\u00f2raidh \u2013 fhathast aig a&#8217; ch\u00e8ilidh cuideachd.<\/strong><br \/>\n <strong>M\u00e0iri \u2013 a&#8217; dr\u00e0ibheadh dhachaigh bhon taigh-dhealbh.<\/strong><br \/>\n <strong>Connor &#8211; a&#8217; dr\u00e0ibheadh dhachaigh bhon bhall-coise.<\/strong><\/p>\n<p>Cuin a chr\u00ecochnaich am ball-coise? <strong class=\"obair-highlight5\">22.20<\/strong><\/p>\n<p>C\u00f2 mharbh Mgr Mac an t-Sagairt? Saoil carson? <strong class=\"obair-highlight5\">A phiuthar M\u00e0iri. &#8216;S d\u00f2cha airson an airgid, &#8216;s d\u00f2cha gun robh e gu math m\u00ec-sgiobalta!<\/strong><\/p>\n<\/div>\n","protected":false},"excerpt":{"rendered":"<p>&#8216;S e, an e, chan e, an e; &#8216;s e M\u00e0iri a tha ann, chan e Anna; &#8216;s e Iain a rinn sin; &#8216;s ann, an ann, chan ann; &#8216;s ann an seo a thachair e Cluedo (Fuasgladh cheistean) Faodaidh na sgoilearan seo a dh\u00e8anamh ann am buidhnean. D\u00e8an suas cairtean mar a leanas, ge\u00e0rr [&hellip;]<\/p>\n","protected":false},"author":1,"featured_media":0,"parent":302,"menu_order":0,"comment_status":"closed","ping_status":"closed","template":"","meta":{"inline_featured_image":false,"footnotes":""},"class_list":["post-313","page","type-page","status-publish","hentry","has-post-title","has-post-date","has-post-category","has-post-tag","has-post-comment","has-post-author",""],"builder_content":"","_links":{"self":[{"href":"https:\/\/storlann.co.uk\/mirean\/wp-json\/wp\/v2\/pages\/313","targetHints":{"allow":["GET"]}}],"collection":[{"href":"https:\/\/storlann.co.uk\/mirean\/wp-json\/wp\/v2\/pages"}],"about":[{"href":"https:\/\/storlann.co.uk\/mirean\/wp-json\/wp\/v2\/types\/page"}],"author":[{"embeddable":true,"href":"https:\/\/storlann.co.uk\/mirean\/wp-json\/wp\/v2\/users\/1"}],"replies":[{"embeddable":true,"href":"https:\/\/storlann.co.uk\/mirean\/wp-json\/wp\/v2\/comments?post=313"}],"version-history":[{"count":0,"href":"https:\/\/storlann.co.uk\/mirean\/wp-json\/wp\/v2\/pages\/313\/revisions"}],"up":[{"embeddable":true,"href":"https:\/\/storlann.co.uk\/mirean\/wp-json\/wp\/v2\/pages\/302"}],"wp:attachment":[{"href":"https:\/\/storlann.co.uk\/mirean\/wp-json\/wp\/v2\/media?parent=313"}],"curies":[{"name":"wp","href":"https:\/\/api.w.org\/{rel}","templated":true}]}}