{"id":309,"date":"2010-09-17T15:25:30","date_gmt":"2010-09-17T13:25:30","guid":{"rendered":"https:\/\/storlann.co.uk\/mirean\/?page_id=309"},"modified":"2011-11-03T17:23:35","modified_gmt":"2011-11-03T17:23:35","slug":"eisimpleir","status":"publish","type":"page","link":"https:\/\/storlann.co.uk\/mirean\/clar-amais\/a-cur-cuideam-air-rud\/s-e-an-e-chan-e-an-e\/eisimpleir\/","title":{"rendered":"Eisimpleirean"},"content":{"rendered":"<table class=\"eisimpleirean-t\" title=\"This table contains useage examples\" width=\"100%\" border=\"1\" cellspacing=\"0\" cellpadding=\"0\">\n<tbody>\n<tr class=\"eisimpleirean-t-h\">\n<td width=\"211\">\n<p align=\"center\">is \u2026<\/p>\n<\/td>\n<td width=\"132\">\n<p align=\"center\">Cuideam<\/p>\n<\/td>\n<td width=\"59\">\n<p align=\"center\">a<\/p>\n<\/td>\n<td width=\"239\">\n<p align=\"center\">An c\u00f2rr den t-seantans<\/p>\n<\/td>\n<\/tr>\n<tr>\n<td width=\"211\">\u2019S e\/an e\/chan e<\/td>\n<td width=\"132\">am poileas<\/td>\n<td rowspan=\"5\" width=\"59\">\n<p align=\"center\">a<\/p>\n<\/td>\n<td width=\"239\">lorg an cat againn.<\/td>\n<\/tr>\n<tr>\n<td rowspan=\"4\" width=\"211\">\u2019S ann\/an ann\/chan ann<\/td>\n<td width=\"132\">dearg<\/td>\n<td width=\"239\">tha c\u00e0r \u00f9r an tidseir.<\/td>\n<\/tr>\n<tr>\n<td width=\"132\">ainneamh<\/td>\n<td width=\"239\">ch\u00ec thu a\u2019 chuthag.<\/td>\n<\/tr>\n<tr>\n<td width=\"132\">le peann uaine<\/td>\n<td width=\"239\">sgriobh mi an aiste sin.<\/td>\n<\/tr>\n<tr>\n<td width=\"132\">a\u2019 sgr\u00ecobhadh<\/td>\n<td width=\"239\">tha an clas an-dr\u00e0sta.<\/td>\n<\/tr>\n<\/tbody>\n<\/table>\n","protected":false},"excerpt":{"rendered":"<p>is \u2026 Cuideam a An c\u00f2rr den t-seantans \u2019S e\/an e\/chan e am poileas a lorg an cat againn. \u2019S ann\/an ann\/chan ann dearg tha c\u00e0r \u00f9r an tidseir. ainneamh ch\u00ec thu a\u2019 chuthag. le peann uaine sgriobh mi an aiste sin. a\u2019 sgr\u00ecobhadh tha an clas an-dr\u00e0sta.<\/p>\n","protected":false},"author":1,"featured_media":0,"parent":302,"menu_order":0,"comment_status":"open","ping_status":"open","template":"page-eisimpleirean.php","meta":{"inline_featured_image":false,"footnotes":""},"class_list":["post-309","page","type-page","status-publish","hentry","has-post-title","has-post-date","has-post-category","has-post-tag","has-post-comment","has-post-author",""],"builder_content":"","_links":{"self":[{"href":"https:\/\/storlann.co.uk\/mirean\/wp-json\/wp\/v2\/pages\/309","targetHints":{"allow":["GET"]}}],"collection":[{"href":"https:\/\/storlann.co.uk\/mirean\/wp-json\/wp\/v2\/pages"}],"about":[{"href":"https:\/\/storlann.co.uk\/mirean\/wp-json\/wp\/v2\/types\/page"}],"author":[{"embeddable":true,"href":"https:\/\/storlann.co.uk\/mirean\/wp-json\/wp\/v2\/users\/1"}],"replies":[{"embeddable":true,"href":"https:\/\/storlann.co.uk\/mirean\/wp-json\/wp\/v2\/comments?post=309"}],"version-history":[{"count":0,"href":"https:\/\/storlann.co.uk\/mirean\/wp-json\/wp\/v2\/pages\/309\/revisions"}],"up":[{"embeddable":true,"href":"https:\/\/storlann.co.uk\/mirean\/wp-json\/wp\/v2\/pages\/302"}],"wp:attachment":[{"href":"https:\/\/storlann.co.uk\/mirean\/wp-json\/wp\/v2\/media?parent=309"}],"curies":[{"name":"wp","href":"https:\/\/api.w.org\/{rel}","templated":true}]}}